{"id":156733,"date":"2025-08-05T09:52:25","date_gmt":"2025-08-05T08:52:25","guid":{"rendered":"https:\/\/dev.codekraft.it\/ravaglioli.it\/product\/2-stempel-hebebuhne-rav1155likta\/"},"modified":"2026-01-14T23:04:48","modified_gmt":"2026-01-14T23:04:48","slug":"2-stempel-hebebuhne-rav1155likta","status":"publish","type":"product","link":"https:\/\/dev.codekraft.it\/ravaglioli.it\/de\/product\/2-stempel-hebebuhne-rav1155likta\/","title":{"rendered":"2-Stempel-Hebeb\u00fchne RAV1155LIKTA"},"content":{"rendered":"<ul>\n<li>Die Gleichlaufregelung der Hubstempel ist unabh\u00e4ngig der Lastverteilung.<\/li>\n<li>Sicherheitsventile gegen \u00dcberlastung und gegen Bruch der Hydraulikleitungen.<\/li>\n<li>Steuerventil f\u00fcr die Senkgeschwindigkeit.<\/li>\n<li>Mechanische, hydraulische und elektrische\u00a0Sicherheitseinrichtungen gem\u00e4\u00df der europ\u00e4ischen Norm.<\/li>\n<\/ul>\n<ul>\n<li>Maintenance free cylinders: Wartungsfreie Zylinder in jedem Stempel<\/li>\n<li>Double joint: Zweiteiliges F\u00fchrungsjoch gegen Vibrationen<\/li>\n<li>Safe &#8211; Mechanical lock: Mechanische Sicherheitsklinke mit automatischer Einrastung, um eine maximale Sicherheit im angehobenen Zustand zu garantieren<\/li>\n<li>Hard chrome columns: Hartverchromte F\u00fchrungszylinder f\u00fcr eine lange Lebensdauer<\/li>\n<li>Maintenance free guides: F\u00fchrungszylinder laufen in wartungsfreien, \u00f6lgef\u00fcllten F\u00fchrungen<\/li>\n<\/ul>\n<ul>\n<li>Einbaukassette mit\u00a0Plastikabdeckung<\/li>\n<li>Hebeb\u00fchne f\u00fcr Pkw und Lieferwagen, auch mit langem Radstand<\/li>\n<li>Ausf\u00fchrung mit zwei 2-fach und zwei 3-fach ausziehbaren langen Armen, um auch eine optimale<br \/>Aufnahme von Pkw zu garantieren<\/li>\n<li>Lichte Stempelweite 2160 mm<\/li>\n<\/ul>\n","protected":false},"excerpt":{"rendered":"<p>5,5 t, f\u00fcr Pkw und Lieferwagen &#8211; auch mit langem Radstand, mit zwei 2-fach und zwei 3-fach ausziehbaren langen Tragarmen<\/p>\n","protected":false},"featured_media":156730,"template":"","meta":[],"product_brand":[],"product_cat":[58200],"product_tag":[58287],"product_approvals":[],"product_application":[],"class_list":{"0":"post-156733","1":"product","2":"type-product","3":"status-publish","4":"has-post-thumbnail","6":"product_cat-unterflur-hebebuhnen-de","7":"product_tag-passenger-cars-de","9":"first","10":"instock","11":"shipping-taxable","12":"product-type-simple"},"approvals":[],"application":[],"brb_media_brochure":[{"id":146957,"url":"https:\/\/dev.codekraft.it\/ravaglioli.it\/wp-content\/uploads\/brb_media\/00511154_in-ground-lifts-rav_1110_1125_1155-br.pdf","title":"In Ground Lifts RAV 1110 1125 1155 BR","mpn":"","thumbnail":"https:\/\/dev.codekraft.it\/ravaglioli.it\/wp-content\/uploads\/brb_media\/00511154_in-ground-lifts-rav_1110_1125_1155-br-pdf-106x150.png","description":""}],"brb_media_drawing":"","brb_media_manuals":"","brb_media_safety_datasheets":"","brb_media_spare_parts":[],"_cdmm_p_id":"503114","_company":"Ravaglioli","_gtin":"4057612815474","accessories":[{"id":152509,"mpn":"S224A3","name":"Distanzh\u00fclsen 80 mm","description":"Abstandst\u00fccke f\u00fcr Fiat Ducato, Peugeot Boxer und Citro\u00ebn Jumper | f\u00fcr Steckaufnahmen der K-Arme, \u00d8 45 mm | 1 Satz \/ 4 St\u00fcck","thumbnail":"https:\/\/dev.codekraft.it\/ravaglioli.it\/wp-content\/uploads\/brb_media\/00508724_2-post-lift-s224a3-mi-150x150.png","url":"https:\/\/dev.codekraft.it\/ravaglioli.it\/de\/product\/distanzhulsen-80-mm\/"},{"id":152515,"mpn":"S224A4","name":"Distanzh\u00fclsen 140 mm","description":"Abstandst\u00fccke f\u00fcr Fiat Ducato, Peugeot Boxer und Citro\u00ebn Jumper | f\u00fcr Steckaufnahmen der K-Arme, \u00d8 45 mm | 1 Satz \/ 4 St\u00fcck","thumbnail":"https:\/\/dev.codekraft.it\/ravaglioli.it\/wp-content\/uploads\/brb_media\/00508725_2-post-lift-s224a4-mi-150x150.png","url":"https:\/\/dev.codekraft.it\/ravaglioli.it\/de\/product\/distanzhulsen-140-mm\/"},{"id":153167,"mpn":"S370A18","name":"Distanzh\u00fclsen 200 mm","description":"Abstandst\u00fccke f\u00fcr Fiat Ducato, Peugeot Boxer und Citro\u00ebn Jumper | Zapfen-\u00d8 45 mm | 1 Satz \/ 4 St\u00fcck","thumbnail":"https:\/\/dev.codekraft.it\/ravaglioli.it\/wp-content\/uploads\/brb_media\/00508733_2-post-lift-s370a18-mi-150x150.png","url":"https:\/\/dev.codekraft.it\/ravaglioli.it\/de\/product\/distanzhulsen-200-mm\/"}],"components":[],"delivery":[],"package":[],"related":[],"similar":[{"id":156724,"mpn":"RAV1110LR","name":"2-Stempel-Hebeb\u00fchne RAV1110LR","description":"3,5 t, mit sehr flachen Schwenkarmen und h\u00f6henverstellbarem Drehteller-Stecksystem, Unterschwenkh\u00f6he 80 mm","thumbnail":"https:\/\/dev.codekraft.it\/ravaglioli.it\/wp-content\/uploads\/brb_media\/00522235_inground-lift-rav1110lk_lr-mi-01-150x150.png","url":"https:\/\/dev.codekraft.it\/ravaglioli.it\/de\/product\/2-stempel-hebebuhne-rav1110lr\/"},{"id":156715,"mpn":"RAV1110NK","name":"2-Stempel-Hebeb\u00fchne RAV1110NK","description":"3,5 t, mit Schwenkarmen und h\u00f6henverstellbarem Drehteller-Stecksystem, Unterschwenkh\u00f6he 95 mm","thumbnail":"https:\/\/dev.codekraft.it\/ravaglioli.it\/wp-content\/uploads\/brb_media\/00522237_inground-lift-rav1110nk-mi-01-150x150.png","url":"https:\/\/dev.codekraft.it\/ravaglioli.it\/de\/product\/2-stempel-hebebuhne-rav1110nk\/"},{"id":156747,"mpn":"RAV1125","name":"2-Stempel-Hebeb\u00fchne RAV1125","description":"3,5 t, mit Flachtr\u00e4geraufnahme, in Fahrtrichtung ausziehbar","thumbnail":"https:\/\/dev.codekraft.it\/ravaglioli.it\/wp-content\/uploads\/brb_media\/00522240_inground-lift-rav1125-mi-01-150x150.png","url":"https:\/\/dev.codekraft.it\/ravaglioli.it\/de\/product\/2-stempel-hebebuhne-rav1125\/"},{"id":156755,"mpn":"RAV1125M","name":"2-Stempel-Hebeb\u00fchne RAV1125M","description":"3,5 t, mit Flachtr\u00e4geraufnahme, in Fahrtrichtung ausziehbar und quer verschiebbar","thumbnail":"https:\/\/dev.codekraft.it\/ravaglioli.it\/wp-content\/uploads\/brb_media\/00522242_inground-lift-rav1125m-mi-01-150x150.png","url":"https:\/\/dev.codekraft.it\/ravaglioli.it\/de\/product\/2-stempel-hebebuhne-rav1125m\/"}],"page_logo_src":"https:\/\/dev.codekraft.it\/ravaglioli.it\/wp-content\/uploads\/2026\/04\/rav-negative-logo-1.png","lang":"de","translations":{"de":156733,"en":156729,"fr":156734,"it":156735,"es":156736,"ru":156737},"pll_sync_post":[],"_links":{"self":[{"href":"https:\/\/dev.codekraft.it\/ravaglioli.it\/wp-json\/wp\/v2\/product\/156733","targetHints":{"allow":["GET"]}}],"collection":[{"href":"https:\/\/dev.codekraft.it\/ravaglioli.it\/wp-json\/wp\/v2\/product"}],"about":[{"href":"https:\/\/dev.codekraft.it\/ravaglioli.it\/wp-json\/wp\/v2\/types\/product"}],"wp:featuredmedia":[{"embeddable":true,"href":"https:\/\/dev.codekraft.it\/ravaglioli.it\/wp-json\/wp\/v2\/media\/156730"}],"wp:attachment":[{"href":"https:\/\/dev.codekraft.it\/ravaglioli.it\/wp-json\/wp\/v2\/media?parent=156733"}],"wp:term":[{"taxonomy":"product_brand","embeddable":true,"href":"https:\/\/dev.codekraft.it\/ravaglioli.it\/wp-json\/wp\/v2\/product_brand?post=156733"},{"taxonomy":"product_cat","embeddable":true,"href":"https:\/\/dev.codekraft.it\/ravaglioli.it\/wp-json\/wp\/v2\/product_cat?post=156733"},{"taxonomy":"product_tag","embeddable":true,"href":"https:\/\/dev.codekraft.it\/ravaglioli.it\/wp-json\/wp\/v2\/product_tag?post=156733"},{"taxonomy":"product_approvals","embeddable":true,"href":"https:\/\/dev.codekraft.it\/ravaglioli.it\/wp-json\/wp\/v2\/product_approvals?post=156733"},{"taxonomy":"product_application","embeddable":true,"href":"https:\/\/dev.codekraft.it\/ravaglioli.it\/wp-json\/wp\/v2\/product_application?post=156733"}],"curies":[{"name":"wp","href":"https:\/\/api.w.org\/{rel}","templated":true}]}}