{"id":156705,"date":"2025-10-30T14:31:23","date_gmt":"2025-10-30T14:31:23","guid":{"rendered":"https:\/\/dev.codekraft.it\/ravaglioli.it\/product\/pont-elevateur-a-ciseaux-pour-vehicules-industriels-rav713ni\/"},"modified":"2026-01-14T23:03:31","modified_gmt":"2026-01-14T23:03:31","slug":"pont-elevateur-a-ciseaux-pour-vehicules-industriels-rav713ni","status":"publish","type":"product","link":"https:\/\/dev.codekraft.it\/ravaglioli.it\/fr\/product\/pont-elevateur-a-ciseaux-pour-vehicules-industriels-rav713ni\/","title":{"rendered":"Pont \u00e9l\u00e9vateur \u00e0 ciseaux pour v\u00e9hicules industriels RAV713NI"},"content":{"rendered":"<p>Pont \u00e9l\u00e9vateur \u00e0 ciseaux robuste pour la prise en charge facile de transporteurs, camping-cars et petits camions.\u00a0La plateforme de levage est disponible avec une capacit\u00e9 de charge de 9\u00a0t ou de 13\u00a0t. Longueur des chemins de roulement de 6 ou 7\u00a0m.<\/p>\n<ul>\n<li>Gain de place<\/li>\n<li>Parall\u00e9lisme parfait avec alignement automatique<\/li>\n<li>Structure stable avec une marge de capacit\u00e9<\/li>\n<\/ul>\n<ul>\n<li>Synchronisation hydraulique des deux plateformes, ind\u00e9pendamment de la r\u00e9partition de la charge. R\u00e9initialisation automatique du syst\u00e8me hydraulique en position z\u00e9ro.<\/li>\n<li>Groupe hydraulique puissant pour une rapidit\u00e9 des op\u00e9rations de levage et descente.<\/li>\n<li>Surface des rampes d&#8217;acc\u00e8s en t\u00f4le larm\u00e9e antid\u00e9rapante.<\/li>\n<li>Fiabilit\u00e9 du prot\u00e8ge-pieds via le dispositif d&#8217;arr\u00eat CE de s\u00e9rie.<\/li>\n<li>Protection optimale des plateformes contre la corrosion via une couche d&#8217;appr\u00eat sp\u00e9ciale et une couche de finition r\u00e9sistante. Les supports au sol et les \u00e9l\u00e9ments des ciseaux sont trait\u00e9s par cataphor\u00e8se et rev\u00eatement par poudre.<\/li>\n<li>Des protections antirecul et des dispositifs antichute, plac\u00e9s aux extr\u00e9mit\u00e9s des rampes, emp\u00eachent le v\u00e9hicule de tomber.<\/li>\n<li>Les axes d&#8217;articulation de la plateforme de levage sont \u00e9quip\u00e9s de paliers autolubrifiants.<\/li>\n<li>Le pupitre de commande dispose d&#8217;un\u00a0groupe hydraulique pr\u00e9mont\u00e9 en usine et raccord\u00e9 \u00e0 la plateforme de levage, ce qui\u00a0simplifie consid\u00e9rablement les\u00a0op\u00e9rations d&#8217;installation. Il peut \u00eatre plac\u00e9 \u00e0 gauche ou \u00e0 droite.<\/li>\n<li>Des documents ou m\u00eame des tablettes informatiques peuvent \u00eatre positionn\u00e9s sur la partie sup\u00e9rieure de la borne de commande. Elles conviennent aussi parfaitement comme supports pour \u00e9crire.<\/li>\n<li>Des boutons-poussoirs stables garantissent une commande s\u00fbre de la plateforme de levage.<\/li>\n<\/ul>\n<ul>\n<li>Il est possible de jumeler deux plateformes de levage pour les utiliser de mani\u00e8re synchronis\u00e9e. Toutes les rampes peuvent alors \u00eatre plac\u00e9es \u00e0 une m\u00eame hauteur. Elles peuvent aussi \u00eatre utilis\u00e9es s\u00e9par\u00e9ment, comme deux postes de travail ind\u00e9pendants.<\/li>\n<li>Des cr\u00e9maill\u00e8res de s\u00e9curit\u00e9 m\u00e9caniques \u00e0 commande pneumatique, avec plusieurs dentures, garantissent une s\u00e9curit\u00e9 maximale pour le v\u00e9hicule et l&#8217;utilisateur quand la plateforme de levage est en position lev\u00e9e.<\/li>\n<\/ul>\n","protected":false},"excerpt":{"rendered":"<p>13 t, \u00e9lectrohydraulique, longueur de plateforme 7000 mm, sous le sol<\/p>\n","protected":false},"featured_media":146941,"template":"","meta":[],"product_brand":[],"product_cat":[58170],"product_tag":[58343,58326,58290],"product_approvals":[],"product_application":[],"class_list":{"0":"post-156705","1":"product","2":"type-product","3":"status-publish","4":"has-post-thumbnail","6":"product_cat-ponts-elevateurs-a-ciseaux-fr","7":"product_tag-motor-homes-fr","8":"product_tag-light-commercial-fr","9":"product_tag-passenger-cars-fr","11":"first","12":"instock","13":"shipping-taxable","14":"product-type-simple"},"approvals":[],"application":[],"brb_media_brochure":[{"id":146942,"url":"https:\/\/dev.codekraft.it\/ravaglioli.it\/wp-content\/uploads\/brb_media\/00511152_scissor-lift-rav-709n-713n-br-screen.pdf","title":"Scissor Lift RAV 709N 713N BR screen","mpn":"","thumbnail":"https:\/\/dev.codekraft.it\/ravaglioli.it\/wp-content\/uploads\/brb_media\/00511152_scissor-lift-rav-709n-713n-br-screen-pdf-106x150.png","description":""}],"brb_media_drawing":"","brb_media_manuals":"","brb_media_safety_datasheets":"","brb_media_spare_parts":[],"_cdmm_p_id":"503111","_company":"Ravaglioli","_gtin":"4057612818116","accessories":[{"id":155777,"mpn":"S720A2\/M","name":"Kit d&#039;\u00e9clairage LED 6 fois","description":"","thumbnail":"https:\/\/dev.codekraft.it\/ravaglioli.it\/wp-content\/uploads\/brb_media\/00495724_Scissor-Lift-ExaLift-HDVL-with-LED-light-DI-150x150.png","url":"https:\/\/dev.codekraft.it\/ravaglioli.it\/fr\/product\/kit-declairage-led-6-fois\/"},{"id":155783,"mpn":"VSG.J50PH.902238","name":"Traverse de levage J50PHT","description":"5 t, 392\u00a0mm course, hydropneumatique, f\u00fbt t\u00e9lescopique, roulement \u00e0 rouleaux dans la voie, alimentation en air sur site","thumbnail":"https:\/\/dev.codekraft.it\/ravaglioli.it\/wp-content\/uploads\/brb_media\/00511153_jacking-beam-j50pht-mi-150x150.png","url":"https:\/\/dev.codekraft.it\/ravaglioli.it\/fr\/product\/traverse-de-levage-j50pht\/"},{"id":155317,"mpn":"S720A5","name":"Kit de rampes d&#039;acc\u00e8s hors sol | 2950 mm | peint","description":"2950 mm, version peinte | 1 jeu \/ 2 pi\u00e8ces","thumbnail":"https:\/\/dev.codekraft.it\/ravaglioli.it\/wp-content\/uploads\/brb_media\/00506537_s601a4-150x150.png","url":"https:\/\/dev.codekraft.it\/ravaglioli.it\/fr\/product\/kit-de-rampes-dacces-hors-sol-2950-mm-peint\/"},{"id":155323,"mpn":"S720A6","name":"Kit de rampes d&#039;acc\u00e8s hors sol | 3700 mm | peint","description":"3700 mm, version peinte | 1 jeu \/ 2 pi\u00e8ces","thumbnail":"https:\/\/dev.codekraft.it\/ravaglioli.it\/wp-content\/uploads\/brb_media\/00506537_s601a4-150x150.png","url":"https:\/\/dev.codekraft.it\/ravaglioli.it\/fr\/product\/kit-de-rampes-dacces-hors-sol-3700-mm-peint\/"}],"components":[],"delivery":[],"package":[],"related":[],"similar":[{"id":156699,"mpn":"RAV709NI","name":"Pont \u00e9l\u00e9vateur \u00e0 ciseaux pour v\u00e9hicules industriels RAV709NI","description":"9 t, \u00e9lectrohydraulique, longueur de plateforme 6000 mm, sous le sol","thumbnail":"https:\/\/dev.codekraft.it\/ravaglioli.it\/wp-content\/uploads\/brb_media\/00511150_platform-lift-rav709n-mi-150x150.png","url":"https:\/\/dev.codekraft.it\/ravaglioli.it\/fr\/product\/pont-elevateur-a-ciseaux-pour-vehicules-industriels-rav709ni\/"}],"page_logo_src":"https:\/\/dev.codekraft.it\/ravaglioli.it\/wp-content\/uploads\/2026\/04\/rav-negative-logo-1.png","lang":"fr","translations":{"fr":156705,"en":156703,"de":156704,"it":156706,"es":156707,"ru":156708},"pll_sync_post":[],"_links":{"self":[{"href":"https:\/\/dev.codekraft.it\/ravaglioli.it\/wp-json\/wp\/v2\/product\/156705","targetHints":{"allow":["GET"]}}],"collection":[{"href":"https:\/\/dev.codekraft.it\/ravaglioli.it\/wp-json\/wp\/v2\/product"}],"about":[{"href":"https:\/\/dev.codekraft.it\/ravaglioli.it\/wp-json\/wp\/v2\/types\/product"}],"wp:featuredmedia":[{"embeddable":true,"href":"https:\/\/dev.codekraft.it\/ravaglioli.it\/wp-json\/wp\/v2\/media\/146941"}],"wp:attachment":[{"href":"https:\/\/dev.codekraft.it\/ravaglioli.it\/wp-json\/wp\/v2\/media?parent=156705"}],"wp:term":[{"taxonomy":"product_brand","embeddable":true,"href":"https:\/\/dev.codekraft.it\/ravaglioli.it\/wp-json\/wp\/v2\/product_brand?post=156705"},{"taxonomy":"product_cat","embeddable":true,"href":"https:\/\/dev.codekraft.it\/ravaglioli.it\/wp-json\/wp\/v2\/product_cat?post=156705"},{"taxonomy":"product_tag","embeddable":true,"href":"https:\/\/dev.codekraft.it\/ravaglioli.it\/wp-json\/wp\/v2\/product_tag?post=156705"},{"taxonomy":"product_approvals","embeddable":true,"href":"https:\/\/dev.codekraft.it\/ravaglioli.it\/wp-json\/wp\/v2\/product_approvals?post=156705"},{"taxonomy":"product_application","embeddable":true,"href":"https:\/\/dev.codekraft.it\/ravaglioli.it\/wp-json\/wp\/v2\/product_application?post=156705"}],"curies":[{"name":"wp","href":"https:\/\/api.w.org\/{rel}","templated":true}]}}