{"id":156701,"date":"2025-10-30T14:31:23","date_gmt":"2025-10-30T14:31:23","guid":{"rendered":"https:\/\/dev.codekraft.it\/ravaglioli.it\/product\/elevador-de-tijera-para-camion-rav709ni\/"},"modified":"2026-01-14T23:03:24","modified_gmt":"2026-01-14T23:03:24","slug":"elevador-de-tijera-para-camion-rav709ni","status":"publish","type":"product","link":"https:\/\/dev.codekraft.it\/ravaglioli.it\/es\/product\/elevador-de-tijera-para-camion-rav709ni\/","title":{"rendered":"Elevador de tijera para cami\u00f3n RAV709NI"},"content":{"rendered":"<p>Robusto elevador de tijera para levantar f\u00e1cilmente furgonetas, autocaravanas y camiones peque\u00f1os.\u00a0La plataforma elevadora est\u00e1 disponible con una capacidad de elevaci\u00f3n de 9 o 13 t. Longitud de la plataforma de 6 o 7 m.<\/p>\n<ul>\n<li>Dimensiones reducidas<\/li>\n<li>Paralelismo perfecto con compensaci\u00f3n autom\u00e1tica<\/li>\n<li>Construcci\u00f3n robusta con reservas de potencia<\/li>\n<\/ul>\n<ul>\n<li>Control hidr\u00e1ulico del paralelismo de ambas plataformas, independiente de la distribuci\u00f3n de la carga. Nivelaci\u00f3n autom\u00e1tica del sistema hidr\u00e1ulico en la posici\u00f3n cero.<\/li>\n<li>Potente unidad hidr\u00e1ulica para unos tiempos de elevaci\u00f3n y descenso r\u00e1pidos.<\/li>\n<li>Superficies de los carriles de acceso en chapa antideslizante.<\/li>\n<li>Salvapies de seguridad fiable gracias al sistema \u00abCE-Stop\u00bb de serie.<\/li>\n<li>\u00d3ptima protecci\u00f3n contra la corrosi\u00f3n de las plataformas mediante una imprimaci\u00f3n especial y un barniz resistente. Los cojinetes de la base y los elementos de la tijera con revestimiento y tecnolog\u00eda de cataforesis y recubrimiento de polvo.<\/li>\n<li>Los topes contra la ca\u00edda y el retroceso, en los extremos de las plataformas, protegen de forma segura el veh\u00edculo contra el vuelco.<\/li>\n<li>Juntas giratorias de la plataforma elevadora equipadas con rodamientos autolubricantes.<\/li>\n<li>El panel de control equipa una\u00a0centralita hidr\u00e1ulica premontada en f\u00e1brica y conectada a la plataforma elevadora, lo que contribuye\u00a0significativamente a reducir la\u00a0dificultad de la instalaci\u00f3n. Permite su colocaci\u00f3n a la izquierda o a la derecha.<\/li>\n<li>Con superficie de apoyo, para colocar c\u00f3modamente documentos o incluso una Tablet. Apta tambi\u00e9n para utilizarse como superficie de apoyo para escribir.<\/li>\n<li>Los botones resistentes garantizan un funcionamiento seguro de la plataforma elevadora.<\/li>\n<\/ul>\n<ul>\n<li>Permite la posibilidad de acoplar dos plataformas elevadoras con un funcionamiento sincronizado. De este modo, siempre podr\u00e1 levantar las plataformas a la misma altura o individualmente y podr\u00e1 configurar dos puestos de trabajo independientes.<\/li>\n<li>Los trinquetes de seguridad mec\u00e1nicos de accionamiento neum\u00e1tico con cremallera m\u00faltiple, ofrecen la m\u00e1xima seguridad para el veh\u00edculo y para el usuario con la plataforma elevada.<\/li>\n<\/ul>\n","protected":false},"excerpt":{"rendered":"<p>9 t, electrohidr\u00e1ulico, longitud de plataforma 6000 mm, bajo suelo<\/p>\n","protected":false},"featured_media":146941,"template":"","meta":[],"product_brand":[],"product_cat":[58182],"product_tag":[58349,58296,58332],"product_approvals":[],"product_application":[],"class_list":{"0":"post-156701","1":"product","2":"type-product","3":"status-publish","4":"has-post-thumbnail","6":"product_cat-elevadores-de-tijeras-es","7":"product_tag-motor-homes-es","8":"product_tag-passenger-cars-es","9":"product_tag-light-commercial-es","11":"first","12":"instock","13":"shipping-taxable","14":"product-type-simple"},"approvals":[],"application":[],"brb_media_brochure":[{"id":146942,"url":"https:\/\/dev.codekraft.it\/ravaglioli.it\/wp-content\/uploads\/brb_media\/00511152_scissor-lift-rav-709n-713n-br-screen.pdf","title":"Scissor Lift RAV 709N 713N BR screen","mpn":"","thumbnail":"https:\/\/dev.codekraft.it\/ravaglioli.it\/wp-content\/uploads\/brb_media\/00511152_scissor-lift-rav-709n-713n-br-screen-pdf-106x150.png","description":""}],"brb_media_drawing":"","brb_media_manuals":"","brb_media_safety_datasheets":"","brb_media_spare_parts":[],"_cdmm_p_id":"503110","_company":"Ravaglioli","_gtin":"4057612818079","accessories":[{"id":155779,"mpn":"S720A2\/M","name":"Kit de iluminaci\u00f3n LED 6 veces","description":"","thumbnail":"https:\/\/dev.codekraft.it\/ravaglioli.it\/wp-content\/uploads\/brb_media\/00495724_Scissor-Lift-ExaLift-HDVL-with-LED-light-DI-150x150.png","url":"https:\/\/dev.codekraft.it\/ravaglioli.it\/es\/product\/kit-de-iluminacion-led-6-veces\/"},{"id":155785,"mpn":"VSG.J50PH.902238","name":"Elevador para liberar ejes J50PHT","description":"5 t, 392 mm carrera, neumohidr\u00e1ulico, gato de pist\u00f3n telesc\u00f3pico, rodamientos de rodillos en la v\u00eda, suministro de aire en el lugar de instalaci\u00f3n","thumbnail":"https:\/\/dev.codekraft.it\/ravaglioli.it\/wp-content\/uploads\/brb_media\/00511153_jacking-beam-j50pht-mi-150x150.png","url":"https:\/\/dev.codekraft.it\/ravaglioli.it\/es\/product\/elevador-para-liberar-ejes-j50pht\/"},{"id":155319,"mpn":"S720A5","name":"Kit de rampa de acceso sobre el suelo | 2950 mm | pintadas","description":"2950 mm, versi\u00f3n pintada | 1 juego \/ 2 piezas","thumbnail":"https:\/\/dev.codekraft.it\/ravaglioli.it\/wp-content\/uploads\/brb_media\/00506537_s601a4-150x150.png","url":"https:\/\/dev.codekraft.it\/ravaglioli.it\/es\/product\/kit-de-rampa-de-acceso-sobre-el-suelo-2950-mm-pintadas\/"},{"id":155325,"mpn":"S720A6","name":"Kit de rampa de acceso sobre el suelo | 3700 mm | pintadas","description":"3700 mm, versi\u00f3n pintada | 1 juego \/ 2 piezas","thumbnail":"https:\/\/dev.codekraft.it\/ravaglioli.it\/wp-content\/uploads\/brb_media\/00506537_s601a4-150x150.png","url":"https:\/\/dev.codekraft.it\/ravaglioli.it\/es\/product\/kit-de-rampa-de-acceso-sobre-el-suelo-3700-mm-pintadas\/"}],"components":[],"delivery":[],"package":[],"related":[],"similar":[{"id":156707,"mpn":"RAV713NI","name":"Elevador de tijera para cami\u00f3n RAV713NI","description":"13 t, electrohidr\u00e1ulico, longitud de plataforma 7000 mm, bajo suelo","thumbnail":"https:\/\/dev.codekraft.it\/ravaglioli.it\/wp-content\/uploads\/brb_media\/00511150_platform-lift-rav709n-mi-150x150.png","url":"https:\/\/dev.codekraft.it\/ravaglioli.it\/es\/product\/elevador-de-tijera-para-camion-rav713ni\/"}],"page_logo_src":"https:\/\/dev.codekraft.it\/ravaglioli.it\/wp-content\/uploads\/2026\/04\/rav-negative-logo-1.png","lang":"es","translations":{"es":156701,"en":156697,"de":156698,"fr":156699,"it":156700,"ru":156702},"pll_sync_post":[],"_links":{"self":[{"href":"https:\/\/dev.codekraft.it\/ravaglioli.it\/wp-json\/wp\/v2\/product\/156701","targetHints":{"allow":["GET"]}}],"collection":[{"href":"https:\/\/dev.codekraft.it\/ravaglioli.it\/wp-json\/wp\/v2\/product"}],"about":[{"href":"https:\/\/dev.codekraft.it\/ravaglioli.it\/wp-json\/wp\/v2\/types\/product"}],"wp:featuredmedia":[{"embeddable":true,"href":"https:\/\/dev.codekraft.it\/ravaglioli.it\/wp-json\/wp\/v2\/media\/146941"}],"wp:attachment":[{"href":"https:\/\/dev.codekraft.it\/ravaglioli.it\/wp-json\/wp\/v2\/media?parent=156701"}],"wp:term":[{"taxonomy":"product_brand","embeddable":true,"href":"https:\/\/dev.codekraft.it\/ravaglioli.it\/wp-json\/wp\/v2\/product_brand?post=156701"},{"taxonomy":"product_cat","embeddable":true,"href":"https:\/\/dev.codekraft.it\/ravaglioli.it\/wp-json\/wp\/v2\/product_cat?post=156701"},{"taxonomy":"product_tag","embeddable":true,"href":"https:\/\/dev.codekraft.it\/ravaglioli.it\/wp-json\/wp\/v2\/product_tag?post=156701"},{"taxonomy":"product_approvals","embeddable":true,"href":"https:\/\/dev.codekraft.it\/ravaglioli.it\/wp-json\/wp\/v2\/product_approvals?post=156701"},{"taxonomy":"product_application","embeddable":true,"href":"https:\/\/dev.codekraft.it\/ravaglioli.it\/wp-json\/wp\/v2\/product_application?post=156701"}],"curies":[{"name":"wp","href":"https:\/\/api.w.org\/{rel}","templated":true}]}}