{"id":156698,"date":"2025-10-30T14:31:23","date_gmt":"2025-10-30T14:31:23","guid":{"rendered":"https:\/\/dev.codekraft.it\/ravaglioli.it\/product\/lkw-scherenhebebuhne-rav709ni\/"},"modified":"2026-01-14T23:03:16","modified_gmt":"2026-01-14T23:03:16","slug":"lkw-scherenhebebuhne-rav709ni","status":"publish","type":"product","link":"https:\/\/dev.codekraft.it\/ravaglioli.it\/de\/product\/lkw-scherenhebebuhne-rav709ni\/","title":{"rendered":"Lkw-Scherenhebeb\u00fchne RAV709NI"},"content":{"rendered":"<p>Robuste Scherenhebeb\u00fchne f\u00fcr die problemlose Aufnahme von Transportern, Wohnmobilen und kleinen Lkw. Die Hebeb\u00fchne ist wahlweise mit 9 oder 13 t Tragkraft lieferbar. Fahrbahnl\u00e4ngen 6 oder 7 m.<\/p>\n<ul>\n<li>Platzsparend<\/li>\n<li>Perfekter Gleichlauf bei automatischem Ausgleich<\/li>\n<li>Stabile Konstruktion mit Leistungsreserven<\/li>\n<\/ul>\n<ul>\n<li>Hydraulische Steuerung des Gleichlaufs beider Fahrschienen, unabh\u00e4ngig der Lastverteilung. Automatischer Ausgleich des hydraulischen Systems in der Nullstellung.<\/li>\n<li>Starkes Hydraulikaggregat f\u00fcr schnelle Hub- und Senkzeiten.<\/li>\n<li>Auffahrschienen-Oberfl\u00e4chen aus rutschfestem Tr\u00e4nenblech.<\/li>\n<li>Zuverl\u00e4ssige Gew\u00e4hrleistung des Fu\u00dfschutzes durch serienm\u00e4\u00dfigen CE-Stop.<\/li>\n<li>Optimaler Korrosionsschutz der Plattformen durch spezielle Grundierung und robusten Decklack. Bodenlager und Scherenelemente sind kataphorese- und pulverbeschichtet.<\/li>\n<li>\u00dcber- und R\u00fcckrollsicherungen an den Enden der Fahrschienen sch\u00fctzen das Fahrzeug sicher gegen Herabrollen.<\/li>\n<li>Die Gelenkbolzen der Hebeb\u00fchne sind mit selbstschmierenden Lagern ausgestattet.<\/li>\n<li>Das Bedienpult besitzt ein werkseitig vormontiertes, mit der Hebeb\u00fchne verbundenes Hydraulikaggregat und tr\u00e4gt damit ma\u00dfgeblich zu einem geringen Installationsaufwand bei. Die Platzierung ist links oder rechts m\u00f6glich.<\/li>\n<li>Dokumente oder auch Tablet-Computer finden ihren Platz auf der integrierten Ablagefl\u00e4che. Auch als Schreibunterlage perfekt geeignet.<\/li>\n<li>Stabile Drucktasten sorgen f\u00fcr eine sichere Bedienung der Hebeb\u00fchne.<\/li>\n<\/ul>\n<ul>\n<li>Es besteht die M\u00f6glichkeit, zwei Hebeb\u00fchnen miteinander zu koppeln, um diese synchron zu schalten. So k\u00f6nnen alle Fahrschienen immer auf einer H\u00f6he oder einzeln gefahren und zwei unabh\u00e4ngige Arbeitspl\u00e4tze gestaltet werden.<\/li>\n<li>Pneumatisch bet\u00e4tigbare, mechanische Sicherheitsklinken mit Mehrfachverzahnung garantieren eine maximale Sicherheit f\u00fcr Fahrzeug und Anwender im angehobenen Zustand.<\/li>\n<\/ul>\n","protected":false},"excerpt":{"rendered":"<p>9 t, elektrohydraulisch, Plattforml\u00e4nge 6000 mm, Unterflur<\/p>\n","protected":false},"featured_media":146941,"template":"","meta":[],"product_brand":[],"product_cat":[58164],"product_tag":[58287,58323,58340],"product_approvals":[],"product_application":[],"class_list":{"0":"post-156698","1":"product","2":"type-product","3":"status-publish","4":"has-post-thumbnail","6":"product_cat-scheren-hebebuhnen-de","7":"product_tag-passenger-cars-de","8":"product_tag-light-commercial-de","9":"product_tag-motor-homes-de","11":"first","12":"instock","13":"shipping-taxable","14":"product-type-simple"},"approvals":[],"application":[],"brb_media_brochure":[{"id":146942,"url":"https:\/\/dev.codekraft.it\/ravaglioli.it\/wp-content\/uploads\/brb_media\/00511152_scissor-lift-rav-709n-713n-br-screen.pdf","title":"Scissor Lift RAV 709N 713N BR screen","mpn":"","thumbnail":"https:\/\/dev.codekraft.it\/ravaglioli.it\/wp-content\/uploads\/brb_media\/00511152_scissor-lift-rav-709n-713n-br-screen-pdf-106x150.png","description":""}],"brb_media_drawing":"","brb_media_manuals":"","brb_media_safety_datasheets":"","brb_media_spare_parts":[],"_cdmm_p_id":"503110","_company":"Ravaglioli","_gtin":"4057612818079","accessories":[{"id":155776,"mpn":"S720A2\/M","name":"LED-Beleuchtungs-Kit 6-fach","description":"","thumbnail":"https:\/\/dev.codekraft.it\/ravaglioli.it\/wp-content\/uploads\/brb_media\/00495724_Scissor-Lift-ExaLift-HDVL-with-LED-light-DI-150x150.png","url":"https:\/\/dev.codekraft.it\/ravaglioli.it\/de\/product\/led-beleuchtungs-kit-6-fach\/"},{"id":155782,"mpn":"VSG.J50PH.902238","name":"Achsfreiheber J50PHT","description":"5 t, 392 mm Hub, lufthydraulisch, Teleskopstempelheber, rollengelagert in der Fahrbahn, Luftversorgung bauseits","thumbnail":"https:\/\/dev.codekraft.it\/ravaglioli.it\/wp-content\/uploads\/brb_media\/00511153_jacking-beam-j50pht-mi-150x150.png","url":"https:\/\/dev.codekraft.it\/ravaglioli.it\/de\/product\/achsfreiheber-j50pht\/"},{"id":155315,"mpn":"S720A5","name":"Auffahrrampen-Kit \u00dcberflur | 2950 mm | lackiert","description":"2950 mm, lackierte Ausf\u00fchrung, zum Verd\u00fcbeln auf dem Boden (Befestigungsmaterial exklusive) | inkl. Abdeckbleche f\u00fcr Hydraulikschl\u00e4uche | 1 Satz \/ 2 St\u00fcck","thumbnail":"https:\/\/dev.codekraft.it\/ravaglioli.it\/wp-content\/uploads\/brb_media\/00506537_s601a4-150x150.png","url":"https:\/\/dev.codekraft.it\/ravaglioli.it\/de\/product\/auffahrrampen-kit-uberflur-2950-mm-lackiert\/"},{"id":155322,"mpn":"S720A6","name":"Auffahrrampen-Kit \u00dcberflur | 3700 mm | lackiert","description":"3700 mm, lackierte Ausf\u00fchrung, zum Verd\u00fcbeln auf dem Boden (Befestigungsmaterial exklusive) | inkl. Abdeckbleche f\u00fcr Hydraulikschl\u00e4uche | 1 Satz \/ 2 St\u00fcck","thumbnail":"https:\/\/dev.codekraft.it\/ravaglioli.it\/wp-content\/uploads\/brb_media\/00506537_s601a4-150x150.png","url":"https:\/\/dev.codekraft.it\/ravaglioli.it\/de\/product\/auffahrrampen-kit-uberflur-3700-mm-lackiert\/"}],"components":[],"delivery":[],"package":[],"related":[],"similar":[{"id":156704,"mpn":"RAV713NI","name":"Lkw-Scherenhebeb\u00fchne RAV713NI","description":"13 t, elektrohydraulisch, Plattforml\u00e4nge 7000 mm, Unterflur","thumbnail":"https:\/\/dev.codekraft.it\/ravaglioli.it\/wp-content\/uploads\/brb_media\/00511150_platform-lift-rav709n-mi-150x150.png","url":"https:\/\/dev.codekraft.it\/ravaglioli.it\/de\/product\/lkw-scherenhebebuhne-rav713ni\/"}],"page_logo_src":"https:\/\/dev.codekraft.it\/ravaglioli.it\/wp-content\/uploads\/2026\/04\/rav-negative-logo-1.png","lang":"de","translations":{"de":156698,"en":156697,"fr":156699,"it":156700,"es":156701,"ru":156702},"pll_sync_post":[],"_links":{"self":[{"href":"https:\/\/dev.codekraft.it\/ravaglioli.it\/wp-json\/wp\/v2\/product\/156698","targetHints":{"allow":["GET"]}}],"collection":[{"href":"https:\/\/dev.codekraft.it\/ravaglioli.it\/wp-json\/wp\/v2\/product"}],"about":[{"href":"https:\/\/dev.codekraft.it\/ravaglioli.it\/wp-json\/wp\/v2\/types\/product"}],"wp:featuredmedia":[{"embeddable":true,"href":"https:\/\/dev.codekraft.it\/ravaglioli.it\/wp-json\/wp\/v2\/media\/146941"}],"wp:attachment":[{"href":"https:\/\/dev.codekraft.it\/ravaglioli.it\/wp-json\/wp\/v2\/media?parent=156698"}],"wp:term":[{"taxonomy":"product_brand","embeddable":true,"href":"https:\/\/dev.codekraft.it\/ravaglioli.it\/wp-json\/wp\/v2\/product_brand?post=156698"},{"taxonomy":"product_cat","embeddable":true,"href":"https:\/\/dev.codekraft.it\/ravaglioli.it\/wp-json\/wp\/v2\/product_cat?post=156698"},{"taxonomy":"product_tag","embeddable":true,"href":"https:\/\/dev.codekraft.it\/ravaglioli.it\/wp-json\/wp\/v2\/product_tag?post=156698"},{"taxonomy":"product_approvals","embeddable":true,"href":"https:\/\/dev.codekraft.it\/ravaglioli.it\/wp-json\/wp\/v2\/product_approvals?post=156698"},{"taxonomy":"product_application","embeddable":true,"href":"https:\/\/dev.codekraft.it\/ravaglioli.it\/wp-json\/wp\/v2\/product_application?post=156698"}],"curies":[{"name":"wp","href":"https:\/\/api.w.org\/{rel}","templated":true}]}}