{"id":156675,"date":"2025-10-30T14:31:24","date_gmt":"2025-10-30T14:31:24","guid":{"rendered":"https:\/\/dev.codekraft.it\/ravaglioli.it\/product\/pont-elevateur-a-colonne-mobile-rav243\/"},"modified":"2026-01-14T23:00:37","modified_gmt":"2026-01-14T23:00:37","slug":"pont-elevateur-a-colonne-mobile-rav243","status":"publish","type":"product","link":"https:\/\/dev.codekraft.it\/ravaglioli.it\/fr\/product\/pont-elevateur-a-colonne-mobile-rav243\/","title":{"rendered":"Pont el\u00e9vateur \u00e0 colonne mobile RAV243"},"content":{"rendered":"<ul>\n<li>6 S\u00e9ries\u00a0avec capacit\u00e9 par colonne comprise entre 3 et 8,5 tonnes<\/li>\n<li>2 Versions\u00a0pour l&#8217;int\u00e9rieur et pour l&#8217;ext\u00e9rieur<\/li>\n<li>3 Configurations\u00a0: jeu de 4, 6 ou 8 colonnes<\/li>\n<li>Base d\u2019appui au sol de grandes dimensions pour une stabilit\u00e9 maximale en situation de charge<\/li>\n<li>Vis de levage en acier roul\u00e9 avec \u00e9crou porteur et contre-\u00e9crou de s\u00e9curit\u00e9 en bronze<\/li>\n<\/ul>\n<ul>\n<li>Colonnes avec profils de coulissement des rouleaux en acier \u00e0 haute r\u00e9sistance<\/li>\n<li>Rouleaux de translation du chariot en acier avec bagues \u00e0 graissage automatique ne n\u00e9cessitant aucune maintenance<\/li>\n<li>Motor\u00e9ducteur autofreinant accoupl\u00e9 directement \u00e0 la vis de levage<\/li>\n<li>Lubrification automatique du groupe vis-\u00e9crous<\/li>\n<\/ul>\n<ul>\n<li>S\u00e9curit\u00e9\u00a0: Dispositifs de s\u00e9curit\u00e9 m\u00e9caniques et \u00e9lectriques conformes aux R\u00e8glementations Europ\u00e9ennes<\/li>\n<li>Dispositif d&#8217;arr\u00eat de la mont\u00e9e en cas d&#8217;usure de l&#8217;\u00e9crou porteur<\/li>\n<li>Moteurs avec protection thermique contre les surcharges<\/li>\n<li>Dispositif \u00e9lectronique de contr\u00f4le\u00a0de la synchronisation (contr\u00f4leur programmable &#8211; PLC avec syst\u00e8me d&#8217;auto-diagnostic) avec fonctions de r\u00e9alignement automatique et arr\u00eat de s\u00e9curit\u00e9<\/li>\n<li>S\u00e9lection de diff\u00e9rentes modalit\u00e9s de fonctionnement\u00a0:\n<ul>\n<li>Collectif de toutes les colonnes<\/li>\n<li>Une ou de plusieurs paires de colonnes<\/li>\n<li>Individuel<\/li>\n<\/ul>\n<\/li>\n<li>Dispositif \u00e9lectronique pour la d\u00e9finition de la s\u00e9quence correcte des phases<\/li>\n<li>Commandes \u00e0 basse tension (24 V) sur toutes les colonnes, avec bouton-poussoir homme-pr\u00e9sent et blocage de s\u00e9curit\u00e9 en cas d&#8217;interf\u00e9rence sur la commande d\u00e9j\u00e0 actionn\u00e9e<\/li>\n<li>Tableau \u00e9lectrique principal avec toutes les commandes de s\u00e9lection et de contr\u00f4le<\/li>\n<li>Tableau \u00e9lectrique secondaire avec les commandes de mont\u00e9e et de descente et avec bouton-poussoir d&#8217;arr\u00eat d&#8217;urgence<\/li>\n<li>Possibilit\u00e9 de s\u00e9lectionner des d\u00e9phasages pr\u00e9fix\u00e9s entre deux ou plusieurs paires de colonnes<\/li>\n<li>Installations \u00e9lectriques modulaires pour modifier la configuration (passage de 4 \u00e0 6 ou 8 colonnes, utilisation de deux jeux de 4 par la s\u00e9paration d&#8217;un jeu de 8)<\/li>\n<\/ul>\n","protected":false},"excerpt":{"rendered":"<p>6 x 7,0 t, \u00e9lectrom\u00e9canique, filaire, vis de levage, mobile, id\u00e9al pour les transporteurs, camionnettes et maisons mobiles<\/p>\n","protected":false},"featured_media":146900,"template":"","meta":[],"product_brand":[],"product_cat":[58238],"product_tag":[58377,58343,58479,63078,58326],"product_approvals":[],"product_application":[],"class_list":{"0":"post-156675","1":"product","2":"type-product","3":"status-publish","4":"has-post-thumbnail","6":"product_cat-ponts-elevateurs-a-colonnes-mobiles-fr","7":"product_tag-buses-fr","8":"product_tag-motor-homes-fr","9":"product_tag-trailer-fr","10":"product_tag-remorques-fr","11":"product_tag-light-commercial-fr","13":"first","14":"instock","15":"shipping-taxable","16":"product-type-simple"},"approvals":[],"application":[],"brb_media_brochure":[{"id":146901,"url":"https:\/\/dev.codekraft.it\/ravaglioli.it\/wp-content\/uploads\/brb_media\/00511138_rav_210_220_230_240_260_270_07-br-screen.pdf","title":"RAV 210 220 230 240 260 270 (07) BR screen","mpn":"","thumbnail":"https:\/\/dev.codekraft.it\/ravaglioli.it\/wp-content\/uploads\/brb_media\/00511138_rav_210_220_230_240_260_270_07-br-screen-pdf-106x150.png","description":""}],"brb_media_drawing":"","brb_media_manuals":"","brb_media_safety_datasheets":"","brb_media_spare_parts":[],"_cdmm_p_id":"503104","_company":"Ravaglioli","_gtin":"4057612815696","accessories":[{"id":155432,"mpn":"S260A1","name":"Chevalet d&#039;appui","description":"7500 kg, 1330 - 2030 mm, r\u00e9glable en hauteur par paliers de 7 x 100 mm, 2 roulettes, support en U | Gris (RAL 7040)","thumbnail":"https:\/\/dev.codekraft.it\/ravaglioli.it\/wp-content\/uploads\/brb_media\/00535518_mobile-columns-s260a1-mi-150x150.png","url":"https:\/\/dev.codekraft.it\/ravaglioli.it\/fr\/product\/chevalet-dappui-3\/"},{"id":152046,"mpn":"S270A1","name":"Chevalet d&#039;appui","description":"10000 kg, 1235 - 2040 mm, r\u00e9glable en hauteur par pas de 6 x 100 mm, avec en plus partie sup\u00e9rieure r\u00e9glable en continu (115 mm), 2 roulettes, support en U et support en prisme (interchangeables) | Gris (RAL 7040)","thumbnail":"https:\/\/dev.codekraft.it\/ravaglioli.it\/wp-content\/uploads\/brb_media\/00535519_mobile-columns-s270a1-mi-150x150.png","url":"https:\/\/dev.codekraft.it\/ravaglioli.it\/fr\/product\/chevalet-dappui\/"},{"id":152276,"mpn":"S270A2","name":"Chevalet d&#039;appui","description":"10000 kg, 1235 - 2040 mm, r\u00e9glable en hauteur par pas de 6 x 100 mm, avec en plus partie sup\u00e9rieure r\u00e9glable en continu (115 mm), 3 roues r\u00e9tractables, support en U et support en prisme (interchangeables), pr\u00eat \u00e0 l'emploi | Gris (RAL 7040)","thumbnail":"https:\/\/dev.codekraft.it\/ravaglioli.it\/wp-content\/uploads\/brb_media\/00535520_mobile-columns-s270a2-mi-150x150.png","url":"https:\/\/dev.codekraft.it\/ravaglioli.it\/fr\/product\/chevalet-dappui-2\/"},{"id":152065,"mpn":"S260A5","name":"Traverse pour ArtisLift MRG55","description":"15 t","thumbnail":"https:\/\/dev.codekraft.it\/ravaglioli.it\/wp-content\/uploads\/brb_media\/00507074_s260a5-150x150.png","url":"https:\/\/dev.codekraft.it\/ravaglioli.it\/fr\/product\/traverse-pour-artislift-mrg55\/"},{"id":153582,"mpn":"S270A7","name":"Traverse max. 20000 kg","description":"Traverse pour tous les \u00e9l\u00e9vateurs avec fourche r\u00e8glable","thumbnail":"https:\/\/dev.codekraft.it\/ravaglioli.it\/wp-content\/uploads\/brb_media\/00507074_s260a5-150x150.png","url":"https:\/\/dev.codekraft.it\/ravaglioli.it\/fr\/product\/traverse-max-20000-kg\/"},{"id":153120,"mpn":"S270A8","name":"R\u00e9duction de fourche de roue pour ponts \u00e9l\u00e9vateurs \u00e0 colonnes mobiles | pneus \u00d8 700 &#8211; 500 mm","description":"R\u00e9duction de la fourche de roue pour pneus de \u00d8 700 mm \u00e0 \u00d8 500 mm | 1 pi\u00e8ce\/par colonne","thumbnail":"https:\/\/dev.codekraft.it\/ravaglioli.it\/wp-content\/uploads\/brb_media\/00535683_mobile-columns-s270a4-s270a8-mi-150x150.png","url":"https:\/\/dev.codekraft.it\/ravaglioli.it\/fr\/product\/reduction-de-fourche-de-roue-pour-ponts-elevateurs-a-colonnes-mobiles-pneus-o-700-500-mm\/"},{"id":155945,"mpn":"S270A4","name":"R\u00e9duction de fourche de roue pour ponts \u00e9l\u00e9vateurs \u00e0 colonnes mobiles | pneus \u00d8 800 &#8211; 700 mm","description":"R\u00e9duction de la fourche de roue pour pneus de \u00d8 800 mm \u00e0 \u00d8 700 mm | 1 pi\u00e8ce\/par colonne","thumbnail":"https:\/\/dev.codekraft.it\/ravaglioli.it\/wp-content\/uploads\/brb_media\/00535683_mobile-columns-s270a4-s270a8-mi-150x150.png","url":"https:\/\/dev.codekraft.it\/ravaglioli.it\/fr\/product\/reduction-de-fourche-de-roue-pour-ponts-elevateurs-a-colonnes-mobiles-pneus-o-800-700-mm\/"},{"id":153126,"mpn":"S270A3","name":"R\u00e9duction de fourche de roue pour ponts \u00e9l\u00e9vateurs \u00e0 colonnes mobiles | pneus \u00d8 900 &#8211; 800 mm","description":"R\u00e9duction de la fourche de roue pour pneus de \u00d8 900 mm \u00e0 \u00d8 800 mm | 1 pi\u00e8ce\/par colonne","thumbnail":"https:\/\/dev.codekraft.it\/ravaglioli.it\/wp-content\/uploads\/brb_media\/00535684_mobile-columns-s270a3-mi-150x150.png","url":"https:\/\/dev.codekraft.it\/ravaglioli.it\/fr\/product\/reduction-de-fourche-de-roue-pour-ponts-elevateurs-a-colonnes-mobiles-pneus-o-900-800-mm\/"},{"id":155951,"mpn":"S270A5","name":"Prolongateur de fourche de roue pour ArtisLift MRG55","description":"Longueur env. 123 mm | r\u00e9duction de la capacit\u00e9 de charge \u00e0 5 t | 1 jeu (pour 1 colonne mobile)","thumbnail":"https:\/\/dev.codekraft.it\/ravaglioli.it\/wp-content\/uploads\/brb_media\/00535685_mobile-columns-s270a5-mi-150x150.png","url":"https:\/\/dev.codekraft.it\/ravaglioli.it\/fr\/product\/prolongateur-de-fourche-de-roue-pour-artislift-mrg55\/"}],"components":[],"delivery":[],"package":[],"related":[],"similar":[{"id":156669,"mpn":"RAV241","name":"Pont el\u00e9vateur \u00e0 colonne mobile RAV241","description":"4 x 7,0 t, \u00e9lectrom\u00e9canique, filaire, vis de levage, mobile, id\u00e9al pour les transporteurs, camionnettes et maisons mobiles","thumbnail":"https:\/\/dev.codekraft.it\/ravaglioli.it\/wp-content\/uploads\/brb_media\/00511142_mobile-column-lift-210-column-mi-150x150.png","url":"https:\/\/dev.codekraft.it\/ravaglioli.it\/fr\/product\/pont-elevateur-a-colonne-mobile-rav241\/"},{"id":156681,"mpn":"RAV245","name":"Pont el\u00e9vateur \u00e0 colonne mobile RAV245","description":"8 x 7,0 t, \u00e9lectrom\u00e9canique, filaire, vis de levage, mobile, id\u00e9al pour les transporteurs, camionnettes et maisons mobiles","thumbnail":"https:\/\/dev.codekraft.it\/ravaglioli.it\/wp-content\/uploads\/brb_media\/00511142_mobile-column-lift-210-column-mi-150x150.png","url":"https:\/\/dev.codekraft.it\/ravaglioli.it\/fr\/product\/pont-elevateur-a-colonne-mobile-rav245\/"}],"page_logo_src":"https:\/\/dev.codekraft.it\/ravaglioli.it\/wp-content\/uploads\/2026\/04\/rav-negative-logo-1.png","lang":"fr","translations":{"fr":156675,"en":156673,"de":156674,"it":156676,"es":156677,"ru":156678},"pll_sync_post":[],"_links":{"self":[{"href":"https:\/\/dev.codekraft.it\/ravaglioli.it\/wp-json\/wp\/v2\/product\/156675","targetHints":{"allow":["GET"]}}],"collection":[{"href":"https:\/\/dev.codekraft.it\/ravaglioli.it\/wp-json\/wp\/v2\/product"}],"about":[{"href":"https:\/\/dev.codekraft.it\/ravaglioli.it\/wp-json\/wp\/v2\/types\/product"}],"wp:featuredmedia":[{"embeddable":true,"href":"https:\/\/dev.codekraft.it\/ravaglioli.it\/wp-json\/wp\/v2\/media\/146900"}],"wp:attachment":[{"href":"https:\/\/dev.codekraft.it\/ravaglioli.it\/wp-json\/wp\/v2\/media?parent=156675"}],"wp:term":[{"taxonomy":"product_brand","embeddable":true,"href":"https:\/\/dev.codekraft.it\/ravaglioli.it\/wp-json\/wp\/v2\/product_brand?post=156675"},{"taxonomy":"product_cat","embeddable":true,"href":"https:\/\/dev.codekraft.it\/ravaglioli.it\/wp-json\/wp\/v2\/product_cat?post=156675"},{"taxonomy":"product_tag","embeddable":true,"href":"https:\/\/dev.codekraft.it\/ravaglioli.it\/wp-json\/wp\/v2\/product_tag?post=156675"},{"taxonomy":"product_approvals","embeddable":true,"href":"https:\/\/dev.codekraft.it\/ravaglioli.it\/wp-json\/wp\/v2\/product_approvals?post=156675"},{"taxonomy":"product_application","embeddable":true,"href":"https:\/\/dev.codekraft.it\/ravaglioli.it\/wp-json\/wp\/v2\/product_application?post=156675"}],"curies":[{"name":"wp","href":"https:\/\/api.w.org\/{rel}","templated":true}]}}