{"id":156671,"date":"2025-10-30T14:31:24","date_gmt":"2025-10-30T14:31:24","guid":{"rendered":"https:\/\/dev.codekraft.it\/ravaglioli.it\/product\/elevador-de-columna-movil-rav241\/"},"modified":"2026-01-14T22:59:54","modified_gmt":"2026-01-14T22:59:54","slug":"elevador-de-columna-movil-rav241","status":"publish","type":"product","link":"https:\/\/dev.codekraft.it\/ravaglioli.it\/es\/product\/elevador-de-columna-movil-rav241\/","title":{"rendered":"Elevador de columna m\u00f3vil RAV241"},"content":{"rendered":"<ul>\n<li>6 Versiones\u00a0con capacidades desde 3 t hasta 8,5 t por columna<\/li>\n<li>2\u00a0Tipos De Equipamientos: Uso interno o uso\u00a0externo<\/li>\n<li>3 Configuraciones: Set de 4, 6 u 8 columnas<\/li>\n<li>Base de apoyo a tierra de gran tama\u00f1o para la\u00a0m\u00e1xima estabilidad con carga<\/li>\n<li>Husillo de elevaci\u00f3n en acero prensado con\u00a0tuerca portante y tuerca de seguridad en bronce<\/li>\n<\/ul>\n<ul>\n<li>Columnas con perfiles de deslizamiento en acero de alta resistencia<\/li>\n<li>Rodillos de desplazamiento del carro de acero con casquillos autolubricantes exentos de mantenimiento<\/li>\n<li>Motorreductor autofrenante acoplado directamente al husillo de elevaci\u00f3n<\/li>\n<li>Lubrificaci\u00f3n autom\u00e1tica del grupo husillo-tuerca<\/li>\n<\/ul>\n<ul>\n<li>Seguridad: Dispositivos de seguridad mec\u00e1nicos y el\u00e9ctricos de acuerdo con las Normativas Europeas<\/li>\n<li>Dispositivo de bloqueo de la subida en caso de excesivo desgaste de la tuerca portante<\/li>\n<li>Motores con protecci\u00f3n termica en caso de sobrecarga<\/li>\n<li>Dispositivo electr\u00f3nico de control sincronizaci\u00f3n (controlador programable &#8211; PLC &#8211; con sistema de autodiagnosis) con funciones de reajuste autom\u00e1tico y bloqueo de seguridad<\/li>\n<li>Diversas modalidades de funcionamiento:\n<ul>\n<li>Colectivo de todas las columnas<\/li>\n<li>Uno o m\u00e1s pares de columnas<\/li>\n<li>Individual<\/li>\n<\/ul>\n<\/li>\n<li>Dispositivo electr\u00f3nico para la disposici\u00f3n de la correcta secuencia de Ias fases<\/li>\n<li>Mandos a baja tensi\u00f3n (24 V) en todas las columnas, con pulsadores a hombre presente y interbloqueo de seguridad en caso de interferencias en el mando ya activado<\/li>\n<li>Cuadro el\u00e9ctrico principal con todos los mandos de selecci\u00f3n y control<\/li>\n<li>Cuadro el\u00e9ctrico secundario con los mandos de subida y bajada y con pulsador de emergencia<\/li>\n<li>Posibilidad de seleccionar desfases prestablecidos entre dos o m\u00e1s pares de columnas<\/li>\n<li>Instalaciones el\u00e9ctricas modulares para consentir varias configuraci\u00f3nes (paso de 4 a 6 o 8 columnas, uso de dos set de 4 obtenidos separando un set de 8)<\/li>\n<\/ul>\n","protected":false},"excerpt":{"rendered":"<p>4 x 7,0 t, electromec\u00e1nico, vinculado por cable, perno elevador, m\u00f3vil, ideal para transportador, cami\u00f3n y hogar m\u00f3vil<\/p>\n","protected":false},"featured_media":146900,"template":"","meta":[],"product_brand":[],"product_cat":[58246],"product_tag":[58349,58485,63081,58332],"product_approvals":[],"product_application":[],"class_list":{"0":"post-156671","1":"product","2":"type-product","3":"status-publish","4":"has-post-thumbnail","6":"product_cat-elevadores-de-columna-moviles-es","7":"product_tag-motor-homes-es","8":"product_tag-trailer-es","9":"product_tag-remolques-es","10":"product_tag-light-commercial-es","12":"first","13":"instock","14":"shipping-taxable","15":"product-type-simple"},"approvals":[],"application":[],"brb_media_brochure":[{"id":146901,"url":"https:\/\/dev.codekraft.it\/ravaglioli.it\/wp-content\/uploads\/brb_media\/00511138_rav_210_220_230_240_260_270_07-br-screen.pdf","title":"RAV 210 220 230 240 260 270 (07) BR screen","mpn":"","thumbnail":"https:\/\/dev.codekraft.it\/ravaglioli.it\/wp-content\/uploads\/brb_media\/00511138_rav_210_220_230_240_260_270_07-br-screen-pdf-106x150.png","description":""}],"brb_media_drawing":"","brb_media_manuals":"","brb_media_safety_datasheets":"","brb_media_spare_parts":[],"_cdmm_p_id":"503100","_company":"Ravaglioli","_gtin":"4057612815658","accessories":[{"id":155434,"mpn":"S260A1","name":"Caballete de apoyo","description":"7500 kg, 1330 - 2030 mm, altura ajustable en pasos de 7 x 100 mm, 2 ruedas, soporte en U | Gris (RAL 7040)","thumbnail":"https:\/\/dev.codekraft.it\/ravaglioli.it\/wp-content\/uploads\/brb_media\/00535518_mobile-columns-s260a1-mi-150x150.png","url":"https:\/\/dev.codekraft.it\/ravaglioli.it\/es\/product\/caballete-de-apoyo-3\/"},{"id":152048,"mpn":"S270A1","name":"Caballete de apoyo","description":"10000 kg, 1235 - 2040 mm, altura regulable en 6 pasos de 100 mm, adicionalmente con parte superior ajustable sin escalonamiento (115 mm), 2 ruedas, soporte en U y soporte de prisma (intercambiables) | Gris (RAL 7040)","thumbnail":"https:\/\/dev.codekraft.it\/ravaglioli.it\/wp-content\/uploads\/brb_media\/00535519_mobile-columns-s270a1-mi-150x150.png","url":"https:\/\/dev.codekraft.it\/ravaglioli.it\/es\/product\/caballete-de-apoyo\/"},{"id":152278,"mpn":"S270A2","name":"Caballete de apoyo","description":"10000 kg, 1235 - 2040 mm, altura regulable en 6 pasos de 100 mm, adicionalmente con parte superior ajustable sin escalonamiento (115 mm), 3 ruedas el\u00e1sticas, soporte en U y soporte de prisma (intercambiables), premontado | Gris (RAL 7040)","thumbnail":"https:\/\/dev.codekraft.it\/ravaglioli.it\/wp-content\/uploads\/brb_media\/00535520_mobile-columns-s270a2-mi-150x150.png","url":"https:\/\/dev.codekraft.it\/ravaglioli.it\/es\/product\/caballete-de-apoyo-2\/"},{"id":152067,"mpn":"S260A5","name":"Travesa\u00f1o para ArtisLift MRG55","description":"15 t","thumbnail":"https:\/\/dev.codekraft.it\/ravaglioli.it\/wp-content\/uploads\/brb_media\/00507074_s260a5-150x150.png","url":"https:\/\/dev.codekraft.it\/ravaglioli.it\/es\/product\/travesano-para-artislift-mrg55\/"},{"id":153584,"mpn":"S270A7","name":"Travesa\u00f1o max. 20000 kg","description":"Travesa\u00f1o para todas los elevadores con elevador de rueda ajustable","thumbnail":"https:\/\/dev.codekraft.it\/ravaglioli.it\/wp-content\/uploads\/brb_media\/00507074_s260a5-150x150.png","url":"https:\/\/dev.codekraft.it\/ravaglioli.it\/es\/product\/travesano-max-20000-kg\/"},{"id":153122,"mpn":"S270A8","name":"Reducci\u00f3n de horquilla de rueda para elevadores de columna m\u00f3viles | neum\u00e1ticos de \u00d8 700 &#8211; 500 mm","description":"Reducci\u00f3n para neum\u00e1ticos de \u00d8 700 mm a \u00d8 500 mm | 1 pieza\/por columna","thumbnail":"https:\/\/dev.codekraft.it\/ravaglioli.it\/wp-content\/uploads\/brb_media\/00535683_mobile-columns-s270a4-s270a8-mi-150x150.png","url":"https:\/\/dev.codekraft.it\/ravaglioli.it\/es\/product\/reduccion-de-horquilla-de-rueda-para-elevadores-de-columna-moviles-neumaticos-de-o-700-500-mm\/"},{"id":155947,"mpn":"S270A4","name":"Reducci\u00f3n de horquilla de rueda para elevadores de columna m\u00f3viles | neum\u00e1ticos de \u00d8 800 &#8211; 700 mm","description":"Reducci\u00f3n para neum\u00e1ticos de \u00d8 800 mm a \u00d8 700 mm | 1 pieza\/por columna","thumbnail":"https:\/\/dev.codekraft.it\/ravaglioli.it\/wp-content\/uploads\/brb_media\/00535683_mobile-columns-s270a4-s270a8-mi-150x150.png","url":"https:\/\/dev.codekraft.it\/ravaglioli.it\/es\/product\/reduccion-de-horquilla-de-rueda-para-elevadores-de-columna-moviles-neumaticos-de-o-800-700-mm\/"},{"id":153128,"mpn":"S270A3","name":"Reducci\u00f3n de horquilla de rueda para elevadores de columna m\u00f3viles | neum\u00e1ticos de \u00d8 900 &#8211; 800 mm","description":"Reducci\u00f3n para neum\u00e1ticos de \u00d8 900 mm a \u00d8 800 mm | 1 pieza\/por columna","thumbnail":"https:\/\/dev.codekraft.it\/ravaglioli.it\/wp-content\/uploads\/brb_media\/00535684_mobile-columns-s270a3-mi-150x150.png","url":"https:\/\/dev.codekraft.it\/ravaglioli.it\/es\/product\/reduccion-de-horquilla-de-rueda-para-elevadores-de-columna-moviles-neumaticos-de-o-900-800-mm\/"},{"id":155953,"mpn":"S270A5","name":"Extensi\u00f3n de la horquilla de la rueda para ArtisLift MRG55","description":"Longitud aprox. 123 mm | reducci\u00f3n de la capacidad de carga a 5 t | 1 juego (para 1 pinza de rueda)","thumbnail":"https:\/\/dev.codekraft.it\/ravaglioli.it\/wp-content\/uploads\/brb_media\/00535685_mobile-columns-s270a5-mi-150x150.png","url":"https:\/\/dev.codekraft.it\/ravaglioli.it\/es\/product\/extension-de-la-horquilla-de-la-rueda-para-artislift-mrg55\/"}],"components":[],"delivery":[],"package":[],"related":[],"similar":[{"id":156677,"mpn":"RAV243","name":"Elevador de columna m\u00f3vil RAV243","description":"6 x 7,0 t, electromec\u00e1nico, vinculado por cable, perno elevador, m\u00f3vil, ideal para transportador, cami\u00f3n y hogar m\u00f3vil","thumbnail":"https:\/\/dev.codekraft.it\/ravaglioli.it\/wp-content\/uploads\/brb_media\/00511142_mobile-column-lift-210-column-mi-150x150.png","url":"https:\/\/dev.codekraft.it\/ravaglioli.it\/es\/product\/elevador-de-columna-movil-rav243\/"},{"id":156683,"mpn":"RAV245","name":"Elevador de columna m\u00f3vil RAV245","description":"8 x 7,0 t, electromec\u00e1nico, vinculado por cable, perno elevador, m\u00f3vil, ideal para transportador, cami\u00f3n y hogar m\u00f3vil","thumbnail":"https:\/\/dev.codekraft.it\/ravaglioli.it\/wp-content\/uploads\/brb_media\/00511142_mobile-column-lift-210-column-mi-150x150.png","url":"https:\/\/dev.codekraft.it\/ravaglioli.it\/es\/product\/elevador-de-columna-movil-rav245\/"}],"page_logo_src":"https:\/\/dev.codekraft.it\/ravaglioli.it\/wp-content\/uploads\/2026\/04\/rav-negative-logo-1.png","lang":"es","translations":{"es":156671,"en":156666,"de":156668,"fr":156669,"it":156670,"ru":156672},"pll_sync_post":[],"_links":{"self":[{"href":"https:\/\/dev.codekraft.it\/ravaglioli.it\/wp-json\/wp\/v2\/product\/156671","targetHints":{"allow":["GET"]}}],"collection":[{"href":"https:\/\/dev.codekraft.it\/ravaglioli.it\/wp-json\/wp\/v2\/product"}],"about":[{"href":"https:\/\/dev.codekraft.it\/ravaglioli.it\/wp-json\/wp\/v2\/types\/product"}],"wp:featuredmedia":[{"embeddable":true,"href":"https:\/\/dev.codekraft.it\/ravaglioli.it\/wp-json\/wp\/v2\/media\/146900"}],"wp:attachment":[{"href":"https:\/\/dev.codekraft.it\/ravaglioli.it\/wp-json\/wp\/v2\/media?parent=156671"}],"wp:term":[{"taxonomy":"product_brand","embeddable":true,"href":"https:\/\/dev.codekraft.it\/ravaglioli.it\/wp-json\/wp\/v2\/product_brand?post=156671"},{"taxonomy":"product_cat","embeddable":true,"href":"https:\/\/dev.codekraft.it\/ravaglioli.it\/wp-json\/wp\/v2\/product_cat?post=156671"},{"taxonomy":"product_tag","embeddable":true,"href":"https:\/\/dev.codekraft.it\/ravaglioli.it\/wp-json\/wp\/v2\/product_tag?post=156671"},{"taxonomy":"product_approvals","embeddable":true,"href":"https:\/\/dev.codekraft.it\/ravaglioli.it\/wp-json\/wp\/v2\/product_approvals?post=156671"},{"taxonomy":"product_application","embeddable":true,"href":"https:\/\/dev.codekraft.it\/ravaglioli.it\/wp-json\/wp\/v2\/product_application?post=156671"}],"curies":[{"name":"wp","href":"https:\/\/api.w.org\/{rel}","templated":true}]}}