{"id":156670,"date":"2025-10-30T14:31:24","date_gmt":"2025-10-30T14:31:24","guid":{"rendered":"https:\/\/dev.codekraft.it\/ravaglioli.it\/product\/ponte-sollevatore-a-colonne-mobili-rav241\/"},"modified":"2026-01-14T22:59:53","modified_gmt":"2026-01-14T22:59:53","slug":"ponte-sollevatore-a-colonne-mobili-rav241","status":"publish","type":"product","link":"https:\/\/dev.codekraft.it\/ravaglioli.it\/it\/product\/ponte-sollevatore-a-colonne-mobili-rav241\/","title":{"rendered":"Ponte sollevatore a colonne mobili RAV241"},"content":{"rendered":"<ul>\n<li>6 Serie\u00a0con portate da 3 ton a 8,5 ton per colonna<\/li>\n<li>2 Allestimenti: per uso in interni o uso in esterni<\/li>\n<li>3 Configurazioni: set di 4, 6 o 8 colonne<\/li>\n<li>Base di appoggio a terra di grandi dimensioni per la massima stabilit\u00e0 sotto carico<\/li>\n<li>Vite di sollevamento in acciaio rullato con chiocciola portante e controchiocciola di sicurezza in bronzo<\/li>\n<\/ul>\n<ul>\n<li>Colonna in lamiera scatolata con profili di scorrimento rulli in acciaio ad alta resistenza<\/li>\n<li>Rulli di traslazione del carrello con boccole autolubrificanti esenti da manutenzione<\/li>\n<li>Motoriduttore autofrenante accoppiato direttamente alla vite di sollevamento<\/li>\n<li>Lubrificazione automatica del gruppo vite-chiocciole<\/li>\n<\/ul>\n<ul>\n<li>Sicurezze: Dispositivi di sicurezza meccanici ed elettrici conformi alle Normative Europee<\/li>\n<li>Dispositivo di blocco della salita in caso di eccessiva usura della chiocciola portante<\/li>\n<li>Motori con protezione termica nei confronti dei sovraccarichi<\/li>\n<li>Dispositivo elettronico di controllo sincronizzazione (controllore programmabile &#8211; PLC &#8211; con sistema di autodiagnosi) con funzioni di riallineamento automatico e blocco di sicurezza<\/li>\n<li>Diverse modalit\u00e0 di funzionamento:\n<ul>\n<li>Collettivo di tutte le colonne selezionate<\/li>\n<li>Una o pi\u00f9 coppie<\/li>\n<li>Singolo<\/li>\n<\/ul>\n<\/li>\n<li>Dispositivo elettronico per la definizione automatica della corretta sequenza fasi<\/li>\n<li>Comandi in bassa tensione (24 V) su tutte le colonne, con pulsanti ad uomo presente e interblocco di sicurezza in caso di interferenza sul comando gi\u00e0 attivato<\/li>\n<li>Quadro elettrico colonna principale con tutti i comandi di selezione e controllo<\/li>\n<li>Quadro elettrico colonna secondaria con i comandi di salita, di discesa e stop di emergenza<\/li>\n<li>Possibilit\u00e0 di selezionare sfasamenti prestabiliti tra due o pi\u00f9 coppie di colonne<\/li>\n<li>Impianti elettrici modulari per consentire varie configurazioni (passaggio da 4 a 6 o 8 colonne, o utilizzo di due set da 4 separando un set da 8)<\/li>\n<\/ul>\n","protected":false},"excerpt":{"rendered":"<p>4 x 7,0 t, elettromeccanico, cablato, mandrino di sollevamento, mobile, ideale per trasportatori, camion e abitazioni mobili<\/p>\n","protected":false},"featured_media":146900,"template":"","meta":[],"product_brand":[],"product_cat":[58242],"product_tag":[58346,58329,58482],"product_approvals":[],"product_application":[],"class_list":{"0":"post-156670","1":"product","2":"type-product","3":"status-publish","4":"has-post-thumbnail","6":"product_cat-ponti-sollevatori-a-colonne-mobili-it","7":"product_tag-motor-homes-it","8":"product_tag-light-commercial-it","9":"product_tag-trailer-it","11":"first","12":"instock","13":"shipping-taxable","14":"product-type-simple"},"approvals":[],"application":[],"brb_media_brochure":[{"id":146901,"url":"https:\/\/dev.codekraft.it\/ravaglioli.it\/wp-content\/uploads\/brb_media\/00511138_rav_210_220_230_240_260_270_07-br-screen.pdf","title":"RAV 210 220 230 240 260 270 (07) BR screen","mpn":"","thumbnail":"https:\/\/dev.codekraft.it\/ravaglioli.it\/wp-content\/uploads\/brb_media\/00511138_rav_210_220_230_240_260_270_07-br-screen-pdf-106x150.png","description":""}],"brb_media_drawing":"","brb_media_manuals":"","brb_media_safety_datasheets":"","brb_media_spare_parts":[],"_cdmm_p_id":"503100","_company":"Ravaglioli","_gtin":"4057612815658","accessories":[{"id":155433,"mpn":"S260A1","name":"Cavalletto di sostegno","description":"7500 kg, 1330 - 2030 mm, altezza regolabile in 7 passi da 100 mm, 2 ruote, supporto a U | Grigio (RAL 7040)","thumbnail":"https:\/\/dev.codekraft.it\/ravaglioli.it\/wp-content\/uploads\/brb_media\/00535518_mobile-columns-s260a1-mi-150x150.png","url":"https:\/\/dev.codekraft.it\/ravaglioli.it\/it\/product\/cavalletto-di-sostegno-3\/"},{"id":152047,"mpn":"S270A1","name":"Cavalletto di sostegno","description":"10000 kg, 1235 - 2040 mm, ltezza regolabile in 6 passi da 100 mm, inoltre con parte superiore regolabile in continuo (115 mm), 2 ruote, supporto a U e supporto per prisma (intercambiabili) | Grigio (RAL 7040)","thumbnail":"https:\/\/dev.codekraft.it\/ravaglioli.it\/wp-content\/uploads\/brb_media\/00535519_mobile-columns-s270a1-mi-150x150.png","url":"https:\/\/dev.codekraft.it\/ravaglioli.it\/it\/product\/cavalletto-di-sostegno\/"},{"id":152277,"mpn":"S270A2","name":"Cavalletto di sostegno","description":"10000 kg, 1235 - 2040 mm, ltezza regolabile in 6 passi da 100 mm, inoltre con parte superiore regolabile in continuo (115 mm), 3 ruote con molla sotto carico, supporto a U e supporto per prisma (intercambiabili), pronto per il montaggio | Grigio (RAL 7040)","thumbnail":"https:\/\/dev.codekraft.it\/ravaglioli.it\/wp-content\/uploads\/brb_media\/00535520_mobile-columns-s270a2-mi-150x150.png","url":"https:\/\/dev.codekraft.it\/ravaglioli.it\/it\/product\/cavalletto-di-sostegno-2\/"},{"id":152066,"mpn":"S260A5","name":"Traversa per ArtisLift MRG55","description":"15 t","thumbnail":"https:\/\/dev.codekraft.it\/ravaglioli.it\/wp-content\/uploads\/brb_media\/00507074_s260a5-150x150.png","url":"https:\/\/dev.codekraft.it\/ravaglioli.it\/it\/product\/traversa-per-artislift-mrg55\/"},{"id":153583,"mpn":"S270A7","name":"Traversa max. 20000 kg","description":"Traversa per tutte le versioni con forca registrabile","thumbnail":"https:\/\/dev.codekraft.it\/ravaglioli.it\/wp-content\/uploads\/brb_media\/00507074_s260a5-150x150.png","url":"https:\/\/dev.codekraft.it\/ravaglioli.it\/it\/product\/traversa-max-20000-kg\/"},{"id":153121,"mpn":"S270A8","name":"Riduzione forcella ruota per ponti sollevatori a colonne mobili | pneumatici \u00d8 700 &#8211; 500 mm","description":"Riduzione della forcella della ruota per pneumatici da \u00d8 700 mm a \u00d8 500 mm | 1 pezzo\/per colonna","thumbnail":"https:\/\/dev.codekraft.it\/ravaglioli.it\/wp-content\/uploads\/brb_media\/00535683_mobile-columns-s270a4-s270a8-mi-150x150.png","url":"https:\/\/dev.codekraft.it\/ravaglioli.it\/it\/product\/riduzione-forcella-ruota-per-ponti-sollevatori-a-colonne-mobili-pneumatici-o-700-500-mm\/"},{"id":155946,"mpn":"S270A4","name":"Riduzione forcella ruota per ponti sollevatori a colonne mobili | pneumatici \u00d8 800 &#8211; 700 mm","description":"Riduzione della forcella della ruota per pneumatici da \u00d8 800 mm a \u00d8 700 mm | 1 pezzo\/per colonna","thumbnail":"https:\/\/dev.codekraft.it\/ravaglioli.it\/wp-content\/uploads\/brb_media\/00535683_mobile-columns-s270a4-s270a8-mi-150x150.png","url":"https:\/\/dev.codekraft.it\/ravaglioli.it\/it\/product\/riduzione-forcella-ruota-per-ponti-sollevatori-a-colonne-mobili-pneumatici-o-800-700-mm\/"},{"id":153127,"mpn":"S270A3","name":"Riduzione forcella ruota per ponti sollevatori a colonne mobili | pneumatici \u00d8 900 &#8211; 800 mm","description":"Riduzione della forcella della ruota per pneumatici da \u00d8 900 mm a \u00d8 800 mm | 1 pezzo\/per colonna","thumbnail":"https:\/\/dev.codekraft.it\/ravaglioli.it\/wp-content\/uploads\/brb_media\/00535684_mobile-columns-s270a3-mi-150x150.png","url":"https:\/\/dev.codekraft.it\/ravaglioli.it\/it\/product\/riduzione-forcella-ruota-per-ponti-sollevatori-a-colonne-mobili-pneumatici-o-900-800-mm\/"},{"id":155952,"mpn":"S270A5","name":"Prolunga per forcella ruota per ArtisLift MRG55","description":"Lunghezza ca. 123 mm | riduzione della portata a 5 t | 1 set (per 1 griffa ruota)","thumbnail":"https:\/\/dev.codekraft.it\/ravaglioli.it\/wp-content\/uploads\/brb_media\/00535685_mobile-columns-s270a5-mi-150x150.png","url":"https:\/\/dev.codekraft.it\/ravaglioli.it\/it\/product\/prolunga-per-forcella-ruota-per-artislift-mrg55\/"}],"components":[],"delivery":[],"package":[],"related":[],"similar":[{"id":156676,"mpn":"RAV243","name":"Ponte sollevatore a colonne mobili RAV243","description":"6 x 7,0 t, elettromeccanico, cablato, mandrino di sollevamento, mobile, ideale per trasportatori, camion e abitazioni mobili","thumbnail":"https:\/\/dev.codekraft.it\/ravaglioli.it\/wp-content\/uploads\/brb_media\/00511142_mobile-column-lift-210-column-mi-150x150.png","url":"https:\/\/dev.codekraft.it\/ravaglioli.it\/it\/product\/ponte-sollevatore-a-colonne-mobili-rav243\/"},{"id":156682,"mpn":"RAV245","name":"Ponte sollevatore a colonne mobili RAV245","description":"8 x 7,0 t, elettromeccanico, cablato, mandrino di sollevamento, mobile, ideale per trasportatori, camion e abitazioni mobili","thumbnail":"https:\/\/dev.codekraft.it\/ravaglioli.it\/wp-content\/uploads\/brb_media\/00511142_mobile-column-lift-210-column-mi-150x150.png","url":"https:\/\/dev.codekraft.it\/ravaglioli.it\/it\/product\/ponte-sollevatore-a-colonne-mobili-rav245\/"}],"page_logo_src":"https:\/\/dev.codekraft.it\/ravaglioli.it\/wp-content\/uploads\/2026\/04\/rav-negative-logo-1.png","lang":"it","translations":{"it":156670,"en":156666,"de":156668,"fr":156669,"es":156671,"ru":156672},"pll_sync_post":[],"_links":{"self":[{"href":"https:\/\/dev.codekraft.it\/ravaglioli.it\/wp-json\/wp\/v2\/product\/156670","targetHints":{"allow":["GET"]}}],"collection":[{"href":"https:\/\/dev.codekraft.it\/ravaglioli.it\/wp-json\/wp\/v2\/product"}],"about":[{"href":"https:\/\/dev.codekraft.it\/ravaglioli.it\/wp-json\/wp\/v2\/types\/product"}],"wp:featuredmedia":[{"embeddable":true,"href":"https:\/\/dev.codekraft.it\/ravaglioli.it\/wp-json\/wp\/v2\/media\/146900"}],"wp:attachment":[{"href":"https:\/\/dev.codekraft.it\/ravaglioli.it\/wp-json\/wp\/v2\/media?parent=156670"}],"wp:term":[{"taxonomy":"product_brand","embeddable":true,"href":"https:\/\/dev.codekraft.it\/ravaglioli.it\/wp-json\/wp\/v2\/product_brand?post=156670"},{"taxonomy":"product_cat","embeddable":true,"href":"https:\/\/dev.codekraft.it\/ravaglioli.it\/wp-json\/wp\/v2\/product_cat?post=156670"},{"taxonomy":"product_tag","embeddable":true,"href":"https:\/\/dev.codekraft.it\/ravaglioli.it\/wp-json\/wp\/v2\/product_tag?post=156670"},{"taxonomy":"product_approvals","embeddable":true,"href":"https:\/\/dev.codekraft.it\/ravaglioli.it\/wp-json\/wp\/v2\/product_approvals?post=156670"},{"taxonomy":"product_application","embeddable":true,"href":"https:\/\/dev.codekraft.it\/ravaglioli.it\/wp-json\/wp\/v2\/product_application?post=156670"}],"curies":[{"name":"wp","href":"https:\/\/api.w.org\/{rel}","templated":true}]}}