{"id":156662,"date":"2025-10-30T14:31:24","date_gmt":"2025-10-30T14:31:24","guid":{"rendered":"https:\/\/dev.codekraft.it\/ravaglioli.it\/product\/pont-elevateur-a-4-colonnes-kp175e\/"},"modified":"2026-01-14T22:59:09","modified_gmt":"2026-01-14T22:59:09","slug":"pont-elevateur-a-4-colonnes-kp175e","status":"publish","type":"product","link":"https:\/\/dev.codekraft.it\/ravaglioli.it\/fr\/product\/pont-elevateur-a-4-colonnes-kp175e\/","title":{"rendered":"Pont \u00e9l\u00e9vateur \u00e0 4 colonnes KP175E"},"content":{"rendered":"<ul>\n<li>Les moteurs sont reli\u00e9s entre eux par des barres de transmission et boite \u00e0 renvoi d\u2019angle en bain d\u2019huile pour avoir un parfait niveau horizontal des chemins de roulement et une absorption \u00e9quilibr\u00e9e de puissance en n\u2019importe quelle condition de charge. &#8211;\u00a0Nos ponts ne n\u00e9cessitent d\u2019aucun r\u00e9glage apr\u00e8s l\u2019installation gr\u00e2ce \u00e0 leur conception, pas de c\u00e2bles ni de cha\u00eenes portants.<\/li>\n<li>Moteurs avec sonde thermique qui emp\u00eache le fonctionnement en cas de surcharge ou de manque d\u2019une phase.<\/li>\n<li>La lubrification des vis de levage est automatique et elle est assur\u00e9e par quatre pompes avec tirant et r\u00e9cup\u00e9ration, chacune log\u00e9e \u00e0 l\u2019int\u00e9rieur de chaque colonne. Une lubrification efficace est donc assur\u00e9e pendant le mouvement.<\/li>\n<li>Groupe \u00e9crou porteur et suiveur.<\/li>\n<li>But\u00e9e m\u00e9canique d\u2019urgence.<\/li>\n<li>Fin de course de mont\u00e9e et de descente.<\/li>\n<li>Microrupteur de s\u00e9curit\u00e9 en cas d\u2019usure de l\u2019\u00e9crou porteur.<\/li>\n<li>Pendant la man\u0153uvre de descente, un dispositif \u00e9lectrique de s\u00e9curit\u00e9 arr\u00eate le pont si un objet s\u2019introduit sous les parties mobiles.<\/li>\n<li>Boite \u00e0 renvoi d\u2019angle en bain d\u2019huile.<\/li>\n<\/ul>\n","protected":false},"excerpt":{"rendered":"<p>10,0 t, \u00e9lectrom\u00e9canique, sym\u00e9trique, el\u00e9vateur pour chariot \u00e9l\u00e9vateurs<\/p>\n","protected":false},"featured_media":146893,"template":"","meta":[],"product_brand":[],"product_cat":[57962],"product_tag":[58377,58360,58343,58326,58290],"product_approvals":[],"product_application":[],"class_list":{"0":"post-156662","1":"product","2":"type-product","3":"status-publish","4":"has-post-thumbnail","6":"product_cat-ponts-elevateurs-a-4-colonnes-fr","7":"product_tag-buses-fr","8":"product_tag-trucks-fr","9":"product_tag-motor-homes-fr","10":"product_tag-light-commercial-fr","11":"product_tag-passenger-cars-fr","13":"first","14":"instock","15":"shipping-taxable","16":"product-type-simple"},"approvals":[],"application":[],"brb_media_brochure":"","brb_media_drawing":"","brb_media_manuals":"","brb_media_safety_datasheets":"","brb_media_spare_parts":[],"_cdmm_p_id":"503099","_company":"Ravaglioli","_gtin":"4057612814118","accessories":[],"components":[],"delivery":[],"package":[],"related":[],"similar":[],"page_logo_src":"https:\/\/dev.codekraft.it\/ravaglioli.it\/wp-content\/uploads\/2026\/04\/rav-negative-logo-1.png","lang":"fr","translations":{"fr":156662,"en":156660,"de":156661,"it":156663,"es":156664,"ru":156665},"pll_sync_post":[],"_links":{"self":[{"href":"https:\/\/dev.codekraft.it\/ravaglioli.it\/wp-json\/wp\/v2\/product\/156662","targetHints":{"allow":["GET"]}}],"collection":[{"href":"https:\/\/dev.codekraft.it\/ravaglioli.it\/wp-json\/wp\/v2\/product"}],"about":[{"href":"https:\/\/dev.codekraft.it\/ravaglioli.it\/wp-json\/wp\/v2\/types\/product"}],"wp:featuredmedia":[{"embeddable":true,"href":"https:\/\/dev.codekraft.it\/ravaglioli.it\/wp-json\/wp\/v2\/media\/146893"}],"wp:attachment":[{"href":"https:\/\/dev.codekraft.it\/ravaglioli.it\/wp-json\/wp\/v2\/media?parent=156662"}],"wp:term":[{"taxonomy":"product_brand","embeddable":true,"href":"https:\/\/dev.codekraft.it\/ravaglioli.it\/wp-json\/wp\/v2\/product_brand?post=156662"},{"taxonomy":"product_cat","embeddable":true,"href":"https:\/\/dev.codekraft.it\/ravaglioli.it\/wp-json\/wp\/v2\/product_cat?post=156662"},{"taxonomy":"product_tag","embeddable":true,"href":"https:\/\/dev.codekraft.it\/ravaglioli.it\/wp-json\/wp\/v2\/product_tag?post=156662"},{"taxonomy":"product_approvals","embeddable":true,"href":"https:\/\/dev.codekraft.it\/ravaglioli.it\/wp-json\/wp\/v2\/product_approvals?post=156662"},{"taxonomy":"product_application","embeddable":true,"href":"https:\/\/dev.codekraft.it\/ravaglioli.it\/wp-json\/wp\/v2\/product_application?post=156662"}],"curies":[{"name":"wp","href":"https:\/\/api.w.org\/{rel}","templated":true}]}}