{"id":156661,"date":"2025-10-30T14:31:24","date_gmt":"2025-10-30T14:31:24","guid":{"rendered":"https:\/\/dev.codekraft.it\/ravaglioli.it\/product\/4-saulen-hebebuhne-kp175e\/"},"modified":"2026-01-14T22:59:08","modified_gmt":"2026-01-14T22:59:08","slug":"4-saulen-hebebuhne-kp175e","status":"publish","type":"product","link":"https:\/\/dev.codekraft.it\/ravaglioli.it\/de\/product\/4-saulen-hebebuhne-kp175e\/","title":{"rendered":"4-S\u00e4ulen-Hebeb\u00fchne KP175E"},"content":{"rendered":"<ul>\n<li>Die Motoren sind untereinander durch Wellentrieb und Kegelradgetriebe im \u00d6lbad verbunden, um eine perfekte H\u00f6he der Fahrschienen und eine ausgewogene Stromaufnahme bei jeder Lastbedingung zu erhalten. &#8211;\u00a0Nur eine einzige Regulierung ist bei der Einstellung n\u00f6tig und nicht mehr w\u00e4hrend des Gebrauches, weil keine verl\u00e4ngerbaren und nachgebenden Teile, wie Kabel und Tragketten, vorhanden sind.<\/li>\n<li>Die Motoren sind mit \u00dcberlastungsschutz ausger\u00fcstet, die die elektrische Anlage bei Ausfall einer Phase oder \u00dcberlastungen abschaltet.<\/li>\n<li>Die Schmierung der Spindeln erfolgt automatisch durch vier Pumpen, eine in jeder S\u00e4ule, die bei jedem Hub, \u00d6l auf die Mutter spritzt.<\/li>\n<li>Trag- und Sicherheitsmutter-Einheit.<\/li>\n<li>Mechanischer Sicherheitsanschlag.<\/li>\n<li>Oberer und unterer Endschalter.<\/li>\n<li>Sicherheitsschalter bei Abnutzung der Tragmutter.<\/li>\n<li>Eine elektrische Sicherheitsvorrichtung unterbricht das Senken, falls ein Hindernis unter den beweglichen Teilen vorhanden ist.<\/li>\n<li>Kegelradgetriebe im \u00d6lbad.<\/li>\n<\/ul>\n","protected":false},"excerpt":{"rendered":"<p>10,0 t, elektromechanisch, symmetrisch, Stapler-Hebeb\u00fchne<\/p>\n","protected":false},"featured_media":146893,"template":"","meta":[],"product_brand":[],"product_cat":[57946],"product_tag":[58374,58357,58287,58323,58340],"product_approvals":[],"product_application":[],"class_list":{"0":"post-156661","1":"product","2":"type-product","3":"status-publish","4":"has-post-thumbnail","6":"product_cat-4-saulen-hebebuhnen-de","7":"product_tag-buses-de","8":"product_tag-trucks-de","9":"product_tag-passenger-cars-de","10":"product_tag-light-commercial-de","11":"product_tag-motor-homes-de","13":"first","14":"instock","15":"shipping-taxable","16":"product-type-simple"},"approvals":[],"application":[],"brb_media_brochure":"","brb_media_drawing":"","brb_media_manuals":"","brb_media_safety_datasheets":"","brb_media_spare_parts":[],"_cdmm_p_id":"503099","_company":"Ravaglioli","_gtin":"4057612814118","accessories":[],"components":[],"delivery":[],"package":[],"related":[],"similar":[],"page_logo_src":"https:\/\/dev.codekraft.it\/ravaglioli.it\/wp-content\/uploads\/2026\/04\/rav-negative-logo-1.png","lang":"de","translations":{"de":156661,"en":156660,"fr":156662,"it":156663,"es":156664,"ru":156665},"pll_sync_post":[],"_links":{"self":[{"href":"https:\/\/dev.codekraft.it\/ravaglioli.it\/wp-json\/wp\/v2\/product\/156661","targetHints":{"allow":["GET"]}}],"collection":[{"href":"https:\/\/dev.codekraft.it\/ravaglioli.it\/wp-json\/wp\/v2\/product"}],"about":[{"href":"https:\/\/dev.codekraft.it\/ravaglioli.it\/wp-json\/wp\/v2\/types\/product"}],"wp:featuredmedia":[{"embeddable":true,"href":"https:\/\/dev.codekraft.it\/ravaglioli.it\/wp-json\/wp\/v2\/media\/146893"}],"wp:attachment":[{"href":"https:\/\/dev.codekraft.it\/ravaglioli.it\/wp-json\/wp\/v2\/media?parent=156661"}],"wp:term":[{"taxonomy":"product_brand","embeddable":true,"href":"https:\/\/dev.codekraft.it\/ravaglioli.it\/wp-json\/wp\/v2\/product_brand?post=156661"},{"taxonomy":"product_cat","embeddable":true,"href":"https:\/\/dev.codekraft.it\/ravaglioli.it\/wp-json\/wp\/v2\/product_cat?post=156661"},{"taxonomy":"product_tag","embeddable":true,"href":"https:\/\/dev.codekraft.it\/ravaglioli.it\/wp-json\/wp\/v2\/product_tag?post=156661"},{"taxonomy":"product_approvals","embeddable":true,"href":"https:\/\/dev.codekraft.it\/ravaglioli.it\/wp-json\/wp\/v2\/product_approvals?post=156661"},{"taxonomy":"product_application","embeddable":true,"href":"https:\/\/dev.codekraft.it\/ravaglioli.it\/wp-json\/wp\/v2\/product_application?post=156661"}],"curies":[{"name":"wp","href":"https:\/\/api.w.org\/{rel}","templated":true}]}}