{"id":156646,"date":"2025-10-30T14:31:24","date_gmt":"2025-10-30T14:31:24","guid":{"rendered":"https:\/\/dev.codekraft.it\/ravaglioli.it\/product\/elevador-de-4-columnas-kp440ne-9\/"},"modified":"2026-01-14T22:57:50","modified_gmt":"2026-01-14T22:57:50","slug":"elevador-de-4-columnas-kp440ne-9","status":"publish","type":"product","link":"https:\/\/dev.codekraft.it\/ravaglioli.it\/es\/product\/elevador-de-4-columnas-kp440ne-9\/","title":{"rendered":"Elevador de 4 columnas KP440NE.9"},"content":{"rendered":"<ul>\n<li>Los motores est\u00e1n conectados entre ellos por medio de barras de transmisi\u00f3n para obtener un perfecto nivel de las plataformas y una absorci\u00f3n equilibrada de potencia en todas las condiciones de carga. &#8211;\u00a0Se necesita un \u00fanico ajuste durante la instalaci\u00f3n y nunca durante el uso, por falta de piezas flexibles o extensibles, como cables o cadenas portantes.<\/li>\n<li>Guarda-motor para el paro inmediato del elevador en caso de sobrecarga o falta de una de las fases.<\/li>\n<li>Dos husillos en cada columna.<\/li>\n<li>La lubricaci\u00f3n de los husillos es autom\u00e1tica por medio de una bomba en cada columna, que a cada recorrido env\u00eda aceite sobre la tuerca portante y asegura una lubricaci\u00f3n eficaz durante el movimiento.<\/li>\n<li>Conjunto de tuerca principal y de seguridad.<\/li>\n<li>Tope mec\u00e1nico de seguridad.<\/li>\n<li>Final de carrera, subida y bajada.<\/li>\n<li>Micro-interruptor de seguridad en caso de desgaste de la tuerca principal.<\/li>\n<li>Un dispositivo el\u00e9ctrico de seguridad para autom\u00e1ticamente el movimiento de bajada en caso de que el elevador encuentre un obst\u00e1culo s\u00f3lido.<\/li>\n<li>Caja angular de engranajes en ba\u00f1o de aceite.<\/li>\n<li>Existe la posibilidad de acoplar dos elevadores para que funcionen:\n<ul>\n<li>en modo sincronizado (los dos elevadores a la vez);<\/li>\n<li>en modo individual (independientes, tendr\u00edamos dos elevadores).<\/li>\n<\/ul>\n<\/li>\n<\/ul>\n","protected":false},"excerpt":{"rendered":"<p>24,0 t, electromec\u00e1nico, sim\u00e9trico<\/p>\n","protected":false},"featured_media":146854,"template":"","meta":[],"product_brand":[],"product_cat":[57994],"product_tag":[58383,58366,58349,58296,58332],"product_approvals":[],"product_application":[],"class_list":{"0":"post-156646","1":"product","2":"type-product","3":"status-publish","4":"has-post-thumbnail","6":"product_cat-elevadores-de-4-columnas-es","7":"product_tag-buses-es","8":"product_tag-trucks-es","9":"product_tag-motor-homes-es","10":"product_tag-passenger-cars-es","11":"product_tag-light-commercial-es","13":"first","14":"instock","15":"shipping-taxable","16":"product-type-simple"},"approvals":[],"application":[],"brb_media_brochure":"","brb_media_drawing":"","brb_media_manuals":"","brb_media_safety_datasheets":"","brb_media_spare_parts":[],"_cdmm_p_id":"503093","_company":"Ravaglioli","_gtin":"4057612814132","accessories":[{"id":154120,"mpn":"VSG.KP118.902290","name":"Elevador para liberar ejes KP118\/440P","description":"13,5 t, neumohidr\u00e1ulico, accionamiento a trav\u00e9s de bomba a mano o neumohidr\u00e1ulica, presi\u00f3n de trabajo 6 - 10 bar, traslaci\u00f3n sobre esferas","thumbnail":"https:\/\/dev.codekraft.it\/ravaglioli.it\/wp-content\/uploads\/brb_media\/00508595_jacking-beam-kp118-440p_kp118np-mi-150x150.png","url":"https:\/\/dev.codekraft.it\/ravaglioli.it\/es\/product\/elevador-para-liberar-ejes-kp118-440p\/"}],"components":[],"delivery":[],"package":[],"related":[],"similar":[{"id":156658,"mpn":"KP442E","name":"Elevador de 4 columnas KP442E","description":"12,0 t, electromec\u00e1nico, sim\u00e9trico","thumbnail":"https:\/\/dev.codekraft.it\/ravaglioli.it\/wp-content\/uploads\/brb_media\/00511131_4-post-lift-kp442e-mi-150x150.png","url":"https:\/\/dev.codekraft.it\/ravaglioli.it\/es\/product\/elevador-de-4-columnas-kp442e\/"},{"id":156652,"mpn":"KP442NE","name":"Elevador de 4 columnas KP442NE","description":"14,0 t, electromec\u00e1nico, sim\u00e9trico","thumbnail":"https:\/\/dev.codekraft.it\/ravaglioli.it\/wp-content\/uploads\/brb_media\/00511132_4-post-lift-kp442e-02-150x150.png","url":"https:\/\/dev.codekraft.it\/ravaglioli.it\/es\/product\/elevador-de-4-columnas-kp442ne\/"}],"page_logo_src":"https:\/\/dev.codekraft.it\/ravaglioli.it\/wp-content\/uploads\/2026\/04\/rav-negative-logo-1.png","lang":"es","translations":{"es":156646,"en":156642,"de":156643,"fr":156644,"it":156645,"ru":156647},"pll_sync_post":[],"_links":{"self":[{"href":"https:\/\/dev.codekraft.it\/ravaglioli.it\/wp-json\/wp\/v2\/product\/156646","targetHints":{"allow":["GET"]}}],"collection":[{"href":"https:\/\/dev.codekraft.it\/ravaglioli.it\/wp-json\/wp\/v2\/product"}],"about":[{"href":"https:\/\/dev.codekraft.it\/ravaglioli.it\/wp-json\/wp\/v2\/types\/product"}],"wp:featuredmedia":[{"embeddable":true,"href":"https:\/\/dev.codekraft.it\/ravaglioli.it\/wp-json\/wp\/v2\/media\/146854"}],"wp:attachment":[{"href":"https:\/\/dev.codekraft.it\/ravaglioli.it\/wp-json\/wp\/v2\/media?parent=156646"}],"wp:term":[{"taxonomy":"product_brand","embeddable":true,"href":"https:\/\/dev.codekraft.it\/ravaglioli.it\/wp-json\/wp\/v2\/product_brand?post=156646"},{"taxonomy":"product_cat","embeddable":true,"href":"https:\/\/dev.codekraft.it\/ravaglioli.it\/wp-json\/wp\/v2\/product_cat?post=156646"},{"taxonomy":"product_tag","embeddable":true,"href":"https:\/\/dev.codekraft.it\/ravaglioli.it\/wp-json\/wp\/v2\/product_tag?post=156646"},{"taxonomy":"product_approvals","embeddable":true,"href":"https:\/\/dev.codekraft.it\/ravaglioli.it\/wp-json\/wp\/v2\/product_approvals?post=156646"},{"taxonomy":"product_application","embeddable":true,"href":"https:\/\/dev.codekraft.it\/ravaglioli.it\/wp-json\/wp\/v2\/product_application?post=156646"}],"curies":[{"name":"wp","href":"https:\/\/api.w.org\/{rel}","templated":true}]}}