{"id":156640,"date":"2025-09-08T09:01:42","date_gmt":"2025-09-08T08:01:42","guid":{"rendered":"https:\/\/dev.codekraft.it\/ravaglioli.it\/product\/gato-de-foso-suspendidos-j150-8f\/"},"modified":"2026-01-14T22:57:28","modified_gmt":"2026-01-14T22:57:28","slug":"gato-de-foso-suspendidos-j150-8f","status":"publish","type":"product","link":"https:\/\/dev.codekraft.it\/ravaglioli.it\/es\/product\/gato-de-foso-suspendidos-j150-8f\/","title":{"rendered":"Gato de foso, suspendidos J150.8F"},"content":{"rendered":"<p>Los elevadores de foso colgantes de Ravaglioli convencen por un concepto de seguridad excepcionalmente bien pensado, combinado con una ergon\u00f3mica facilidad de uso &#8211; sin compromiso. As\u00ed establecemos los est\u00e1ndares en la tecnolog\u00eda de elevaci\u00f3n moderna.<\/p>\n<ul>\n<li>La medici\u00f3n del foso se convierte en un asunto menor<\/li>\n<li>Parte inferior del chasis con capacidad de ajuste superior a la media<\/li>\n<li>Fabricado en Alemania &#8211; 125 a\u00f1os de experiencia en tecnolog\u00eda de elevaci\u00f3n<\/li>\n<\/ul>\n<ul>\n<li>Todos los controles importantes son rojos para impedir un uso incorrecto<\/li>\n<li>Asidero para mover el elevador<\/li>\n<li>Controles montados en la parte delantera y botones de control de gran tama\u00f1o, tambi\u00e9n pueden funcionar con guantes<\/li>\n<li>Ruedecillas de parte inferior del chasis cubiertas contra da\u00f1os<\/li>\n<li>V\u00e1stago de bomba posicionado ordenadamente sobre el elevador. La unidad de elevaci\u00f3n baja por medio de un pack de resortes con carga de 250\u00a0kg y asegura contra deslizamiento<\/li>\n<li>Ruedecillas de la parte inferior del chasis montadas en rodamientos de agujas con engrasador<\/li>\n<li>El v\u00e1stago de pist\u00f3n est\u00e1 ligeramente humedecido con aceite para proteger contra la corrosi\u00f3n<\/li>\n<li>Opcional: Set de potencia neum\u00e1tico con separador de condensado y conexiones de aire comprimido<\/li>\n<\/ul>\n<ul>\n<li>Dise\u00f1o compacto y robusto para un reconfortante sentido de seguridad.<\/li>\n<li>Dimensionado con seguridad &#8211; fuerzas externas y momentos de flexi\u00f3n son compensados por el di\u00e1metro grande del v\u00e1stago de pist\u00f3n.<\/li>\n<li>Operaci\u00f3n intuitiva incluye un r\u00e1pido elevador por medio de pulsador, elevador de carga adicional por medio de un motor de aire, un elevador fino con un v\u00e1stago de bomba y una bajada por medio de palanca de mano.<\/li>\n<li>La gu\u00eda de cilindro extra larga asegura que las fuerzas laterales puedan ser absorbidas, incluso cuando las cargas est\u00e1n fuera del centro.<\/li>\n<li>Recubrimiento de 2 capas para una perfecta protecci\u00f3n contra corrosi\u00f3n.<\/li>\n<li>No hay instaladas mangueras hidr\u00e1ulicas que molestan<\/li>\n<li>Longevidad &#8211; V\u00e1stago de pist\u00f3n y pist\u00f3n de bomba est\u00e1n endurecidos por metalizaci\u00f3n de cromo contra corrosi\u00f3n y desgaste.<\/li>\n<li>Prevenci\u00f3n anticorrosi\u00f3n &#8211; Durante cada movimiento de elevaci\u00f3n y bajada el v\u00e1stago de pist\u00f3n y la pared interior del cilindro se humedecen con aceite.<\/li>\n<li>El retorno forzado permite un retorno r\u00e1pido del cilindro de elevaci\u00f3n y sin carga a la posici\u00f3n m\u00e1s baja.<\/li>\n<li>El elevador es entregado con ruedecillas universales.<\/li>\n<\/ul>\n","protected":false},"excerpt":{"rendered":"<p>15 t, carrera de 800\u00a0mm, chasis plano, carrera de carga por motor de aire, elevador r\u00e1pido hidr\u00e1ulico-neum\u00e1tico, retorno forzado hidr\u00e1ulico-neum\u00e1tico<\/p>\n","protected":false},"featured_media":146757,"template":"","meta":[],"product_brand":[],"product_cat":[74],"product_tag":[58383,58366,58349,58332],"product_approvals":[],"product_application":[],"class_list":{"0":"post-156640","1":"product","2":"type-product","3":"status-publish","4":"has-post-thumbnail","6":"product_cat-uncategorized-es","7":"product_tag-buses-es","8":"product_tag-trucks-es","9":"product_tag-motor-homes-es","10":"product_tag-light-commercial-es","12":"first","13":"instock","14":"shipping-taxable","15":"product-type-simple"},"approvals":[],"application":[],"brb_media_brochure":[{"id":156628,"url":"https:\/\/dev.codekraft.it\/ravaglioli.it\/wp-content\/uploads\/brb_media\/00523535_pit-lifts-j1508f-br-multi-2023-11.pdf","title":"pit lifts j1508f br multi 2023 11","mpn":"","thumbnail":"https:\/\/dev.codekraft.it\/ravaglioli.it\/wp-content\/uploads\/brb_media\/00523535_pit-lifts-j1508f-br-multi-2023-11-pdf-106x150.png","description":""}],"brb_media_drawing":"","brb_media_manuals":"","brb_media_safety_datasheets":"","brb_media_spare_parts":[],"_cdmm_p_id":"503092","_company":"Ravaglioli","_gtin":"","accessories":[],"components":[],"delivery":[],"package":[],"related":[],"similar":[],"page_logo_src":"https:\/\/dev.codekraft.it\/ravaglioli.it\/wp-content\/uploads\/2026\/04\/rav-negative-logo-1.png","lang":"es","translations":{"es":156640,"en":156627,"de":156637,"fr":156638,"it":156639,"ru":156641},"pll_sync_post":[],"_links":{"self":[{"href":"https:\/\/dev.codekraft.it\/ravaglioli.it\/wp-json\/wp\/v2\/product\/156640","targetHints":{"allow":["GET"]}}],"collection":[{"href":"https:\/\/dev.codekraft.it\/ravaglioli.it\/wp-json\/wp\/v2\/product"}],"about":[{"href":"https:\/\/dev.codekraft.it\/ravaglioli.it\/wp-json\/wp\/v2\/types\/product"}],"wp:featuredmedia":[{"embeddable":true,"href":"https:\/\/dev.codekraft.it\/ravaglioli.it\/wp-json\/wp\/v2\/media\/146757"}],"wp:attachment":[{"href":"https:\/\/dev.codekraft.it\/ravaglioli.it\/wp-json\/wp\/v2\/media?parent=156640"}],"wp:term":[{"taxonomy":"product_brand","embeddable":true,"href":"https:\/\/dev.codekraft.it\/ravaglioli.it\/wp-json\/wp\/v2\/product_brand?post=156640"},{"taxonomy":"product_cat","embeddable":true,"href":"https:\/\/dev.codekraft.it\/ravaglioli.it\/wp-json\/wp\/v2\/product_cat?post=156640"},{"taxonomy":"product_tag","embeddable":true,"href":"https:\/\/dev.codekraft.it\/ravaglioli.it\/wp-json\/wp\/v2\/product_tag?post=156640"},{"taxonomy":"product_approvals","embeddable":true,"href":"https:\/\/dev.codekraft.it\/ravaglioli.it\/wp-json\/wp\/v2\/product_approvals?post=156640"},{"taxonomy":"product_application","embeddable":true,"href":"https:\/\/dev.codekraft.it\/ravaglioli.it\/wp-json\/wp\/v2\/product_application?post=156640"}],"curies":[{"name":"wp","href":"https:\/\/api.w.org\/{rel}","templated":true}]}}