{"id":156638,"date":"2025-09-08T09:01:42","date_gmt":"2025-09-08T08:01:42","guid":{"rendered":"https:\/\/dev.codekraft.it\/ravaglioli.it\/product\/verin-de-bord-de-fosse-j150-8f\/"},"modified":"2026-01-14T22:57:24","modified_gmt":"2026-01-14T22:57:24","slug":"verin-de-bord-de-fosse-j150-8f","status":"publish","type":"product","link":"https:\/\/dev.codekraft.it\/ravaglioli.it\/fr\/product\/verin-de-bord-de-fosse-j150-8f\/","title":{"rendered":"V\u00e9rin de bord de fosse J150.8F"},"content":{"rendered":"<p>Les crics hydrauliques de bords de fosse de Ravaglioli convainquent par un concept de s\u00e9curit\u00e9 tr\u00e8s bien pens\u00e9, associ\u00e9 \u00e0 une facilit\u00e9 d&#8217;utilisation et \u00e0 une ergonomie &#8211; sans compromis. C&#8217;est ainsi que nous fixons les normes en mati\u00e8re de technologie de levage moderne.<\/p>\n<ul>\n<li>Mesurer la fosse devient tr\u00e8s simple<\/li>\n<li>Ch\u00e2ssis de roulement avec plage de r\u00e9glage sup\u00e9rieure \u00e0 la moyenne<\/li>\n<li>Fabriqu\u00e9 en Allemagne &#8211; 125 ans d&#8217;exp\u00e9rience en mati\u00e8re de technologie de levage<\/li>\n<\/ul>\n<ul>\n<li>Toutes les commandes importantes sont rouges pour \u00e9viter un fonctionnement inappropri\u00e9<\/li>\n<li>Poign\u00e9e pour d\u00e9placer le cric<\/li>\n<li>Commandes mont\u00e9es \u00e0 l&#8217;avant et boutons de commande larges, \u00e9galement maniable avec le port de gants<\/li>\n<li>Les roulettes du ch\u00e2ssis de roulement sont prot\u00e9g\u00e9es des dommages<\/li>\n<li>Tige de pompe bien plac\u00e9e sur le cric. L&#8217;unit\u00e9 de levage s&#8217;abaisse au moyen d&#8217;un bloc-ressort \u00e0 capacit\u00e9 de charge de 250 kg et emp\u00eache tout glissement<\/li>\n<li>Roulettes du ch\u00e2ssis de roulement mont\u00e9es sur roulement \u00e0 aiguille avec raccord de graissage<\/li>\n<li>La tige du piston est l\u00e9g\u00e8rement imbib\u00e9e d&#8217;huile pour prot\u00e9ger contre la corrosion<\/li>\n<li>En option : Puissance pneumatique avec s\u00e9parateur de condensat et raccords d&#8217;air comprim\u00e9<\/li>\n<\/ul>\n<ul>\n<li>Conception robuste et compacte pour un besoin rassurant de s\u00e9curit\u00e9.<\/li>\n<li>Dimensions s\u00fbres &#8211; Les contraintes ext\u00e9rieures et les flexions sont compens\u00e9es par le large diam\u00e8tre de la tige du piston.<\/li>\n<li>Le fonctionnement intuitif comprend un levage rapide via bouton-poussoir, un levage de charge suppl\u00e9mentaire \u00e0 l&#8217;aide d&#8217;un moteur pneumatique, un levage de pr\u00e9cision avec une tige de pompe et un abaissement via un levier \u00e0 main.<\/li>\n<li>Le cylindre de guidage tr\u00e8s long assure que les contraintes lat\u00e9rales peuvent \u00eatre absorb\u00e9es, m\u00eame lorsque les charges sont d\u00e9centr\u00e9es.<\/li>\n<li>Rev\u00eatement \u00e0 2 couches pour une protection parfaite contre la corrosion.<\/li>\n<li>Sans flexible hydraulique d\u00e9rangeant install\u00e9<\/li>\n<li>Long\u00e9vit\u00e9 &#8211; La tige du piston et le piston de la pompe sont en chrome dur pour prot\u00e9ger contre la corrosion et l&#8217;usure.<\/li>\n<li>Traitement antirouille &#8211; \u00c0 chaque mouvement de mont\u00e9e et d&#8217;abaissement, la tige du piston et la paroi interne du cylindre sont imbib\u00e9es d&#8217;huile.<\/li>\n<li>Le retour forc\u00e9 permet de ramener rapidement le bras de levage avec et sans charge \u00e0 la position la plus basse.<\/li>\n<li>\u00a0L&#8217;\u00e9l\u00e9vateur est livr\u00e9 avec des roulettes universelles.<\/li>\n<\/ul>\n","protected":false},"excerpt":{"rendered":"<p>15 t, course de 800 mm, ch\u00e2ssis plat, course de charge par moteur pneumatique, levage rapide hydropneumatique, retour forc\u00e9 hydropneumatique<\/p>\n","protected":false},"featured_media":146757,"template":"","meta":[],"product_brand":[],"product_cat":[66],"product_tag":[58377,58360,58343,58326],"product_approvals":[],"product_application":[],"class_list":{"0":"post-156638","1":"product","2":"type-product","3":"status-publish","4":"has-post-thumbnail","6":"product_cat-uncategorized-fr","7":"product_tag-buses-fr","8":"product_tag-trucks-fr","9":"product_tag-motor-homes-fr","10":"product_tag-light-commercial-fr","12":"first","13":"instock","14":"shipping-taxable","15":"product-type-simple"},"approvals":[],"application":[],"brb_media_brochure":[{"id":156628,"url":"https:\/\/dev.codekraft.it\/ravaglioli.it\/wp-content\/uploads\/brb_media\/00523535_pit-lifts-j1508f-br-multi-2023-11.pdf","title":"pit lifts j1508f br multi 2023 11","mpn":"","thumbnail":"https:\/\/dev.codekraft.it\/ravaglioli.it\/wp-content\/uploads\/brb_media\/00523535_pit-lifts-j1508f-br-multi-2023-11-pdf-106x150.png","description":""}],"brb_media_drawing":"","brb_media_manuals":"","brb_media_safety_datasheets":"","brb_media_spare_parts":[],"_cdmm_p_id":"503092","_company":"Ravaglioli","_gtin":"","accessories":[],"components":[],"delivery":[],"package":[],"related":[],"similar":[],"page_logo_src":"https:\/\/dev.codekraft.it\/ravaglioli.it\/wp-content\/uploads\/2026\/04\/rav-negative-logo-1.png","lang":"fr","translations":{"fr":156638,"en":156627,"de":156637,"it":156639,"es":156640,"ru":156641},"pll_sync_post":[],"_links":{"self":[{"href":"https:\/\/dev.codekraft.it\/ravaglioli.it\/wp-json\/wp\/v2\/product\/156638","targetHints":{"allow":["GET"]}}],"collection":[{"href":"https:\/\/dev.codekraft.it\/ravaglioli.it\/wp-json\/wp\/v2\/product"}],"about":[{"href":"https:\/\/dev.codekraft.it\/ravaglioli.it\/wp-json\/wp\/v2\/types\/product"}],"wp:featuredmedia":[{"embeddable":true,"href":"https:\/\/dev.codekraft.it\/ravaglioli.it\/wp-json\/wp\/v2\/media\/146757"}],"wp:attachment":[{"href":"https:\/\/dev.codekraft.it\/ravaglioli.it\/wp-json\/wp\/v2\/media?parent=156638"}],"wp:term":[{"taxonomy":"product_brand","embeddable":true,"href":"https:\/\/dev.codekraft.it\/ravaglioli.it\/wp-json\/wp\/v2\/product_brand?post=156638"},{"taxonomy":"product_cat","embeddable":true,"href":"https:\/\/dev.codekraft.it\/ravaglioli.it\/wp-json\/wp\/v2\/product_cat?post=156638"},{"taxonomy":"product_tag","embeddable":true,"href":"https:\/\/dev.codekraft.it\/ravaglioli.it\/wp-json\/wp\/v2\/product_tag?post=156638"},{"taxonomy":"product_approvals","embeddable":true,"href":"https:\/\/dev.codekraft.it\/ravaglioli.it\/wp-json\/wp\/v2\/product_approvals?post=156638"},{"taxonomy":"product_application","embeddable":true,"href":"https:\/\/dev.codekraft.it\/ravaglioli.it\/wp-json\/wp\/v2\/product_application?post=156638"}],"curies":[{"name":"wp","href":"https:\/\/api.w.org\/{rel}","templated":true}]}}