{"id":156637,"date":"2025-09-08T09:01:42","date_gmt":"2025-09-08T08:01:42","guid":{"rendered":"https:\/\/dev.codekraft.it\/ravaglioli.it\/product\/grubenheber-hangend-j150-8f\/"},"modified":"2026-01-14T22:57:23","modified_gmt":"2026-01-14T22:57:23","slug":"grubenheber-hangend-j150-8f","status":"publish","type":"product","link":"https:\/\/dev.codekraft.it\/ravaglioli.it\/de\/product\/grubenheber-hangend-j150-8f\/","title":{"rendered":"Grubenheber, h\u00e4ngend J150.8F"},"content":{"rendered":"<p>H\u00e4ngende Grubenheber von Ravaglioli \u00fcberzeugen durch ein \u00fcberdurchschnittlich durchdachtes Sicherheitskonzept, verbunden mit einem ergonomischen Bedienkomfort &#8211; ohne Kompromisse. Dadurch setzen wir Ma\u00dfst\u00e4be in der modernen Hebetechnik.<\/p>\n<ul>\n<li>Das Ausmessen der Grube wird zur Nebensache<\/li>\n<li>Fahrgestell mit \u00fcberdurchschnittlich gro\u00dfem Verstellbereich<\/li>\n<li>Made in Germany &#8211; Erfahrung seit 125 Jahren in der Hebetechnik<\/li>\n<\/ul>\n<ul>\n<li>Alle wichtigen Bedienelemente sind rot, um eine Fehlbedienung zu vermeiden<\/li>\n<li>Handgriff zum Bewegen des Hebers<\/li>\n<li>Frontseitig angebrachte Bedienelemente und gro\u00dffl\u00e4chige Bedientasten, auch mit Handschuhen bedienbar<\/li>\n<li>Fahrwerksrollen gegen Besch\u00e4digungen abgedeckt<\/li>\n<li>Pumpenstange aufger\u00e4umt am Heber positioniert. Die Hubeinheit senkt sich mittels Federpaket bei 250 kg Last ab und sichert gegen Verrutschen<\/li>\n<li>Nadelgelagerte Fahrgestellrollen mit Schmiernippel<\/li>\n<li>Die Kolbenstange wird leicht mit \u00d6l benetzt, um gegen Korrosion zu sch\u00fctzen<\/li>\n<li>Optional: Pneumatisches Energieset mit Kondensatabscheider und Druckluftanschl\u00fcssen<\/li>\n<\/ul>\n<ul>\n<li>Kompakte, stabile Bauweise f\u00fcr ein beruhigendes Sicherheitsgef\u00fchl.<\/li>\n<li>Sicher dimensioniert &#8211; Externe Krafteinwirkungen und Biegemomente werden durch den gro\u00dfen Kolbenstangendurchmesser kompensiert.<\/li>\n<li>Die intuitive Bedienung beinhaltet einen Schnellhub \u00fcber Drucktaster, Lasthub zus\u00e4tzlich mittels Luftmotor, einen Feinhub mit einer Pumpenstange und ein Absenken mittels Handhebel.<\/li>\n<li>Die extra lange Zylinderf\u00fchrung garantiert eine Aufnahme von Seitenkr\u00e4ften auch bei Aufnahme von Lasten au\u00dfer der Mitte.<\/li>\n<li>2-Schicht-Lackierung f\u00fcr einen perfekten Korrosionsschutz.<\/li>\n<li>Keine st\u00f6renden Hydraulikschl\u00e4uche verbaut<\/li>\n<li>Langlebigkeit &#8211; Kolbenstange und Pumpenkolben sind gegen Korrosion und Verschlei\u00df hartverchromt.<\/li>\n<li>Rostschutzpr\u00e4vention &#8211; Kolbenstange und Zylinderinnenwand werden bei jeder Hub- und Senkbewegung mit \u00d6l benetzt.<\/li>\n<li>Die Zwangsr\u00fcckf\u00fchrung erm\u00f6glicht ein schnelles R\u00fcckfahren des Hubstempels mit und ohne Last in die unterste Position.<\/li>\n<li>Lieferung des Hebers erfolgt mit Universalrollen.<\/li>\n<\/ul>\n","protected":false},"excerpt":{"rendered":"<p>15 t, 800 mm Hub, flaches Fahrgestell, Lasthub \u00fcber Luftmotor, hydraulisch-pneumatischer Schnellhub, hydraulisch-pneumatische Zwangsr\u00fcckf\u00fchrung<\/p>\n","protected":false},"featured_media":146757,"template":"","meta":[],"product_brand":[],"product_cat":[58],"product_tag":[58374,58357,58323,58340],"product_approvals":[],"product_application":[],"class_list":{"0":"post-156637","1":"product","2":"type-product","3":"status-publish","4":"has-post-thumbnail","6":"product_cat-uncategorized-de","7":"product_tag-buses-de","8":"product_tag-trucks-de","9":"product_tag-light-commercial-de","10":"product_tag-motor-homes-de","12":"first","13":"instock","14":"shipping-taxable","15":"product-type-simple"},"approvals":[],"application":[],"brb_media_brochure":[{"id":156628,"url":"https:\/\/dev.codekraft.it\/ravaglioli.it\/wp-content\/uploads\/brb_media\/00523535_pit-lifts-j1508f-br-multi-2023-11.pdf","title":"pit lifts j1508f br multi 2023 11","mpn":"","thumbnail":"https:\/\/dev.codekraft.it\/ravaglioli.it\/wp-content\/uploads\/brb_media\/00523535_pit-lifts-j1508f-br-multi-2023-11-pdf-106x150.png","description":""}],"brb_media_drawing":"","brb_media_manuals":"","brb_media_safety_datasheets":"","brb_media_spare_parts":[],"_cdmm_p_id":"503092","_company":"Ravaglioli","_gtin":"","accessories":[],"components":[],"delivery":[],"package":[],"related":[],"similar":[],"page_logo_src":"https:\/\/dev.codekraft.it\/ravaglioli.it\/wp-content\/uploads\/2026\/04\/rav-negative-logo-1.png","lang":"de","translations":{"de":156637,"en":156627,"fr":156638,"it":156639,"es":156640,"ru":156641},"pll_sync_post":[],"_links":{"self":[{"href":"https:\/\/dev.codekraft.it\/ravaglioli.it\/wp-json\/wp\/v2\/product\/156637","targetHints":{"allow":["GET"]}}],"collection":[{"href":"https:\/\/dev.codekraft.it\/ravaglioli.it\/wp-json\/wp\/v2\/product"}],"about":[{"href":"https:\/\/dev.codekraft.it\/ravaglioli.it\/wp-json\/wp\/v2\/types\/product"}],"wp:featuredmedia":[{"embeddable":true,"href":"https:\/\/dev.codekraft.it\/ravaglioli.it\/wp-json\/wp\/v2\/media\/146757"}],"wp:attachment":[{"href":"https:\/\/dev.codekraft.it\/ravaglioli.it\/wp-json\/wp\/v2\/media?parent=156637"}],"wp:term":[{"taxonomy":"product_brand","embeddable":true,"href":"https:\/\/dev.codekraft.it\/ravaglioli.it\/wp-json\/wp\/v2\/product_brand?post=156637"},{"taxonomy":"product_cat","embeddable":true,"href":"https:\/\/dev.codekraft.it\/ravaglioli.it\/wp-json\/wp\/v2\/product_cat?post=156637"},{"taxonomy":"product_tag","embeddable":true,"href":"https:\/\/dev.codekraft.it\/ravaglioli.it\/wp-json\/wp\/v2\/product_tag?post=156637"},{"taxonomy":"product_approvals","embeddable":true,"href":"https:\/\/dev.codekraft.it\/ravaglioli.it\/wp-json\/wp\/v2\/product_approvals?post=156637"},{"taxonomy":"product_application","embeddable":true,"href":"https:\/\/dev.codekraft.it\/ravaglioli.it\/wp-json\/wp\/v2\/product_application?post=156637"}],"curies":[{"name":"wp","href":"https:\/\/api.w.org\/{rel}","templated":true}]}}