{"id":156588,"date":"2025-12-03T14:45:24","date_gmt":"2025-12-03T14:45:24","guid":{"rendered":"https:\/\/dev.codekraft.it\/ravaglioli.it\/product\/alineador-de-ruedas-3d-ravtd3200sp-3-gris\/"},"modified":"2026-01-14T22:52:16","modified_gmt":"2026-01-14T22:52:16","slug":"alineador-de-ruedas-3d-ravtd3200sp-3-gris","status":"publish","type":"product","link":"https:\/\/dev.codekraft.it\/ravaglioli.it\/es\/product\/alineador-de-ruedas-3d-ravtd3200sp-3-gris\/","title":{"rendered":"Alineador de ruedas 3D RAVTD3200SP.3 (gris)"},"content":{"rendered":"<p>The New Power of 3D Aligners<\/p>\n<ul>\n<li>Nuevos cabezales de medici\u00f3n 3D: m\u00e1s compactos y de mayor rendimiento<\/li>\n<li>Eco Cabinet: armarios realizados con material respetuoso con el medio ambiente<\/li>\n<li>Tecnolog\u00eda inteligente: software con gr\u00e1ficos actualizados, interfaz de usuario intuitiva, animaciones y ayudas para el ajuste que permiten un trabajo r\u00e1pido y eficaz<\/li>\n<\/ul>\n<p>La serie TD3200 corresponde a la segunda generaci\u00f3n de alineadores de ruedas 3D de Ravaglioli. Su innovador sistema de c\u00e1maras 3D con transmisi\u00f3n Bluetooth se puede utilizar en diferentes tipos de elevadores gracias a una compensaci\u00f3n autom\u00e1tica de la planicidad; sus dimensiones compactas hacen que tambi\u00e9n sea adecuado para talleres con un espacio limitado.<\/p>\n<ul>\n<li>Los cabezales de medici\u00f3n 3D integrados en el elevador permiten efectuar mediciones sin obst\u00e1culos.<\/li>\n<li>Comunicaci\u00f3n entre los cabezales de medici\u00f3n 3D y la consola a trav\u00e9s de Bluetooth.<\/li>\n<li>Taller m\u00e1s eficiente en t\u00e9rminos de espacio y funcionamiento:\n<ul>\n<li>Sin obst\u00e1culos &#8211; Aprovechamiento m\u00e1ximo del espacio de trabajo.<\/li>\n<li>M\u00ednimo esfuerzo &#8211; Compensaci\u00f3n de descentramiento r\u00e1pida y ocupando poco espacio.<\/li>\n<li>R\u00e1pida transmisi\u00f3n &#8211; Eficaz incluso en condiciones de poca luz.<\/li>\n<li>Alineaci\u00f3n de ruedas vers\u00e1til &#8211; Utilizaci\u00f3n de la alineaci\u00f3n de ruedas en m\u00e1s zonas de trabajo.<\/li>\n<\/ul>\n<\/li>\n<li>Caracter\u00edsticas de los cabezales de medici\u00f3n 3D:\n<ul>\n<li>Pantalla LCD para mostrar la informaci\u00f3n esencial<\/li>\n<li>Cinco teclas para la navegaci\u00f3n, incluso a distancia, por software.<\/li>\n<li>Uso de c\u00e1maras de alta resoluci\u00f3n para la medici\u00f3n y compensaci\u00f3n autom\u00e1ticas de la planicidad de los elevadores<\/li>\n<li>Funci\u00f3n de control remoto.<\/li>\n<li>Repetidores LED de ayuda al registro.<\/li>\n<li>Posici\u00f3n \u00fanica de instalaci\u00f3n de los cabezales de medici\u00f3n, incluso para veh\u00edculos con paso diferente.<\/li>\n<li>Peso de 3 kg.<\/li>\n<\/ul>\n<\/li>\n<li>Sustituci\u00f3n de la bater\u00eda mediante un sistema de extracci\u00f3n r\u00e1pida.<\/li>\n<li>Con una duraci\u00f3n de 8 horas la bater\u00eda ofrece la libertad de trabajar durante todo el d\u00eda sin interrupciones.<\/li>\n<li>Sistema de fijaci\u00f3n r\u00e1pida al elevador pivotante para evitar da\u00f1os en caso de presencia de obst\u00e1culos durante el descenso.<\/li>\n<li>Protecci\u00f3n de goma integrada a prueba de golpes y manilla con protecci\u00f3n de pl\u00e1stico.<\/li>\n<\/ul>\n<ul>\n<li>Compartimentos dise\u00f1ados espec\u00edficamente para alojar a la perfecci\u00f3n los cabezales de medici\u00f3n 3D, evitando que se da\u00f1en o se pierdan.<\/li>\n<li>Programa de gesti\u00f3n y visualizaci\u00f3n, en un entorno Windows, siempre conectado con la llave Wi-Fi USB: F\u00e1cil e intuitivo gracias a una gr\u00e1fica de alta resoluci\u00f3n.<\/li>\n<li>Base de datos internacional con fichas t\u00e9cnicas propia de veh\u00edculos y con la posibilidad de crear un propio banco de datos de clientes para el registro de las intervenciones.<\/li>\n<li>Compatible con el sistema TEq-Link y ADAS Shoot&amp;Go.<\/li>\n<li>Medici\u00f3n r\u00e1pida y precisa: Los cabezales de medici\u00f3n 3D muestran en unos pocos segundos todos los \u00e1ngulos del veh\u00edculo sin necesidad de que intervenga el operario.<\/li>\n<li>Juego de 4 garras de 3 puntos con autocentrado sin alabeo (Cuenta con un movimiento r\u00e1pido y u\u00f1as de ABS; no prev\u00e9n ning\u00fan contacto de metal contra metal).<\/li>\n<li>Las dianas Real 3D instaladas en las garras son extremadamente ligeras, no requieren mantenimiento y no cuentan con ning\u00fan componente electr\u00f3nico.<\/li>\n<li>Las dianas Real 3D permiten omitir el procedimiento de compensaci\u00f3n del alabeo, agilizando el trabajo del operario y maximizando la eficiencia del taller.<\/li>\n<\/ul>\n","protected":false},"excerpt":{"rendered":"<p>Dispositivo de alineaci\u00f3n de ruedas 3D con captadores de medici\u00f3n 3D con resoluci\u00f3n HQ y comunicaci\u00f3n de datos mediante Bluetooth | incl. garras de 3 puntos con autocentrado, TFT pantalla 22\u2033 y consola cerrada | Gris (RAL 7040)<\/p>\n","protected":false},"featured_media":156584,"template":"","meta":[],"product_brand":[],"product_cat":[57906],"product_tag":[58349,58296,63163,58332],"product_approvals":[],"product_application":[],"class_list":{"0":"post-156588","1":"product","2":"type-product","3":"status-publish","4":"has-post-thumbnail","6":"product_cat-alineadores-de-ruedas-es","7":"product_tag-motor-homes-es","8":"product_tag-passenger-cars-es","9":"product_tag-quickship-es","10":"product_tag-light-commercial-es","12":"first","13":"instock","14":"shipping-taxable","15":"product-type-simple"},"approvals":[],"application":[],"brb_media_brochure":[{"id":149008,"url":"https:\/\/dev.codekraft.it\/ravaglioli.it\/wp-content\/uploads\/brb_media\/00522149_wheel-aligner-ravtd3200-br-de-2023-11-screen.pdf","title":"Wheel aligner RAVTD3200 BR de 2023 11 screen","mpn":"","thumbnail":"https:\/\/dev.codekraft.it\/ravaglioli.it\/wp-content\/uploads\/brb_media\/00522149_wheel-aligner-ravtd3200-br-de-2023-11-screen-pdf-106x150.png","description":""},{"id":149009,"url":"https:\/\/dev.codekraft.it\/ravaglioli.it\/wp-content\/uploads\/brb_media\/00522150_wheel-aligner-ravtd3200-br-en-2023-11-screen.pdf","title":"Wheel aligner RAVTD3200 BR en 2023 11 screen","mpn":"","thumbnail":"https:\/\/dev.codekraft.it\/ravaglioli.it\/wp-content\/uploads\/brb_media\/00522150_wheel-aligner-ravtd3200-br-en-2023-11-screen-pdf-106x150.png","description":""},{"id":149010,"url":"https:\/\/dev.codekraft.it\/ravaglioli.it\/wp-content\/uploads\/brb_media\/00522151_wheel-aligner-ravtd3200-br-fr-2023-11-screen.pdf","title":"Wheel aligner RAVTD3200 BR fr 2023 11 screen","mpn":"","thumbnail":"https:\/\/dev.codekraft.it\/ravaglioli.it\/wp-content\/uploads\/brb_media\/00522151_wheel-aligner-ravtd3200-br-fr-2023-11-screen-pdf-106x150.png","description":""},{"id":149011,"url":"https:\/\/dev.codekraft.it\/ravaglioli.it\/wp-content\/uploads\/brb_media\/00522152_wheel-aligner-ravtd3200-br-it-2023-11-screen.pdf","title":"Wheel aligner RAVTD3200 BR it 2023 11 screen","mpn":"","thumbnail":"https:\/\/dev.codekraft.it\/ravaglioli.it\/wp-content\/uploads\/brb_media\/00522152_wheel-aligner-ravtd3200-br-it-2023-11-screen-pdf-106x150.png","description":""},{"id":149012,"url":"https:\/\/dev.codekraft.it\/ravaglioli.it\/wp-content\/uploads\/brb_media\/00522153_wheel-aligner-ravtd3200-br-es-2023-11-screen.pdf","title":"Wheel aligner RAVTD3200 BR es 2023 11 screen","mpn":"","thumbnail":"https:\/\/dev.codekraft.it\/ravaglioli.it\/wp-content\/uploads\/brb_media\/00522153_wheel-aligner-ravtd3200-br-es-2023-11-screen-pdf-106x150.png","description":""},{"id":149013,"url":"https:\/\/dev.codekraft.it\/ravaglioli.it\/wp-content\/uploads\/brb_media\/00522154_wheel-aligner-ravtd3200-br-ru-2023-11-screen.pdf","title":"Wheel aligner RAVTD3200 BR ru 2023 11 screen","mpn":"","thumbnail":"https:\/\/dev.codekraft.it\/ravaglioli.it\/wp-content\/uploads\/brb_media\/00522154_wheel-aligner-ravtd3200-br-ru-2023-11-screen-pdf-106x150.png","description":""}],"brb_media_drawing":[{"id":149016,"url":"https:\/\/dev.codekraft.it\/ravaglioli.it\/wp-content\/uploads\/brb_media\/00512779_wheel-aligners-ravtd3200sp3-td-multi-2023-09.pdf","title":"Wheel Aligners RAVTD3200SP3 TD multi 2023 09","mpn":"","thumbnail":"https:\/\/dev.codekraft.it\/ravaglioli.it\/wp-content\/uploads\/brb_media\/00512779_wheel-aligners-ravtd3200sp3-td-multi-2023-09-pdf-150x107.png","description":""}],"brb_media_manuals":[{"id":149963,"url":"https:\/\/dev.codekraft.it\/ravaglioli.it\/wp-content\/uploads\/brb_media\/00539656_wheel-aligner-ravd32hp-ravd32sp-ravd32lt-rotd32hp-rotd32hp-rotd32lt-im-2025-m362-00_vsg_00_rev00_multi-2024-09.pdf","title":"wheel aligner ravd32hp ravd32sp ravd32lt rotd32hp rotd32hp rotd32lt im 2025 m362 00 vsg 00 rev00 multi 2024 09","mpn":"","thumbnail":"https:\/\/dev.codekraft.it\/ravaglioli.it\/wp-content\/uploads\/brb_media\/00539656_wheel-aligner-ravd32hp-ravd32sp-ravd32lt-rotd32hp-rotd32hp-rotd32lt-im-2025-m362-00_vsg_00_rev00_multi-2024-09-pdf-106x150.png","description":""}],"brb_media_safety_datasheets":"","brb_media_spare_parts":[],"_cdmm_p_id":"503003","_company":"Ravaglioli","_gtin":"5063084700919","accessories":[{"id":155743,"mpn":"STDA124","name":"Platos giratorios Premium STDA124","description":"HD | \u00d8 360 mm | 1 juego \/ 2 piezas","thumbnail":"https:\/\/dev.codekraft.it\/ravaglioli.it\/wp-content\/uploads\/brb_media\/00509909_wheel-aligner-stda124-mi-150x150.png","url":"https:\/\/dev.codekraft.it\/ravaglioli.it\/es\/product\/platos-giratorios-premium-stda124\/"},{"id":155674,"mpn":"STDA149","name":"Niveles de burbuja para dianas | 1 juego \/ 2 piezas","description":"","thumbnail":"https:\/\/dev.codekraft.it\/ravaglioli.it\/wp-content\/uploads\/brb_media\/00528340_wheel-aligner-stda149-mi-150x150.png","url":"https:\/\/dev.codekraft.it\/ravaglioli.it\/es\/product\/niveles-de-burbuja-para-dianas-1-juego-2-piezas\/"},{"id":153134,"mpn":"STDA160","name":"Batterie di ricambio para alineadores 3D | 1 juego \/ 2 piezas","description":"","thumbnail":"","url":"https:\/\/dev.codekraft.it\/ravaglioli.it\/es\/product\/batterie-di-ricambio-para-alineadores-3d-1-juego-2-piezas\/"},{"id":154877,"mpn":"STDA141","name":"Token Aligner Connect","description":"Pantalla remota en un dispositivo m\u00f3vil | utilizo APP desde control remoto","thumbnail":"https:\/\/dev.codekraft.it\/ravaglioli.it\/wp-content\/uploads\/brb_media\/00528337_wheel-aligner-stda141-mi-150x150.png","url":"https:\/\/dev.codekraft.it\/ravaglioli.it\/es\/product\/token-aligner-connect-5\/"},{"id":155662,"mpn":"STDA141ADAS","name":"Token","description":"Habilitaci\u00f3n de la aplicaci\u00f3n para las funciones ADAS (Advanced Driver Assistance Systems)","thumbnail":"https:\/\/dev.codekraft.it\/ravaglioli.it\/wp-content\/uploads\/brb_media\/00528336_wheel-aligner-stda141adas-mi-150x150.png","url":"https:\/\/dev.codekraft.it\/ravaglioli.it\/es\/product\/token-14\/"},{"id":155680,"mpn":"STDAShoot","name":"Token","description":"Clave virtual para la consulta de base de datos en l\u00ednea a trav\u00e9s de la consulta de la Oficina Federal de Veh\u00edculos Motorizados (KBA) de Alemania | incl. 200 consultas","thumbnail":"https:\/\/dev.codekraft.it\/ravaglioli.it\/wp-content\/uploads\/brb_media\/00510471_wheel-aligners-shootgo-mi-150x150.png","url":"https:\/\/dev.codekraft.it\/ravaglioli.it\/es\/product\/token-18\/"},{"id":154901,"mpn":"STDAS200","name":"Cr\u00e9dito de consulta de base de datos Shoot &amp; Go 200","description":"Paquete de cr\u00e9ditos para consultar la base de datos en l\u00ednea a trav\u00e9s de la consulta de la Oficina Federal de Veh\u00edculos Motorizados (KBA) de Alemania | 200 consultas","thumbnail":"https:\/\/dev.codekraft.it\/ravaglioli.it\/wp-content\/uploads\/brb_media\/00510471_wheel-aligners-shootgo-mi-150x150.png","url":"https:\/\/dev.codekraft.it\/ravaglioli.it\/es\/product\/credito-de-consulta-de-base-de-datos-shoot-go-200\/"},{"id":155238,"mpn":"STDAS500","name":"Cr\u00e9dito de consulta de base de datos Shoot &amp; Go 500","description":"Paquete de cr\u00e9ditos para consultar la base de datos en l\u00ednea a trav\u00e9s de la consulta de la Oficina Federal de Veh\u00edculos Motorizados (KBA) de Alemania | 500 consultas","thumbnail":"https:\/\/dev.codekraft.it\/ravaglioli.it\/wp-content\/uploads\/brb_media\/00510471_wheel-aligners-shootgo-mi-150x150.png","url":"https:\/\/dev.codekraft.it\/ravaglioli.it\/es\/product\/credito-de-consulta-de-base-de-datos-shoot-go-500\/"},{"id":155767,"mpn":"STDAPREMIUM","name":"Token","description":"Activaci\u00f3n de funciones adicionales","thumbnail":"","url":"https:\/\/dev.codekraft.it\/ravaglioli.it\/es\/product\/token-23\/"},{"id":157378,"mpn":"VSG.IDC50.701886","name":"Kit de diagn\u00f3stico STDADIAG","description":"IDC5 KIT TEXA - para la alineaci\u00f3n de las ruedas de diagn\u00f3stico | kit para aquellos que s\u00f3lo tienen la alineaci\u00f3n de las ruedas y no tiene ning\u00fan accesorio TEXA","thumbnail":"https:\/\/dev.codekraft.it\/ravaglioli.it\/wp-content\/uploads\/brb_media\/00527952_wheel-aligners-accessories-stdadiag-all-configurations-mi-150x150.png","url":"https:\/\/dev.codekraft.it\/ravaglioli.it\/es\/product\/kit-de-diagnostico-stdadiag\/"},{"id":157384,"mpn":"VSG.SW500.701893","name":"Kit de diagn\u00f3stico STDADIAG\/SW","description":"TEXA IDC5 SW KIT - para la alineaci\u00f3n de las ruedas de diagn\u00f3stico | kit para aquellos que ya tienen dispositivos TEXA (por ejemplo, ADAS RCSS)","thumbnail":"https:\/\/dev.codekraft.it\/ravaglioli.it\/wp-content\/uploads\/brb_media\/00527953_wheel-aligners-accessories-stdadiag-ws-all-configurations-mi-150x150.png","url":"https:\/\/dev.codekraft.it\/ravaglioli.it\/es\/product\/kit-de-diagnostico-stdadiag-sw\/"},{"id":157399,"mpn":"VSG.FC167.701916","name":"Garras de ruedas Fast clamps","description":"Garras de montaje r\u00e1pido | para alineadores 3D, turismo, tama\u00f1o del neum\u00e1tico 21 - 31\", \u00d8 rueda 540 - 780 mm, peso de las garras 3,5 kg (por juego) | 1 juego \/ 2 piezas","thumbnail":"https:\/\/dev.codekraft.it\/ravaglioli.it\/wp-content\/uploads\/brb_media\/00528113_wheel-aligner-accessories-vsgfc167701916-mi-150x150.png","url":"https:\/\/dev.codekraft.it\/ravaglioli.it\/es\/product\/garras-de-ruedas-fast-clamps\/"},{"id":157419,"mpn":"STDAS350","name":"Cr\u00e9dito de consulta de base de datos Shoot &amp; Go 350","description":"Paquete de cr\u00e9ditos para consultar la base de datos en l\u00ednea a trav\u00e9s de la consulta de la Oficina Federal de Veh\u00edculos Motorizados (KBA) de Alemania | 350 consultas","thumbnail":"https:\/\/dev.codekraft.it\/ravaglioli.it\/wp-content\/uploads\/brb_media\/00510471_wheel-aligners-shootgo-mi-150x150.png","url":"https:\/\/dev.codekraft.it\/ravaglioli.it\/es\/product\/credito-de-consulta-de-base-de-datos-shoot-go-350\/"}],"components":[],"delivery":[{"id":152386,"mpn":"S110A7","name":"Platos giratorios Standard","description":"\u00d8 300 mm, capacidad de carga 1000 kg | 1 juego \/ 2 piezas","thumbnail":"https:\/\/dev.codekraft.it\/ravaglioli.it\/wp-content\/uploads\/brb_media\/00535628_wheel-aligners-s110a7-mi-150x150.png","url":"https:\/\/dev.codekraft.it\/ravaglioli.it\/es\/product\/platos-giratorios-standard\/"},{"id":155719,"mpn":"STDA162","name":"Soportes fijaci\u00f3n en elevador para transductor de medici\u00f3n 3D | 1 juego \/ 2 piezas","description":"","thumbnail":"https:\/\/dev.codekraft.it\/ravaglioli.it\/wp-content\/uploads\/brb_media\/00495669_wheel-aligner-3d-wifi-stda162-rotary-di-150x150.png","url":"https:\/\/dev.codekraft.it\/ravaglioli.it\/es\/product\/soportes-fijacion-en-elevador-para-transductor-de-medicion-3d-1-juego-2-piezas\/"},{"id":155773,"mpn":"STDA110","name":"Base de datos de veh\u00edculos","description":"","thumbnail":"https:\/\/dev.codekraft.it\/ravaglioli.it\/wp-content\/uploads\/brb_media\/00509910_wheel-aligner-stda110-mi-150x150.png","url":"https:\/\/dev.codekraft.it\/ravaglioli.it\/es\/product\/base-de-datos-de-vehiculos\/"},{"id":155755,"mpn":"10479","name":"Depresor del pedal del freno","description":"","thumbnail":"https:\/\/dev.codekraft.it\/ravaglioli.it\/wp-content\/uploads\/brb_media\/00509913_wheel-aligner-10479-mi-150x150.png","url":"https:\/\/dev.codekraft.it\/ravaglioli.it\/es\/product\/depresor-del-pedal-del-freno\/"},{"id":155749,"mpn":"STDA161","name":"Bloqueador del volante","description":"Bloqueador de volante de pl\u00e1stico con protectores de goma antideslizantes para volante y asiento","thumbnail":"https:\/\/dev.codekraft.it\/ravaglioli.it\/wp-content\/uploads\/brb_media\/00509908_wheel-aligner-stda161-mi-150x150.png","url":"https:\/\/dev.codekraft.it\/ravaglioli.it\/es\/product\/bloqueador-del-volante\/"},{"id":155761,"mpn":"STDA158","name":"Antena para la conexi\u00f3n Wi-Fi","description":"Wheelalignment-On, incl. llave USB Wi-Fi","thumbnail":"https:\/\/dev.codekraft.it\/ravaglioli.it\/wp-content\/uploads\/brb_media\/00528348_wheel-aligner-stda158-mi-150x150.png","url":"https:\/\/dev.codekraft.it\/ravaglioli.it\/es\/product\/antena-para-la-conexion-wi-fi\/"}],"package":[],"related":[],"similar":[{"id":156013,"mpn":"RAV.3DWAL.701039","name":"Alineador de ruedas 3D RAV3D2.0WALL.3L | Versi\u00f3n \u00abLarge\u00bb","description":"Dispositivo de alineaci\u00f3n de ruedas 3D con panel de montaje en pared | Transmisi\u00f3n de datos por Bluetooth | incl. soporte para las garras de 3 puntos con pr\u00e1cticos ganchos, estaciones de carga para cabezales de medici\u00f3n 3D y bater\u00edas con imanes","thumbnail":"https:\/\/dev.codekraft.it\/ravaglioli.it\/wp-content\/uploads\/brb_media\/00505447_wheel-aligner-rav3d-2-wall-large-version-mi-150x150.png","url":"https:\/\/dev.codekraft.it\/ravaglioli.it\/es\/product\/alineador-de-ruedas-3d-rav3d2-0wall-3l-version-large\/"},{"id":156019,"mpn":"RAV.3DWAL.701008","name":"Alineador de ruedas 3D RAV3D2.0WALL.3S | Versi\u00f3n \u00abLight\u00bb","description":"Dispositivo de alineaci\u00f3n de ruedas 3D con panel de montaje en pared | Transmisi\u00f3n de datos por Bluetooth | incl. soporte para las garras de 3 puntos con unos pr\u00e1cticos ganchos, estaciones de carga para cabezales de medici\u00f3n 3D y bater\u00edas con imanes","thumbnail":"https:\/\/dev.codekraft.it\/ravaglioli.it\/wp-content\/uploads\/brb_media\/00505448_wheel-aligner-rav3d-2-wall-light-version-3-point-clamps-mi-150x150.png","url":"https:\/\/dev.codekraft.it\/ravaglioli.it\/es\/product\/alineador-de-ruedas-3d-rav3d2-0wall-3s-version-light\/"}],"page_logo_src":"https:\/\/dev.codekraft.it\/ravaglioli.it\/wp-content\/uploads\/2026\/04\/rav-negative-logo-1.png","lang":"es","translations":{"es":156588,"en":156583,"de":156585,"fr":156586,"it":156587,"ru":156589},"pll_sync_post":[],"_links":{"self":[{"href":"https:\/\/dev.codekraft.it\/ravaglioli.it\/wp-json\/wp\/v2\/product\/156588","targetHints":{"allow":["GET"]}}],"collection":[{"href":"https:\/\/dev.codekraft.it\/ravaglioli.it\/wp-json\/wp\/v2\/product"}],"about":[{"href":"https:\/\/dev.codekraft.it\/ravaglioli.it\/wp-json\/wp\/v2\/types\/product"}],"wp:featuredmedia":[{"embeddable":true,"href":"https:\/\/dev.codekraft.it\/ravaglioli.it\/wp-json\/wp\/v2\/media\/156584"}],"wp:attachment":[{"href":"https:\/\/dev.codekraft.it\/ravaglioli.it\/wp-json\/wp\/v2\/media?parent=156588"}],"wp:term":[{"taxonomy":"product_brand","embeddable":true,"href":"https:\/\/dev.codekraft.it\/ravaglioli.it\/wp-json\/wp\/v2\/product_brand?post=156588"},{"taxonomy":"product_cat","embeddable":true,"href":"https:\/\/dev.codekraft.it\/ravaglioli.it\/wp-json\/wp\/v2\/product_cat?post=156588"},{"taxonomy":"product_tag","embeddable":true,"href":"https:\/\/dev.codekraft.it\/ravaglioli.it\/wp-json\/wp\/v2\/product_tag?post=156588"},{"taxonomy":"product_approvals","embeddable":true,"href":"https:\/\/dev.codekraft.it\/ravaglioli.it\/wp-json\/wp\/v2\/product_approvals?post=156588"},{"taxonomy":"product_application","embeddable":true,"href":"https:\/\/dev.codekraft.it\/ravaglioli.it\/wp-json\/wp\/v2\/product_application?post=156588"}],"curies":[{"name":"wp","href":"https:\/\/api.w.org\/{rel}","templated":true}]}}