{"id":156543,"date":"2025-08-05T09:51:50","date_gmt":"2025-08-05T08:51:50","guid":{"rendered":"https:\/\/dev.codekraft.it\/ravaglioli.it\/product\/pont-elevateur-a-2-colonnes-kpx35lle\/"},"modified":"2026-01-14T22:46:15","modified_gmt":"2026-01-14T22:46:15","slug":"pont-elevateur-a-2-colonnes-kpx35lle","status":"publish","type":"product","link":"https:\/\/dev.codekraft.it\/ravaglioli.it\/fr\/product\/pont-elevateur-a-2-colonnes-kpx35lle\/","title":{"rendered":"Pont \u00e9l\u00e9vateur \u00e0 2 colonnes KPX35LLE"},"content":{"rendered":"<p>Legend Series &#8211; From History to the Future<\/p>\n<ul>\n<li>Design actualis\u00e9\u00a0: un contour moderne qui apporte modernit\u00e9 et facilit\u00e9 d\u2019utilisation \u00e0 l\u2019atelier<\/li>\n<li>ADN innovant\u00a0: des composants durables de haute qualit\u00e9, test\u00e9s pour 20000 cycles<\/li>\n<li>\u00c9volutivit\u00e9\u00a0: les ponts \u00e9l\u00e9vateurs sont con\u00e7us pour le syst\u00e8me de connectivit\u00e9 en atelier TEq-Link<\/li>\n<\/ul>\n<p>Issue des ponts \u00e9l\u00e9vateurs \u00e0 2 colonnes les plus vendus, la Legend Series consolide les connaissances en ing\u00e9nierie de Ravaglioli et les transforme en un ensemble innovant. Tourn\u00e9e vers l\u2019avenir tout en honorant le pass\u00e9, Ravaglioli s\u2019est fix\u00e9 un objectif important\u00a0: unir performances et design.<\/p>\n<ul>\n<li>Utilisation rapide et simple\u00a0: L\u2019aire de travail est priv\u00e9e d\u2019obstacles et toutes les op\u00e9rations peuvent \u00eatre effectu\u00e9es en toute s\u00e9curit\u00e9 et confortablement. &#8211; Disponible sur demande, une paire de contre-plaques pour les sols non conformes aux exigences d\u2019installation.<\/li>\n<li>Installation intelligente et flexible : Am\u00e9lioration jusqu\u2019\u00e0 20 % du temps d\u2019installation. La synchronisation \u00e9lectronique permet d\u2019\u00e9viter l\u2019installation et le r\u00e9glage du c\u00e2ble d\u2019\u00e9galisation. Les ponts \u00e9l\u00e9vateurs peuvent \u00eatre install\u00e9s de mani\u00e8re flexible gr\u00e2ce \u00e0 trois positions r\u00e9glables en largeur.<\/li>\n<li>Entretien courant minimum\u00a0: Les pi\u00e8ces de fonctionnement sont con\u00e7ues pour \u00eatre facilement remplac\u00e9es ou entretenues, ce qui r\u00e9duit le co\u00fbt de maintenance et le risque d\u2019erreur sur les composants critiques de s\u00e9curit\u00e9.<\/li>\n<\/ul>\n<ul>\n<li>Pont \u00e9l\u00e9vateur pour supercars<\/li>\n<li>Muni de quatre bras longs \u00e0 double section, ultra abaiss\u00e9s, pour une insertion facile sous les caisses extr\u00eamement basses<\/li>\n<li>Hauteur minimum des tampons de 83 mm<\/li>\n<li>Bras r\u00e9alis\u00e9s en acier sp\u00e9cial, avec hauteur de la premi\u00e8re section d\u2019\u00e0 peine 50 mm et hauteur de la deuxi\u00e8me section de 65 mm, parall\u00e8les au sol &#8211; adapt\u00e9s aux v\u00e9hicules sportifs<\/li>\n<\/ul>\n<ul>\n<li>Lubrification permanente et automatique des \u00e9crous, efficace pendant la mont\u00e9e et la descente<\/li>\n<li>Moteurs sp\u00e9ciaux \u00e0 hautes performances pour garantir puissance et dur\u00e9e dans le temps<\/li>\n<li>Distance int\u00e9rieure entre les colonnes de 2900 mm &#8211; augmentation possible jusqu\u2019\u00e0 3200 mm avec le kit VSG.2CELM.902283 disponible en option<\/li>\n<li>Blocage de bras automatique, d\u00e9gag\u00e9 au sol &#8211; g\u00e9om\u00e9trie conique autobloquante<\/li>\n<li>Ecrou porteur en bronze \u00e0 haute r\u00e9sistance \u00e0 l\u2019usure pour garantir une s\u00e9curit\u00e9 totale<\/li>\n<li>Vis en acier, roul\u00e9e, \u00e0 haute r\u00e9sistance, pour garantir la dur\u00e9e dans le temps<\/li>\n<\/ul>\n","protected":false},"excerpt":{"rendered":"<p>3,5 t, \u00e9lectrom\u00e9canique, sym\u00e9trique, bras pour supercars, TEq-Link, kit d&#8217;\u00e9nergie<\/p>\n","protected":false},"featured_media":82353,"template":"","meta":[],"product_brand":[],"product_cat":[57874],"product_tag":[58290],"product_approvals":[],"product_application":[],"class_list":{"0":"post-156543","1":"product","2":"type-product","3":"status-publish","4":"has-post-thumbnail","6":"product_cat-ponts-elevateurs-a-2-colonnes-fr","7":"product_tag-passenger-cars-fr","9":"first","10":"instock","11":"shipping-taxable","12":"product-type-simple"},"approvals":[],"application":[],"brb_media_brochure":[{"id":76135,"url":"https:\/\/dev.codekraft.it\/ravaglioli.it\/wp-content\/uploads\/brb_media\/00510147_legend-series-end-user-flyer-de-2023-07-screen.pdf","title":"Legend series end user flyer de 2023 07 screen","mpn":"","thumbnail":"https:\/\/dev.codekraft.it\/ravaglioli.it\/wp-content\/uploads\/brb_media\/00510147_legend-series-end-user-flyer-de-2023-07-screen-pdf-106x150.png","description":""},{"id":76136,"url":"https:\/\/dev.codekraft.it\/ravaglioli.it\/wp-content\/uploads\/brb_media\/00510148_legend-series-end-user-flyer-en-2023-07-screen.pdf","title":"Legend series end user flyer en 2023 07 screen","mpn":"","thumbnail":"https:\/\/dev.codekraft.it\/ravaglioli.it\/wp-content\/uploads\/brb_media\/00510148_legend-series-end-user-flyer-en-2023-07-screen-pdf-106x150.png","description":""},{"id":76137,"url":"https:\/\/dev.codekraft.it\/ravaglioli.it\/wp-content\/uploads\/brb_media\/00510149_legend-series-end-user-flyer-fr-2023-07-screen.pdf","title":"Legend series end user flyer fr 2023 07 screen","mpn":"","thumbnail":"https:\/\/dev.codekraft.it\/ravaglioli.it\/wp-content\/uploads\/brb_media\/00510149_legend-series-end-user-flyer-fr-2023-07-screen-pdf-106x150.png","description":""},{"id":76138,"url":"https:\/\/dev.codekraft.it\/ravaglioli.it\/wp-content\/uploads\/brb_media\/00510150_legend-series-end-user-flyer-it-2023-07-screen.pdf","title":"Legend series end user flyer it 2023 07 screen","mpn":"","thumbnail":"https:\/\/dev.codekraft.it\/ravaglioli.it\/wp-content\/uploads\/brb_media\/00510150_legend-series-end-user-flyer-it-2023-07-screen-pdf-106x150.png","description":""},{"id":76139,"url":"https:\/\/dev.codekraft.it\/ravaglioli.it\/wp-content\/uploads\/brb_media\/00510151_legend-series-end-user-flyer-es-2023-07-screen.pdf","title":"Legend series end user flyer es 2023 07 screen","mpn":"","thumbnail":"https:\/\/dev.codekraft.it\/ravaglioli.it\/wp-content\/uploads\/brb_media\/00510151_legend-series-end-user-flyer-es-2023-07-screen-pdf-106x150.png","description":""},{"id":119210,"url":"https:\/\/dev.codekraft.it\/ravaglioli.it\/wp-content\/uploads\/brb_media\/00510153_legend-series-end-user-flyer-ru-2023-07-screen.pdf","title":"Legend series end user flyer ru 2023 07 screen","mpn":"","thumbnail":"https:\/\/dev.codekraft.it\/ravaglioli.it\/wp-content\/uploads\/brb_media\/00510153_legend-series-end-user-flyer-ru-2023-07-screen-pdf-106x150.png","description":""},{"id":156520,"url":"https:\/\/dev.codekraft.it\/ravaglioli.it\/wp-content\/uploads\/brb_media\/00511530_2-post-lifts-kpx32er-35lle-br-10-2023-de-screen.pdf","title":"2 post lifts KPX32ER 35LLE BR 10 2023 de screen","mpn":"","thumbnail":"https:\/\/dev.codekraft.it\/ravaglioli.it\/wp-content\/uploads\/brb_media\/00511530_2-post-lifts-kpx32er-35lle-br-10-2023-de-screen-pdf-106x150.png","description":""},{"id":156521,"url":"https:\/\/dev.codekraft.it\/ravaglioli.it\/wp-content\/uploads\/brb_media\/00511531_2-post-lifts-kpx32er-35lle-br-10-2023-en-screen.pdf","title":"2 post lifts KPX32ER 35LLE BR 10 2023 en screen","mpn":"","thumbnail":"https:\/\/dev.codekraft.it\/ravaglioli.it\/wp-content\/uploads\/brb_media\/00511531_2-post-lifts-kpx32er-35lle-br-10-2023-en-screen-pdf-106x150.png","description":""},{"id":156522,"url":"https:\/\/dev.codekraft.it\/ravaglioli.it\/wp-content\/uploads\/brb_media\/00511532_2-post-lifts-kpx32er-35lle-br-10-2023-fr-screen.pdf","title":"2 post lifts KPX32ER 35LLE BR 10 2023 fr screen","mpn":"","thumbnail":"https:\/\/dev.codekraft.it\/ravaglioli.it\/wp-content\/uploads\/brb_media\/00511532_2-post-lifts-kpx32er-35lle-br-10-2023-fr-screen-pdf-106x150.png","description":""},{"id":156523,"url":"https:\/\/dev.codekraft.it\/ravaglioli.it\/wp-content\/uploads\/brb_media\/00511533_2-post-lifts-kpx32er-35lle-br-10-2023-it-screen.pdf","title":"2 post lifts KPX32ER 35LLE BR 10 2023 it screen","mpn":"","thumbnail":"https:\/\/dev.codekraft.it\/ravaglioli.it\/wp-content\/uploads\/brb_media\/00511533_2-post-lifts-kpx32er-35lle-br-10-2023-it-screen-pdf-106x150.png","description":""},{"id":156524,"url":"https:\/\/dev.codekraft.it\/ravaglioli.it\/wp-content\/uploads\/brb_media\/00511534_2-post-lifts-kpx32er-35lle-br-10-2023-es-screen.pdf","title":"2 post lifts KPX32ER 35LLE BR 10 2023 es screen","mpn":"","thumbnail":"https:\/\/dev.codekraft.it\/ravaglioli.it\/wp-content\/uploads\/brb_media\/00511534_2-post-lifts-kpx32er-35lle-br-10-2023-es-screen-pdf-106x150.png","description":""},{"id":156525,"url":"https:\/\/dev.codekraft.it\/ravaglioli.it\/wp-content\/uploads\/brb_media\/00511535_2-post-lifts-kpx32er-35lle-br-10-2023-ru-screen.pdf","title":"2 post lifts KPX32ER 35LLE BR 10 2023 ru screen","mpn":"","thumbnail":"https:\/\/dev.codekraft.it\/ravaglioli.it\/wp-content\/uploads\/brb_media\/00511535_2-post-lifts-kpx32er-35lle-br-10-2023-ru-screen-pdf-106x150.png","description":""}],"brb_media_drawing":[{"id":82361,"url":"https:\/\/dev.codekraft.it\/ravaglioli.it\/wp-content\/uploads\/brb_media\/00510246_2-post-lift-kpx35lle-td-0473_0712_0_02-en-2022-05.pdf","title":"2 post lift KPX35LLE TD 0473 0712 0 02 en 2022 05","mpn":"","thumbnail":"https:\/\/dev.codekraft.it\/ravaglioli.it\/wp-content\/uploads\/brb_media\/00510246_2-post-lift-kpx35lle-td-0473_0712_0_02-en-2022-05-pdf-150x107.png","description":""}],"brb_media_manuals":[{"id":149933,"url":"https:\/\/dev.codekraft.it\/ravaglioli.it\/wp-content\/uploads\/brb_media\/00535682_2-post-lifts-symmetrical_lifts-p-united_im-0473m0120-rev2-zuffa-multi-2024-12.pdf","title":"2 post lifts symmetrical lifts p united im 0473m0120 rev2 zuffa multi 2024 12","mpn":"","thumbnail":"https:\/\/dev.codekraft.it\/ravaglioli.it\/wp-content\/uploads\/brb_media\/00535682_2-post-lifts-symmetrical_lifts-p-united_im-0473m0120-rev2-zuffa-multi-2024-12-pdf-106x150.png","description":""}],"brb_media_safety_datasheets":"","brb_media_spare_parts":[],"_cdmm_p_id":"502956","_company":"Ravaglioli","_gtin":"5063084199294","accessories":[{"id":154700,"mpn":"VSG.2CALL.902641","name":"Bac pour les outils","description":"Aimant\u00e9es | ensemble de plateaux | 1 jeu \/ 4 pi\u00e8ces","thumbnail":"https:\/\/dev.codekraft.it\/ravaglioli.it\/wp-content\/uploads\/brb_media\/00509504_2-post-lift-vsg2call902641-mi-150x150.png","url":"https:\/\/dev.codekraft.it\/ravaglioli.it\/fr\/product\/bac-pour-les-outils\/"},{"id":155969,"mpn":"VSG.2CALL.901071","name":"Entretoises pour tampons pour \u00e9l\u00e9vateurs \u00e9lectrom\u00e9caniques","description":"4 x 89 mm, 4 x 127 mm, y compris 2 supports pour le montage sur les colonnes | 1 jeu \/ 8 pi\u00e8ces","thumbnail":"https:\/\/dev.codekraft.it\/ravaglioli.it\/wp-content\/uploads\/brb_media\/00508736_2-post-lift-vsg2call901071-mi-150x150.png","url":"https:\/\/dev.codekraft.it\/ravaglioli.it\/fr\/product\/entretoises-pour-tampons-pour-elevateurs-electromecaniques\/"},{"id":155975,"mpn":"VSG.2CALL.901248","name":"Entretoises pour tampons","description":"4 x 200 mm, y compris support pour le montage sur les colonnes | 1 jeu \/ 4 pi\u00e8ces","thumbnail":"https:\/\/dev.codekraft.it\/ravaglioli.it\/wp-content\/uploads\/brb_media\/00505099_2-post-lift-vsg2call901248-mi-150x150.png","url":"https:\/\/dev.codekraft.it\/ravaglioli.it\/fr\/product\/entretoises-pour-tampons\/"},{"id":155999,"mpn":"VSG.2CELM.901927","name":"Anneau pour le d\u00e9placement des colonnes","description":"3,5 t - 4,2 t | Facilite l'installation du pont \u00e9l\u00e9vateur ; r\u00e9utilisable pour d'autres installations | 1 jeu","thumbnail":"https:\/\/dev.codekraft.it\/ravaglioli.it\/wp-content\/uploads\/brb_media\/00512726_2-post-lift-vsg2celm901927-mi-01-150x150.png","url":"https:\/\/dev.codekraft.it\/ravaglioli.it\/fr\/product\/anneau-pour-le-deplacement-des-colonnes-2\/"},{"id":155981,"mpn":"VSG.2CALL.901163","name":"Kit adaptateurs","description":"Kit adaptateurs pour tampons pour prise chassis \u00d8 120 mm (1 jeu, 2 pi\u00e8ces), pour plateau tournant","thumbnail":"https:\/\/dev.codekraft.it\/ravaglioli.it\/wp-content\/uploads\/brb_media\/00524050_2-post-lift-fj6353-1-mi-150x150.png","url":"https:\/\/dev.codekraft.it\/ravaglioli.it\/fr\/product\/kit-adaptateurs\/"},{"id":155993,"mpn":"VSG.2CELM.902344","name":"R\u00e9glage de la hauteur de la barre transversale","description":"Kit pour augmenter la hauteur de passage a\u00e9rien des c\u00e2bles jusqu'\u00e0 + 1,5 m | pour les plateformes \u00e0 vis | 1 jeu","thumbnail":"https:\/\/dev.codekraft.it\/ravaglioli.it\/wp-content\/uploads\/brb_media\/00509506_2-post-lift-vsg2celm902344-mi-150x150.png","url":"https:\/\/dev.codekraft.it\/ravaglioli.it\/fr\/product\/reglage-de-la-hauteur-de-la-barre-transversale\/"},{"id":155987,"mpn":"VSG.2CALL.901378","name":"Kit plaques de r\u00e9partition","description":"3,5 t | permet d'installer le pont \u00e9l\u00e9vateur m\u00eame sur de dalle de faible \u00e9paisseur | 1 jeu \/ 2 pi\u00e8ces","thumbnail":"https:\/\/dev.codekraft.it\/ravaglioli.it\/wp-content\/uploads\/brb_media\/00533778_2-post-lift-vsg-2call-901378-mi-150x150.png","url":"https:\/\/dev.codekraft.it\/ravaglioli.it\/fr\/product\/kit-plaques-de-repartition\/"},{"id":154688,"mpn":"VSG.2CALL.902818","name":"Kit de supports pour rehausser les v\u00e9hicules","description":"Hauteur de rampe 60 mm, pour v\u00e9hicules extr\u00eamement bas | 1 jeu \/ 2 pi\u00e8ces","thumbnail":"https:\/\/dev.codekraft.it\/ravaglioli.it\/wp-content\/uploads\/brb_media\/00509501_2-post-lift-vsg2call902818-mi-150x150.png","url":"https:\/\/dev.codekraft.it\/ravaglioli.it\/fr\/product\/kit-de-supports-pour-rehausser-les-vehicules\/"},{"id":154694,"mpn":"VSG.2CALL.902085","name":"Kit de supports pour le contr\u00f4le de g\u00e9om\u00e9trie","description":"1 jeu \/ 4 pi\u00e8ces","thumbnail":"https:\/\/dev.codekraft.it\/ravaglioli.it\/wp-content\/uploads\/brb_media\/00509503_2-post-lift-vsg2call902085-mi-150x150.png","url":"https:\/\/dev.codekraft.it\/ravaglioli.it\/fr\/product\/kit-de-supports-pour-le-controle-de-geometrie\/"},{"id":156484,"mpn":"VSG.2CELM.902283","name":"Kit extension largeur","description":"Pour pont \u00e9l\u00e9vateur \u00e0 2 colonnes KPX35LLE | permet de rallonger les colonnes jusqu'\u00e0 3200 mm","thumbnail":"https:\/\/dev.codekraft.it\/ravaglioli.it\/wp-content\/uploads\/brb_media\/00510158_2-post-lift-vsg2celm902283-mi-150x150.png","url":"https:\/\/dev.codekraft.it\/ravaglioli.it\/fr\/product\/kit-extension-largeur\/"}],"components":[],"delivery":[],"package":[],"related":[],"similar":[{"id":156053,"mpn":"RAV.KPX35.199010","name":"Pont \u00e9l\u00e9vateur \u00e0 2 colonnes KPX35","description":"3,5 t, \u00e9lectrom\u00e9canique, asym\u00e9trique, colonnes tourn\u00e9es \u00e0 45\u00b0, bras longs \u00e0 2 sections, bras courts \u00e0 3 sections, TEq-Link","thumbnail":"https:\/\/dev.codekraft.it\/ravaglioli.it\/wp-content\/uploads\/brb_media\/00509852_2-post-lifts-kpx32-35-mi-01-150x150.png","url":"https:\/\/dev.codekraft.it\/ravaglioli.it\/fr\/product\/pont-elevateur-a-2-colonnes-kpx35\/"},{"id":156059,"mpn":"RAV.KPX35.199157","name":"Pont \u00e9l\u00e9vateur \u00e0 2 colonnes KPX35E","description":"3,5 t, \u00e9lectrom\u00e9canique, asym\u00e9trique, colonnes tourn\u00e9es \u00e0 45\u00b0, bras longs \u00e0 2 sections, bras courts \u00e0 3 sections, TEq-Link, kit d'\u00e9nergie","thumbnail":"https:\/\/dev.codekraft.it\/ravaglioli.it\/wp-content\/uploads\/brb_media\/00509852_2-post-lifts-kpx32-35-mi-01-150x150.png","url":"https:\/\/dev.codekraft.it\/ravaglioli.it\/fr\/product\/pont-elevateur-a-2-colonnes-kpx35e\/"},{"id":156502,"mpn":"RAV.KPX35.199393","name":"Pont \u00e9l\u00e9vateur \u00e0 2 colonnes KPX35EV 400 V &#8211; 3 Ph &#8211; 50 Hz","description":"3,5 t, \u00e9lectrom\u00e9canique, asym\u00e9trique, colonnes tourn\u00e9es \u00e0 45\u00b0, bras EV, TEq-Link | 3 x 400 V \/ 50 Hz","thumbnail":"https:\/\/dev.codekraft.it\/ravaglioli.it\/wp-content\/uploads\/brb_media\/00521389_2-post-lift-kpx35ev-mi-01-150x150.png","url":"https:\/\/dev.codekraft.it\/ravaglioli.it\/fr\/product\/pont-elevateur-a-2-colonnes-kpx35ev-400-v-3-ph-50-hz\/"},{"id":156515,"mpn":"RAV.KPX35.198891","name":"Pont \u00e9l\u00e9vateur \u00e0 2 colonnes KPX35EEV","description":"3,5 t, \u00e9lectrom\u00e9canique, asym\u00e9trique, double panneau de commande, colonnes tourn\u00e9es \u00e0 45\u00b0, bras EV, TEq-Link, kit d'\u00e9nergie","thumbnail":"https:\/\/dev.codekraft.it\/ravaglioli.it\/wp-content\/uploads\/brb_media\/00510216_2-post-lift-kpx35ev-mi-150x150.png","url":"https:\/\/dev.codekraft.it\/ravaglioli.it\/fr\/product\/pont-elevateur-a-2-colonnes-kpx35eev\/"}],"page_logo_src":"https:\/\/dev.codekraft.it\/ravaglioli.it\/wp-content\/uploads\/2026\/04\/rav-negative-logo-1.png","lang":"fr","translations":{"fr":156543,"en":156535,"de":156542,"it":156544,"es":156545,"ru":156546},"pll_sync_post":[],"_links":{"self":[{"href":"https:\/\/dev.codekraft.it\/ravaglioli.it\/wp-json\/wp\/v2\/product\/156543","targetHints":{"allow":["GET"]}}],"collection":[{"href":"https:\/\/dev.codekraft.it\/ravaglioli.it\/wp-json\/wp\/v2\/product"}],"about":[{"href":"https:\/\/dev.codekraft.it\/ravaglioli.it\/wp-json\/wp\/v2\/types\/product"}],"wp:featuredmedia":[{"embeddable":true,"href":"https:\/\/dev.codekraft.it\/ravaglioli.it\/wp-json\/wp\/v2\/media\/82353"}],"wp:attachment":[{"href":"https:\/\/dev.codekraft.it\/ravaglioli.it\/wp-json\/wp\/v2\/media?parent=156543"}],"wp:term":[{"taxonomy":"product_brand","embeddable":true,"href":"https:\/\/dev.codekraft.it\/ravaglioli.it\/wp-json\/wp\/v2\/product_brand?post=156543"},{"taxonomy":"product_cat","embeddable":true,"href":"https:\/\/dev.codekraft.it\/ravaglioli.it\/wp-json\/wp\/v2\/product_cat?post=156543"},{"taxonomy":"product_tag","embeddable":true,"href":"https:\/\/dev.codekraft.it\/ravaglioli.it\/wp-json\/wp\/v2\/product_tag?post=156543"},{"taxonomy":"product_approvals","embeddable":true,"href":"https:\/\/dev.codekraft.it\/ravaglioli.it\/wp-json\/wp\/v2\/product_approvals?post=156543"},{"taxonomy":"product_application","embeddable":true,"href":"https:\/\/dev.codekraft.it\/ravaglioli.it\/wp-json\/wp\/v2\/product_application?post=156543"}],"curies":[{"name":"wp","href":"https:\/\/api.w.org\/{rel}","templated":true}]}}