{"id":156542,"date":"2025-08-05T09:51:50","date_gmt":"2025-08-05T08:51:50","guid":{"rendered":"https:\/\/dev.codekraft.it\/ravaglioli.it\/product\/2-saulen-hebebuhne-kpx35lle\/"},"modified":"2026-01-14T22:46:14","modified_gmt":"2026-01-14T22:46:14","slug":"2-saulen-hebebuhne-kpx35lle","status":"publish","type":"product","link":"https:\/\/dev.codekraft.it\/ravaglioli.it\/de\/product\/2-saulen-hebebuhne-kpx35lle\/","title":{"rendered":"2-S\u00e4ulen-Hebeb\u00fchne KPX35LLE"},"content":{"rendered":"<p>Legend Series &#8211; From History to the Future<\/p>\n<ul>\n<li>Modernes Design: eine moderne Gestaltung, die die Werkstatt in Sachen Stil und Benutzerfreundlichkeit auf den neuesten Stand bringt<\/li>\n<li>Innovative DNA: bew\u00e4hrte, hochwertige Komponenten, getestet mit 20000 Hub-Zyklen<\/li>\n<li>Zukunftssicher: die Hebeb\u00fchnen sind f\u00fcr das Werkstatt-Konnektivit\u00e4tssystem TEq-Link konzipiert<\/li>\n<\/ul>\n<p>Die aus den erfolgreichsten 2-S\u00e4ulen-Hebeb\u00fchnen hervorgegangene Legend-Serie verbindet das technische Know-how von Ravaglioli zu einem innovativen Angebot. Die Zukunft im Blick, aber die Vergangenheit stets w\u00fcrdigend, hat sich Ravaglioli ein wichtiges Ziel gesetzt: Die Leistung muss mit dem Design \u00fcbereinstimmen.<\/p>\n<ul>\n<li>Schnelle und einfache Bedienung: Der Arbeitsbereich ist frei von Hindernissen und s\u00e4mtliche Arbeiten k\u00f6nnen sicher und bequem durchgef\u00fchrt werden. &#8211; F\u00fcr schlechtere Bodenbeschaffenheiten sind St\u00fctzplatten als Zubeh\u00f6r erh\u00e4ltlich.<\/li>\n<li>Smarter und flexibler Aufbau: Bis zu 20 % k\u00fcrzere Installationszeit. Durch die elektronische Synchronisierung werden der Einbau und die Einstellung des Ausgleichsseils \u00fcberfl\u00fcssig. Die Hebeb\u00fchnen k\u00f6nnen durch die drei breitenverstellbaren Aufbaupositionen flexibel installiert werden.<\/li>\n<li>Minimale Wartungsanspr\u00fcche: Die Funktionsteile lassen sich leicht austauschen oder warten, wodurch die Gesamtbetriebskosten und das Risiko von St\u00f6rungen an sicherheitskritischen Komponenten reduziert werden.<\/li>\n<\/ul>\n<ul>\n<li>Hebeb\u00fchne f\u00fcr Supersportwagen<\/li>\n<li>Ausgestattet mit vier langen, zweistufigen, extrem niedrigen Tragarmen f\u00fcr einfaches Einf\u00fchren in den Unterboden<\/li>\n<li>Mindesth\u00f6he der Tragteller von 83 mm<\/li>\n<li>Tragarme aus Spezialstahl, mit einer H\u00f6he der ersten Stufe von nur 50 mm und einer H\u00f6he der zweiten Stufe von 65 mm parallel zum Boden &#8211;\u00a0Geeignet f\u00fcr Sportfahrzeuge<\/li>\n<\/ul>\n<ul>\n<li>Automatische Dauerschmierung der Muttern f\u00fcr eine wirksame Schmierung beim Hoch- und Runterfahren<\/li>\n<li>Spezielle Hochleistungsmotoren garantieren Leistung und lange Lebensdauer<\/li>\n<li>S\u00e4ule innen 2900 mm &#8211;\u00a0Mit dem optionalen Kit VSG.2CELM.902283 auf 3200 mm erweiterbar<\/li>\n<li>Automatische Armarretierung, erleichtert durch eine konische Geometrie<\/li>\n<li>Verschlei\u00dffeste Tragemutter aus Bronze f\u00fcr eine totale Garantie<\/li>\n<li>Gerollte Spindel aus geh\u00e4rtetem Stahl f\u00fcr eine lange Lebensdauer<\/li>\n<\/ul>\n","protected":false},"excerpt":{"rendered":"<p>3,5 t, elektromechanisch, symmetrisch, Tragarme f\u00fcr Supersportwagen, TEq-Link, Energie-Kit<\/p>\n","protected":false},"featured_media":82353,"template":"","meta":[],"product_brand":[],"product_cat":[57860],"product_tag":[58287],"product_approvals":[],"product_application":[],"class_list":{"0":"post-156542","1":"product","2":"type-product","3":"status-publish","4":"has-post-thumbnail","6":"product_cat-2-saulen-hebebuhnen-de","7":"product_tag-passenger-cars-de","9":"first","10":"instock","11":"shipping-taxable","12":"product-type-simple"},"approvals":[],"application":[],"brb_media_brochure":[{"id":76135,"url":"https:\/\/dev.codekraft.it\/ravaglioli.it\/wp-content\/uploads\/brb_media\/00510147_legend-series-end-user-flyer-de-2023-07-screen.pdf","title":"Legend series end user flyer de 2023 07 screen","mpn":"","thumbnail":"https:\/\/dev.codekraft.it\/ravaglioli.it\/wp-content\/uploads\/brb_media\/00510147_legend-series-end-user-flyer-de-2023-07-screen-pdf-106x150.png","description":""},{"id":76136,"url":"https:\/\/dev.codekraft.it\/ravaglioli.it\/wp-content\/uploads\/brb_media\/00510148_legend-series-end-user-flyer-en-2023-07-screen.pdf","title":"Legend series end user flyer en 2023 07 screen","mpn":"","thumbnail":"https:\/\/dev.codekraft.it\/ravaglioli.it\/wp-content\/uploads\/brb_media\/00510148_legend-series-end-user-flyer-en-2023-07-screen-pdf-106x150.png","description":""},{"id":76137,"url":"https:\/\/dev.codekraft.it\/ravaglioli.it\/wp-content\/uploads\/brb_media\/00510149_legend-series-end-user-flyer-fr-2023-07-screen.pdf","title":"Legend series end user flyer fr 2023 07 screen","mpn":"","thumbnail":"https:\/\/dev.codekraft.it\/ravaglioli.it\/wp-content\/uploads\/brb_media\/00510149_legend-series-end-user-flyer-fr-2023-07-screen-pdf-106x150.png","description":""},{"id":76138,"url":"https:\/\/dev.codekraft.it\/ravaglioli.it\/wp-content\/uploads\/brb_media\/00510150_legend-series-end-user-flyer-it-2023-07-screen.pdf","title":"Legend series end user flyer it 2023 07 screen","mpn":"","thumbnail":"https:\/\/dev.codekraft.it\/ravaglioli.it\/wp-content\/uploads\/brb_media\/00510150_legend-series-end-user-flyer-it-2023-07-screen-pdf-106x150.png","description":""},{"id":76139,"url":"https:\/\/dev.codekraft.it\/ravaglioli.it\/wp-content\/uploads\/brb_media\/00510151_legend-series-end-user-flyer-es-2023-07-screen.pdf","title":"Legend series end user flyer es 2023 07 screen","mpn":"","thumbnail":"https:\/\/dev.codekraft.it\/ravaglioli.it\/wp-content\/uploads\/brb_media\/00510151_legend-series-end-user-flyer-es-2023-07-screen-pdf-106x150.png","description":""},{"id":119210,"url":"https:\/\/dev.codekraft.it\/ravaglioli.it\/wp-content\/uploads\/brb_media\/00510153_legend-series-end-user-flyer-ru-2023-07-screen.pdf","title":"Legend series end user flyer ru 2023 07 screen","mpn":"","thumbnail":"https:\/\/dev.codekraft.it\/ravaglioli.it\/wp-content\/uploads\/brb_media\/00510153_legend-series-end-user-flyer-ru-2023-07-screen-pdf-106x150.png","description":""},{"id":156520,"url":"https:\/\/dev.codekraft.it\/ravaglioli.it\/wp-content\/uploads\/brb_media\/00511530_2-post-lifts-kpx32er-35lle-br-10-2023-de-screen.pdf","title":"2 post lifts KPX32ER 35LLE BR 10 2023 de screen","mpn":"","thumbnail":"https:\/\/dev.codekraft.it\/ravaglioli.it\/wp-content\/uploads\/brb_media\/00511530_2-post-lifts-kpx32er-35lle-br-10-2023-de-screen-pdf-106x150.png","description":""},{"id":156521,"url":"https:\/\/dev.codekraft.it\/ravaglioli.it\/wp-content\/uploads\/brb_media\/00511531_2-post-lifts-kpx32er-35lle-br-10-2023-en-screen.pdf","title":"2 post lifts KPX32ER 35LLE BR 10 2023 en screen","mpn":"","thumbnail":"https:\/\/dev.codekraft.it\/ravaglioli.it\/wp-content\/uploads\/brb_media\/00511531_2-post-lifts-kpx32er-35lle-br-10-2023-en-screen-pdf-106x150.png","description":""},{"id":156522,"url":"https:\/\/dev.codekraft.it\/ravaglioli.it\/wp-content\/uploads\/brb_media\/00511532_2-post-lifts-kpx32er-35lle-br-10-2023-fr-screen.pdf","title":"2 post lifts KPX32ER 35LLE BR 10 2023 fr screen","mpn":"","thumbnail":"https:\/\/dev.codekraft.it\/ravaglioli.it\/wp-content\/uploads\/brb_media\/00511532_2-post-lifts-kpx32er-35lle-br-10-2023-fr-screen-pdf-106x150.png","description":""},{"id":156523,"url":"https:\/\/dev.codekraft.it\/ravaglioli.it\/wp-content\/uploads\/brb_media\/00511533_2-post-lifts-kpx32er-35lle-br-10-2023-it-screen.pdf","title":"2 post lifts KPX32ER 35LLE BR 10 2023 it screen","mpn":"","thumbnail":"https:\/\/dev.codekraft.it\/ravaglioli.it\/wp-content\/uploads\/brb_media\/00511533_2-post-lifts-kpx32er-35lle-br-10-2023-it-screen-pdf-106x150.png","description":""},{"id":156524,"url":"https:\/\/dev.codekraft.it\/ravaglioli.it\/wp-content\/uploads\/brb_media\/00511534_2-post-lifts-kpx32er-35lle-br-10-2023-es-screen.pdf","title":"2 post lifts KPX32ER 35LLE BR 10 2023 es screen","mpn":"","thumbnail":"https:\/\/dev.codekraft.it\/ravaglioli.it\/wp-content\/uploads\/brb_media\/00511534_2-post-lifts-kpx32er-35lle-br-10-2023-es-screen-pdf-106x150.png","description":""},{"id":156525,"url":"https:\/\/dev.codekraft.it\/ravaglioli.it\/wp-content\/uploads\/brb_media\/00511535_2-post-lifts-kpx32er-35lle-br-10-2023-ru-screen.pdf","title":"2 post lifts KPX32ER 35LLE BR 10 2023 ru screen","mpn":"","thumbnail":"https:\/\/dev.codekraft.it\/ravaglioli.it\/wp-content\/uploads\/brb_media\/00511535_2-post-lifts-kpx32er-35lle-br-10-2023-ru-screen-pdf-106x150.png","description":""}],"brb_media_drawing":[{"id":82361,"url":"https:\/\/dev.codekraft.it\/ravaglioli.it\/wp-content\/uploads\/brb_media\/00510246_2-post-lift-kpx35lle-td-0473_0712_0_02-en-2022-05.pdf","title":"2 post lift KPX35LLE TD 0473 0712 0 02 en 2022 05","mpn":"","thumbnail":"https:\/\/dev.codekraft.it\/ravaglioli.it\/wp-content\/uploads\/brb_media\/00510246_2-post-lift-kpx35lle-td-0473_0712_0_02-en-2022-05-pdf-150x107.png","description":""}],"brb_media_manuals":[{"id":149933,"url":"https:\/\/dev.codekraft.it\/ravaglioli.it\/wp-content\/uploads\/brb_media\/00535682_2-post-lifts-symmetrical_lifts-p-united_im-0473m0120-rev2-zuffa-multi-2024-12.pdf","title":"2 post lifts symmetrical lifts p united im 0473m0120 rev2 zuffa multi 2024 12","mpn":"","thumbnail":"https:\/\/dev.codekraft.it\/ravaglioli.it\/wp-content\/uploads\/brb_media\/00535682_2-post-lifts-symmetrical_lifts-p-united_im-0473m0120-rev2-zuffa-multi-2024-12-pdf-106x150.png","description":""}],"brb_media_safety_datasheets":"","brb_media_spare_parts":[],"_cdmm_p_id":"502956","_company":"Ravaglioli","_gtin":"5063084199294","accessories":[{"id":154699,"mpn":"VSG.2CALL.902641","name":"Werkzeug-Ablageschalen","description":"Magnetisch | 1 Satz \/ 2 St\u00fcck","thumbnail":"https:\/\/dev.codekraft.it\/ravaglioli.it\/wp-content\/uploads\/brb_media\/00509504_2-post-lift-vsg2call902641-mi-150x150.png","url":"https:\/\/dev.codekraft.it\/ravaglioli.it\/de\/product\/werkzeug-ablageschalen\/"},{"id":155968,"mpn":"VSG.2CALL.901071","name":"Adapterverl\u00e4ngerungen f\u00fcr elektromechanische Hebeb\u00fchnen","description":"4 x 89 mm, 4 x 127 mm, inkl. 2 Halterungen zur Montage an den S\u00e4ulen | 1 Satz \/ 8 St\u00fcck","thumbnail":"https:\/\/dev.codekraft.it\/ravaglioli.it\/wp-content\/uploads\/brb_media\/00508736_2-post-lift-vsg2call901071-mi-150x150.png","url":"https:\/\/dev.codekraft.it\/ravaglioli.it\/de\/product\/adapterverlangerungen-fur-elektromechanische-hebebuhnen\/"},{"id":155974,"mpn":"VSG.2CALL.901248","name":"Adapterverl\u00e4ngerungen","description":"4 x 200 mm, inkl. Halterung zur Montage an den S\u00e4ulen | 1 Satz \/ 4 St\u00fcck","thumbnail":"https:\/\/dev.codekraft.it\/ravaglioli.it\/wp-content\/uploads\/brb_media\/00505099_2-post-lift-vsg2call901248-mi-150x150.png","url":"https:\/\/dev.codekraft.it\/ravaglioli.it\/de\/product\/adapterverlangerungen\/"},{"id":155998,"mpn":"VSG.2CELM.901927","name":"Montagevorrichtung","description":"3,2 t - 4,2 t | f\u00fcr eine leichtere Montage der Hebeb\u00fchne, kann auch f\u00fcr andere Installationen wiederverwendet werden | 1 Satz","thumbnail":"https:\/\/dev.codekraft.it\/ravaglioli.it\/wp-content\/uploads\/brb_media\/00512726_2-post-lift-vsg2celm901927-mi-01-150x150.png","url":"https:\/\/dev.codekraft.it\/ravaglioli.it\/de\/product\/montagevorrichtung-4\/"},{"id":155980,"mpn":"VSG.2CALL.901163","name":"Adapter-Satz","description":"Adapter-Satz f\u00fcr Tragteller zur Rahmenaufnahme \u00d8 120 mm (1 Satz, 2 St.)","thumbnail":"https:\/\/dev.codekraft.it\/ravaglioli.it\/wp-content\/uploads\/brb_media\/00524050_2-post-lift-fj6353-1-mi-150x150.png","url":"https:\/\/dev.codekraft.it\/ravaglioli.it\/de\/product\/adapter-satz\/"},{"id":155992,"mpn":"VSG.2CELM.902344","name":"Galgenerh\u00f6hung","description":"Bausatz zur Erh\u00f6hung der Oberleitungskabeldurchf\u00fchrung um bis zu +1,5 m | f\u00fcr Spindelb\u00fchnen | 1 Satz","thumbnail":"https:\/\/dev.codekraft.it\/ravaglioli.it\/wp-content\/uploads\/brb_media\/00509506_2-post-lift-vsg2celm902344-mi-150x150.png","url":"https:\/\/dev.codekraft.it\/ravaglioli.it\/de\/product\/galgenerhohung\/"},{"id":155986,"mpn":"VSG.2CALL.901378","name":"St\u00fctzplatten","description":"3,5 t | erm\u00f6glichen die Installation auf B\u00f6den mit geringer Tragf\u00e4higkeit oder geringer Betondicke | 1 Satz \/ 2 St\u00fcck","thumbnail":"https:\/\/dev.codekraft.it\/ravaglioli.it\/wp-content\/uploads\/brb_media\/00533778_2-post-lift-vsg-2call-901378-mi-150x150.png","url":"https:\/\/dev.codekraft.it\/ravaglioli.it\/de\/product\/stutzplatten-2\/"},{"id":154687,"mpn":"VSG.2CALL.902818","name":"Rampen","description":"Rampenh\u00f6he 60 mm, f\u00fcr extrem niedrige Fahrzeuge | 1 Satz \/ 4 St\u00fcck","thumbnail":"https:\/\/dev.codekraft.it\/ravaglioli.it\/wp-content\/uploads\/brb_media\/00509501_2-post-lift-vsg2call902818-mi-150x150.png","url":"https:\/\/dev.codekraft.it\/ravaglioli.it\/de\/product\/rampen\/"},{"id":154693,"mpn":"VSG.2CALL.902085","name":"Achsmessb\u00f6cke","description":"1 Satz \/ 4 St\u00fcck","thumbnail":"https:\/\/dev.codekraft.it\/ravaglioli.it\/wp-content\/uploads\/brb_media\/00509503_2-post-lift-vsg2call902085-mi-150x150.png","url":"https:\/\/dev.codekraft.it\/ravaglioli.it\/de\/product\/achsmessbocke\/"},{"id":156483,"mpn":"VSG.2CELM.902283","name":"Verbreiterungs-Kit","description":"F\u00fcr 2-S\u00e4ulen-Hebeb\u00fchne KPX35LLE | erm\u00f6glicht die Verbreiterung der S\u00e4ulen bis auf 3200 mm","thumbnail":"https:\/\/dev.codekraft.it\/ravaglioli.it\/wp-content\/uploads\/brb_media\/00510158_2-post-lift-vsg2celm902283-mi-150x150.png","url":"https:\/\/dev.codekraft.it\/ravaglioli.it\/de\/product\/verbreiterungs-kit\/"}],"components":[],"delivery":[],"package":[],"related":[],"similar":[{"id":156052,"mpn":"RAV.KPX35.199010","name":"2-S\u00e4ulen-Hebeb\u00fchne KPX35","description":"3,5 t, elektromechanisch, asymmetrisch, 45\u00b0 gedrehte S\u00e4ulen, lange 2-teilige Tragarme, kurze 3-teilige Tragarme, TEq-Link","thumbnail":"https:\/\/dev.codekraft.it\/ravaglioli.it\/wp-content\/uploads\/brb_media\/00509852_2-post-lifts-kpx32-35-mi-01-150x150.png","url":"https:\/\/dev.codekraft.it\/ravaglioli.it\/de\/product\/2-saulen-hebebuhne-kpx35\/"},{"id":156058,"mpn":"RAV.KPX35.199157","name":"2-S\u00e4ulen-Hebeb\u00fchne KPX35E","description":"3,5 t, elektromechanisch, asymmetrisch, 45\u00b0 gedrehte S\u00e4ulen, lange 2-teilige Tragarme, kurze 3-teilige Tragarme, TEq-Link, Energy Kit","thumbnail":"https:\/\/dev.codekraft.it\/ravaglioli.it\/wp-content\/uploads\/brb_media\/00509852_2-post-lifts-kpx32-35-mi-01-150x150.png","url":"https:\/\/dev.codekraft.it\/ravaglioli.it\/de\/product\/2-saulen-hebebuhne-kpx35e\/"},{"id":156501,"mpn":"RAV.KPX35.199393","name":"2-S\u00e4ulen-Hebeb\u00fchne KPX35EV 400 V &#8211; 3 Ph &#8211; 50 Hz","description":"3,5 t, elektromechanisch, asymmetrisch, 45\u00b0 gedrehte S\u00e4ulen, EV-Arme, TEq-Link | 3 x 400 V \/ 50 Hz","thumbnail":"https:\/\/dev.codekraft.it\/ravaglioli.it\/wp-content\/uploads\/brb_media\/00521389_2-post-lift-kpx35ev-mi-01-150x150.png","url":"https:\/\/dev.codekraft.it\/ravaglioli.it\/de\/product\/2-saulen-hebebuhne-kpx35ev-400-v-3-ph-50-hz\/"},{"id":156514,"mpn":"RAV.KPX35.198891","name":"2-S\u00e4ulen-Hebeb\u00fchne KPX35EEV","description":"3,5 t, elektromechanisch, asymmetrisch, Doppelsteuerpult, 45\u00b0 gedrehte S\u00e4ulen, EV-Arme, TEq-Link, Energie-Kit","thumbnail":"https:\/\/dev.codekraft.it\/ravaglioli.it\/wp-content\/uploads\/brb_media\/00510216_2-post-lift-kpx35ev-mi-150x150.png","url":"https:\/\/dev.codekraft.it\/ravaglioli.it\/de\/product\/2-saulen-hebebuhne-kpx35eev\/"}],"page_logo_src":"https:\/\/dev.codekraft.it\/ravaglioli.it\/wp-content\/uploads\/2026\/04\/rav-negative-logo-1.png","lang":"de","translations":{"de":156542,"en":156535,"fr":156543,"it":156544,"es":156545,"ru":156546},"pll_sync_post":[],"_links":{"self":[{"href":"https:\/\/dev.codekraft.it\/ravaglioli.it\/wp-json\/wp\/v2\/product\/156542","targetHints":{"allow":["GET"]}}],"collection":[{"href":"https:\/\/dev.codekraft.it\/ravaglioli.it\/wp-json\/wp\/v2\/product"}],"about":[{"href":"https:\/\/dev.codekraft.it\/ravaglioli.it\/wp-json\/wp\/v2\/types\/product"}],"wp:featuredmedia":[{"embeddable":true,"href":"https:\/\/dev.codekraft.it\/ravaglioli.it\/wp-json\/wp\/v2\/media\/82353"}],"wp:attachment":[{"href":"https:\/\/dev.codekraft.it\/ravaglioli.it\/wp-json\/wp\/v2\/media?parent=156542"}],"wp:term":[{"taxonomy":"product_brand","embeddable":true,"href":"https:\/\/dev.codekraft.it\/ravaglioli.it\/wp-json\/wp\/v2\/product_brand?post=156542"},{"taxonomy":"product_cat","embeddable":true,"href":"https:\/\/dev.codekraft.it\/ravaglioli.it\/wp-json\/wp\/v2\/product_cat?post=156542"},{"taxonomy":"product_tag","embeddable":true,"href":"https:\/\/dev.codekraft.it\/ravaglioli.it\/wp-json\/wp\/v2\/product_tag?post=156542"},{"taxonomy":"product_approvals","embeddable":true,"href":"https:\/\/dev.codekraft.it\/ravaglioli.it\/wp-json\/wp\/v2\/product_approvals?post=156542"},{"taxonomy":"product_application","embeddable":true,"href":"https:\/\/dev.codekraft.it\/ravaglioli.it\/wp-json\/wp\/v2\/product_application?post=156542"}],"curies":[{"name":"wp","href":"https:\/\/api.w.org\/{rel}","templated":true}]}}