{"id":156533,"date":"2025-08-05T09:51:50","date_gmt":"2025-08-05T08:51:50","guid":{"rendered":"https:\/\/dev.codekraft.it\/ravaglioli.it\/product\/elevador-de-2-columnas-kpx32er\/"},"modified":"2026-01-14T22:44:32","modified_gmt":"2026-01-14T22:44:32","slug":"elevador-de-2-columnas-kpx32er","status":"publish","type":"product","link":"https:\/\/dev.codekraft.it\/ravaglioli.it\/es\/product\/elevador-de-2-columnas-kpx32er\/","title":{"rendered":"Elevador de 2 columnas KPX32ER"},"content":{"rendered":"<p>Legend Series &#8211; From History to the Future<\/p>\n<ul>\n<li>Dise\u00f1o actualizado: una l\u00ednea moderna que aporta modernidad y usabilidad al taller<\/li>\n<li>ADN innovador: componentes de alta calidad de larga duraci\u00f3n y testados durante 20000 ciclos<\/li>\n<li>Preparados para el futuro: elevadores dise\u00f1ados para el sistema de conectividad del taller TEq-Link<\/li>\n<\/ul>\n<p>Nacida de los elevadores de 2 columnas m\u00e1s vendidos y m\u00e1s demandados, la Legend Series re\u00fane los conocimientos de ingenier\u00eda de Ravaglioli para darles forma en un paquete innovador. Mirando hacia el futuro, pero siempre haciendo honor al pasado, Ravaglioli se ha fijado un importante objetivo: que el rendimiento y el dise\u00f1o vayan de la mano.<\/p>\n<ul>\n<li>Operaciones r\u00e1pidas y sencillas: El puesto de trabajo no presenta obst\u00e1culos y se realizan todas las operaciones con seguridad y comodidad. &#8211;\u00a0Disponibles bajo pedido un par de planchas para suelos que no cumplan con los requisitos para la instalaci\u00f3n.<\/li>\n<li>Instalaci\u00f3n inteligente y flexible: Una mejora de hasta el 20 % en el tiempo de instalaci\u00f3n. Gracias a la sincronizaci\u00f3n electr\u00f3nica, se evita la instalaci\u00f3n y el ajuste del cable de sincronizaci\u00f3n. Los elevadores pueden instalarse con flexibilidad gracias a las tres posiciones ajustables en anchura.<\/li>\n<li>Mantenimiento rutinario m\u00ednimo: Los componentes est\u00e1n dise\u00f1ados para facilitar la sustituci\u00f3n el mantenimiento, lo que reduce el coste de propiedad y el riesgo de fallos en los componentes cruciales para la seguridad.<\/li>\n<\/ul>\n<ul>\n<li>Brazos extremadamente bajos y de perfil paralelo al suelo<\/li>\n<li>Tacos de doble extensi\u00f3n con una altura m\u00ednima de s\u00f3lo 80 mm<\/li>\n<\/ul>\n<ul>\n<li>Lubricaci\u00f3n permanente y autom\u00e1tica de las tuercas para garantizar un funcionamiento eficaz durante el movimiento de subida y bajada<\/li>\n<li>Motor especial de alto rendimiento para garantizar potencia y duraci\u00f3n en el tiempo<\/li>\n<li>Interior de la columna de 2900 mm<\/li>\n<li>Bloqueo de brazos autom\u00e1tico y desenganche de brazos autom\u00e1ticamente del suelo<\/li>\n<li>Geometr\u00eda c\u00f3nica con efecto auto bloqueador<\/li>\n<li>Tuerca principal en bronce, de alta resistencia al desgaste, para garantizar la seguridad total<\/li>\n<li>Columnas asim\u00e9tricas dise\u00f1adas para optimizar el paso del veh\u00edculo y el espacio en el taller<\/li>\n<li>Husillo de acero de alta resistencia, rosca fabricada en frio con rodillos, para garantizar la m\u00e1xima duraci\u00f3n en el tiempo<\/li>\n<\/ul>\n","protected":false},"excerpt":{"rendered":"<p>3,2 t, electromec\u00e1nico, columnas giradas 45\u00b0, brazos sim\u00e9tricos extremadamente bajos, TEq-Link, kit de energ\u00eda<\/p>\n","protected":false},"featured_media":76176,"template":"","meta":[],"product_brand":[],"product_cat":[57902],"product_tag":[58296],"product_approvals":[],"product_application":[],"class_list":{"0":"post-156533","1":"product","2":"type-product","3":"status-publish","4":"has-post-thumbnail","6":"product_cat-elevadores-de-2-columnas-es","7":"product_tag-passenger-cars-es","9":"first","10":"instock","11":"shipping-taxable","12":"product-type-simple"},"approvals":[],"application":[],"brb_media_brochure":[{"id":156520,"url":"https:\/\/dev.codekraft.it\/ravaglioli.it\/wp-content\/uploads\/brb_media\/00511530_2-post-lifts-kpx32er-35lle-br-10-2023-de-screen.pdf","title":"2 post lifts KPX32ER 35LLE BR 10 2023 de screen","mpn":"","thumbnail":"https:\/\/dev.codekraft.it\/ravaglioli.it\/wp-content\/uploads\/brb_media\/00511530_2-post-lifts-kpx32er-35lle-br-10-2023-de-screen-pdf-106x150.png","description":""},{"id":156521,"url":"https:\/\/dev.codekraft.it\/ravaglioli.it\/wp-content\/uploads\/brb_media\/00511531_2-post-lifts-kpx32er-35lle-br-10-2023-en-screen.pdf","title":"2 post lifts KPX32ER 35LLE BR 10 2023 en screen","mpn":"","thumbnail":"https:\/\/dev.codekraft.it\/ravaglioli.it\/wp-content\/uploads\/brb_media\/00511531_2-post-lifts-kpx32er-35lle-br-10-2023-en-screen-pdf-106x150.png","description":""},{"id":156522,"url":"https:\/\/dev.codekraft.it\/ravaglioli.it\/wp-content\/uploads\/brb_media\/00511532_2-post-lifts-kpx32er-35lle-br-10-2023-fr-screen.pdf","title":"2 post lifts KPX32ER 35LLE BR 10 2023 fr screen","mpn":"","thumbnail":"https:\/\/dev.codekraft.it\/ravaglioli.it\/wp-content\/uploads\/brb_media\/00511532_2-post-lifts-kpx32er-35lle-br-10-2023-fr-screen-pdf-106x150.png","description":""},{"id":156523,"url":"https:\/\/dev.codekraft.it\/ravaglioli.it\/wp-content\/uploads\/brb_media\/00511533_2-post-lifts-kpx32er-35lle-br-10-2023-it-screen.pdf","title":"2 post lifts KPX32ER 35LLE BR 10 2023 it screen","mpn":"","thumbnail":"https:\/\/dev.codekraft.it\/ravaglioli.it\/wp-content\/uploads\/brb_media\/00511533_2-post-lifts-kpx32er-35lle-br-10-2023-it-screen-pdf-106x150.png","description":""},{"id":156524,"url":"https:\/\/dev.codekraft.it\/ravaglioli.it\/wp-content\/uploads\/brb_media\/00511534_2-post-lifts-kpx32er-35lle-br-10-2023-es-screen.pdf","title":"2 post lifts KPX32ER 35LLE BR 10 2023 es screen","mpn":"","thumbnail":"https:\/\/dev.codekraft.it\/ravaglioli.it\/wp-content\/uploads\/brb_media\/00511534_2-post-lifts-kpx32er-35lle-br-10-2023-es-screen-pdf-106x150.png","description":""},{"id":156525,"url":"https:\/\/dev.codekraft.it\/ravaglioli.it\/wp-content\/uploads\/brb_media\/00511535_2-post-lifts-kpx32er-35lle-br-10-2023-ru-screen.pdf","title":"2 post lifts KPX32ER 35LLE BR 10 2023 ru screen","mpn":"","thumbnail":"https:\/\/dev.codekraft.it\/ravaglioli.it\/wp-content\/uploads\/brb_media\/00511535_2-post-lifts-kpx32er-35lle-br-10-2023-ru-screen-pdf-106x150.png","description":""},{"id":76135,"url":"https:\/\/dev.codekraft.it\/ravaglioli.it\/wp-content\/uploads\/brb_media\/00510147_legend-series-end-user-flyer-de-2023-07-screen.pdf","title":"Legend series end user flyer de 2023 07 screen","mpn":"","thumbnail":"https:\/\/dev.codekraft.it\/ravaglioli.it\/wp-content\/uploads\/brb_media\/00510147_legend-series-end-user-flyer-de-2023-07-screen-pdf-106x150.png","description":""},{"id":76136,"url":"https:\/\/dev.codekraft.it\/ravaglioli.it\/wp-content\/uploads\/brb_media\/00510148_legend-series-end-user-flyer-en-2023-07-screen.pdf","title":"Legend series end user flyer en 2023 07 screen","mpn":"","thumbnail":"https:\/\/dev.codekraft.it\/ravaglioli.it\/wp-content\/uploads\/brb_media\/00510148_legend-series-end-user-flyer-en-2023-07-screen-pdf-106x150.png","description":""},{"id":76137,"url":"https:\/\/dev.codekraft.it\/ravaglioli.it\/wp-content\/uploads\/brb_media\/00510149_legend-series-end-user-flyer-fr-2023-07-screen.pdf","title":"Legend series end user flyer fr 2023 07 screen","mpn":"","thumbnail":"https:\/\/dev.codekraft.it\/ravaglioli.it\/wp-content\/uploads\/brb_media\/00510149_legend-series-end-user-flyer-fr-2023-07-screen-pdf-106x150.png","description":""},{"id":76138,"url":"https:\/\/dev.codekraft.it\/ravaglioli.it\/wp-content\/uploads\/brb_media\/00510150_legend-series-end-user-flyer-it-2023-07-screen.pdf","title":"Legend series end user flyer it 2023 07 screen","mpn":"","thumbnail":"https:\/\/dev.codekraft.it\/ravaglioli.it\/wp-content\/uploads\/brb_media\/00510150_legend-series-end-user-flyer-it-2023-07-screen-pdf-106x150.png","description":""},{"id":76139,"url":"https:\/\/dev.codekraft.it\/ravaglioli.it\/wp-content\/uploads\/brb_media\/00510151_legend-series-end-user-flyer-es-2023-07-screen.pdf","title":"Legend series end user flyer es 2023 07 screen","mpn":"","thumbnail":"https:\/\/dev.codekraft.it\/ravaglioli.it\/wp-content\/uploads\/brb_media\/00510151_legend-series-end-user-flyer-es-2023-07-screen-pdf-106x150.png","description":""},{"id":119210,"url":"https:\/\/dev.codekraft.it\/ravaglioli.it\/wp-content\/uploads\/brb_media\/00510153_legend-series-end-user-flyer-ru-2023-07-screen.pdf","title":"Legend series end user flyer ru 2023 07 screen","mpn":"","thumbnail":"https:\/\/dev.codekraft.it\/ravaglioli.it\/wp-content\/uploads\/brb_media\/00510153_legend-series-end-user-flyer-ru-2023-07-screen-pdf-106x150.png","description":""}],"brb_media_drawing":[{"id":88557,"url":"https:\/\/dev.codekraft.it\/ravaglioli.it\/wp-content\/uploads\/brb_media\/00510245_2-post-lift-kpx32er-td-0473_0709_0_02-en-2023-07.pdf","title":"2 post lift KPX32ER TD 0473 0709 0 02 en 2023 07","mpn":"","thumbnail":"https:\/\/dev.codekraft.it\/ravaglioli.it\/wp-content\/uploads\/brb_media\/00510245_2-post-lift-kpx32er-td-0473_0709_0_02-en-2023-07-pdf-150x107.png","description":""}],"brb_media_manuals":[{"id":76140,"url":"https:\/\/dev.codekraft.it\/ravaglioli.it\/wp-content\/uploads\/brb_media\/00510232_2-post-lifts-kpx32_kpx35-im-0473-m001-0-rev2-multi-2023-06.pdf","title":"2 post lifts KPX32 KPX35 IM 0473 M001 0 rev2 multi 2023 06","mpn":"","thumbnail":"https:\/\/dev.codekraft.it\/ravaglioli.it\/wp-content\/uploads\/brb_media\/00510232_2-post-lifts-kpx32_kpx35-im-0473-m001-0-rev2-multi-2023-06-pdf-106x150.png","description":""}],"brb_media_safety_datasheets":"","brb_media_spare_parts":[],"_cdmm_p_id":"502955","_company":"Ravaglioli","_gtin":"5063084198815","accessories":[{"id":154702,"mpn":"VSG.2CALL.902641","name":"Bandejas para herramientas","description":"Magn\u00e9tico | 1 juego \/ 2 piezas","thumbnail":"https:\/\/dev.codekraft.it\/ravaglioli.it\/wp-content\/uploads\/brb_media\/00509504_2-post-lift-vsg2call902641-mi-150x150.png","url":"https:\/\/dev.codekraft.it\/ravaglioli.it\/es\/product\/bandejas-para-herramientas\/"},{"id":155971,"mpn":"VSG.2CALL.901071","name":"Extensiones de adaptadores para elevadores electromec\u00e1nicos","description":"4 x 89 mm, 4 x 127 mm, incl. 2 soportes para montaje en los pilares | 1 juego \/ 8 piezas","thumbnail":"https:\/\/dev.codekraft.it\/ravaglioli.it\/wp-content\/uploads\/brb_media\/00508736_2-post-lift-vsg2call901071-mi-150x150.png","url":"https:\/\/dev.codekraft.it\/ravaglioli.it\/es\/product\/extensiones-de-adaptadores-para-elevadores-electromecanicos\/"},{"id":155977,"mpn":"VSG.2CALL.901248","name":"Extensiones de adaptadores","description":"4 x 200 mm, incl. soporte para montaje en los pilares | 1 juego \/ 4 pieza","thumbnail":"https:\/\/dev.codekraft.it\/ravaglioli.it\/wp-content\/uploads\/brb_media\/00505099_2-post-lift-vsg2call901248-mi-150x150.png","url":"https:\/\/dev.codekraft.it\/ravaglioli.it\/es\/product\/extensiones-de-adaptadores\/"},{"id":156001,"mpn":"VSG.2CELM.901927","name":"C\u00e1ncamo para el desplazamiento de las columnas","description":"3,5 t - 4,2 t | Facilita la instalaci\u00f3n del elevador, reutilizable para otras instalaciones | 1 juego","thumbnail":"https:\/\/dev.codekraft.it\/ravaglioli.it\/wp-content\/uploads\/brb_media\/00512726_2-post-lift-vsg2celm901927-mi-01-150x150.png","url":"https:\/\/dev.codekraft.it\/ravaglioli.it\/es\/product\/cancamo-para-el-desplazamiento-de-las-columnas-2\/"},{"id":155983,"mpn":"VSG.2CALL.901163","name":"Juego de adaptadores","description":"Juego de adaptadores para tacos para levantamiento del chasis \u00d8 120 mm (1 juego con 2 unidades), para plataforma giratoria","thumbnail":"https:\/\/dev.codekraft.it\/ravaglioli.it\/wp-content\/uploads\/brb_media\/00524050_2-post-lift-fj6353-1-mi-150x150.png","url":"https:\/\/dev.codekraft.it\/ravaglioli.it\/es\/product\/juego-de-adaptadores\/"},{"id":155995,"mpn":"VSG.2CELM.902344","name":"Ajuste de altura del travesa\u00f1o","description":"Juego de aumentode la altura del tendido de cables a\u00e9reo hasta  +1,5 m | para plataformas de husillo | 1 juego","thumbnail":"https:\/\/dev.codekraft.it\/ravaglioli.it\/wp-content\/uploads\/brb_media\/00509506_2-post-lift-vsg2celm902344-mi-150x150.png","url":"https:\/\/dev.codekraft.it\/ravaglioli.it\/es\/product\/ajuste-de-altura-del-travesano\/"},{"id":155989,"mpn":"VSG.2CALL.901378","name":"Juego de placas estabilizadoras","description":"3,5 t | permite la instalaci\u00f3n del elevador incluso en calidades del hormig\u00f3n inferiores a las requeridas| 1 juego \/ 2 piezas","thumbnail":"https:\/\/dev.codekraft.it\/ravaglioli.it\/wp-content\/uploads\/brb_media\/00533778_2-post-lift-vsg-2call-901378-mi-150x150.png","url":"https:\/\/dev.codekraft.it\/ravaglioli.it\/es\/product\/juego-de-placas-estabilizadoras\/"},{"id":154690,"mpn":"VSG.2CALL.902818","name":"Juego de rampitas","description":"Altura de rampa 60 mm, para veh\u00edculos extremadamente bajos | 1 juego \/ 2 piezas","thumbnail":"https:\/\/dev.codekraft.it\/ravaglioli.it\/wp-content\/uploads\/brb_media\/00509501_2-post-lift-vsg2call902818-mi-150x150.png","url":"https:\/\/dev.codekraft.it\/ravaglioli.it\/es\/product\/juego-de-rampitas\/"},{"id":154696,"mpn":"VSG.2CALL.902085","name":"Soportes de alineaci\u00f3n de ruedas","description":"1 juego \/ 4 piezas","thumbnail":"https:\/\/dev.codekraft.it\/ravaglioli.it\/wp-content\/uploads\/brb_media\/00509503_2-post-lift-vsg2call902085-mi-150x150.png","url":"https:\/\/dev.codekraft.it\/ravaglioli.it\/es\/product\/soportes-de-alineacion-de-ruedas\/"},{"id":157045,"mpn":"VSG.2CALL.902276","name":"Juego de tacos","description":"Placa de soporte, almohadilla de goma, ajustable - para posicionamiento r\u00e1pida en 4 alturas | 4 niveles | 1 juego \/ 4 piezas","thumbnail":"https:\/\/dev.codekraft.it\/ravaglioli.it\/wp-content\/uploads\/brb_media\/00533780_2-post-lift-VSG-2CALL-902276-MI-01-150x150.png","url":"https:\/\/dev.codekraft.it\/ravaglioli.it\/es\/product\/juego-de-tacos\/"},{"id":156601,"mpn":"VSG.2CALL.901361","name":"Placas estabilizadoras","description":"3,2 t | permite la instalaci\u00f3n del elevador incluso en calidades del hormig\u00f3n inferiores a las requeridas | 1 juego \/ 2 piezas","thumbnail":"https:\/\/dev.codekraft.it\/ravaglioli.it\/wp-content\/uploads\/brb_media\/00533777_2-post-lift-vsg-2call-901361-mi-150x150.png","url":"https:\/\/dev.codekraft.it\/ravaglioli.it\/es\/product\/placas-estabilizadoras-2\/"}],"components":[],"delivery":[],"package":[],"related":[],"similar":[{"id":156043,"mpn":"RAV.KPX32.198570","name":"Elevador de 2 columnas KPX32","description":"3,2 t, electromec\u00e1nico, asim\u00e9trico, columnas giradas 45\u00b0, brazos largos de 2 secciones, brazos cortos de 3 secciones, Teq-Link","thumbnail":"https:\/\/dev.codekraft.it\/ravaglioli.it\/wp-content\/uploads\/brb_media\/00509852_2-post-lifts-kpx32-35-mi-01-150x150.png","url":"https:\/\/dev.codekraft.it\/ravaglioli.it\/es\/product\/elevador-de-2-columnas-kpx32\/"},{"id":156049,"mpn":"RAV.KPX32.198624","name":"Elevador de 2 columnas KPX32P 400 V &#8211; 3 Ph &#8211; 50 Hz","description":"3,2 t, electromec\u00e1nico, asim\u00e9trico, columnas giradas 45\u00b0, brazos largos de 2 secciones, brazos cortos de 3 secciones, TEq-Link, kit de energ\u00eda","thumbnail":"https:\/\/dev.codekraft.it\/ravaglioli.it\/wp-content\/uploads\/brb_media\/00509852_2-post-lifts-kpx32-35-mi-01-150x150.png","url":"https:\/\/dev.codekraft.it\/ravaglioli.it\/es\/product\/elevador-de-2-columnas-kpx32p-400-v-3-ph-50-hz\/"},{"id":152169,"mpn":"RAV.KPX32.198785","name":"Elevador de 2 columnas KPX32P 230 V &#8211; 3 Ph &#8211; 50 Hz","description":"3,2 t, electromec\u00e1nico, asim\u00e9trico, columnas giradas 45\u00b0, brazos largos de 2 secciones, brazos cortos de 3 secciones, TEq-Link, kit de energ\u00eda | 3 x 230 V \/ 50 Hz","thumbnail":"https:\/\/dev.codekraft.it\/ravaglioli.it\/wp-content\/uploads\/brb_media\/00509852_2-post-lifts-kpx32-35-mi-01-150x150.png","url":"https:\/\/dev.codekraft.it\/ravaglioli.it\/es\/product\/elevador-de-2-columnas-kpx32p-230-v-3-ph-50-hz\/"}],"page_logo_src":"https:\/\/dev.codekraft.it\/ravaglioli.it\/wp-content\/uploads\/2026\/04\/rav-negative-logo-1.png","lang":"es","translations":{"es":156533,"en":156519,"de":156530,"fr":156531,"it":156532,"ru":156534},"pll_sync_post":[],"_links":{"self":[{"href":"https:\/\/dev.codekraft.it\/ravaglioli.it\/wp-json\/wp\/v2\/product\/156533","targetHints":{"allow":["GET"]}}],"collection":[{"href":"https:\/\/dev.codekraft.it\/ravaglioli.it\/wp-json\/wp\/v2\/product"}],"about":[{"href":"https:\/\/dev.codekraft.it\/ravaglioli.it\/wp-json\/wp\/v2\/types\/product"}],"wp:featuredmedia":[{"embeddable":true,"href":"https:\/\/dev.codekraft.it\/ravaglioli.it\/wp-json\/wp\/v2\/media\/76176"}],"wp:attachment":[{"href":"https:\/\/dev.codekraft.it\/ravaglioli.it\/wp-json\/wp\/v2\/media?parent=156533"}],"wp:term":[{"taxonomy":"product_brand","embeddable":true,"href":"https:\/\/dev.codekraft.it\/ravaglioli.it\/wp-json\/wp\/v2\/product_brand?post=156533"},{"taxonomy":"product_cat","embeddable":true,"href":"https:\/\/dev.codekraft.it\/ravaglioli.it\/wp-json\/wp\/v2\/product_cat?post=156533"},{"taxonomy":"product_tag","embeddable":true,"href":"https:\/\/dev.codekraft.it\/ravaglioli.it\/wp-json\/wp\/v2\/product_tag?post=156533"},{"taxonomy":"product_approvals","embeddable":true,"href":"https:\/\/dev.codekraft.it\/ravaglioli.it\/wp-json\/wp\/v2\/product_approvals?post=156533"},{"taxonomy":"product_application","embeddable":true,"href":"https:\/\/dev.codekraft.it\/ravaglioli.it\/wp-json\/wp\/v2\/product_application?post=156533"}],"curies":[{"name":"wp","href":"https:\/\/api.w.org\/{rel}","templated":true}]}}