{"id":156517,"date":"2025-11-12T11:37:13","date_gmt":"2025-11-12T11:37:13","guid":{"rendered":"https:\/\/dev.codekraft.it\/ravaglioli.it\/product\/elevador-de-2-columnas-kpx35eev\/"},"modified":"2026-01-14T22:42:42","modified_gmt":"2026-01-14T22:42:42","slug":"elevador-de-2-columnas-kpx35eev","status":"publish","type":"product","link":"https:\/\/dev.codekraft.it\/ravaglioli.it\/es\/product\/elevador-de-2-columnas-kpx35eev\/","title":{"rendered":"Elevador de 2 columnas KPX35EEV"},"content":{"rendered":"<p>The Universal Lift for Future EVolution<\/p>\n<ul>\n<li>Dise\u00f1o actualizado: una l\u00ednea moderna que aporta modernidad y usabilidad al taller<\/li>\n<li>ADN innovador: componentes de alta calidad de larga duraci\u00f3n y testados durante 20000 ciclos<\/li>\n<li>Preparados para el futuro: elevadores dise\u00f1ados para el sistema de conectividad del taller TEq-Link<\/li>\n<\/ul>\n<p>Nacida de los elevadores de 2 columnas m\u00e1s vendidos y m\u00e1s demandados, la Legend Series re\u00fane los conocimientos de ingenier\u00eda de Ravaglioli para darles forma en un paquete innovador. Mirando hacia el futuro, pero siempre haciendo honor al pasado, Ravaglioli se ha fijado un importante objetivo: que el rendimiento y el dise\u00f1o vayan de la mano.<\/p>\n<ul>\n<li>Los innovadores brazos de perfil bajo, con tramo final giratorio permiten disponer de una grande flexibilidad de uso, haciendo que el elevador sea adecuado para subiar cualquier tipo de veh\u00edculo.<\/li>\n<li>Extensa gama de elevaci\u00f3n &#8211; Desde coches urbanos cl\u00e1sicos hasta deportivos y furgonetas de gran distancia entre ejes.<\/li>\n<li>Instalaci\u00f3n inteligente y flexible: Una mejora de hasta el 20 % en el tiempo de instalaci\u00f3n. Gracias a la sincronizaci\u00f3n electr\u00f3nica, se evita la instalaci\u00f3n y el ajuste del cable de sincronizaci\u00f3n. Los elevadores pueden instalarse con flexibilidad gracias a las tres posiciones ajustables en anchura.<\/li>\n<li>En combinaci\u00f3n con una mesa elevadora de la serie KT permite trabajar aquellos componentes del veh\u00edculo que, por motivos estructurales, s\u00f3lo puedan montarse\/desmontarse desde la parte inferior del veh\u00edculo.<\/li>\n<li>Perfecto para veh\u00edculos el\u00e9ctricos: La flexibilidad de rotaci\u00f3n de los brazos permite contar con un acceso directo a la bater\u00eda en los trabajos de extracci\u00f3n.<\/li>\n<li>Ideal para coches deportivos con carrocer\u00eda rebajada: Gracias al terminal giratorio es posible acceder de forma sencilla a los puntos de sujeci\u00f3n al alejar el cuerpo del brazo de la carrocer\u00eda; lo que permite evitar cualquier contacto entre el veh\u00edculo y el propio brazo.<\/li>\n<li>El tama\u00f1o del brazo se ha reducido al m\u00ednimo lo que permite trabajar sin obst\u00e1culos en el chasis inferior, as\u00ed como en otras partes del veh\u00edculo, como las ruedas, los frenos y las suspensiones.<\/li>\n<li>El sistema de bloqueo de brazos autom\u00e1tico garantiza al operario la m\u00e1xima seguridad y estabilidad.<\/li>\n<li>La extensi\u00f3n se puede ajustar f\u00e1cilmente en funci\u00f3n de la tipolog\u00eda del veh\u00edculo en el que se est\u00e1 trabajando.\n<ul>\n<li>Uso en el modo est\u00e1ndar<\/li>\n<li>Uso con una inclinaci\u00f3n de hasta 90\u00b0<\/li>\n<\/ul>\n<\/li>\n<\/ul>\n<ul>\n<li>La soluci\u00f3n perfecta para los clientes que desean contar con una zona de trabajo universal.<\/li>\n<li>Materiales de gran resistencia y durabilidad.<\/li>\n<li>Dise\u00f1o compacto que permite ahorrar espacio.<\/li>\n<li>Innovadora geometr\u00eda de brazos sim\u00e9tricos con extensi\u00f3n final giratoria (patente pendiente).<\/li>\n<li>El movimiento del carro est\u00e1 garantizado gracias a un tornillo de acero laminado y a una tuerca de bronce con lubricaci\u00f3n autom\u00e1tica.<\/li>\n<li>Versi\u00f3n EEV, equipado con doble panel de control y Kit de Energ\u00eda.<\/li>\n<\/ul>\n","protected":false},"excerpt":{"rendered":"<p>3,5 t, electromec\u00e1nico, asim\u00e9trico, panel de control doble, columnas giradas 45\u00b0, brazos EV, TEq-Link, kit de energ\u00eda<\/p>\n","protected":false},"featured_media":76128,"template":"","meta":[],"product_brand":[],"product_cat":[57902],"product_tag":[58296,58332],"product_approvals":[],"product_application":[],"class_list":{"0":"post-156517","1":"product","2":"type-product","3":"status-publish","4":"has-post-thumbnail","6":"product_cat-elevadores-de-2-columnas-es","7":"product_tag-passenger-cars-es","8":"product_tag-light-commercial-es","10":"first","11":"instock","12":"shipping-taxable","13":"product-type-simple"},"approvals":[],"application":[],"brb_media_brochure":[{"id":156490,"url":"https:\/\/dev.codekraft.it\/ravaglioli.it\/wp-content\/uploads\/brb_media\/00551265_2-post-lifts-kpx35ev-br-de-2025-11.pdf","title":"2 Post Lifts KPX35EV BR DE 2025 11","mpn":"","thumbnail":"https:\/\/dev.codekraft.it\/ravaglioli.it\/wp-content\/uploads\/brb_media\/00551265_2-post-lifts-kpx35ev-br-de-2025-11-pdf-106x150.png","description":""},{"id":156491,"url":"https:\/\/dev.codekraft.it\/ravaglioli.it\/wp-content\/uploads\/brb_media\/00551266_2-post-lifts-kpx35ev-br-en-2025-11.pdf","title":"2 Post Lifts KPX35EV BR EN 2025 11","mpn":"","thumbnail":"https:\/\/dev.codekraft.it\/ravaglioli.it\/wp-content\/uploads\/brb_media\/00551266_2-post-lifts-kpx35ev-br-en-2025-11-pdf-106x150.png","description":""},{"id":156492,"url":"https:\/\/dev.codekraft.it\/ravaglioli.it\/wp-content\/uploads\/brb_media\/00551268_2-post-lifts-kpx35ev-br-fr-2025-11.pdf","title":"2 Post Lifts KPX35EV BR FR 2025 11","mpn":"","thumbnail":"https:\/\/dev.codekraft.it\/ravaglioli.it\/wp-content\/uploads\/brb_media\/00551268_2-post-lifts-kpx35ev-br-fr-2025-11-pdf-106x150.png","description":""},{"id":156493,"url":"https:\/\/dev.codekraft.it\/ravaglioli.it\/wp-content\/uploads\/brb_media\/00551269_2-post-lifts-kpx35ev-br-it-2025-11.pdf","title":"2 Post Lifts KPX35EV BR IT 2025 11","mpn":"","thumbnail":"https:\/\/dev.codekraft.it\/ravaglioli.it\/wp-content\/uploads\/brb_media\/00551269_2-post-lifts-kpx35ev-br-it-2025-11-pdf-106x150.png","description":""},{"id":156494,"url":"https:\/\/dev.codekraft.it\/ravaglioli.it\/wp-content\/uploads\/brb_media\/00551267_2-post-lifts-kpx35ev-br-es-2025-11.pdf","title":"2 Post Lifts KPX35EV BR ES 2025 11","mpn":"","thumbnail":"https:\/\/dev.codekraft.it\/ravaglioli.it\/wp-content\/uploads\/brb_media\/00551267_2-post-lifts-kpx35ev-br-es-2025-11-pdf-106x150.png","description":""},{"id":156495,"url":"https:\/\/dev.codekraft.it\/ravaglioli.it\/wp-content\/uploads\/brb_media\/00551270_2-post-lifts-kpx35ev-br-ru-2025-11.pdf","title":"2 Post Lifts KPX35EV BR RU 2025 11","mpn":"","thumbnail":"https:\/\/dev.codekraft.it\/ravaglioli.it\/wp-content\/uploads\/brb_media\/00551270_2-post-lifts-kpx35ev-br-ru-2025-11-pdf-106x150.png","description":""},{"id":76135,"url":"https:\/\/dev.codekraft.it\/ravaglioli.it\/wp-content\/uploads\/brb_media\/00510147_legend-series-end-user-flyer-de-2023-07-screen.pdf","title":"Legend series end user flyer de 2023 07 screen","mpn":"","thumbnail":"https:\/\/dev.codekraft.it\/ravaglioli.it\/wp-content\/uploads\/brb_media\/00510147_legend-series-end-user-flyer-de-2023-07-screen-pdf-106x150.png","description":""},{"id":76136,"url":"https:\/\/dev.codekraft.it\/ravaglioli.it\/wp-content\/uploads\/brb_media\/00510148_legend-series-end-user-flyer-en-2023-07-screen.pdf","title":"Legend series end user flyer en 2023 07 screen","mpn":"","thumbnail":"https:\/\/dev.codekraft.it\/ravaglioli.it\/wp-content\/uploads\/brb_media\/00510148_legend-series-end-user-flyer-en-2023-07-screen-pdf-106x150.png","description":""},{"id":76137,"url":"https:\/\/dev.codekraft.it\/ravaglioli.it\/wp-content\/uploads\/brb_media\/00510149_legend-series-end-user-flyer-fr-2023-07-screen.pdf","title":"Legend series end user flyer fr 2023 07 screen","mpn":"","thumbnail":"https:\/\/dev.codekraft.it\/ravaglioli.it\/wp-content\/uploads\/brb_media\/00510149_legend-series-end-user-flyer-fr-2023-07-screen-pdf-106x150.png","description":""},{"id":76138,"url":"https:\/\/dev.codekraft.it\/ravaglioli.it\/wp-content\/uploads\/brb_media\/00510150_legend-series-end-user-flyer-it-2023-07-screen.pdf","title":"Legend series end user flyer it 2023 07 screen","mpn":"","thumbnail":"https:\/\/dev.codekraft.it\/ravaglioli.it\/wp-content\/uploads\/brb_media\/00510150_legend-series-end-user-flyer-it-2023-07-screen-pdf-106x150.png","description":""},{"id":76139,"url":"https:\/\/dev.codekraft.it\/ravaglioli.it\/wp-content\/uploads\/brb_media\/00510151_legend-series-end-user-flyer-es-2023-07-screen.pdf","title":"Legend series end user flyer es 2023 07 screen","mpn":"","thumbnail":"https:\/\/dev.codekraft.it\/ravaglioli.it\/wp-content\/uploads\/brb_media\/00510151_legend-series-end-user-flyer-es-2023-07-screen-pdf-106x150.png","description":""},{"id":119210,"url":"https:\/\/dev.codekraft.it\/ravaglioli.it\/wp-content\/uploads\/brb_media\/00510153_legend-series-end-user-flyer-ru-2023-07-screen.pdf","title":"Legend series end user flyer ru 2023 07 screen","mpn":"","thumbnail":"https:\/\/dev.codekraft.it\/ravaglioli.it\/wp-content\/uploads\/brb_media\/00510153_legend-series-end-user-flyer-ru-2023-07-screen-pdf-106x150.png","description":""}],"brb_media_drawing":[{"id":156507,"url":"https:\/\/dev.codekraft.it\/ravaglioli.it\/wp-content\/uploads\/brb_media\/00511177_2-post-lift-kpx35eev-0473_0708_0_03-en-2023-09.pdf","title":"2 post lift KPX35EEV 0473 0708 0 03 en 2023 09","mpn":"","thumbnail":"https:\/\/dev.codekraft.it\/ravaglioli.it\/wp-content\/uploads\/brb_media\/00511177_2-post-lift-kpx35eev-0473_0708_0_03-en-2023-09-pdf-150x106.png","description":""}],"brb_media_manuals":[{"id":76140,"url":"https:\/\/dev.codekraft.it\/ravaglioli.it\/wp-content\/uploads\/brb_media\/00510232_2-post-lifts-kpx32_kpx35-im-0473-m001-0-rev2-multi-2023-06.pdf","title":"2 post lifts KPX32 KPX35 IM 0473 M001 0 rev2 multi 2023 06","mpn":"","thumbnail":"https:\/\/dev.codekraft.it\/ravaglioli.it\/wp-content\/uploads\/brb_media\/00510232_2-post-lifts-kpx32_kpx35-im-0473-m001-0-rev2-multi-2023-06-pdf-106x150.png","description":""}],"brb_media_safety_datasheets":"","brb_media_spare_parts":[],"_cdmm_p_id":"502952","_company":"Ravaglioli","_gtin":"5063084198891","accessories":[{"id":154702,"mpn":"VSG.2CALL.902641","name":"Bandejas para herramientas","description":"Magn\u00e9tico | 1 juego \/ 2 piezas","thumbnail":"https:\/\/dev.codekraft.it\/ravaglioli.it\/wp-content\/uploads\/brb_media\/00509504_2-post-lift-vsg2call902641-mi-150x150.png","url":"https:\/\/dev.codekraft.it\/ravaglioli.it\/es\/product\/bandejas-para-herramientas\/"},{"id":155971,"mpn":"VSG.2CALL.901071","name":"Extensiones de adaptadores para elevadores electromec\u00e1nicos","description":"4 x 89 mm, 4 x 127 mm, incl. 2 soportes para montaje en los pilares | 1 juego \/ 8 piezas","thumbnail":"https:\/\/dev.codekraft.it\/ravaglioli.it\/wp-content\/uploads\/brb_media\/00508736_2-post-lift-vsg2call901071-mi-150x150.png","url":"https:\/\/dev.codekraft.it\/ravaglioli.it\/es\/product\/extensiones-de-adaptadores-para-elevadores-electromecanicos\/"},{"id":155977,"mpn":"VSG.2CALL.901248","name":"Extensiones de adaptadores","description":"4 x 200 mm, incl. soporte para montaje en los pilares | 1 juego \/ 4 pieza","thumbnail":"https:\/\/dev.codekraft.it\/ravaglioli.it\/wp-content\/uploads\/brb_media\/00505099_2-post-lift-vsg2call901248-mi-150x150.png","url":"https:\/\/dev.codekraft.it\/ravaglioli.it\/es\/product\/extensiones-de-adaptadores\/"},{"id":156001,"mpn":"VSG.2CELM.901927","name":"C\u00e1ncamo para el desplazamiento de las columnas","description":"3,5 t - 4,2 t | Facilita la instalaci\u00f3n del elevador, reutilizable para otras instalaciones | 1 juego","thumbnail":"https:\/\/dev.codekraft.it\/ravaglioli.it\/wp-content\/uploads\/brb_media\/00512726_2-post-lift-vsg2celm901927-mi-01-150x150.png","url":"https:\/\/dev.codekraft.it\/ravaglioli.it\/es\/product\/cancamo-para-el-desplazamiento-de-las-columnas-2\/"},{"id":155983,"mpn":"VSG.2CALL.901163","name":"Juego de adaptadores","description":"Juego de adaptadores para tacos para levantamiento del chasis \u00d8 120 mm (1 juego con 2 unidades), para plataforma giratoria","thumbnail":"https:\/\/dev.codekraft.it\/ravaglioli.it\/wp-content\/uploads\/brb_media\/00524050_2-post-lift-fj6353-1-mi-150x150.png","url":"https:\/\/dev.codekraft.it\/ravaglioli.it\/es\/product\/juego-de-adaptadores\/"},{"id":155995,"mpn":"VSG.2CELM.902344","name":"Ajuste de altura del travesa\u00f1o","description":"Juego de aumentode la altura del tendido de cables a\u00e9reo hasta  +1,5 m | para plataformas de husillo | 1 juego","thumbnail":"https:\/\/dev.codekraft.it\/ravaglioli.it\/wp-content\/uploads\/brb_media\/00509506_2-post-lift-vsg2celm902344-mi-150x150.png","url":"https:\/\/dev.codekraft.it\/ravaglioli.it\/es\/product\/ajuste-de-altura-del-travesano\/"},{"id":155989,"mpn":"VSG.2CALL.901378","name":"Juego de placas estabilizadoras","description":"3,5 t | permite la instalaci\u00f3n del elevador incluso en calidades del hormig\u00f3n inferiores a las requeridas| 1 juego \/ 2 piezas","thumbnail":"https:\/\/dev.codekraft.it\/ravaglioli.it\/wp-content\/uploads\/brb_media\/00533778_2-post-lift-vsg-2call-901378-mi-150x150.png","url":"https:\/\/dev.codekraft.it\/ravaglioli.it\/es\/product\/juego-de-placas-estabilizadoras\/"},{"id":154690,"mpn":"VSG.2CALL.902818","name":"Juego de rampitas","description":"Altura de rampa 60 mm, para veh\u00edculos extremadamente bajos | 1 juego \/ 2 piezas","thumbnail":"https:\/\/dev.codekraft.it\/ravaglioli.it\/wp-content\/uploads\/brb_media\/00509501_2-post-lift-vsg2call902818-mi-150x150.png","url":"https:\/\/dev.codekraft.it\/ravaglioli.it\/es\/product\/juego-de-rampitas\/"},{"id":154696,"mpn":"VSG.2CALL.902085","name":"Soportes de alineaci\u00f3n de ruedas","description":"1 juego \/ 4 piezas","thumbnail":"https:\/\/dev.codekraft.it\/ravaglioli.it\/wp-content\/uploads\/brb_media\/00509503_2-post-lift-vsg2call902085-mi-150x150.png","url":"https:\/\/dev.codekraft.it\/ravaglioli.it\/es\/product\/soportes-de-alineacion-de-ruedas\/"}],"components":[],"delivery":[],"package":[],"related":[],"similar":[{"id":156504,"mpn":"RAV.KPX35.199393","name":"Elevador de 2 columnas KPX35EV 400 V &#8211; 3 Ph &#8211; 50 Hz","description":"3,5 t, electromec\u00e1nico, asim\u00e9trico, columnas giradas 45\u00b0, brazos EV, TEq-Link | 3 x 400 V \/ 50 Hz","thumbnail":"https:\/\/dev.codekraft.it\/ravaglioli.it\/wp-content\/uploads\/brb_media\/00521389_2-post-lift-kpx35ev-mi-01-150x150.png","url":"https:\/\/dev.codekraft.it\/ravaglioli.it\/es\/product\/elevador-de-2-columnas-kpx35ev-400-v-3-ph-50-hz\/"},{"id":156511,"mpn":"RAV.KPX35.199072","name":"Elevador de 2 columnas KPX35EV 230 V &#8211; 3 Ph &#8211; 50 Hz","description":"3,5 t, electromec\u00e1nico, asim\u00e9trico, columnas giradas 45\u00b0, brazos EV, TEq-Link | 3 x 230 V \/ 50 Hz","thumbnail":"https:\/\/dev.codekraft.it\/ravaglioli.it\/wp-content\/uploads\/brb_media\/00521389_2-post-lift-kpx35ev-mi-01-150x150.png","url":"https:\/\/dev.codekraft.it\/ravaglioli.it\/es\/product\/elevador-de-2-columnas-kpx35ev-230-v-3-ph-50-hz\/"}],"page_logo_src":"https:\/\/dev.codekraft.it\/ravaglioli.it\/wp-content\/uploads\/2026\/04\/rav-negative-logo-1.png","lang":"es","translations":{"es":156517,"en":156513,"de":156514,"fr":156515,"it":156516,"ru":156518},"pll_sync_post":[],"_links":{"self":[{"href":"https:\/\/dev.codekraft.it\/ravaglioli.it\/wp-json\/wp\/v2\/product\/156517","targetHints":{"allow":["GET"]}}],"collection":[{"href":"https:\/\/dev.codekraft.it\/ravaglioli.it\/wp-json\/wp\/v2\/product"}],"about":[{"href":"https:\/\/dev.codekraft.it\/ravaglioli.it\/wp-json\/wp\/v2\/types\/product"}],"wp:featuredmedia":[{"embeddable":true,"href":"https:\/\/dev.codekraft.it\/ravaglioli.it\/wp-json\/wp\/v2\/media\/76128"}],"wp:attachment":[{"href":"https:\/\/dev.codekraft.it\/ravaglioli.it\/wp-json\/wp\/v2\/media?parent=156517"}],"wp:term":[{"taxonomy":"product_brand","embeddable":true,"href":"https:\/\/dev.codekraft.it\/ravaglioli.it\/wp-json\/wp\/v2\/product_brand?post=156517"},{"taxonomy":"product_cat","embeddable":true,"href":"https:\/\/dev.codekraft.it\/ravaglioli.it\/wp-json\/wp\/v2\/product_cat?post=156517"},{"taxonomy":"product_tag","embeddable":true,"href":"https:\/\/dev.codekraft.it\/ravaglioli.it\/wp-json\/wp\/v2\/product_tag?post=156517"},{"taxonomy":"product_approvals","embeddable":true,"href":"https:\/\/dev.codekraft.it\/ravaglioli.it\/wp-json\/wp\/v2\/product_approvals?post=156517"},{"taxonomy":"product_application","embeddable":true,"href":"https:\/\/dev.codekraft.it\/ravaglioli.it\/wp-json\/wp\/v2\/product_application?post=156517"}],"curies":[{"name":"wp","href":"https:\/\/api.w.org\/{rel}","templated":true}]}}