{"id":156508,"date":"2025-11-12T11:35:23","date_gmt":"2025-11-12T11:35:23","guid":{"rendered":"https:\/\/dev.codekraft.it\/ravaglioli.it\/product\/2-saulen-hebebuhne-kpx35ev-230-v-3-ph-50-hz\/"},"modified":"2026-01-14T22:40:14","modified_gmt":"2026-01-14T22:40:14","slug":"2-saulen-hebebuhne-kpx35ev-230-v-3-ph-50-hz","status":"publish","type":"product","link":"https:\/\/dev.codekraft.it\/ravaglioli.it\/de\/product\/2-saulen-hebebuhne-kpx35ev-230-v-3-ph-50-hz\/","title":{"rendered":"2-S\u00e4ulen-Hebeb\u00fchne KPX35EV 230 V &#8211; 3 Ph &#8211; 50 Hz"},"content":{"rendered":"<p>The Universal Lift for Future EVolution<\/p>\n<ul>\n<li>Modernes Design: eine moderne Gestaltung, die die Werkstatt in Sachen Stil und Benutzerfreundlichkeit auf den neuesten Stand bringt<\/li>\n<li>Innovative DNA: bew\u00e4hrte, hochwertige Komponenten, getestet mit 20000 Hub-Zyklen<\/li>\n<li>Zukunftssicher: die Hebeb\u00fchnen sind f\u00fcr das Werkstatt-Konnektivit\u00e4tssystem TEq-Link konzipiert<\/li>\n<\/ul>\n<p>Die aus den erfolgreichsten 2-S\u00e4ulen-Hebeb\u00fchnen hervorgegangene Legend-Serie verbindet das technische Know-How von Ravaglioli zu einem innovativen Angebot. Die Zukunft im Blick, aber die Vergangenheit stets w\u00fcrdigend, hat sich Ravaglioli ein wichtiges Ziel gesetzt: Die Leistung muss mit dem Design \u00fcbereinstimmen.<\/p>\n<ul>\n<li>Die innovativen Tragarme mit niedrigem Profil und Knickst\u00fcck am Ende gew\u00e4hrleisten eine hohe Nutzungsflexibilit\u00e4t, wodurch praktisch jeder Fahrzeugtyp auf der Hebeb\u00fchne angehoben werden kann.<\/li>\n<li>Breites Aufnahmespektrum &#8211; Vom klassischen Kleinstfahrzeug bis zum Sportwagen und Transporter mit langem Radstand.<\/li>\n<li>Smarter und flexibler Aufbau: Bis zu 20 % k\u00fcrzere Installationszeit. Durch die elektronische Synchronisierung werden der Einbau und die Einstellung des Ausgleichsseils \u00fcberfl\u00fcssig. Die Hebeb\u00fchnen k\u00f6nnen durch die drei breitenverstellbaren Aufbaupositionen flexibel installiert werden.<\/li>\n<li>In Kombination mit einem Hubtisch der Baureihe KT lassen sich auch solche Fahrzeugkomponenten handhaben, die aus strukturellen Gr\u00fcnden nur von unten in das Fahrzeug eingebaut\/daraus entfernt werden k\u00f6nnen.<\/li>\n<li>Perfekt f\u00fcr Elektrofahrzeuge: Dank dem Knickarm ist ein direkter Zugriff auf das Batteriepaket m\u00f6glich, sodass es problemlos ausgebaut werden kann.<\/li>\n<li>Ideal f\u00fcr Sportwagen mit tiefergelegter Karosserie: Dank dem drehenden Knickarm ist es m\u00f6glich, jede Aufnahmepunkte problemlos zu erreichen; dadurch wird jeder Kontakt zwischen dem Fahrzeugunterbau und dem Tragarm selbst vermieden.<\/li>\n<li>Der Platzbedarf des Tragarms ist minimal, sodass man ohne Behinderungen an der Unterseite des Fahrzeugaufbaus sowie an Teilen wie R\u00e4der, Bremsen und Sto\u00dfd\u00e4mpfern arbeiten kann.<\/li>\n<li>Das automatische Arretiersystem garantiert maximale Sicherheit und Stabilit\u00e4t.<\/li>\n<li>Der Knickarm kann je nach vorliegendem Fahrzeugtyp im Handumdrehen entsprechend eingestellt werden.\n<ul>\n<li>Einsatz im Standardmodus<\/li>\n<li>Einsatz mit Knick bis auf 90\u00b0<\/li>\n<\/ul>\n<\/li>\n<\/ul>\n<ul>\n<li>Die perfekte L\u00f6sung f\u00fcr die Einrichtung eines universellen Arbeitsplatzes.<\/li>\n<li>Hochbest\u00e4ndige und langlebige Materialien.<\/li>\n<li>Kompaktes und platzsparendes Design.<\/li>\n<li>Innovative Geometrie der symmetrischen Tragarme mit Knickst\u00fcck am Ende (Patent angemeldet).<\/li>\n<li>Die Bewegung des Hubschlittens wird durch eine gerollte Spindel aus Stahl und eine Tragemutter aus Bronze mit automatischer Schmierung sichergestellt.<\/li>\n<\/ul>\n","protected":false},"excerpt":{"rendered":"<p>3,5 t, elektromechanisch, asymmetrisch, 45\u00b0 gedrehte S\u00e4ulen, EV-Arme, TEq-Link | 3 x 230 V \/ 50 Hz<\/p>\n","protected":false},"featured_media":156489,"template":"","meta":[],"product_brand":[],"product_cat":[57860],"product_tag":[58287,58323],"product_approvals":[],"product_application":[],"class_list":{"0":"post-156508","1":"product","2":"type-product","3":"status-publish","4":"has-post-thumbnail","6":"product_cat-2-saulen-hebebuhnen-de","7":"product_tag-passenger-cars-de","8":"product_tag-light-commercial-de","10":"first","11":"instock","12":"shipping-taxable","13":"product-type-simple"},"approvals":[],"application":[],"brb_media_brochure":[{"id":156490,"url":"https:\/\/dev.codekraft.it\/ravaglioli.it\/wp-content\/uploads\/brb_media\/00551265_2-post-lifts-kpx35ev-br-de-2025-11.pdf","title":"2 Post Lifts KPX35EV BR DE 2025 11","mpn":"","thumbnail":"https:\/\/dev.codekraft.it\/ravaglioli.it\/wp-content\/uploads\/brb_media\/00551265_2-post-lifts-kpx35ev-br-de-2025-11-pdf-106x150.png","description":""},{"id":156491,"url":"https:\/\/dev.codekraft.it\/ravaglioli.it\/wp-content\/uploads\/brb_media\/00551266_2-post-lifts-kpx35ev-br-en-2025-11.pdf","title":"2 Post Lifts KPX35EV BR EN 2025 11","mpn":"","thumbnail":"https:\/\/dev.codekraft.it\/ravaglioli.it\/wp-content\/uploads\/brb_media\/00551266_2-post-lifts-kpx35ev-br-en-2025-11-pdf-106x150.png","description":""},{"id":156492,"url":"https:\/\/dev.codekraft.it\/ravaglioli.it\/wp-content\/uploads\/brb_media\/00551268_2-post-lifts-kpx35ev-br-fr-2025-11.pdf","title":"2 Post Lifts KPX35EV BR FR 2025 11","mpn":"","thumbnail":"https:\/\/dev.codekraft.it\/ravaglioli.it\/wp-content\/uploads\/brb_media\/00551268_2-post-lifts-kpx35ev-br-fr-2025-11-pdf-106x150.png","description":""},{"id":156493,"url":"https:\/\/dev.codekraft.it\/ravaglioli.it\/wp-content\/uploads\/brb_media\/00551269_2-post-lifts-kpx35ev-br-it-2025-11.pdf","title":"2 Post Lifts KPX35EV BR IT 2025 11","mpn":"","thumbnail":"https:\/\/dev.codekraft.it\/ravaglioli.it\/wp-content\/uploads\/brb_media\/00551269_2-post-lifts-kpx35ev-br-it-2025-11-pdf-106x150.png","description":""},{"id":156494,"url":"https:\/\/dev.codekraft.it\/ravaglioli.it\/wp-content\/uploads\/brb_media\/00551267_2-post-lifts-kpx35ev-br-es-2025-11.pdf","title":"2 Post Lifts KPX35EV BR ES 2025 11","mpn":"","thumbnail":"https:\/\/dev.codekraft.it\/ravaglioli.it\/wp-content\/uploads\/brb_media\/00551267_2-post-lifts-kpx35ev-br-es-2025-11-pdf-106x150.png","description":""},{"id":156495,"url":"https:\/\/dev.codekraft.it\/ravaglioli.it\/wp-content\/uploads\/brb_media\/00551270_2-post-lifts-kpx35ev-br-ru-2025-11.pdf","title":"2 Post Lifts KPX35EV BR RU 2025 11","mpn":"","thumbnail":"https:\/\/dev.codekraft.it\/ravaglioli.it\/wp-content\/uploads\/brb_media\/00551270_2-post-lifts-kpx35ev-br-ru-2025-11-pdf-106x150.png","description":""},{"id":76135,"url":"https:\/\/dev.codekraft.it\/ravaglioli.it\/wp-content\/uploads\/brb_media\/00510147_legend-series-end-user-flyer-de-2023-07-screen.pdf","title":"Legend series end user flyer de 2023 07 screen","mpn":"","thumbnail":"https:\/\/dev.codekraft.it\/ravaglioli.it\/wp-content\/uploads\/brb_media\/00510147_legend-series-end-user-flyer-de-2023-07-screen-pdf-106x150.png","description":""},{"id":76136,"url":"https:\/\/dev.codekraft.it\/ravaglioli.it\/wp-content\/uploads\/brb_media\/00510148_legend-series-end-user-flyer-en-2023-07-screen.pdf","title":"Legend series end user flyer en 2023 07 screen","mpn":"","thumbnail":"https:\/\/dev.codekraft.it\/ravaglioli.it\/wp-content\/uploads\/brb_media\/00510148_legend-series-end-user-flyer-en-2023-07-screen-pdf-106x150.png","description":""},{"id":76137,"url":"https:\/\/dev.codekraft.it\/ravaglioli.it\/wp-content\/uploads\/brb_media\/00510149_legend-series-end-user-flyer-fr-2023-07-screen.pdf","title":"Legend series end user flyer fr 2023 07 screen","mpn":"","thumbnail":"https:\/\/dev.codekraft.it\/ravaglioli.it\/wp-content\/uploads\/brb_media\/00510149_legend-series-end-user-flyer-fr-2023-07-screen-pdf-106x150.png","description":""},{"id":76138,"url":"https:\/\/dev.codekraft.it\/ravaglioli.it\/wp-content\/uploads\/brb_media\/00510150_legend-series-end-user-flyer-it-2023-07-screen.pdf","title":"Legend series end user flyer it 2023 07 screen","mpn":"","thumbnail":"https:\/\/dev.codekraft.it\/ravaglioli.it\/wp-content\/uploads\/brb_media\/00510150_legend-series-end-user-flyer-it-2023-07-screen-pdf-106x150.png","description":""},{"id":76139,"url":"https:\/\/dev.codekraft.it\/ravaglioli.it\/wp-content\/uploads\/brb_media\/00510151_legend-series-end-user-flyer-es-2023-07-screen.pdf","title":"Legend series end user flyer es 2023 07 screen","mpn":"","thumbnail":"https:\/\/dev.codekraft.it\/ravaglioli.it\/wp-content\/uploads\/brb_media\/00510151_legend-series-end-user-flyer-es-2023-07-screen-pdf-106x150.png","description":""},{"id":119210,"url":"https:\/\/dev.codekraft.it\/ravaglioli.it\/wp-content\/uploads\/brb_media\/00510153_legend-series-end-user-flyer-ru-2023-07-screen.pdf","title":"Legend series end user flyer ru 2023 07 screen","mpn":"","thumbnail":"https:\/\/dev.codekraft.it\/ravaglioli.it\/wp-content\/uploads\/brb_media\/00510153_legend-series-end-user-flyer-ru-2023-07-screen-pdf-106x150.png","description":""}],"brb_media_drawing":[{"id":156507,"url":"https:\/\/dev.codekraft.it\/ravaglioli.it\/wp-content\/uploads\/brb_media\/00511177_2-post-lift-kpx35eev-0473_0708_0_03-en-2023-09.pdf","title":"2 post lift KPX35EEV 0473 0708 0 03 en 2023 09","mpn":"","thumbnail":"https:\/\/dev.codekraft.it\/ravaglioli.it\/wp-content\/uploads\/brb_media\/00511177_2-post-lift-kpx35eev-0473_0708_0_03-en-2023-09-pdf-150x106.png","description":""}],"brb_media_manuals":[{"id":76140,"url":"https:\/\/dev.codekraft.it\/ravaglioli.it\/wp-content\/uploads\/brb_media\/00510232_2-post-lifts-kpx32_kpx35-im-0473-m001-0-rev2-multi-2023-06.pdf","title":"2 post lifts KPX32 KPX35 IM 0473 M001 0 rev2 multi 2023 06","mpn":"","thumbnail":"https:\/\/dev.codekraft.it\/ravaglioli.it\/wp-content\/uploads\/brb_media\/00510232_2-post-lifts-kpx32_kpx35-im-0473-m001-0-rev2-multi-2023-06-pdf-106x150.png","description":""}],"brb_media_safety_datasheets":"","brb_media_spare_parts":[],"_cdmm_p_id":"502951","_company":"Ravaglioli","_gtin":"5063084199072","accessories":[{"id":154699,"mpn":"VSG.2CALL.902641","name":"Werkzeug-Ablageschalen","description":"Magnetisch | 1 Satz \/ 2 St\u00fcck","thumbnail":"https:\/\/dev.codekraft.it\/ravaglioli.it\/wp-content\/uploads\/brb_media\/00509504_2-post-lift-vsg2call902641-mi-150x150.png","url":"https:\/\/dev.codekraft.it\/ravaglioli.it\/de\/product\/werkzeug-ablageschalen\/"},{"id":155968,"mpn":"VSG.2CALL.901071","name":"Adapterverl\u00e4ngerungen f\u00fcr elektromechanische Hebeb\u00fchnen","description":"4 x 89 mm, 4 x 127 mm, inkl. 2 Halterungen zur Montage an den S\u00e4ulen | 1 Satz \/ 8 St\u00fcck","thumbnail":"https:\/\/dev.codekraft.it\/ravaglioli.it\/wp-content\/uploads\/brb_media\/00508736_2-post-lift-vsg2call901071-mi-150x150.png","url":"https:\/\/dev.codekraft.it\/ravaglioli.it\/de\/product\/adapterverlangerungen-fur-elektromechanische-hebebuhnen\/"},{"id":155974,"mpn":"VSG.2CALL.901248","name":"Adapterverl\u00e4ngerungen","description":"4 x 200 mm, inkl. Halterung zur Montage an den S\u00e4ulen | 1 Satz \/ 4 St\u00fcck","thumbnail":"https:\/\/dev.codekraft.it\/ravaglioli.it\/wp-content\/uploads\/brb_media\/00505099_2-post-lift-vsg2call901248-mi-150x150.png","url":"https:\/\/dev.codekraft.it\/ravaglioli.it\/de\/product\/adapterverlangerungen\/"},{"id":155998,"mpn":"VSG.2CELM.901927","name":"Montagevorrichtung","description":"3,2 t - 4,2 t | f\u00fcr eine leichtere Montage der Hebeb\u00fchne, kann auch f\u00fcr andere Installationen wiederverwendet werden | 1 Satz","thumbnail":"https:\/\/dev.codekraft.it\/ravaglioli.it\/wp-content\/uploads\/brb_media\/00512726_2-post-lift-vsg2celm901927-mi-01-150x150.png","url":"https:\/\/dev.codekraft.it\/ravaglioli.it\/de\/product\/montagevorrichtung-4\/"},{"id":155980,"mpn":"VSG.2CALL.901163","name":"Adapter-Satz","description":"Adapter-Satz f\u00fcr Tragteller zur Rahmenaufnahme \u00d8 120 mm (1 Satz, 2 St.)","thumbnail":"https:\/\/dev.codekraft.it\/ravaglioli.it\/wp-content\/uploads\/brb_media\/00524050_2-post-lift-fj6353-1-mi-150x150.png","url":"https:\/\/dev.codekraft.it\/ravaglioli.it\/de\/product\/adapter-satz\/"},{"id":155992,"mpn":"VSG.2CELM.902344","name":"Galgenerh\u00f6hung","description":"Bausatz zur Erh\u00f6hung der Oberleitungskabeldurchf\u00fchrung um bis zu +1,5 m | f\u00fcr Spindelb\u00fchnen | 1 Satz","thumbnail":"https:\/\/dev.codekraft.it\/ravaglioli.it\/wp-content\/uploads\/brb_media\/00509506_2-post-lift-vsg2celm902344-mi-150x150.png","url":"https:\/\/dev.codekraft.it\/ravaglioli.it\/de\/product\/galgenerhohung\/"},{"id":155986,"mpn":"VSG.2CALL.901378","name":"St\u00fctzplatten","description":"3,5 t | erm\u00f6glichen die Installation auf B\u00f6den mit geringer Tragf\u00e4higkeit oder geringer Betondicke | 1 Satz \/ 2 St\u00fcck","thumbnail":"https:\/\/dev.codekraft.it\/ravaglioli.it\/wp-content\/uploads\/brb_media\/00533778_2-post-lift-vsg-2call-901378-mi-150x150.png","url":"https:\/\/dev.codekraft.it\/ravaglioli.it\/de\/product\/stutzplatten-2\/"},{"id":154687,"mpn":"VSG.2CALL.902818","name":"Rampen","description":"Rampenh\u00f6he 60 mm, f\u00fcr extrem niedrige Fahrzeuge | 1 Satz \/ 4 St\u00fcck","thumbnail":"https:\/\/dev.codekraft.it\/ravaglioli.it\/wp-content\/uploads\/brb_media\/00509501_2-post-lift-vsg2call902818-mi-150x150.png","url":"https:\/\/dev.codekraft.it\/ravaglioli.it\/de\/product\/rampen\/"},{"id":154693,"mpn":"VSG.2CALL.902085","name":"Achsmessb\u00f6cke","description":"1 Satz \/ 4 St\u00fcck","thumbnail":"https:\/\/dev.codekraft.it\/ravaglioli.it\/wp-content\/uploads\/brb_media\/00509503_2-post-lift-vsg2call902085-mi-150x150.png","url":"https:\/\/dev.codekraft.it\/ravaglioli.it\/de\/product\/achsmessbocke\/"}],"components":[],"delivery":[],"package":[],"related":[],"similar":[{"id":156501,"mpn":"RAV.KPX35.199393","name":"2-S\u00e4ulen-Hebeb\u00fchne KPX35EV 400 V &#8211; 3 Ph &#8211; 50 Hz","description":"3,5 t, elektromechanisch, asymmetrisch, 45\u00b0 gedrehte S\u00e4ulen, EV-Arme, TEq-Link | 3 x 400 V \/ 50 Hz","thumbnail":"https:\/\/dev.codekraft.it\/ravaglioli.it\/wp-content\/uploads\/brb_media\/00521389_2-post-lift-kpx35ev-mi-01-150x150.png","url":"https:\/\/dev.codekraft.it\/ravaglioli.it\/de\/product\/2-saulen-hebebuhne-kpx35ev-400-v-3-ph-50-hz\/"},{"id":156514,"mpn":"RAV.KPX35.198891","name":"2-S\u00e4ulen-Hebeb\u00fchne KPX35EEV","description":"3,5 t, elektromechanisch, asymmetrisch, Doppelsteuerpult, 45\u00b0 gedrehte S\u00e4ulen, EV-Arme, TEq-Link, Energie-Kit","thumbnail":"https:\/\/dev.codekraft.it\/ravaglioli.it\/wp-content\/uploads\/brb_media\/00510216_2-post-lift-kpx35ev-mi-150x150.png","url":"https:\/\/dev.codekraft.it\/ravaglioli.it\/de\/product\/2-saulen-hebebuhne-kpx35eev\/"}],"page_logo_src":"https:\/\/dev.codekraft.it\/ravaglioli.it\/wp-content\/uploads\/2026\/04\/rav-negative-logo-1.png","lang":"de","translations":{"de":156508,"en":156506,"fr":156509,"it":156510,"es":156511,"ru":156512},"pll_sync_post":[],"_links":{"self":[{"href":"https:\/\/dev.codekraft.it\/ravaglioli.it\/wp-json\/wp\/v2\/product\/156508","targetHints":{"allow":["GET"]}}],"collection":[{"href":"https:\/\/dev.codekraft.it\/ravaglioli.it\/wp-json\/wp\/v2\/product"}],"about":[{"href":"https:\/\/dev.codekraft.it\/ravaglioli.it\/wp-json\/wp\/v2\/types\/product"}],"wp:featuredmedia":[{"embeddable":true,"href":"https:\/\/dev.codekraft.it\/ravaglioli.it\/wp-json\/wp\/v2\/media\/156489"}],"wp:attachment":[{"href":"https:\/\/dev.codekraft.it\/ravaglioli.it\/wp-json\/wp\/v2\/media?parent=156508"}],"wp:term":[{"taxonomy":"product_brand","embeddable":true,"href":"https:\/\/dev.codekraft.it\/ravaglioli.it\/wp-json\/wp\/v2\/product_brand?post=156508"},{"taxonomy":"product_cat","embeddable":true,"href":"https:\/\/dev.codekraft.it\/ravaglioli.it\/wp-json\/wp\/v2\/product_cat?post=156508"},{"taxonomy":"product_tag","embeddable":true,"href":"https:\/\/dev.codekraft.it\/ravaglioli.it\/wp-json\/wp\/v2\/product_tag?post=156508"},{"taxonomy":"product_approvals","embeddable":true,"href":"https:\/\/dev.codekraft.it\/ravaglioli.it\/wp-json\/wp\/v2\/product_approvals?post=156508"},{"taxonomy":"product_application","embeddable":true,"href":"https:\/\/dev.codekraft.it\/ravaglioli.it\/wp-json\/wp\/v2\/product_application?post=156508"}],"curies":[{"name":"wp","href":"https:\/\/api.w.org\/{rel}","templated":true}]}}