{"id":156502,"date":"2025-11-20T10:26:31","date_gmt":"2025-11-20T10:26:31","guid":{"rendered":"https:\/\/dev.codekraft.it\/ravaglioli.it\/product\/pont-elevateur-a-2-colonnes-kpx35ev-400-v-3-ph-50-hz\/"},"modified":"2026-01-14T22:37:51","modified_gmt":"2026-01-14T22:37:51","slug":"pont-elevateur-a-2-colonnes-kpx35ev-400-v-3-ph-50-hz","status":"publish","type":"product","link":"https:\/\/dev.codekraft.it\/ravaglioli.it\/fr\/product\/pont-elevateur-a-2-colonnes-kpx35ev-400-v-3-ph-50-hz\/","title":{"rendered":"Pont \u00e9l\u00e9vateur \u00e0 2 colonnes KPX35EV 400 V &#8211; 3 Ph &#8211; 50 Hz"},"content":{"rendered":"<p>The Universal Lift for Future EVolution<\/p>\n<ul>\n<li>Design actualis\u00e9\u00a0: un contour moderne qui apporte modernit\u00e9 et facilit\u00e9 d\u2019utilisation \u00e0 l\u2019atelier<\/li>\n<li>ADN innovant\u00a0: des composants durables de haute qualit\u00e9, test\u00e9s pour 20000 cycles<\/li>\n<li>\u00c9volutivit\u00e9\u00a0: les ponts \u00e9l\u00e9vateurs sont con\u00e7us pour le syst\u00e8me de connectivit\u00e9 en atelier TEq-Link<\/li>\n<\/ul>\n<p>Issue des ponts \u00e9l\u00e9vateurs \u00e0 2 colonnes les plus vendus, la Legend Series consolide les connaissances en ing\u00e9nierie de Ravaglioli et les transforme en un ensemble innovant. Tourn\u00e9e vers l\u2019avenir tout en honorant le pass\u00e9, Ravaglioli s\u2019est fix\u00e9 un objectif important\u00a0: unir performances et design.<\/p>\n<ul>\n<li>Les bras innovants \u00e0 profil rabaiss\u00e9 et terminaison rotative garantissent une grande flexibilit\u00e9 d\u2019utilisation et permettent de soulever tout type de v\u00e9hicule.<\/li>\n<li>Vaste gamme de levage &#8211; Des traditionnelles voitures urbaines aux voitures sportives, jusqu\u2019aux fourgons \u00e0 empattement long.<\/li>\n<li>Installation intelligente et flexible: Am\u00e9lioration jusqu\u2019\u00e0 20 % du temps d\u2019installation. La synchronisation \u00e9lectronique permet d\u2019\u00e9viter l\u2019installation et le r\u00e9glage du c\u00e2ble d\u2019\u00e9galisation. Les ponts \u00e9l\u00e9vateurs peuvent \u00eatre install\u00e9s de mani\u00e8re flexible gr\u00e2ce \u00e0 trois positions r\u00e9glables en largeur.<\/li>\n<li>En association avec un chariot \u00e9l\u00e9vateur de la S\u00e9rie KT il est possible de g\u00e9rer les composants pour v\u00e9hicules qui, pour des d\u00e9mont\u00e9s uniquement par le plancher du v\u00e9hicule.<\/li>\n<li>Parfait pour les v\u00e9hicules \u00e9lectriques: La souplesse de rotation des bras permet d\u2019avoir un acc\u00e8s direct \u00e0 la batterie lors de son retrait.<\/li>\n<li>Id\u00e9al pour les voitures de sport \u00e0 carrosserie abaiss\u00e9e: La terminaison rotative permet d\u2019atteindre facilement les points de prise en \u00e9loignant le corps du bras de la caisse, ce qui \u00e9vite tout contact entre le v\u00e9hicule et le bras.<\/li>\n<li>Les dimensions hors tout du bras sont minimes et permettent de travailler sans entraves sous la caisse, y compris sur des parties du v\u00e9hicule telles que les roues, les freins et les suspensions.<\/li>\n<li>Le syst\u00e8me d\u2019arr\u00eat automatique garantit \u00e0 l\u2019op\u00e9rateur la s\u00e9curit\u00e9 et la stabilit\u00e9 maximales.<\/li>\n<li>Le tampon de pr\u00e9hension est facile \u00e0 r\u00e9gler en fonction du type de v\u00e9hicule soulev\u00e9.\n<ul>\n<li>Utilisation en mode standard<\/li>\n<li>Utilisation en mode inclin\u00e9 jusqu\u2019\u00e0 90\u00b0<\/li>\n<\/ul>\n<\/li>\n<\/ul>\n<ul>\n<li>La solution parfaite pour organiser une baie de travail universelle.<\/li>\n<li>Mat\u00e9riaux tr\u00e8s r\u00e9sistants et durables.<\/li>\n<li>Design compact qui permet d\u2019optimiser les espaces.<\/li>\n<li>Configuration g\u00e9om\u00e9trique innovante des bras sym\u00e9triques \u00e0 terminaison rotative (brevet en instance).<\/li>\n<li>Le mouvement du chariot est assur\u00e9 par une vis en acier roul\u00e9 et par un \u00e9crou en bronze \u00e0 lubrification automatique.<\/li>\n<\/ul>\n","protected":false},"excerpt":{"rendered":"<p>3,5 t, \u00e9lectrom\u00e9canique, asym\u00e9trique, colonnes tourn\u00e9es \u00e0 45\u00b0, bras EV, TEq-Link | 3 x 400 V \/ 50 Hz<\/p>\n","protected":false},"featured_media":156489,"template":"","meta":[],"product_brand":[],"product_cat":[57874],"product_tag":[63157,58326,58290],"product_approvals":[],"product_application":[],"class_list":{"0":"post-156502","1":"product","2":"type-product","3":"status-publish","4":"has-post-thumbnail","6":"product_cat-ponts-elevateurs-a-2-colonnes-fr","7":"product_tag-quickship-fr","8":"product_tag-light-commercial-fr","9":"product_tag-passenger-cars-fr","11":"first","12":"instock","13":"shipping-taxable","14":"product-type-simple"},"approvals":[],"application":[],"brb_media_brochure":[{"id":156490,"url":"https:\/\/dev.codekraft.it\/ravaglioli.it\/wp-content\/uploads\/brb_media\/00551265_2-post-lifts-kpx35ev-br-de-2025-11.pdf","title":"2 Post Lifts KPX35EV BR DE 2025 11","mpn":"","thumbnail":"https:\/\/dev.codekraft.it\/ravaglioli.it\/wp-content\/uploads\/brb_media\/00551265_2-post-lifts-kpx35ev-br-de-2025-11-pdf-106x150.png","description":""},{"id":156491,"url":"https:\/\/dev.codekraft.it\/ravaglioli.it\/wp-content\/uploads\/brb_media\/00551266_2-post-lifts-kpx35ev-br-en-2025-11.pdf","title":"2 Post Lifts KPX35EV BR EN 2025 11","mpn":"","thumbnail":"https:\/\/dev.codekraft.it\/ravaglioli.it\/wp-content\/uploads\/brb_media\/00551266_2-post-lifts-kpx35ev-br-en-2025-11-pdf-106x150.png","description":""},{"id":156492,"url":"https:\/\/dev.codekraft.it\/ravaglioli.it\/wp-content\/uploads\/brb_media\/00551268_2-post-lifts-kpx35ev-br-fr-2025-11.pdf","title":"2 Post Lifts KPX35EV BR FR 2025 11","mpn":"","thumbnail":"https:\/\/dev.codekraft.it\/ravaglioli.it\/wp-content\/uploads\/brb_media\/00551268_2-post-lifts-kpx35ev-br-fr-2025-11-pdf-106x150.png","description":""},{"id":156493,"url":"https:\/\/dev.codekraft.it\/ravaglioli.it\/wp-content\/uploads\/brb_media\/00551269_2-post-lifts-kpx35ev-br-it-2025-11.pdf","title":"2 Post Lifts KPX35EV BR IT 2025 11","mpn":"","thumbnail":"https:\/\/dev.codekraft.it\/ravaglioli.it\/wp-content\/uploads\/brb_media\/00551269_2-post-lifts-kpx35ev-br-it-2025-11-pdf-106x150.png","description":""},{"id":156494,"url":"https:\/\/dev.codekraft.it\/ravaglioli.it\/wp-content\/uploads\/brb_media\/00551267_2-post-lifts-kpx35ev-br-es-2025-11.pdf","title":"2 Post Lifts KPX35EV BR ES 2025 11","mpn":"","thumbnail":"https:\/\/dev.codekraft.it\/ravaglioli.it\/wp-content\/uploads\/brb_media\/00551267_2-post-lifts-kpx35ev-br-es-2025-11-pdf-106x150.png","description":""},{"id":156495,"url":"https:\/\/dev.codekraft.it\/ravaglioli.it\/wp-content\/uploads\/brb_media\/00551270_2-post-lifts-kpx35ev-br-ru-2025-11.pdf","title":"2 Post Lifts KPX35EV BR RU 2025 11","mpn":"","thumbnail":"https:\/\/dev.codekraft.it\/ravaglioli.it\/wp-content\/uploads\/brb_media\/00551270_2-post-lifts-kpx35ev-br-ru-2025-11-pdf-106x150.png","description":""},{"id":76135,"url":"https:\/\/dev.codekraft.it\/ravaglioli.it\/wp-content\/uploads\/brb_media\/00510147_legend-series-end-user-flyer-de-2023-07-screen.pdf","title":"Legend series end user flyer de 2023 07 screen","mpn":"","thumbnail":"https:\/\/dev.codekraft.it\/ravaglioli.it\/wp-content\/uploads\/brb_media\/00510147_legend-series-end-user-flyer-de-2023-07-screen-pdf-106x150.png","description":""},{"id":76136,"url":"https:\/\/dev.codekraft.it\/ravaglioli.it\/wp-content\/uploads\/brb_media\/00510148_legend-series-end-user-flyer-en-2023-07-screen.pdf","title":"Legend series end user flyer en 2023 07 screen","mpn":"","thumbnail":"https:\/\/dev.codekraft.it\/ravaglioli.it\/wp-content\/uploads\/brb_media\/00510148_legend-series-end-user-flyer-en-2023-07-screen-pdf-106x150.png","description":""},{"id":76137,"url":"https:\/\/dev.codekraft.it\/ravaglioli.it\/wp-content\/uploads\/brb_media\/00510149_legend-series-end-user-flyer-fr-2023-07-screen.pdf","title":"Legend series end user flyer fr 2023 07 screen","mpn":"","thumbnail":"https:\/\/dev.codekraft.it\/ravaglioli.it\/wp-content\/uploads\/brb_media\/00510149_legend-series-end-user-flyer-fr-2023-07-screen-pdf-106x150.png","description":""},{"id":76138,"url":"https:\/\/dev.codekraft.it\/ravaglioli.it\/wp-content\/uploads\/brb_media\/00510150_legend-series-end-user-flyer-it-2023-07-screen.pdf","title":"Legend series end user flyer it 2023 07 screen","mpn":"","thumbnail":"https:\/\/dev.codekraft.it\/ravaglioli.it\/wp-content\/uploads\/brb_media\/00510150_legend-series-end-user-flyer-it-2023-07-screen-pdf-106x150.png","description":""},{"id":76139,"url":"https:\/\/dev.codekraft.it\/ravaglioli.it\/wp-content\/uploads\/brb_media\/00510151_legend-series-end-user-flyer-es-2023-07-screen.pdf","title":"Legend series end user flyer es 2023 07 screen","mpn":"","thumbnail":"https:\/\/dev.codekraft.it\/ravaglioli.it\/wp-content\/uploads\/brb_media\/00510151_legend-series-end-user-flyer-es-2023-07-screen-pdf-106x150.png","description":""},{"id":119210,"url":"https:\/\/dev.codekraft.it\/ravaglioli.it\/wp-content\/uploads\/brb_media\/00510153_legend-series-end-user-flyer-ru-2023-07-screen.pdf","title":"Legend series end user flyer ru 2023 07 screen","mpn":"","thumbnail":"https:\/\/dev.codekraft.it\/ravaglioli.it\/wp-content\/uploads\/brb_media\/00510153_legend-series-end-user-flyer-ru-2023-07-screen-pdf-106x150.png","description":""}],"brb_media_drawing":[{"id":156498,"url":"https:\/\/dev.codekraft.it\/ravaglioli.it\/wp-content\/uploads\/brb_media\/00550034_2-post-lifts-kpx35ev-td-047307081-2023-10.pdf","title":"2 Post Lifts KPX35EV TD 047307081 2023 10","mpn":"","thumbnail":"https:\/\/dev.codekraft.it\/ravaglioli.it\/wp-content\/uploads\/brb_media\/00550034_2-post-lifts-kpx35ev-td-047307081-2023-10-pdf-150x107.png","description":""},{"id":156499,"url":"https:\/\/dev.codekraft.it\/ravaglioli.it\/wp-content\/uploads\/brb_media\/00550035_2-post-lifts-kpx35ev-td-load-diagram-047307081-2023-03.pdf","title":"2 Post Lifts KPX35EV TD Load diagram 047307081 2023 03","mpn":"","thumbnail":"https:\/\/dev.codekraft.it\/ravaglioli.it\/wp-content\/uploads\/brb_media\/00550035_2-post-lifts-kpx35ev-td-load-diagram-047307081-2023-03-pdf-150x106.png","description":""}],"brb_media_manuals":[{"id":76140,"url":"https:\/\/dev.codekraft.it\/ravaglioli.it\/wp-content\/uploads\/brb_media\/00510232_2-post-lifts-kpx32_kpx35-im-0473-m001-0-rev2-multi-2023-06.pdf","title":"2 post lifts KPX32 KPX35 IM 0473 M001 0 rev2 multi 2023 06","mpn":"","thumbnail":"https:\/\/dev.codekraft.it\/ravaglioli.it\/wp-content\/uploads\/brb_media\/00510232_2-post-lifts-kpx32_kpx35-im-0473-m001-0-rev2-multi-2023-06-pdf-106x150.png","description":""}],"brb_media_safety_datasheets":"","brb_media_spare_parts":[],"_cdmm_p_id":"502950","_company":"Ravaglioli","_gtin":"5063084199393","accessories":[{"id":154700,"mpn":"VSG.2CALL.902641","name":"Bac pour les outils","description":"Aimant\u00e9es | ensemble de plateaux | 1 jeu \/ 4 pi\u00e8ces","thumbnail":"https:\/\/dev.codekraft.it\/ravaglioli.it\/wp-content\/uploads\/brb_media\/00509504_2-post-lift-vsg2call902641-mi-150x150.png","url":"https:\/\/dev.codekraft.it\/ravaglioli.it\/fr\/product\/bac-pour-les-outils\/"},{"id":155969,"mpn":"VSG.2CALL.901071","name":"Entretoises pour tampons pour \u00e9l\u00e9vateurs \u00e9lectrom\u00e9caniques","description":"4 x 89 mm, 4 x 127 mm, y compris 2 supports pour le montage sur les colonnes | 1 jeu \/ 8 pi\u00e8ces","thumbnail":"https:\/\/dev.codekraft.it\/ravaglioli.it\/wp-content\/uploads\/brb_media\/00508736_2-post-lift-vsg2call901071-mi-150x150.png","url":"https:\/\/dev.codekraft.it\/ravaglioli.it\/fr\/product\/entretoises-pour-tampons-pour-elevateurs-electromecaniques\/"},{"id":155975,"mpn":"VSG.2CALL.901248","name":"Entretoises pour tampons","description":"4 x 200 mm, y compris support pour le montage sur les colonnes | 1 jeu \/ 4 pi\u00e8ces","thumbnail":"https:\/\/dev.codekraft.it\/ravaglioli.it\/wp-content\/uploads\/brb_media\/00505099_2-post-lift-vsg2call901248-mi-150x150.png","url":"https:\/\/dev.codekraft.it\/ravaglioli.it\/fr\/product\/entretoises-pour-tampons\/"},{"id":155999,"mpn":"VSG.2CELM.901927","name":"Anneau pour le d\u00e9placement des colonnes","description":"3,5 t - 4,2 t | Facilite l'installation du pont \u00e9l\u00e9vateur ; r\u00e9utilisable pour d'autres installations | 1 jeu","thumbnail":"https:\/\/dev.codekraft.it\/ravaglioli.it\/wp-content\/uploads\/brb_media\/00512726_2-post-lift-vsg2celm901927-mi-01-150x150.png","url":"https:\/\/dev.codekraft.it\/ravaglioli.it\/fr\/product\/anneau-pour-le-deplacement-des-colonnes-2\/"},{"id":155981,"mpn":"VSG.2CALL.901163","name":"Kit adaptateurs","description":"Kit adaptateurs pour tampons pour prise chassis \u00d8 120 mm (1 jeu, 2 pi\u00e8ces), pour plateau tournant","thumbnail":"https:\/\/dev.codekraft.it\/ravaglioli.it\/wp-content\/uploads\/brb_media\/00524050_2-post-lift-fj6353-1-mi-150x150.png","url":"https:\/\/dev.codekraft.it\/ravaglioli.it\/fr\/product\/kit-adaptateurs\/"},{"id":155993,"mpn":"VSG.2CELM.902344","name":"R\u00e9glage de la hauteur de la barre transversale","description":"Kit pour augmenter la hauteur de passage a\u00e9rien des c\u00e2bles jusqu'\u00e0 + 1,5 m | pour les plateformes \u00e0 vis | 1 jeu","thumbnail":"https:\/\/dev.codekraft.it\/ravaglioli.it\/wp-content\/uploads\/brb_media\/00509506_2-post-lift-vsg2celm902344-mi-150x150.png","url":"https:\/\/dev.codekraft.it\/ravaglioli.it\/fr\/product\/reglage-de-la-hauteur-de-la-barre-transversale\/"},{"id":155987,"mpn":"VSG.2CALL.901378","name":"Kit plaques de r\u00e9partition","description":"3,5 t | permet d'installer le pont \u00e9l\u00e9vateur m\u00eame sur de dalle de faible \u00e9paisseur | 1 jeu \/ 2 pi\u00e8ces","thumbnail":"https:\/\/dev.codekraft.it\/ravaglioli.it\/wp-content\/uploads\/brb_media\/00533778_2-post-lift-vsg-2call-901378-mi-150x150.png","url":"https:\/\/dev.codekraft.it\/ravaglioli.it\/fr\/product\/kit-plaques-de-repartition\/"},{"id":154688,"mpn":"VSG.2CALL.902818","name":"Kit de supports pour rehausser les v\u00e9hicules","description":"Hauteur de rampe 60 mm, pour v\u00e9hicules extr\u00eamement bas | 1 jeu \/ 2 pi\u00e8ces","thumbnail":"https:\/\/dev.codekraft.it\/ravaglioli.it\/wp-content\/uploads\/brb_media\/00509501_2-post-lift-vsg2call902818-mi-150x150.png","url":"https:\/\/dev.codekraft.it\/ravaglioli.it\/fr\/product\/kit-de-supports-pour-rehausser-les-vehicules\/"},{"id":154694,"mpn":"VSG.2CALL.902085","name":"Kit de supports pour le contr\u00f4le de g\u00e9om\u00e9trie","description":"1 jeu \/ 4 pi\u00e8ces","thumbnail":"https:\/\/dev.codekraft.it\/ravaglioli.it\/wp-content\/uploads\/brb_media\/00509503_2-post-lift-vsg2call902085-mi-150x150.png","url":"https:\/\/dev.codekraft.it\/ravaglioli.it\/fr\/product\/kit-de-supports-pour-le-controle-de-geometrie\/"}],"components":[],"delivery":[],"package":[],"related":[],"similar":[{"id":156509,"mpn":"RAV.KPX35.199072","name":"Pont \u00e9l\u00e9vateur \u00e0 2 colonnes KPX35EV 230 V &#8211; 3 Ph &#8211; 50 Hz","description":"3,5 t, \u00e9lectrom\u00e9canique, asym\u00e9trique, colonnes tourn\u00e9es \u00e0 45\u00b0, bras EV, TEq-Link | 3 x 230 V \/ 50 Hz","thumbnail":"https:\/\/dev.codekraft.it\/ravaglioli.it\/wp-content\/uploads\/brb_media\/00521389_2-post-lift-kpx35ev-mi-01-150x150.png","url":"https:\/\/dev.codekraft.it\/ravaglioli.it\/fr\/product\/pont-elevateur-a-2-colonnes-kpx35ev-230-v-3-ph-50-hz\/"},{"id":156515,"mpn":"RAV.KPX35.198891","name":"Pont \u00e9l\u00e9vateur \u00e0 2 colonnes KPX35EEV","description":"3,5 t, \u00e9lectrom\u00e9canique, asym\u00e9trique, double panneau de commande, colonnes tourn\u00e9es \u00e0 45\u00b0, bras EV, TEq-Link, kit d'\u00e9nergie","thumbnail":"https:\/\/dev.codekraft.it\/ravaglioli.it\/wp-content\/uploads\/brb_media\/00510216_2-post-lift-kpx35ev-mi-150x150.png","url":"https:\/\/dev.codekraft.it\/ravaglioli.it\/fr\/product\/pont-elevateur-a-2-colonnes-kpx35eev\/"}],"page_logo_src":"https:\/\/dev.codekraft.it\/ravaglioli.it\/wp-content\/uploads\/2026\/04\/rav-negative-logo-1.png","lang":"fr","translations":{"fr":156502,"en":156488,"de":156501,"it":156503,"es":156504,"ru":156505},"pll_sync_post":[],"_links":{"self":[{"href":"https:\/\/dev.codekraft.it\/ravaglioli.it\/wp-json\/wp\/v2\/product\/156502","targetHints":{"allow":["GET"]}}],"collection":[{"href":"https:\/\/dev.codekraft.it\/ravaglioli.it\/wp-json\/wp\/v2\/product"}],"about":[{"href":"https:\/\/dev.codekraft.it\/ravaglioli.it\/wp-json\/wp\/v2\/types\/product"}],"wp:featuredmedia":[{"embeddable":true,"href":"https:\/\/dev.codekraft.it\/ravaglioli.it\/wp-json\/wp\/v2\/media\/156489"}],"wp:attachment":[{"href":"https:\/\/dev.codekraft.it\/ravaglioli.it\/wp-json\/wp\/v2\/media?parent=156502"}],"wp:term":[{"taxonomy":"product_brand","embeddable":true,"href":"https:\/\/dev.codekraft.it\/ravaglioli.it\/wp-json\/wp\/v2\/product_brand?post=156502"},{"taxonomy":"product_cat","embeddable":true,"href":"https:\/\/dev.codekraft.it\/ravaglioli.it\/wp-json\/wp\/v2\/product_cat?post=156502"},{"taxonomy":"product_tag","embeddable":true,"href":"https:\/\/dev.codekraft.it\/ravaglioli.it\/wp-json\/wp\/v2\/product_tag?post=156502"},{"taxonomy":"product_approvals","embeddable":true,"href":"https:\/\/dev.codekraft.it\/ravaglioli.it\/wp-json\/wp\/v2\/product_approvals?post=156502"},{"taxonomy":"product_application","embeddable":true,"href":"https:\/\/dev.codekraft.it\/ravaglioli.it\/wp-json\/wp\/v2\/product_application?post=156502"}],"curies":[{"name":"wp","href":"https:\/\/api.w.org\/{rel}","templated":true}]}}