{"id":156441,"date":"2025-10-30T14:31:24","date_gmt":"2025-10-30T14:31:24","guid":{"rendered":"https:\/\/dev.codekraft.it\/ravaglioli.it\/product\/lkw-scherenhebebuhne-rav835-9i\/"},"modified":"2026-01-14T22:33:37","modified_gmt":"2026-01-14T22:33:37","slug":"lkw-scherenhebebuhne-rav835-9i","status":"publish","type":"product","link":"https:\/\/dev.codekraft.it\/ravaglioli.it\/de\/product\/lkw-scherenhebebuhne-rav835-9i\/","title":{"rendered":"Lkw-Scherenhebeb\u00fchne RAV835.9I"},"content":{"rendered":"<p>Hebeb\u00fchnen f\u00fcr Nutzfahrzeuge<\/p>\n<ul>\n<li>Keine mechanischen Verbindungen zwischen den Fahrschienen. Rundum perfekt zug\u00e4nglich.<\/li>\n<li>Elektronischer Gleichlauf der Fahrschienen, unabh\u00e4ngig von der Lastverteilung.<\/li>\n<li>Mechanische Sicherheitsklinke garantiert eine maximale Sicherheit auch im angehobenen Zustand der Hebeb\u00fchne.<\/li>\n<li>Gelenkbolzen mit selbstschmierenden Buchsen, die keiner Wartung bed\u00fcrfen.<\/li>\n<li>Rutschfeste Fahrbahnoberfl\u00e4che aus Tr\u00e4nenblech.<\/li>\n<li>Die optimale L\u00f6sung f\u00fcr den rationellen Arbeitsraum:\n<ul>\n<li>Minimale Ausma\u00dfe bei angehobener Hebeb\u00fchne<\/li>\n<li>Bodeneben und vollst\u00e4ndig frei in der untersten Position.<\/li>\n<\/ul>\n<\/li>\n<\/ul>\n","protected":false},"excerpt":{"rendered":"<p>35 t, elektrohydraulisch, Plattforml\u00e4nge 9000 mm, mit Sicherheitsklinke, Unterflur<\/p>\n","protected":false},"featured_media":44358,"template":"","meta":[],"product_brand":[],"product_cat":[58164],"product_tag":[58374,58357,58323,58340],"product_approvals":[],"product_application":[],"class_list":{"0":"post-156441","1":"product","2":"type-product","3":"status-publish","4":"has-post-thumbnail","6":"product_cat-scheren-hebebuhnen-de","7":"product_tag-buses-de","8":"product_tag-trucks-de","9":"product_tag-light-commercial-de","10":"product_tag-motor-homes-de","12":"first","13":"instock","14":"shipping-taxable","15":"product-type-simple"},"approvals":[],"application":[],"brb_media_brochure":[{"id":44225,"url":"https:\/\/dev.codekraft.it\/ravaglioli.it\/wp-content\/uploads\/brb_media\/00509653_scissor-lifts-rav825-rav835-br-multi-06-2023-screen.pdf","title":"Scissor Lifts RAV825 RAV835 BR multi 06 2023 screen","mpn":"","thumbnail":"https:\/\/dev.codekraft.it\/ravaglioli.it\/wp-content\/uploads\/brb_media\/00509653_scissor-lifts-rav825-rav835-br-multi-06-2023-screen-pdf-106x150.png","description":""}],"brb_media_drawing":"","brb_media_manuals":"","brb_media_safety_datasheets":"","brb_media_spare_parts":[],"_cdmm_p_id":"502928","_company":"Ravaglioli","_gtin":"4057612818635","accessories":[],"components":[],"delivery":[],"package":[],"related":[],"similar":[{"id":156429,"mpn":"RAV835.6I","name":"Lkw-Scherenhebeb\u00fchne RAV835.6I","description":"35 t, elektrohydraulisch, Plattforml\u00e4nge 6000 mm, mit Sicherheitsklinke, Unterflur","thumbnail":"https:\/\/dev.codekraft.it\/ravaglioli.it\/wp-content\/uploads\/brb_media\/00509656_platform-lift-rav835-mi-150x150.png","url":"https:\/\/dev.codekraft.it\/ravaglioli.it\/de\/product\/lkw-scherenhebebuhne-rav835-6i\/"},{"id":156435,"mpn":"RAV835.8I","name":"Lkw-Scherenhebeb\u00fchne RAV835.8I","description":"35 t, elektrohydraulisch, Plattforml\u00e4nge 8000 mm, mit Sicherheitsklinke, Unterflur","thumbnail":"https:\/\/dev.codekraft.it\/ravaglioli.it\/wp-content\/uploads\/brb_media\/00509656_platform-lift-rav835-mi-150x150.png","url":"https:\/\/dev.codekraft.it\/ravaglioli.it\/de\/product\/lkw-scherenhebebuhne-rav835-8i\/"},{"id":156447,"mpn":"RAV835.10I","name":"Lkw-Scherenhebeb\u00fchne RAV835.10I","description":"35 t, elektrohydraulisch, Plattforml\u00e4nge 10000 mm, mit Sicherheitsklinke, Unterflur","thumbnail":"https:\/\/dev.codekraft.it\/ravaglioli.it\/wp-content\/uploads\/brb_media\/00509656_platform-lift-rav835-mi-150x150.png","url":"https:\/\/dev.codekraft.it\/ravaglioli.it\/de\/product\/lkw-scherenhebebuhne-rav835-10i\/"},{"id":156459,"mpn":"RAV835.11I","name":"Lkw-Scherenhebeb\u00fchne RAV835.11I","description":"35 t, elektrohydraulisch, Plattforml\u00e4nge 11000 mm, mit Sicherheitsklinke, Unterflur","thumbnail":"https:\/\/dev.codekraft.it\/ravaglioli.it\/wp-content\/uploads\/brb_media\/00509656_platform-lift-rav835-mi-150x150.png","url":"https:\/\/dev.codekraft.it\/ravaglioli.it\/de\/product\/lkw-scherenhebebuhne-rav835-11i\/"},{"id":156465,"mpn":"RAV835.12I","name":"Lkw-Scherenhebeb\u00fchne RAV835.12I","description":"35 t, elektrohydraulisch, Plattforml\u00e4nge 12000 mm, mit Sicherheitsklinke, Unterflur","thumbnail":"https:\/\/dev.codekraft.it\/ravaglioli.it\/wp-content\/uploads\/brb_media\/00509656_platform-lift-rav835-mi-150x150.png","url":"https:\/\/dev.codekraft.it\/ravaglioli.it\/de\/product\/lkw-scherenhebebuhne-rav835-12i\/"},{"id":156471,"mpn":"RAV835.13I","name":"Lkw-Scherenhebeb\u00fchne RAV835.13I","description":"35 t, elektrohydraulisch, Plattforml\u00e4nge 13000 mm, mit Sicherheitsklinke, Unterflur","thumbnail":"https:\/\/dev.codekraft.it\/ravaglioli.it\/wp-content\/uploads\/brb_media\/00509656_platform-lift-rav835-mi-150x150.png","url":"https:\/\/dev.codekraft.it\/ravaglioli.it\/de\/product\/lkw-scherenhebebuhne-rav835-13i\/"},{"id":156477,"mpn":"RAV835.145I","name":"Lkw-Scherenhebeb\u00fchne RAV835.145I","description":"35 t, elektrohydraulisch, Plattforml\u00e4nge 14500 mm, mit Sicherheitsklinke, Unterflur","thumbnail":"https:\/\/dev.codekraft.it\/ravaglioli.it\/wp-content\/uploads\/brb_media\/00509656_platform-lift-rav835-mi-150x150.png","url":"https:\/\/dev.codekraft.it\/ravaglioli.it\/de\/product\/lkw-scherenhebebuhne-rav835-145i\/"},{"id":156453,"mpn":"RAV835.10AI","name":"Lkw-Scherenhebeb\u00fchne RAV835.10AI","description":"35 t, elektrohydraulisch, Plattforml\u00e4nge 10000 mm, mit Sicherheitsklinke, Unterflur, Fahrschienen mit vorderen Aussparungen f\u00fcr Drehteller","thumbnail":"https:\/\/dev.codekraft.it\/ravaglioli.it\/wp-content\/uploads\/brb_media\/00509656_platform-lift-rav835-mi-150x150.png","url":"https:\/\/dev.codekraft.it\/ravaglioli.it\/de\/product\/lkw-scherenhebebuhne-rav835-10ai\/"}],"page_logo_src":"https:\/\/dev.codekraft.it\/ravaglioli.it\/wp-content\/uploads\/2026\/04\/rav-negative-logo-1.png","lang":"de","translations":{"de":156441,"en":156440,"fr":156442,"it":156443,"es":156444,"ru":156445},"pll_sync_post":[],"_links":{"self":[{"href":"https:\/\/dev.codekraft.it\/ravaglioli.it\/wp-json\/wp\/v2\/product\/156441","targetHints":{"allow":["GET"]}}],"collection":[{"href":"https:\/\/dev.codekraft.it\/ravaglioli.it\/wp-json\/wp\/v2\/product"}],"about":[{"href":"https:\/\/dev.codekraft.it\/ravaglioli.it\/wp-json\/wp\/v2\/types\/product"}],"wp:featuredmedia":[{"embeddable":true,"href":"https:\/\/dev.codekraft.it\/ravaglioli.it\/wp-json\/wp\/v2\/media\/44358"}],"wp:attachment":[{"href":"https:\/\/dev.codekraft.it\/ravaglioli.it\/wp-json\/wp\/v2\/media?parent=156441"}],"wp:term":[{"taxonomy":"product_brand","embeddable":true,"href":"https:\/\/dev.codekraft.it\/ravaglioli.it\/wp-json\/wp\/v2\/product_brand?post=156441"},{"taxonomy":"product_cat","embeddable":true,"href":"https:\/\/dev.codekraft.it\/ravaglioli.it\/wp-json\/wp\/v2\/product_cat?post=156441"},{"taxonomy":"product_tag","embeddable":true,"href":"https:\/\/dev.codekraft.it\/ravaglioli.it\/wp-json\/wp\/v2\/product_tag?post=156441"},{"taxonomy":"product_approvals","embeddable":true,"href":"https:\/\/dev.codekraft.it\/ravaglioli.it\/wp-json\/wp\/v2\/product_approvals?post=156441"},{"taxonomy":"product_application","embeddable":true,"href":"https:\/\/dev.codekraft.it\/ravaglioli.it\/wp-json\/wp\/v2\/product_application?post=156441"}],"curies":[{"name":"wp","href":"https:\/\/api.w.org\/{rel}","templated":true}]}}