{"id":156418,"date":"2025-10-30T14:31:24","date_gmt":"2025-10-30T14:31:24","guid":{"rendered":"https:\/\/dev.codekraft.it\/ravaglioli.it\/product\/pont-elevateur-a-ciseaux-pour-vehicules-industriels-rav825-13i\/"},"modified":"2026-01-14T22:32:30","modified_gmt":"2026-01-14T22:32:30","slug":"pont-elevateur-a-ciseaux-pour-vehicules-industriels-rav825-13i","status":"publish","type":"product","link":"https:\/\/dev.codekraft.it\/ravaglioli.it\/fr\/product\/pont-elevateur-a-ciseaux-pour-vehicules-industriels-rav825-13i\/","title":{"rendered":"Pont \u00e9l\u00e9vateur \u00e0 ciseaux pour v\u00e9hicules industriels RAV825.13I"},"content":{"rendered":"<p>Elevateurs pour vehicules industriels<\/p>\n<ul>\n<li>Absence de connexions m\u00e9caniques entre les chemins de roulement. Fonctionnalit\u00e9 maximale dans la zone de travail.<\/li>\n<li>Synchronisation \u00e9lectronique des mouvements des chemins de roulement ind\u00e9pendante de la r\u00e9partition de la charge.<\/li>\n<li>Dispositif de soutien m\u00e9canique avec enclenchement automatique et d\u00e9gagement pneumatique, pour garantir la s\u00e9curit\u00e9 totale pendant le stationnement.<\/li>\n<li>Pivots d&#8217;articulation avec bagues autolubrifiantes, ne n\u00e9cessitant pas d&#8217;entretien.<\/li>\n<li>Surface des chemins de roulement en t\u00f4le ondul\u00e9e anti-glissement.<\/li>\n<li>La solution optimale pour le milieu de travail rationnel\u00a0:\n<ul>\n<li>encombrement mini lorsque le pont est lev\u00e9.<\/li>\n<li>sol enti\u00e8rement libre lorsque le pont est en bas.<\/li>\n<\/ul>\n<\/li>\n<\/ul>\n","protected":false},"excerpt":{"rendered":"<p>25 t, \u00e9lectrohydraulique, longueur de plateforme 13000 mm, avec clavette de s\u00e9curit\u00e9, sous le sol<\/p>\n","protected":false},"featured_media":44224,"template":"","meta":[],"product_brand":[],"product_cat":[58170],"product_tag":[58377,58360,58343,58326],"product_approvals":[],"product_application":[],"class_list":{"0":"post-156418","1":"product","2":"type-product","3":"status-publish","4":"has-post-thumbnail","6":"product_cat-ponts-elevateurs-a-ciseaux-fr","7":"product_tag-buses-fr","8":"product_tag-trucks-fr","9":"product_tag-motor-homes-fr","10":"product_tag-light-commercial-fr","12":"first","13":"instock","14":"shipping-taxable","15":"product-type-simple"},"approvals":[],"application":[],"brb_media_brochure":[{"id":44225,"url":"https:\/\/dev.codekraft.it\/ravaglioli.it\/wp-content\/uploads\/brb_media\/00509653_scissor-lifts-rav825-rav835-br-multi-06-2023-screen.pdf","title":"Scissor Lifts RAV825 RAV835 BR multi 06 2023 screen","mpn":"","thumbnail":"https:\/\/dev.codekraft.it\/ravaglioli.it\/wp-content\/uploads\/brb_media\/00509653_scissor-lifts-rav825-rav835-br-multi-06-2023-screen-pdf-106x150.png","description":""}],"brb_media_drawing":"","brb_media_manuals":"","brb_media_safety_datasheets":"","brb_media_spare_parts":[],"_cdmm_p_id":"502924","_company":"Ravaglioli","_gtin":"","accessories":[],"components":[],"delivery":[],"package":[],"related":[],"similar":[{"id":156289,"mpn":"RAV825.6I","name":"Pont \u00e9l\u00e9vateur \u00e0 ciseaux pour v\u00e9hicules industriels RAV825.6I","description":"25 t, \u00e9lectrohydraulique, longueur de plateforme 6000 mm, avec clavette de s\u00e9curit\u00e9, sous le sol","thumbnail":"https:\/\/dev.codekraft.it\/ravaglioli.it\/wp-content\/uploads\/brb_media\/00509655_platform-lift-rav825-mi-150x150.png","url":"https:\/\/dev.codekraft.it\/ravaglioli.it\/fr\/product\/pont-elevateur-a-ciseaux-pour-vehicules-industriels-rav825-6i\/"},{"id":156382,"mpn":"RAV825.8I","name":"Pont \u00e9l\u00e9vateur \u00e0 ciseaux pour v\u00e9hicules industriels RAV825.8I","description":"25 t, \u00e9lectrohydraulique, longueur de plateforme 8000 mm, avec clavette de s\u00e9curit\u00e9, sous le sol","thumbnail":"https:\/\/dev.codekraft.it\/ravaglioli.it\/wp-content\/uploads\/brb_media\/00509655_platform-lift-rav825-mi-150x150.png","url":"https:\/\/dev.codekraft.it\/ravaglioli.it\/fr\/product\/pont-elevateur-a-ciseaux-pour-vehicules-industriels-rav825-8i\/"},{"id":156388,"mpn":"RAV825.9I","name":"Pont \u00e9l\u00e9vateur \u00e0 ciseaux pour v\u00e9hicules industriels RAV825.9I","description":"25 t, \u00e9lectrohydraulique, longueur de plateforme 9000 mm, avec clavette de s\u00e9curit\u00e9, sous le sol","thumbnail":"https:\/\/dev.codekraft.it\/ravaglioli.it\/wp-content\/uploads\/brb_media\/00509655_platform-lift-rav825-mi-150x150.png","url":"https:\/\/dev.codekraft.it\/ravaglioli.it\/fr\/product\/pont-elevateur-a-ciseaux-pour-vehicules-industriels-rav825-9i\/"},{"id":156394,"mpn":"RAV825.10I","name":"Pont \u00e9l\u00e9vateur \u00e0 ciseaux pour v\u00e9hicules industriels RAV825.10I","description":"25 t, \u00e9lectrohydraulique, longueur de plateforme 10000 mm, avec clavette de s\u00e9curit\u00e9, sous le sol","thumbnail":"https:\/\/dev.codekraft.it\/ravaglioli.it\/wp-content\/uploads\/brb_media\/00509655_platform-lift-rav825-mi-150x150.png","url":"https:\/\/dev.codekraft.it\/ravaglioli.it\/fr\/product\/pont-elevateur-a-ciseaux-pour-vehicules-industriels-rav825-10i\/"},{"id":156406,"mpn":"RAV825.11I","name":"Pont \u00e9l\u00e9vateur \u00e0 ciseaux pour v\u00e9hicules industriels RAV825.11I","description":"25 t, \u00e9lectrohydraulique, longueur de plateforme 11000 mm, avec clavette de s\u00e9curit\u00e9, sous le sol","thumbnail":"https:\/\/dev.codekraft.it\/ravaglioli.it\/wp-content\/uploads\/brb_media\/00509655_platform-lift-rav825-mi-150x150.png","url":"https:\/\/dev.codekraft.it\/ravaglioli.it\/fr\/product\/pont-elevateur-a-ciseaux-pour-vehicules-industriels-rav825-11i\/"},{"id":156412,"mpn":"RAV825.12I","name":"Pont \u00e9l\u00e9vateur \u00e0 ciseaux pour v\u00e9hicules industriels RAV825.12I","description":"25 t, \u00e9lectrohydraulique, longueur de plateforme 12000 mm, avec clavette de s\u00e9curit\u00e9, sous le sol","thumbnail":"https:\/\/dev.codekraft.it\/ravaglioli.it\/wp-content\/uploads\/brb_media\/00509655_platform-lift-rav825-mi-150x150.png","url":"https:\/\/dev.codekraft.it\/ravaglioli.it\/fr\/product\/pont-elevateur-a-ciseaux-pour-vehicules-industriels-rav825-12i\/"},{"id":156400,"mpn":"RAV825.10AI","name":"Pont \u00e9l\u00e9vateur \u00e0 ciseaux pour v\u00e9hicules industriels RAV825.10AI","description":"25 t, \u00e9lectrohydraulique, longueur de plateforme 10000 mm, avec clavette de s\u00e9curit\u00e9, sous le sol, chemins de roulement avec logements avant pour plateaux pivotants","thumbnail":"https:\/\/dev.codekraft.it\/ravaglioli.it\/wp-content\/uploads\/brb_media\/00509655_platform-lift-rav825-mi-150x150.png","url":"https:\/\/dev.codekraft.it\/ravaglioli.it\/fr\/product\/pont-elevateur-a-ciseaux-pour-vehicules-industriels-rav825-10ai\/"},{"id":156424,"mpn":"RAV825.145I","name":"Pont \u00e9l\u00e9vateur \u00e0 ciseaux pour v\u00e9hicules industriels RAV825.145I","description":"25 t, \u00e9lectrohydraulique, longueur de plateforme 14500 mm, avec clavette de s\u00e9curit\u00e9, sous le sol","thumbnail":"https:\/\/dev.codekraft.it\/ravaglioli.it\/wp-content\/uploads\/brb_media\/00509655_platform-lift-rav825-mi-150x150.png","url":"https:\/\/dev.codekraft.it\/ravaglioli.it\/fr\/product\/pont-elevateur-a-ciseaux-pour-vehicules-industriels-rav825-145i\/"}],"page_logo_src":"https:\/\/dev.codekraft.it\/ravaglioli.it\/wp-content\/uploads\/2026\/04\/rav-negative-logo-1.png","lang":"fr","translations":{"fr":156418,"en":156416,"de":156417,"it":156419,"es":156420,"ru":156421},"pll_sync_post":[],"_links":{"self":[{"href":"https:\/\/dev.codekraft.it\/ravaglioli.it\/wp-json\/wp\/v2\/product\/156418","targetHints":{"allow":["GET"]}}],"collection":[{"href":"https:\/\/dev.codekraft.it\/ravaglioli.it\/wp-json\/wp\/v2\/product"}],"about":[{"href":"https:\/\/dev.codekraft.it\/ravaglioli.it\/wp-json\/wp\/v2\/types\/product"}],"wp:featuredmedia":[{"embeddable":true,"href":"https:\/\/dev.codekraft.it\/ravaglioli.it\/wp-json\/wp\/v2\/media\/44224"}],"wp:attachment":[{"href":"https:\/\/dev.codekraft.it\/ravaglioli.it\/wp-json\/wp\/v2\/media?parent=156418"}],"wp:term":[{"taxonomy":"product_brand","embeddable":true,"href":"https:\/\/dev.codekraft.it\/ravaglioli.it\/wp-json\/wp\/v2\/product_brand?post=156418"},{"taxonomy":"product_cat","embeddable":true,"href":"https:\/\/dev.codekraft.it\/ravaglioli.it\/wp-json\/wp\/v2\/product_cat?post=156418"},{"taxonomy":"product_tag","embeddable":true,"href":"https:\/\/dev.codekraft.it\/ravaglioli.it\/wp-json\/wp\/v2\/product_tag?post=156418"},{"taxonomy":"product_approvals","embeddable":true,"href":"https:\/\/dev.codekraft.it\/ravaglioli.it\/wp-json\/wp\/v2\/product_approvals?post=156418"},{"taxonomy":"product_application","embeddable":true,"href":"https:\/\/dev.codekraft.it\/ravaglioli.it\/wp-json\/wp\/v2\/product_application?post=156418"}],"curies":[{"name":"wp","href":"https:\/\/api.w.org\/{rel}","templated":true}]}}