{"id":156337,"date":"2025-10-30T14:31:23","date_gmt":"2025-10-30T14:31:23","guid":{"rendered":"https:\/\/dev.codekraft.it\/ravaglioli.it\/product\/elevador-de-tijera-rav640n-5-55isi\/"},"modified":"2026-01-14T22:20:33","modified_gmt":"2026-01-14T22:20:33","slug":"elevador-de-tijera-rav640n-5-55isi","status":"publish","type":"product","link":"https:\/\/dev.codekraft.it\/ravaglioli.it\/es\/product\/elevador-de-tijera-rav640n-5-55isi\/","title":{"rendered":"Elevador de tijera RAV640N.5.55ISI"},"content":{"rendered":"<p>Serie RAV600N &#8211;\u00a0One Lift for Double Solutions: Nueva geometr\u00eda del elevador que simplifica el proceso de realizaci\u00f3n del foso. Elevadores con plataformas de grandes dimensiones, y una estructura dise\u00f1ada para una m\u00e1xima estabilidad, incluso cuando se trabaja en veh\u00edculos de gran tama\u00f1o.<\/p>\n<ul>\n<li>Gran versatilidad: el mismo elevador puede montarse empotrado o sobre el suelo<\/li>\n<li>Facilidad de instalaci\u00f3n: f\u00e1cil construcci\u00f3n del foso<\/li>\n<li>Amplia usabilidad: adecuado para diferentes trabajos en varios tipos de veh\u00edculos<\/li>\n<\/ul>\n<ul>\n<li>Topes de rueda anchos para mayor seguridad al trabajar alrededor del elevador.<\/li>\n<li>Doble elevaci\u00f3n con registros para garantizar una superficie de trabajo completamente plana.<\/li>\n<li>Plataformas agujereadas predispuestas para el montaje de los soportes de los cabezales de medici\u00f3n de los alineadores 3D Ravaglioli.<\/li>\n<li>La sincronizaci\u00f3n hidr\u00e1ulica de los movimientos de las plataformas es independiente de la distribuci\u00f3n de la carga, y est\u00e1 garantizada por una v\u00e1lvula de sincronizaci\u00f3n hidr\u00e1ulica patentada.<\/li>\n<li>Pernos de articulaci\u00f3n con casquillos auto lubricados que no requieren mantenimiento alguno.<\/li>\n<li>Bases de las plataformas con dispositivos de nivelaci\u00f3n para facilitar las operaciones de instalaci\u00f3n y planaridad.<\/li>\n<li>Dispositivo de apoyo mec\u00e1nico de funcionamiento autom\u00e1tico y desbloqueo neum\u00e1tico, como garant\u00eda de la m\u00e1xima seguridad en la fase de estacionamiento.<\/li>\n<li>Nueva geometr\u00eda del elevador que simplifica el proceso de realizaci\u00f3n del foso.<\/li>\n<li>Mayor altura de elevaci\u00f3n.<\/li>\n<\/ul>\n<ul>\n<li>Todos los elevadores se suministran en versi\u00f3n empotrada &#8211; El juego de rampas (consulte Accesorios) permite transformar todos los modelos en versi\u00f3n sobre suelo.<\/li>\n<li>Empotrado abierto para los platos giratorios: Plataformas sin borde que permiten la colocaci\u00f3n de los platos giratorios en toda la superficie de la propia plataforma &#8211; Ideal para trabajar en veh\u00edculos con v\u00eda estrecha.<\/li>\n<li>\u00d3ptimo deslizamiento del gato: Gu\u00eda galvanizada preinstalada en el lado interno de la plataforma, que permite un deslizamiento \u00f3ptimo del gato por lo que se refiere a fluidez y velocidad.<\/li>\n<\/ul>\n","protected":false},"excerpt":{"rendered":"<p>4,2 t, electrohidr\u00e1ulico, longitud de plataforma 5500 mm, con detector de holgura, viga de elevaci\u00f3n y plataformas para alineado de direcci\u00f3n, bajo suelo | versi\u00f3n aprobada para auditor\u00edas en Italia<\/p>\n","protected":false},"featured_media":56501,"template":"","meta":[],"product_brand":[],"product_cat":[58182],"product_tag":[58296,58332],"product_approvals":[],"product_application":[],"class_list":{"0":"post-156337","1":"product","2":"type-product","3":"status-publish","4":"has-post-thumbnail","6":"product_cat-elevadores-de-tijeras-es","7":"product_tag-passenger-cars-es","8":"product_tag-light-commercial-es","10":"first","11":"instock","12":"shipping-taxable","13":"product-type-simple"},"approvals":[],"application":[],"brb_media_brochure":[{"id":155708,"url":"https:\/\/dev.codekraft.it\/ravaglioli.it\/wp-content\/uploads\/brb_media\/00522257_scissor-lift-600-series-br-de-2024-01-screen.pdf","title":"Scissor lift 600 series BR de 2024 01 screen","mpn":"","thumbnail":"https:\/\/dev.codekraft.it\/ravaglioli.it\/wp-content\/uploads\/brb_media\/00522257_scissor-lift-600-series-br-de-2024-01-screen-pdf-106x150.png","description":""},{"id":155709,"url":"https:\/\/dev.codekraft.it\/ravaglioli.it\/wp-content\/uploads\/brb_media\/00522258_scissor-lift-600-series-br-en-2024-01-screen.pdf","title":"Scissor lift 600 series BR en 2024 01 screen","mpn":"","thumbnail":"https:\/\/dev.codekraft.it\/ravaglioli.it\/wp-content\/uploads\/brb_media\/00522258_scissor-lift-600-series-br-en-2024-01-screen-pdf-106x150.png","description":""},{"id":155710,"url":"https:\/\/dev.codekraft.it\/ravaglioli.it\/wp-content\/uploads\/brb_media\/00522259_scissor-lift-600-series-br-fr-2024-01-screen.pdf","title":"Scissor lift 600 series BR fr 2024 01 screen","mpn":"","thumbnail":"https:\/\/dev.codekraft.it\/ravaglioli.it\/wp-content\/uploads\/brb_media\/00522259_scissor-lift-600-series-br-fr-2024-01-screen-pdf-106x150.png","description":""},{"id":155711,"url":"https:\/\/dev.codekraft.it\/ravaglioli.it\/wp-content\/uploads\/brb_media\/00522260_scissor-lift-600-series-br-it-2024-01-screen.pdf","title":"Scissor lift 600 series BR it 2024 01 screen","mpn":"","thumbnail":"https:\/\/dev.codekraft.it\/ravaglioli.it\/wp-content\/uploads\/brb_media\/00522260_scissor-lift-600-series-br-it-2024-01-screen-pdf-106x150.png","description":""},{"id":155712,"url":"https:\/\/dev.codekraft.it\/ravaglioli.it\/wp-content\/uploads\/brb_media\/00522261_scissor-lift-600-series-br-es-2024-01-screen.pdf","title":"Scissor lift 600 series BR es 2024 01 screen","mpn":"","thumbnail":"https:\/\/dev.codekraft.it\/ravaglioli.it\/wp-content\/uploads\/brb_media\/00522261_scissor-lift-600-series-br-es-2024-01-screen-pdf-106x150.png","description":""},{"id":155713,"url":"https:\/\/dev.codekraft.it\/ravaglioli.it\/wp-content\/uploads\/brb_media\/00522262_scissor-lift-600-series-br-ru-2024-01-screen.pdf","title":"Scissor lift 600 series BR ru 2024 01 screen","mpn":"","thumbnail":"https:\/\/dev.codekraft.it\/ravaglioli.it\/wp-content\/uploads\/brb_media\/00522262_scissor-lift-600-series-br-ru-2024-01-screen-pdf-106x150.png","description":""}],"brb_media_drawing":[{"id":156333,"url":"https:\/\/dev.codekraft.it\/ravaglioli.it\/wp-content\/uploads\/brb_media\/00512684_scissor-lift-rav640n555isi-td-059209200-it-2021-06.pdf","title":"Scissor Lift RAV640N555ISI TD 059209200 it 2021 06","mpn":"","thumbnail":"https:\/\/dev.codekraft.it\/ravaglioli.it\/wp-content\/uploads\/brb_media\/00512684_scissor-lift-rav640n555isi-td-059209200-it-2021-06-pdf-107x150.png","description":""}],"brb_media_manuals":[{"id":147168,"url":"https:\/\/dev.codekraft.it\/ravaglioli.it\/wp-content\/uploads\/brb_media\/00512653_scissor-lifts-rav635n_640n_650n_660n_1_2_1-55_2-55_3-46_5-46_5-55_6-46_6-55_si_isi_lb_dc-im-0592-m001-0-multi-2023-06.pdf","title":"Scissor Lifts RAV635N 640N 650N 660N 1 2 1 55 2 55 3 46 5 46 5 55 6 46 6 55 SI ISI LB DC IM 0592 M001 0 multi 2023 06","mpn":"","thumbnail":"https:\/\/dev.codekraft.it\/ravaglioli.it\/wp-content\/uploads\/brb_media\/00512653_scissor-lifts-rav635n_640n_650n_660n_1_2_1-55_2-55_3-46_5-46_5-55_6-46_6-55_si_isi_lb_dc-im-0592-m001-0-multi-2023-06-pdf-106x150.png","description":""}],"brb_media_safety_datasheets":"","brb_media_spare_parts":[],"_cdmm_p_id":"502910","_company":"Ravaglioli","_gtin":"5063084193049","accessories":[{"id":153392,"mpn":"S600NA12","name":"Juego de rampas 1350 mm, rampas sobre suelo","description":"Kit instalaci\u00f3n elevador sobre suelo, para serie 600N con viga de elevaci\u00f3n | 1 juego \/ 2 piezas","thumbnail":"https:\/\/dev.codekraft.it\/ravaglioli.it\/wp-content\/uploads\/brb_media\/00509679_s600na12-mi-150x150.png","url":"https:\/\/dev.codekraft.it\/ravaglioli.it\/es\/product\/juego-de-rampas-1350-mm-rampas-sobre-suelo\/"},{"id":153416,"mpn":"S600NA13","name":"Juego de rampas 1800 mm, rampas sobre suelo","description":"Kit instalaci\u00f3n elevador sobre suelo, para serie 600N con viga de elevaci\u00f3n | 1 juego \/ 2 piezas","thumbnail":"https:\/\/dev.codekraft.it\/ravaglioli.it\/wp-content\/uploads\/brb_media\/00509679_s600na12-mi-150x150.png","url":"https:\/\/dev.codekraft.it\/ravaglioli.it\/es\/product\/juego-de-rampas-1800-mm-rampas-sobre-suelo\/"},{"id":153404,"mpn":"S600NA18","name":"Juego de rampas 1560 mm, rampas suspendidas","description":"Kit instalaci\u00f3n elevador sobre suelo, para serie 600N con viga de elevaci\u00f3n | 1 juego \/ 2 piezas","thumbnail":"","url":"https:\/\/dev.codekraft.it\/ravaglioli.it\/es\/product\/juego-de-rampas-1560-mm-rampas-suspendidas\/"},{"id":153428,"mpn":"S600NA20","name":"Juego de rampas 2000 mm","description":"Kit instalaci\u00f3n elevador sobre suelo, para serie 600N con viga de elevaci\u00f3n | 1 juego \/ 2 piezas","thumbnail":"","url":"https:\/\/dev.codekraft.it\/ravaglioli.it\/es\/product\/juego-de-rampas-2000-mm\/"},{"id":152199,"mpn":"S510A1","name":"Tapa cobertura latiguillos 1 m","description":"Para instalaci\u00f3n sobre suelo","thumbnail":"","url":"https:\/\/dev.codekraft.it\/ravaglioli.it\/es\/product\/tapa-cobertura-latiguillos-1-m\/"},{"id":153200,"mpn":"S505A7","name":"Tacos de goma","description":"20 mm | adecuado para RAV.640N1.193391, RAV.650N1.193742, RAV.650N2.193858, RAV.650N2.193520, RAV.650N2.193667, RAV.650N6.193964, RAV.650N5.193902, RAV.660N2.193360, RAV.650N5.193018, RAV.650N6.193025, RAV.640N5.193049, RAV.640N4.192998, RAV.640N3.192981, RAV.650N2.193384 y RAV.650N5.193919 | 1 juego \/ 4 piezas","thumbnail":"https:\/\/dev.codekraft.it\/ravaglioli.it\/wp-content\/uploads\/brb_media\/00509683_s505a7-mi-150x150.png","url":"https:\/\/dev.codekraft.it\/ravaglioli.it\/es\/product\/tacos-de-goma-2\/"},{"id":153212,"mpn":"S505A6","name":"Tacos de goma","description":"40 mm | adecuado para RAV.640N1.193391, RAV.650N1.193742, RAV.650N2.193858, RAV.650N2.193520, RAV.650N2.193667, RAV.650N6.193964, RAV.650N5.193902, RAV.660N2.193360, RAV.650N5.193018, RAV.650N6.193025, RAV.640N5.193049, RAV.640N4.192998, RAV.640N3.192981, RAV.650N2.193384 y RAV.650N5.193919 | 1 juego \/ 4 piezas","thumbnail":"https:\/\/dev.codekraft.it\/ravaglioli.it\/wp-content\/uploads\/brb_media\/00509684_s505a6-mi-150x150.png","url":"https:\/\/dev.codekraft.it\/ravaglioli.it\/es\/product\/tacos-de-goma-4\/"},{"id":153218,"mpn":"S505A9","name":"Tacos de goma","description":"60 mm | adecuado para RAV.640N1.193391, RAV.650N1.193742, RAV.650N6.193964, RAV.660N2.193360, RAV.650N6.193025, RAV.640N5.193049 y RAV.640N4.192998 | 1 juego \/ 4 piezas","thumbnail":"https:\/\/dev.codekraft.it\/ravaglioli.it\/wp-content\/uploads\/brb_media\/00509685_s505a9-mi-150x150.png","url":"https:\/\/dev.codekraft.it\/ravaglioli.it\/es\/product\/tacos-de-goma-5\/"},{"id":153194,"mpn":"S505A5","name":"Tacos de goma","description":"120 mm | adecuado para RAV.640N1.193391, RAV.650N1.193742, RAV.650N2.193858, RAV.650N2.193520, RAV.650N2.193667, RAV.650N6.193964, RAV.650N5.193902, RAV.660N2.193360, RAV.650N5.193018, RAV.650N6.193025, RAV.640N5.193049, RAV.640N4.192998, RAV.640N3.192981, RAV.650N2.193384 y RAV.650N5.193919 | 1 juego \/ 4 piezas","thumbnail":"https:\/\/dev.codekraft.it\/ravaglioli.it\/wp-content\/uploads\/brb_media\/00509685_s505a9-mi-150x150.png","url":"https:\/\/dev.codekraft.it\/ravaglioli.it\/es\/product\/tacos-de-goma\/"},{"id":153206,"mpn":"S505A1","name":"Tacos de goma","description":"200 mm | adecuado para RAV.640N1.193391, RAV.650N1.193742, RAV.650N2.193858, RAV.650N2.193520, RAV.650N2.193667, RAV.650N6.193964, RAV.650N5.193902, RAV.660N2.193360, RAV.650N5.193018, RAV.650N6.193025, RAV.640N5.193049, RAV.640N4.192998, RAV.640N3.192981, RAV.650N2.193384 y RAV.650N5.193919 | 1 juego \/ 4 piezas","thumbnail":"https:\/\/dev.codekraft.it\/ravaglioli.it\/wp-content\/uploads\/brb_media\/00507088_s505a1-150x150.png","url":"https:\/\/dev.codekraft.it\/ravaglioli.it\/es\/product\/tacos-de-goma-3\/"},{"id":152193,"mpn":"S505A2","name":"Travesa\u00f1os para XS30-CAT","description":"Para furgonetas y veh\u00edculos todo terreno | 1 juego \/ 2 piezas","thumbnail":"https:\/\/dev.codekraft.it\/ravaglioli.it\/wp-content\/uploads\/brb_media\/00509455_scissor-lift-s505a2-mi-150x150.png","url":"https:\/\/dev.codekraft.it\/ravaglioli.it\/es\/product\/travesanos-para-xs30-cat\/"},{"id":153344,"mpn":"S650A5","name":"Kit de rampas de cruce 1350 mm, rampas sobre suelo","description":"Rampas delanteras suplementares para bajada del otro lado, para serie 600N con viga de elevaci\u00f3n | 1 par","thumbnail":"","url":"https:\/\/dev.codekraft.it\/ravaglioli.it\/es\/product\/kit-de-rampas-de-cruce-1350-mm-rampas-sobre-suelo\/"},{"id":153368,"mpn":"S600NA17","name":"Kit de rampas de cruce 1800 mm","description":"Rampas delanteras suplementares para bajada del otro lado, para serie 600N con viga de elevaci\u00f3n | 1 par","thumbnail":"","url":"https:\/\/dev.codekraft.it\/ravaglioli.it\/es\/product\/kit-de-rampas-de-cruce-1800-mm\/"},{"id":153356,"mpn":"S600NA8","name":"Kit de rampas de cruce 1560 mm, rampas suspendidas","description":"Rampas delanteras suplementares para bajada del otro lado, para serie 600N con viga de elevaci\u00f3n | 1 par","thumbnail":"","url":"https:\/\/dev.codekraft.it\/ravaglioli.it\/es\/product\/kit-de-rampas-de-cruce-1560-mm-rampas-suspendidas\/"},{"id":153380,"mpn":"S600NA4","name":"Kit de rampas de cruce 2000 mm, rampas suspendidas","description":"Rampas delanteras suplementares para bajada del otro lado, para serie 600N con viga de elevaci\u00f3n | 1 par","thumbnail":"","url":"https:\/\/dev.codekraft.it\/ravaglioli.it\/es\/product\/kit-de-rampas-de-cruce-2000-mm-rampas-suspendidas\/"},{"id":153050,"mpn":"S650NA5","name":"Espesores para platos delanteros | para plataformas ancho 650 mm","description":"Espesores para el cierre total del hueco de los platos mec\u00e1nicos delanteros | adecuado para RAV.650N2.193797, RAV.650N2.193858, RAV.650N2.193520, RAV.650N2.193667, RAV.650N5.193902, RAV.650N5.193018, RAV.640N5.193049, RAV.650N2.193384 y RAV.650N5.193919 | 1 juego \/ 2 piezas","thumbnail":"https:\/\/dev.codekraft.it\/ravaglioli.it\/wp-content\/uploads\/brb_media\/00509673_scissor-lift-600-series-spacers-to-completely-close-turntables-recess-di-01-150x150.png","url":"https:\/\/dev.codekraft.it\/ravaglioli.it\/es\/product\/espesores-para-platos-delanteros-para-plataformas-ancho-650-mm\/"},{"id":153777,"mpn":"S640A2","name":"Plataforma suplementar para veh\u00edculos con 3 ruedas","description":"Para todos los elevadores electrohidr\u00e1ulicos de tijera pant\u00f3grafos","thumbnail":"","url":"https:\/\/dev.codekraft.it\/ravaglioli.it\/es\/product\/plataforma-suplementar-para-vehiculos-con-3-ruedas\/"},{"id":153488,"mpn":"S611A4","name":"Protecci\u00f3n centralita para elevadores electrohidr\u00e1ulicos de tijera pant\u00f3grafos","description":"Para proteger el panel de control | para todos los modelos","thumbnail":"https:\/\/dev.codekraft.it\/ravaglioli.it\/wp-content\/uploads\/brb_media\/00507090_s611a4-150x150.png","url":"https:\/\/dev.codekraft.it\/ravaglioli.it\/es\/product\/proteccion-centralita-para-elevadores-electrohidraulicos-de-tijera-pantografos\/"}],"components":[],"delivery":[{"id":156894,"mpn":"S600NA1","name":"Kit de iluminaci\u00f3n LED 4 veces, 24 V, 4800 mm","description":"Para todos los elevadores electrohidr\u00e1ulicos de tijera pant\u00f3grafos","thumbnail":"https:\/\/dev.codekraft.it\/ravaglioli.it\/wp-content\/uploads\/brb_media\/00509677_vars600na1-mi-01-150x150.png","url":"https:\/\/dev.codekraft.it\/ravaglioli.it\/es\/product\/kit-de-iluminacion-led-4-veces-24-v-4800-mm\/"}],"package":[],"related":[],"similar":[{"id":156250,"mpn":"RAV.650N5.193018","name":"Elevador de tijera RAV650N.5.55ISI MIT Approved","description":"5,0 t, electrohidr\u00e1ulico, longitud de plataforma 5500 mm, con detector de holgura, viga de elevaci\u00f3n y plataformas para alineado de direcci\u00f3n, bajo suelo | versi\u00f3n aprobada para auditor\u00edas en Italia","thumbnail":"https:\/\/dev.codekraft.it\/ravaglioli.it\/wp-content\/uploads\/brb_media\/00509672_scissor-lift-600-series-play-detector-di-01-150x150.png","url":"https:\/\/dev.codekraft.it\/ravaglioli.it\/es\/product\/elevador-de-tijera-rav650n-5-55isi-mit-approved\/"},{"id":156330,"mpn":"RAV.640N3.192981","name":"Elevador de tijera RAV640N.3.46ISI","description":"4,2 t, electrohidr\u00e1ulico, longitud de plataforma 4600 mm, con detector de holgura, viga de elevaci\u00f3n y plataformas para alineado de direcci\u00f3n, bajo suelo | versi\u00f3n aprobada para auditor\u00edas en Italia","thumbnail":"https:\/\/dev.codekraft.it\/ravaglioli.it\/wp-content\/uploads\/brb_media\/00509672_scissor-lift-600-series-play-detector-di-01-150x150.png","url":"https:\/\/dev.codekraft.it\/ravaglioli.it\/es\/product\/elevador-de-tijera-rav640n-3-46isi\/"},{"id":156930,"mpn":"RAV.650N6.193025","name":"Elevador de tijera RAV650N.6.55ISI MIT Approved","description":"5,0 t, electrohidr\u00e1ulico, longitud de plataforma 5500 mm, con detector de holgura y viga de elevaci\u00f3n, bajo suelo | versi\u00f3n aprobada para auditor\u00edas en Italia","thumbnail":"https:\/\/dev.codekraft.it\/ravaglioli.it\/wp-content\/uploads\/brb_media\/00509672_scissor-lift-600-series-play-detector-di-01-150x150.png","url":"https:\/\/dev.codekraft.it\/ravaglioli.it\/es\/product\/elevador-de-tijera-rav650n-6-55isi-mit-approved\/"},{"id":156365,"mpn":"RAV.640N6.193032","name":"Elevador de tijera RAV640N.6.55I","description":"4,2 t, electrohidr\u00e1ulico, longitud de plataforma 5500 mm, con detector de holgura, bajo suelo | versi\u00f3n aprobada para auditor\u00edas en Italia","thumbnail":"https:\/\/dev.codekraft.it\/ravaglioli.it\/wp-content\/uploads\/brb_media\/00509672_scissor-lift-600-series-play-detector-di-01-150x150.png","url":"https:\/\/dev.codekraft.it\/ravaglioli.it\/es\/product\/elevador-de-tijera-rav640n-6-55i\/"},{"id":156372,"mpn":"RAV.640N6.193056","name":"Elevador de tijera RAV640N.6.55ISI","description":"4,2 t, electrohidr\u00e1ulico, longitud de plataforma 5500 mm, con detector de holgura y viga de elevaci\u00f3n, bajo suelo | versi\u00f3n aprobada para auditor\u00edas en Italia","thumbnail":"https:\/\/dev.codekraft.it\/ravaglioli.it\/wp-content\/uploads\/brb_media\/00509672_scissor-lift-600-series-play-detector-di-01-150x150.png","url":"https:\/\/dev.codekraft.it\/ravaglioli.it\/es\/product\/elevador-de-tijera-rav640n-6-55isi\/"},{"id":156351,"mpn":"RAV.640N4.193063","name":"Elevador de tijera RAV640N.4.46I","description":"4,2 t, electrohidr\u00e1ulico, longitud de plataforma 4600 mm, con detector de holgura, bajo suelo | versi\u00f3n aprobada para auditor\u00edas en Italia","thumbnail":"https:\/\/dev.codekraft.it\/ravaglioli.it\/wp-content\/uploads\/brb_media\/00509672_scissor-lift-600-series-play-detector-di-01-150x150.png","url":"https:\/\/dev.codekraft.it\/ravaglioli.it\/es\/product\/elevador-de-tijera-rav640n-4-46i\/"},{"id":156358,"mpn":"RAV.640N4.192998","name":"Elevador de tijera RAV640N.4.46ISI","description":"4,2 t, electrohidr\u00e1ulico, longitud de plataforma 4600 mm, con detector de holgura y viga de elevaci\u00f3n, bajo suelo | versi\u00f3n aprobada para auditor\u00edas en Italia","thumbnail":"https:\/\/dev.codekraft.it\/ravaglioli.it\/wp-content\/uploads\/brb_media\/00509672_scissor-lift-600-series-play-detector-di-01-150x150.png","url":"https:\/\/dev.codekraft.it\/ravaglioli.it\/es\/product\/elevador-de-tijera-rav640n-4-46isi\/"}],"page_logo_src":"https:\/\/dev.codekraft.it\/ravaglioli.it\/wp-content\/uploads\/2026\/04\/rav-negative-logo-1.png","lang":"es","translations":{"es":156337,"en":156332,"de":156334,"fr":156335,"it":156336,"ru":156338},"pll_sync_post":[],"_links":{"self":[{"href":"https:\/\/dev.codekraft.it\/ravaglioli.it\/wp-json\/wp\/v2\/product\/156337","targetHints":{"allow":["GET"]}}],"collection":[{"href":"https:\/\/dev.codekraft.it\/ravaglioli.it\/wp-json\/wp\/v2\/product"}],"about":[{"href":"https:\/\/dev.codekraft.it\/ravaglioli.it\/wp-json\/wp\/v2\/types\/product"}],"wp:featuredmedia":[{"embeddable":true,"href":"https:\/\/dev.codekraft.it\/ravaglioli.it\/wp-json\/wp\/v2\/media\/56501"}],"wp:attachment":[{"href":"https:\/\/dev.codekraft.it\/ravaglioli.it\/wp-json\/wp\/v2\/media?parent=156337"}],"wp:term":[{"taxonomy":"product_brand","embeddable":true,"href":"https:\/\/dev.codekraft.it\/ravaglioli.it\/wp-json\/wp\/v2\/product_brand?post=156337"},{"taxonomy":"product_cat","embeddable":true,"href":"https:\/\/dev.codekraft.it\/ravaglioli.it\/wp-json\/wp\/v2\/product_cat?post=156337"},{"taxonomy":"product_tag","embeddable":true,"href":"https:\/\/dev.codekraft.it\/ravaglioli.it\/wp-json\/wp\/v2\/product_tag?post=156337"},{"taxonomy":"product_approvals","embeddable":true,"href":"https:\/\/dev.codekraft.it\/ravaglioli.it\/wp-json\/wp\/v2\/product_approvals?post=156337"},{"taxonomy":"product_application","embeddable":true,"href":"https:\/\/dev.codekraft.it\/ravaglioli.it\/wp-json\/wp\/v2\/product_application?post=156337"}],"curies":[{"name":"wp","href":"https:\/\/api.w.org\/{rel}","templated":true}]}}