{"id":156243,"date":"2025-10-30T14:31:23","date_gmt":"2025-10-30T14:31:23","guid":{"rendered":"https:\/\/dev.codekraft.it\/ravaglioli.it\/product\/elevador-de-tijera-rav640n-1i\/"},"modified":"2026-01-14T21:59:39","modified_gmt":"2026-01-14T21:59:39","slug":"elevador-de-tijera-rav640n-1i","status":"publish","type":"product","link":"https:\/\/dev.codekraft.it\/ravaglioli.it\/es\/product\/elevador-de-tijera-rav640n-1i\/","title":{"rendered":"Elevador de tijera RAV640N.1I"},"content":{"rendered":"<p>Serie RAV600N &#8211;\u00a0One Lift for Double Solutions: Nueva geometr\u00eda del elevador que simplifica el proceso de realizaci\u00f3n del foso. Elevadores con plataformas de grandes dimensiones, y una estructura dise\u00f1ada para una m\u00e1xima estabilidad, incluso cuando se trabaja en veh\u00edculos de gran tama\u00f1o.<\/p>\n<ul>\n<li>Gran versatilidad: el mismo elevador puede montarse empotrado o sobre el suelo<\/li>\n<li>Facilidad de instalaci\u00f3n: f\u00e1cil construcci\u00f3n del foso<\/li>\n<li>Amplia usabilidad: adecuado para diferentes trabajos en varios tipos de veh\u00edculos<\/li>\n<\/ul>\n<ul>\n<li>Topes de rueda anchos para mayor seguridad al trabajar alrededor del elevador.<\/li>\n<li>La sincronizaci\u00f3n hidr\u00e1ulica de los movimientos de las plataformas es independiente de la distribuci\u00f3n de la carga, y est\u00e1 garantizada por una v\u00e1lvula de sincronizaci\u00f3n hidr\u00e1ulica patentada.<\/li>\n<li>Pernos de articulaci\u00f3n con casquillos auto lubricados que no requieren mantenimiento alguno.<\/li>\n<li>Bases de las plataformas con dispositivos de nivelaci\u00f3n para facilitar las operaciones de instalaci\u00f3n y planaridad.<\/li>\n<li>Dispositivo de apoyo mec\u00e1nico de funcionamiento autom\u00e1tico y desbloqueo neum\u00e1tico, como garant\u00eda de la m\u00e1xima seguridad en la fase de estacionamiento.<\/li>\n<li>Nueva geometr\u00eda del elevador que simplifica el proceso de realizaci\u00f3n del foso.<\/li>\n<li>Mayor altura de elevaci\u00f3n.<\/li>\n<\/ul>\n<ul>\n<li>Todos los elevadores se suministran en versi\u00f3n empotrada &#8211; El juego de rampas (consulte Accesorios) permite transformar todos los modelos en versi\u00f3n sobre suelo.<\/li>\n<li>\u00d3ptimo deslizamiento del gato: Gu\u00eda galvanizada preinstalada en el lado interno de la plataforma, que permite un deslizamiento \u00f3ptimo del gato por lo que se refiere a fluidez y velocidad.<\/li>\n<\/ul>\n","protected":false},"excerpt":{"rendered":"<p>4,2 t, electrohidr\u00e1ulico, con pistas de nivel, longitud de plataforma 4600 mm, bajo suelo<\/p>\n","protected":false},"featured_media":155707,"template":"","meta":[],"product_brand":[],"product_cat":[58182],"product_tag":[58296,58332],"product_approvals":[],"product_application":[],"class_list":{"0":"post-156243","1":"product","2":"type-product","3":"status-publish","4":"has-post-thumbnail","6":"product_cat-elevadores-de-tijeras-es","7":"product_tag-passenger-cars-es","8":"product_tag-light-commercial-es","10":"first","11":"instock","12":"shipping-taxable","13":"product-type-simple"},"approvals":[],"application":[],"brb_media_brochure":[{"id":155708,"url":"https:\/\/dev.codekraft.it\/ravaglioli.it\/wp-content\/uploads\/brb_media\/00522257_scissor-lift-600-series-br-de-2024-01-screen.pdf","title":"Scissor lift 600 series BR de 2024 01 screen","mpn":"","thumbnail":"https:\/\/dev.codekraft.it\/ravaglioli.it\/wp-content\/uploads\/brb_media\/00522257_scissor-lift-600-series-br-de-2024-01-screen-pdf-106x150.png","description":""},{"id":155709,"url":"https:\/\/dev.codekraft.it\/ravaglioli.it\/wp-content\/uploads\/brb_media\/00522258_scissor-lift-600-series-br-en-2024-01-screen.pdf","title":"Scissor lift 600 series BR en 2024 01 screen","mpn":"","thumbnail":"https:\/\/dev.codekraft.it\/ravaglioli.it\/wp-content\/uploads\/brb_media\/00522258_scissor-lift-600-series-br-en-2024-01-screen-pdf-106x150.png","description":""},{"id":155710,"url":"https:\/\/dev.codekraft.it\/ravaglioli.it\/wp-content\/uploads\/brb_media\/00522259_scissor-lift-600-series-br-fr-2024-01-screen.pdf","title":"Scissor lift 600 series BR fr 2024 01 screen","mpn":"","thumbnail":"https:\/\/dev.codekraft.it\/ravaglioli.it\/wp-content\/uploads\/brb_media\/00522259_scissor-lift-600-series-br-fr-2024-01-screen-pdf-106x150.png","description":""},{"id":155711,"url":"https:\/\/dev.codekraft.it\/ravaglioli.it\/wp-content\/uploads\/brb_media\/00522260_scissor-lift-600-series-br-it-2024-01-screen.pdf","title":"Scissor lift 600 series BR it 2024 01 screen","mpn":"","thumbnail":"https:\/\/dev.codekraft.it\/ravaglioli.it\/wp-content\/uploads\/brb_media\/00522260_scissor-lift-600-series-br-it-2024-01-screen-pdf-106x150.png","description":""},{"id":155712,"url":"https:\/\/dev.codekraft.it\/ravaglioli.it\/wp-content\/uploads\/brb_media\/00522261_scissor-lift-600-series-br-es-2024-01-screen.pdf","title":"Scissor lift 600 series BR es 2024 01 screen","mpn":"","thumbnail":"https:\/\/dev.codekraft.it\/ravaglioli.it\/wp-content\/uploads\/brb_media\/00522261_scissor-lift-600-series-br-es-2024-01-screen-pdf-106x150.png","description":""},{"id":155713,"url":"https:\/\/dev.codekraft.it\/ravaglioli.it\/wp-content\/uploads\/brb_media\/00522262_scissor-lift-600-series-br-ru-2024-01-screen.pdf","title":"Scissor lift 600 series BR ru 2024 01 screen","mpn":"","thumbnail":"https:\/\/dev.codekraft.it\/ravaglioli.it\/wp-content\/uploads\/brb_media\/00522262_scissor-lift-600-series-br-ru-2024-01-screen-pdf-106x150.png","description":""}],"brb_media_drawing":[{"id":155714,"url":"https:\/\/dev.codekraft.it\/ravaglioli.it\/wp-content\/uploads\/brb_media\/00512655_scissor-lift-rav640n1i-td-059207380_01-it-2021-06.pdf","title":"Scissor Lift RAV640N1I TD 059207380 01 it 2021 06","mpn":"","thumbnail":"https:\/\/dev.codekraft.it\/ravaglioli.it\/wp-content\/uploads\/brb_media\/00512655_scissor-lift-rav640n1i-td-059207380_01-it-2021-06-pdf-107x150.png","description":""}],"brb_media_manuals":[{"id":147168,"url":"https:\/\/dev.codekraft.it\/ravaglioli.it\/wp-content\/uploads\/brb_media\/00512653_scissor-lifts-rav635n_640n_650n_660n_1_2_1-55_2-55_3-46_5-46_5-55_6-46_6-55_si_isi_lb_dc-im-0592-m001-0-multi-2023-06.pdf","title":"Scissor Lifts RAV635N 640N 650N 660N 1 2 1 55 2 55 3 46 5 46 5 55 6 46 6 55 SI ISI LB DC IM 0592 M001 0 multi 2023 06","mpn":"","thumbnail":"https:\/\/dev.codekraft.it\/ravaglioli.it\/wp-content\/uploads\/brb_media\/00512653_scissor-lifts-rav635n_640n_650n_660n_1_2_1-55_2-55_3-46_5-46_5-55_6-46_6-55_si_isi_lb_dc-im-0592-m001-0-multi-2023-06-pdf-106x150.png","description":""}],"brb_media_safety_datasheets":"","brb_media_spare_parts":[],"_cdmm_p_id":"502895","_company":"Ravaglioli","_gtin":"5063084193278","accessories":[{"id":153398,"mpn":"S600NA11","name":"Juego de rampas 1350 mm, rampas sobre suelo","description":"Kit instalaci\u00f3n elevador sobre suelo, para serie 600N sin viga de elevaci\u00f3n | 1 juego \/ 2 piezas","thumbnail":"https:\/\/dev.codekraft.it\/ravaglioli.it\/wp-content\/uploads\/brb_media\/00509679_s600na12-mi-150x150.png","url":"https:\/\/dev.codekraft.it\/ravaglioli.it\/es\/product\/juego-de-rampas-1350-mm-rampas-sobre-suelo-2\/"},{"id":153422,"mpn":"S600NA14","name":"Juego de rampas 1800 mm, rampas sobre suelo","description":"Kit instalaci\u00f3n elevador sobre suelo, para serie 600N sin viga de elevaci\u00f3n | 1 juego \/ 2 piezas","thumbnail":"https:\/\/dev.codekraft.it\/ravaglioli.it\/wp-content\/uploads\/brb_media\/00509679_s600na12-mi-150x150.png","url":"https:\/\/dev.codekraft.it\/ravaglioli.it\/es\/product\/juego-de-rampas-1800-mm-rampas-sobre-suelo-2\/"},{"id":153410,"mpn":"S600NA19","name":"Juego de rampas 1560 mm, rampas suspendidas","description":"Kit instalaci\u00f3n elevador sobre suelo, para serie 600N sin viga de elevaci\u00f3n | 1 juego \/ 2 piezas","thumbnail":"","url":"https:\/\/dev.codekraft.it\/ravaglioli.it\/es\/product\/juego-de-rampas-1560-mm-rampas-suspendidas-2\/"},{"id":153434,"mpn":"S600NA21","name":"Juego de rampas 2000 mm, rampas suspendidas","description":"Kit instalaci\u00f3n elevador sobre suelo, para serie 600N sin viga de elevaci\u00f3n | 1 juego \/ 2 piezas","thumbnail":"","url":"https:\/\/dev.codekraft.it\/ravaglioli.it\/es\/product\/juego-de-rampas-2000-mm-rampas-suspendidas\/"},{"id":152157,"mpn":"S650.1SIC\/D\/2","name":"Extensi\u00f3n de manguera","description":"2 m, control a la derecha | montaje de la unidad operativa en una posici\u00f3n especial - en sentido de marcha \u00aba la derecha\u00bb de la plataforma, a una distancia de 2 m","thumbnail":"","url":"https:\/\/dev.codekraft.it\/ravaglioli.it\/es\/product\/extension-de-manguera\/"},{"id":155929,"mpn":"S650.1SIC\/S\/2","name":"Extensi\u00f3n de manguera","description":"2 m, control a la izquierdo | montaje de la unidad operativa en una posici\u00f3n especial - en sentido de marcha \u00aba la izquierdo\u00bb de la plataforma, a una distancia de 2 m","thumbnail":"","url":"https:\/\/dev.codekraft.it\/ravaglioli.it\/es\/product\/extension-de-manguera-11\/"},{"id":152199,"mpn":"S510A1","name":"Tapa cobertura latiguillos 1 m","description":"Para instalaci\u00f3n sobre suelo","thumbnail":"","url":"https:\/\/dev.codekraft.it\/ravaglioli.it\/es\/product\/tapa-cobertura-latiguillos-1-m\/"},{"id":153350,"mpn":"S600NA15","name":"Kit de rampas de cruce 1350 mm, rampas sobre suelo","description":"Rampas delanteras suplementares para bajada del otro lado, para serie 600N sin viga de elevaci\u00f3n | 1 par","thumbnail":"","url":"https:\/\/dev.codekraft.it\/ravaglioli.it\/es\/product\/kit-de-rampas-de-cruce-1350-mm-rampas-sobre-suelo-2\/"},{"id":153374,"mpn":"S600NA16","name":"Kit de rampas de cruce 1800 mm, rampas suspendidas","description":"Rampas delanteras suplementares para bajada del otro lado, para serie 600N sin viga de elevaci\u00f3n | 1 par","thumbnail":"","url":"https:\/\/dev.codekraft.it\/ravaglioli.it\/es\/product\/kit-de-rampas-de-cruce-1800-mm-rampas-suspendidas\/"},{"id":153362,"mpn":"S600NA6","name":"Kit de rampas de cruce 1560 mm, rampas suspendidas","description":"Rampas delanteras suplementares para bajada del otro lado, para serie 600N sin viga de elevaci\u00f3n | 1 par","thumbnail":"","url":"https:\/\/dev.codekraft.it\/ravaglioli.it\/es\/product\/kit-de-rampas-de-cruce-1560-mm-rampas-suspendidas-2\/"},{"id":153386,"mpn":"S600NA2","name":"Kit de rampas de cruce 2000 mm, rampas suspendidas","description":"Rampas delanteras suplementares para bajada del otro lado, para serie 600N sin viga de elevaci\u00f3n | 1 par","thumbnail":"","url":"https:\/\/dev.codekraft.it\/ravaglioli.it\/es\/product\/kit-de-rampas-de-cruce-2000-mm-rampas-suspendidas-2\/"},{"id":153777,"mpn":"S640A2","name":"Plataforma suplementar para veh\u00edculos con 3 ruedas","description":"Para todos los elevadores electrohidr\u00e1ulicos de tijera pant\u00f3grafos","thumbnail":"","url":"https:\/\/dev.codekraft.it\/ravaglioli.it\/es\/product\/plataforma-suplementar-para-vehiculos-con-3-ruedas\/"},{"id":153488,"mpn":"S611A4","name":"Protecci\u00f3n centralita para elevadores electrohidr\u00e1ulicos de tijera pant\u00f3grafos","description":"Para proteger el panel de control | para todos los modelos","thumbnail":"https:\/\/dev.codekraft.it\/ravaglioli.it\/wp-content\/uploads\/brb_media\/00507090_s611a4-150x150.png","url":"https:\/\/dev.codekraft.it\/ravaglioli.it\/es\/product\/proteccion-centralita-para-elevadores-electrohidraulicos-de-tijera-pantografos\/"},{"id":153200,"mpn":"S505A7","name":"Tacos de goma","description":"20 mm | adecuado para RAV.640N1.193391, RAV.650N1.193742, RAV.650N2.193858, RAV.650N2.193520, RAV.650N2.193667, RAV.650N6.193964, RAV.650N5.193902, RAV.660N2.193360, RAV.650N5.193018, RAV.650N6.193025, RAV.640N5.193049, RAV.640N4.192998, RAV.640N3.192981, RAV.650N2.193384 y RAV.650N5.193919 | 1 juego \/ 4 piezas","thumbnail":"https:\/\/dev.codekraft.it\/ravaglioli.it\/wp-content\/uploads\/brb_media\/00509683_s505a7-mi-150x150.png","url":"https:\/\/dev.codekraft.it\/ravaglioli.it\/es\/product\/tacos-de-goma-2\/"},{"id":153212,"mpn":"S505A6","name":"Tacos de goma","description":"40 mm | adecuado para RAV.640N1.193391, RAV.650N1.193742, RAV.650N2.193858, RAV.650N2.193520, RAV.650N2.193667, RAV.650N6.193964, RAV.650N5.193902, RAV.660N2.193360, RAV.650N5.193018, RAV.650N6.193025, RAV.640N5.193049, RAV.640N4.192998, RAV.640N3.192981, RAV.650N2.193384 y RAV.650N5.193919 | 1 juego \/ 4 piezas","thumbnail":"https:\/\/dev.codekraft.it\/ravaglioli.it\/wp-content\/uploads\/brb_media\/00509684_s505a6-mi-150x150.png","url":"https:\/\/dev.codekraft.it\/ravaglioli.it\/es\/product\/tacos-de-goma-4\/"},{"id":153218,"mpn":"S505A9","name":"Tacos de goma","description":"60 mm | adecuado para RAV.640N1.193391, RAV.650N1.193742, RAV.650N6.193964, RAV.660N2.193360, RAV.650N6.193025, RAV.640N5.193049 y RAV.640N4.192998 | 1 juego \/ 4 piezas","thumbnail":"https:\/\/dev.codekraft.it\/ravaglioli.it\/wp-content\/uploads\/brb_media\/00509685_s505a9-mi-150x150.png","url":"https:\/\/dev.codekraft.it\/ravaglioli.it\/es\/product\/tacos-de-goma-5\/"},{"id":153194,"mpn":"S505A5","name":"Tacos de goma","description":"120 mm | adecuado para RAV.640N1.193391, RAV.650N1.193742, RAV.650N2.193858, RAV.650N2.193520, RAV.650N2.193667, RAV.650N6.193964, RAV.650N5.193902, RAV.660N2.193360, RAV.650N5.193018, RAV.650N6.193025, RAV.640N5.193049, RAV.640N4.192998, RAV.640N3.192981, RAV.650N2.193384 y RAV.650N5.193919 | 1 juego \/ 4 piezas","thumbnail":"https:\/\/dev.codekraft.it\/ravaglioli.it\/wp-content\/uploads\/brb_media\/00509685_s505a9-mi-150x150.png","url":"https:\/\/dev.codekraft.it\/ravaglioli.it\/es\/product\/tacos-de-goma\/"},{"id":153206,"mpn":"S505A1","name":"Tacos de goma","description":"200 mm | adecuado para RAV.640N1.193391, RAV.650N1.193742, RAV.650N2.193858, RAV.650N2.193520, RAV.650N2.193667, RAV.650N6.193964, RAV.650N5.193902, RAV.660N2.193360, RAV.650N5.193018, RAV.650N6.193025, RAV.640N5.193049, RAV.640N4.192998, RAV.640N3.192981, RAV.650N2.193384 y RAV.650N5.193919 | 1 juego \/ 4 piezas","thumbnail":"https:\/\/dev.codekraft.it\/ravaglioli.it\/wp-content\/uploads\/brb_media\/00507088_s505a1-150x150.png","url":"https:\/\/dev.codekraft.it\/ravaglioli.it\/es\/product\/tacos-de-goma-3\/"},{"id":152193,"mpn":"S505A2","name":"Travesa\u00f1os para XS30-CAT","description":"Para furgonetas y veh\u00edculos todo terreno | 1 juego \/ 2 piezas","thumbnail":"https:\/\/dev.codekraft.it\/ravaglioli.it\/wp-content\/uploads\/brb_media\/00509455_scissor-lift-s505a2-mi-150x150.png","url":"https:\/\/dev.codekraft.it\/ravaglioli.it\/es\/product\/travesanos-para-xs30-cat\/"},{"id":156797,"mpn":"S650.1SIC\/D\/5","name":"Extensi\u00f3n de manguera","description":"5 m, control a la derecha | montaje de la unidad operativa en una posici\u00f3n especial - en sentido de marcha \u00aba la derecha\u00bb de la plataforma, a una distancia de 5 m | adecuado para RAV.640N1.193278, RAV.640N2.193117, RAV.640N1.193391, RAV.650N1.193742, RAV.650N2.193858, RAV.650N2.193520, RAV.650N2.193667, RAV.660N2.193360 y RAV.650N2.193384","thumbnail":"","url":"https:\/\/dev.codekraft.it\/ravaglioli.it\/es\/product\/extension-de-manguera-16\/"},{"id":156803,"mpn":"S650.1SIC\/S\/5","name":"Extensi\u00f3n de manguera","description":"5 m, control a la izquierdo | montaje de la unidad operativa en una posici\u00f3n especial - en sentido de marcha \u00aba la izquierdo\u00bb de la plataforma, a una distancia de 5 m | adecuado para RAV.640N1.193278, RAV.640N2.193117, RAV.640N1.193391, RAV.650N1.193742, RAV.650N2.193858, RAV.650N2.193520, RAV.650N2.193667, RAV.660N2.193360 y RAV.650N2.193384","thumbnail":"","url":"https:\/\/dev.codekraft.it\/ravaglioli.it\/es\/product\/extension-de-manguera-17\/"}],"components":[],"delivery":[{"id":156894,"mpn":"S600NA1","name":"Kit de iluminaci\u00f3n LED 4 veces, 24 V, 4800 mm","description":"Para todos los elevadores electrohidr\u00e1ulicos de tijera pant\u00f3grafos","thumbnail":"https:\/\/dev.codekraft.it\/ravaglioli.it\/wp-content\/uploads\/brb_media\/00509677_vars600na1-mi-01-150x150.png","url":"https:\/\/dev.codekraft.it\/ravaglioli.it\/es\/product\/kit-de-iluminacion-led-4-veces-24-v-4800-mm\/"}],"package":[],"related":[],"similar":[{"id":156900,"mpn":"RAV.640N2.193216","name":"Elevador de tijera RAV640N.2.42ISI","description":"4,2 t, electrohidr\u00e1ulico, longitud de plataforma 4200 mm, con viga de elevaci\u00f3n y plataformas para alineado de direcci\u00f3n, bajo suelo","thumbnail":"https:\/\/dev.codekraft.it\/ravaglioli.it\/wp-content\/uploads\/brb_media\/00512645_scissor-lift-rav600n-series-with-wheel-free-lift-mi-01-150x150.png","url":"https:\/\/dev.codekraft.it\/ravaglioli.it\/es\/product\/elevador-de-tijera-rav640n-2-42isi\/"},{"id":156285,"mpn":"RAV.640N2.193117","name":"Elevador de tijera RAV640N.2I","description":"4,2 t, electrohidr\u00e1ulico, longitud de plataforma 4600 mm, con plataformas para alineado de direcci\u00f3n, bajo suelo","thumbnail":"https:\/\/dev.codekraft.it\/ravaglioli.it\/wp-content\/uploads\/brb_media\/00509657_scissor-lift-600-series-mi-02-150x150.png","url":"https:\/\/dev.codekraft.it\/ravaglioli.it\/es\/product\/elevador-de-tijera-rav640n-2i\/"},{"id":156257,"mpn":"RAV.640N1.193391","name":"Elevador de tijera RAV640N.1ISI","description":"4,2 t, electrohidr\u00e1ulico, con pistas de nivel, longitud de plataforma 4600 mm, con viga de elevaci\u00f3n, bajo suelo","thumbnail":"https:\/\/dev.codekraft.it\/ravaglioli.it\/wp-content\/uploads\/brb_media\/00512645_scissor-lift-rav600n-series-with-wheel-free-lift-mi-01-150x150.png","url":"https:\/\/dev.codekraft.it\/ravaglioli.it\/es\/product\/elevador-de-tijera-rav640n-1isi\/"},{"id":156297,"mpn":"RAV.640N2.193469","name":"Elevador de tijera RAV640N.2ISI 230 V &#8211; 50 Hz","description":"4,2 t, electrohidr\u00e1ulico, longitud de plataforma 4600 mm, con viga de elevaci\u00f3n y plataformas para alineado de direcci\u00f3n, bajo suelo | 230 V \/ 50 Hz","thumbnail":"https:\/\/dev.codekraft.it\/ravaglioli.it\/wp-content\/uploads\/brb_media\/00512645_scissor-lift-rav600n-series-with-wheel-free-lift-mi-01-150x150.png","url":"https:\/\/dev.codekraft.it\/ravaglioli.it\/es\/product\/elevador-de-tijera-rav640n-2isi-230-v-50-hz\/"},{"id":156912,"mpn":"RAV.640N2.193001","name":"Elevador de tijera RAV640N.2ISI 230-400 V &#8211; 3 Ph &#8211; 60 Hz","description":"4,2 t, electrohidr\u00e1ulico, longitud de plataforma 4600 mm, con viga de elevaci\u00f3n y plataformas para alineado de direcci\u00f3n, bajo suelo | 3 x 230\/400 V \/ 60 Hz","thumbnail":"https:\/\/dev.codekraft.it\/ravaglioli.it\/wp-content\/uploads\/brb_media\/00512645_scissor-lift-rav600n-series-with-wheel-free-lift-mi-01-150x150.png","url":"https:\/\/dev.codekraft.it\/ravaglioli.it\/es\/product\/elevador-de-tijera-rav640n-2isi-230-400-v-3-ph-60-hz\/"},{"id":156906,"mpn":"RAV.640N2.193582","name":"Elevador de tijera RAV640N.2ISIQ","description":"4,2 t, electrohidr\u00e1ulico, longitud de plataforma 4600 mm, con viga de elevaci\u00f3n, plataformas para alineado de direcci\u00f3n y TEq-Link, bajo suelo","thumbnail":"https:\/\/dev.codekraft.it\/ravaglioli.it\/wp-content\/uploads\/brb_media\/00512645_scissor-lift-rav600n-series-with-wheel-free-lift-mi-01-150x150.png","url":"https:\/\/dev.codekraft.it\/ravaglioli.it\/es\/product\/elevador-de-tijera-rav640n-2isiq\/"}],"page_logo_src":"https:\/\/dev.codekraft.it\/ravaglioli.it\/wp-content\/uploads\/2026\/04\/rav-negative-logo-1.png","lang":"es","translations":{"es":156243,"de":156240,"fr":156241,"it":156242,"ru":156244},"pll_sync_post":[],"_links":{"self":[{"href":"https:\/\/dev.codekraft.it\/ravaglioli.it\/wp-json\/wp\/v2\/product\/156243","targetHints":{"allow":["GET"]}}],"collection":[{"href":"https:\/\/dev.codekraft.it\/ravaglioli.it\/wp-json\/wp\/v2\/product"}],"about":[{"href":"https:\/\/dev.codekraft.it\/ravaglioli.it\/wp-json\/wp\/v2\/types\/product"}],"wp:featuredmedia":[{"embeddable":true,"href":"https:\/\/dev.codekraft.it\/ravaglioli.it\/wp-json\/wp\/v2\/media\/155707"}],"wp:attachment":[{"href":"https:\/\/dev.codekraft.it\/ravaglioli.it\/wp-json\/wp\/v2\/media?parent=156243"}],"wp:term":[{"taxonomy":"product_brand","embeddable":true,"href":"https:\/\/dev.codekraft.it\/ravaglioli.it\/wp-json\/wp\/v2\/product_brand?post=156243"},{"taxonomy":"product_cat","embeddable":true,"href":"https:\/\/dev.codekraft.it\/ravaglioli.it\/wp-json\/wp\/v2\/product_cat?post=156243"},{"taxonomy":"product_tag","embeddable":true,"href":"https:\/\/dev.codekraft.it\/ravaglioli.it\/wp-json\/wp\/v2\/product_tag?post=156243"},{"taxonomy":"product_approvals","embeddable":true,"href":"https:\/\/dev.codekraft.it\/ravaglioli.it\/wp-json\/wp\/v2\/product_approvals?post=156243"},{"taxonomy":"product_application","embeddable":true,"href":"https:\/\/dev.codekraft.it\/ravaglioli.it\/wp-json\/wp\/v2\/product_application?post=156243"}],"curies":[{"name":"wp","href":"https:\/\/api.w.org\/{rel}","templated":true}]}}