{"id":156198,"date":"2025-11-04T13:58:55","date_gmt":"2025-11-04T13:58:55","guid":{"rendered":"https:\/\/dev.codekraft.it\/ravaglioli.it\/product\/pont-a-doubles-ciseaux-rav518t-2\/"},"modified":"2026-01-14T21:04:38","modified_gmt":"2026-01-14T21:04:38","slug":"pont-a-doubles-ciseaux-rav518t-2","status":"publish","type":"product","link":"https:\/\/dev.codekraft.it\/ravaglioli.it\/fr\/product\/pont-a-doubles-ciseaux-rav518t-2\/","title":{"rendered":"Pont \u00e0 doubles ciseaux RAV518T"},"content":{"rendered":"<p>Version extrabasse (95 mm) &#8211;\u00a0Id\u00e9al pour le levage des v\u00e9hicules sportifs ou avec spoiler tr\u00e8s bas. A recommander\u00a0aussi pour les v\u00e9hicules qui, avec les suspensions hors d\u2019usage, atteignent des hauteurs au sol tr\u00e8s r\u00e9duites.<\/p>\n<ul>\n<li>Dispositif de soutien m\u00e9canique avec enclenchement automatique et d\u00e9gagement pneumatique, pour garantir la s\u00e9curit\u00e9 totale pendant le stationnement<\/li>\n<li>Pivots d&#8217;articulation avec bagues autolubrifiantes, ne n\u00e9cessitant pas d&#8217;entretien<\/li>\n<li>Synchronisation hydraulique des plateaux ind\u00e9pendante de la distribution de la charge, avec dispositif de r\u00e9glage automatique brevet\u00e9<\/li>\n<li>Absence de connexions m\u00e9caniques entre les chemins de roulement (fonctionnalit\u00e9 maximale dans la zone de travail)<\/li>\n<li>Vitesse de mouvement ralentie dans les phases de d\u00e9marrage et de retour au sol<\/li>\n<li>Avertisseur sonore qui entre en fonctionnement dans la phase finale de la man\u0153uvre de descente<\/li>\n<li>Extr\u00e9mit\u00e9s des ciseaux forg\u00e9s a garantie de r\u00e9sistance maximale<\/li>\n<\/ul>\n","protected":false},"excerpt":{"rendered":"<p>3,0 t, \u00e1 profil bas (95 mm), \u00e9lectrohydraulique, au-dessus du sol<\/p>\n","protected":false},"featured_media":43727,"template":"","meta":[],"product_brand":[],"product_cat":[58110],"product_tag":[58326,58290],"product_approvals":[],"product_application":[],"class_list":{"0":"post-156198","1":"product","2":"type-product","3":"status-publish","4":"has-post-thumbnail","6":"product_cat-ponts-a-doubles-ciseaux-fr","7":"product_tag-light-commercial-fr","8":"product_tag-passenger-cars-fr","10":"first","11":"instock","12":"shipping-taxable","13":"product-type-simple"},"approvals":[],"application":[],"brb_media_brochure":[{"id":150592,"url":"https:\/\/dev.codekraft.it\/ravaglioli.it\/wp-content\/uploads\/brb_media\/00535981_scissor-lifts-rav518nl_518t_535_540-br-multi-2025-01-screen.pdf","title":"scissor lifts rav518nl 518t 535 540 br multi 2025 01 screen","mpn":"","thumbnail":"https:\/\/dev.codekraft.it\/ravaglioli.it\/wp-content\/uploads\/brb_media\/00535981_scissor-lifts-rav518nl_518t_535_540-br-multi-2025-01-screen-pdf-106x150.png","description":""}],"brb_media_drawing":[{"id":87874,"url":"https:\/\/dev.codekraft.it\/ravaglioli.it\/wp-content\/uploads\/brb_media\/00510347_Scissor-lifts-RAV518T_AAT-TD-0579_0705_0_00-en-2004-09.pdf","title":"Scissor lifts RAV518T AAT TD 0579 0705 0 00 en 2004 09","mpn":"","thumbnail":"https:\/\/dev.codekraft.it\/ravaglioli.it\/wp-content\/uploads\/brb_media\/00510347_Scissor-lifts-RAV518T_AAT-TD-0579_0705_0_00-en-2004-09-pdf-106x150.png","description":""}],"brb_media_manuals":"","brb_media_safety_datasheets":"","brb_media_spare_parts":[],"_cdmm_p_id":"502794","_company":"Ravaglioli","_gtin":"5063084195869","accessories":[{"id":152191,"mpn":"S505A2","name":"Traverses pour XS30-CAT","description":"Pour v\u00e9hicules tout-terrain | 1 jeu \/ 2 pi\u00e8ces","thumbnail":"https:\/\/dev.codekraft.it\/ravaglioli.it\/wp-content\/uploads\/brb_media\/00509455_scissor-lift-s505a2-mi-150x150.png","url":"https:\/\/dev.codekraft.it\/ravaglioli.it\/fr\/product\/traverses-pour-xs30-cat\/"},{"id":152204,"mpn":"S518A20","name":"Couverture de tuyau 1 m | pour installation au sol","description":"1 m | pour installation au sol","thumbnail":"https:\/\/dev.codekraft.it\/ravaglioli.it\/wp-content\/uploads\/brb_media\/00550550_double-scissor-lifts-s518a20-mi-150x150.png","url":"https:\/\/dev.codekraft.it\/ravaglioli.it\/fr\/product\/couverture-de-tuyau-1-m-pour-installation-au-sol\/"},{"id":152679,"mpn":"S540A1","name":"Kit de rampes d&#039;acc\u00e8s","description":"Longues suppl\u00e9mentaires rampes pour v\u00e9hicules surbaiss\u00e9s","thumbnail":"https:\/\/dev.codekraft.it\/ravaglioli.it\/wp-content\/uploads\/brb_media\/00509456_scissor-lift-s540a1-mi-150x150.png","url":"https:\/\/dev.codekraft.it\/ravaglioli.it\/fr\/product\/kit-de-rampes-dacces\/"},{"id":153625,"mpn":"S518A21","name":"Kit transformation pour \u00e9ncatrement pont","description":"","thumbnail":"https:\/\/dev.codekraft.it\/ravaglioli.it\/wp-content\/uploads\/brb_media\/00550549_double-scissor-lifts-s535a1-recess-mounted-kit-mi-150x115.png","url":"https:\/\/dev.codekraft.it\/ravaglioli.it\/fr\/product\/kit-transformation-pour-encatrement-pont\/"}],"components":[],"delivery":[],"package":[],"related":[],"similar":[{"id":154586,"mpn":"RAV.509IF.196071","name":"Pont \u00e0 doubles ciseaux RAV509IF 230-400 V &#8211; 3 Ph &#8211; 50 Hz","description":"3,5 t, \u00e9lectrohydraulique, sous le sol | 230\/400 V \/ 50 Hz","thumbnail":"https:\/\/dev.codekraft.it\/ravaglioli.it\/wp-content\/uploads\/brb_media\/00509431_scissor-lift-rav507_508_509_510-mi-150x150.png","url":"https:\/\/dev.codekraft.it\/ravaglioli.it\/fr\/product\/pont-a-doubles-ciseaux-rav509if-230-400-v-3-ph-50-hz\/"}],"page_logo_src":"https:\/\/dev.codekraft.it\/ravaglioli.it\/wp-content\/uploads\/2026\/04\/rav-negative-logo-1.png","lang":"fr","translations":{"fr":156198,"de":156197,"it":156199,"es":156200,"ru":156201},"pll_sync_post":[],"_links":{"self":[{"href":"https:\/\/dev.codekraft.it\/ravaglioli.it\/wp-json\/wp\/v2\/product\/156198","targetHints":{"allow":["GET"]}}],"collection":[{"href":"https:\/\/dev.codekraft.it\/ravaglioli.it\/wp-json\/wp\/v2\/product"}],"about":[{"href":"https:\/\/dev.codekraft.it\/ravaglioli.it\/wp-json\/wp\/v2\/types\/product"}],"wp:featuredmedia":[{"embeddable":true,"href":"https:\/\/dev.codekraft.it\/ravaglioli.it\/wp-json\/wp\/v2\/media\/43727"}],"wp:attachment":[{"href":"https:\/\/dev.codekraft.it\/ravaglioli.it\/wp-json\/wp\/v2\/media?parent=156198"}],"wp:term":[{"taxonomy":"product_brand","embeddable":true,"href":"https:\/\/dev.codekraft.it\/ravaglioli.it\/wp-json\/wp\/v2\/product_brand?post=156198"},{"taxonomy":"product_cat","embeddable":true,"href":"https:\/\/dev.codekraft.it\/ravaglioli.it\/wp-json\/wp\/v2\/product_cat?post=156198"},{"taxonomy":"product_tag","embeddable":true,"href":"https:\/\/dev.codekraft.it\/ravaglioli.it\/wp-json\/wp\/v2\/product_tag?post=156198"},{"taxonomy":"product_approvals","embeddable":true,"href":"https:\/\/dev.codekraft.it\/ravaglioli.it\/wp-json\/wp\/v2\/product_approvals?post=156198"},{"taxonomy":"product_application","embeddable":true,"href":"https:\/\/dev.codekraft.it\/ravaglioli.it\/wp-json\/wp\/v2\/product_application?post=156198"}],"curies":[{"name":"wp","href":"https:\/\/api.w.org\/{rel}","templated":true}]}}