{"id":156167,"date":"2025-10-30T14:31:23","date_gmt":"2025-10-30T14:31:23","guid":{"rendered":"https:\/\/dev.codekraft.it\/ravaglioli.it\/product\/pont-elevateur-de-carrossier-rav-kbi30-199850\/"},"modified":"2026-01-14T20:01:17","modified_gmt":"2026-01-14T20:01:17","slug":"pont-elevateur-de-carrossier-rav-kbi30-199850","status":"publish","type":"product","link":"https:\/\/dev.codekraft.it\/ravaglioli.it\/fr\/product\/pont-elevateur-de-carrossier-rav-kbi30-199850\/","title":{"rendered":"Pont \u00e9l\u00e9vateur de carrossier RAV.KBI30.199850"},"content":{"rendered":"<p>Pont \u00e9l\u00e9vateur \u00e0 ciseaux id\u00e9al pour une installation sur les caillebotis des cabines de peinture et les zones de pr\u00e9paration ainsi qu\u2019encastr\u00e9 dans les sols traditionnels. La conception ergonomique permet d\u2019atteindre facilement les points de prise des v\u00e9hicules, \u00e9liminant ainsi tout obstacle autour du v\u00e9hicule et facilitant les op\u00e9rations \u00e0 effectuer sur la caisse.<\/p>\n<ul>\n<li>Large capacit\u00e9 de charge : adapt\u00e9 \u00e0 tout type de voiture<\/li>\n<li>Pratique et rapide : patin int\u00e9gr\u00e9 au bras qui permet de r\u00e9duire le nombre d\u2019op\u00e9rations n\u00e9cessaires pour soulever le v\u00e9hicule<\/li>\n<li>Flexibilit\u00e9 d\u2019installation : installation simple et rapide, ne n\u00e9cessitant que des interventions minimes, y compris en pr\u00e9sence de caillebotis<\/li>\n<\/ul>\n<ul>\n<li>La configuration g\u00e9om\u00e9trique des brasa \u00e9t\u00e9 con\u00e7ue pour le levage de tous les mod\u00e8les de voiture en circulation, des micro-voitures jusqu\u2019aux berlines \u00e0 empattement long.<\/li>\n<li>Tampon always on : Les bras sont \u00e9quip\u00e9s d\u2019un tampon int\u00e9gr\u00e9 de fa\u00e7on \u00e0 toujours rester sur le pont, y compris quand il est en position de repos. Le pont est pr\u00eat \u00e0 l\u2019emploi et ne n\u00e9cessite aucune intervention suppl\u00e9mentaire de la part de l\u2019op\u00e9rateur.<\/li>\n<li>Le pont peut \u00eatre install\u00e9 sans modification dans les caillebotis d\u2019une profondeur comprise entre da 270 et 370 mm.<\/li>\n<li>Il n\u2019est pas n\u00e9cessaire de modifier la grille d\u2019aspiration standard mais il suffit de supprimer les grilles pour une surface de 2000 x 700 mm.<\/li>\n<li>Configurations disponibles : Une vaste gamme de configurations est disponible pour r\u00e9pondre \u00e0 tout besoin dans les ateliers de carrosserie.<\/li>\n<li>Tous les bras sont \u00e0 actionnement pneumatique en ouverture\/fermeture pour assurer une plus grande vitesse et une plus haute ergonomie, en dispensant l\u2019op\u00e9rateur de la phase d\u2019extraction et de repositionnement manuel des bras.<\/li>\n<\/ul>\n<ul>\n<li>Ergonomie maximale pour tous les mod\u00e8les de voiture<\/li>\n<li>Grande hauteur de levage pour pouvoir travailler debout<\/li>\n<li>La s\u00e9curit\u00e9 des op\u00e9rations est garantie par le syst\u00e8me d\u2019arr\u00eat automatique du bras et par l\u2019arr\u00eat m\u00e9canique du v\u00e9rin. (Brevet en instance)<\/li>\n<\/ul>\n","protected":false},"excerpt":{"rendered":"<p>3,0 t, \u00e9lectrohydraulique, \u00e0 bras pneumatiques, sous le sol<\/p>\n","protected":false},"featured_media":77881,"template":"","meta":[],"product_brand":[],"product_cat":[58046],"product_tag":[58290],"product_approvals":[],"product_application":[],"class_list":{"0":"post-156167","1":"product","2":"type-product","3":"status-publish","4":"has-post-thumbnail","6":"product_cat-ponts-elevateurs-basse-levee-fr","7":"product_tag-passenger-cars-fr","9":"first","10":"instock","11":"shipping-taxable","12":"product-type-simple"},"approvals":[],"application":[],"brb_media_brochure":[{"id":77851,"url":"https:\/\/dev.codekraft.it\/ravaglioli.it\/wp-content\/uploads\/brb_media\/00510125_scissor-lift-kbi-series-br-de-08-2023-screen.pdf","title":"Scissor Lift KBI series BR de 08 2023 screen","mpn":"","thumbnail":"https:\/\/dev.codekraft.it\/ravaglioli.it\/wp-content\/uploads\/brb_media\/00510125_scissor-lift-kbi-series-br-de-08-2023-screen-pdf-106x150.png","description":""},{"id":77852,"url":"https:\/\/dev.codekraft.it\/ravaglioli.it\/wp-content\/uploads\/brb_media\/00510126_scissor-lift-kbi-series-br-en-08-2023-screen.pdf","title":"Scissor Lift KBI series BR en 08 2023 screen","mpn":"","thumbnail":"https:\/\/dev.codekraft.it\/ravaglioli.it\/wp-content\/uploads\/brb_media\/00510126_scissor-lift-kbi-series-br-en-08-2023-screen-pdf-106x150.png","description":""},{"id":77853,"url":"https:\/\/dev.codekraft.it\/ravaglioli.it\/wp-content\/uploads\/brb_media\/00510127_scissor-lift-kbi-series-br-fr-08-2023-screen.pdf","title":"Scissor Lift KBI series BR fr 08 2023 screen","mpn":"","thumbnail":"https:\/\/dev.codekraft.it\/ravaglioli.it\/wp-content\/uploads\/brb_media\/00510127_scissor-lift-kbi-series-br-fr-08-2023-screen-pdf-106x150.png","description":""},{"id":77854,"url":"https:\/\/dev.codekraft.it\/ravaglioli.it\/wp-content\/uploads\/brb_media\/00510128_scissor-lift-kbi-series-br-it-08-2023-screen.pdf","title":"Scissor Lift KBI series BR it 08 2023 screen","mpn":"","thumbnail":"https:\/\/dev.codekraft.it\/ravaglioli.it\/wp-content\/uploads\/brb_media\/00510128_scissor-lift-kbi-series-br-it-08-2023-screen-pdf-106x150.png","description":""},{"id":77856,"url":"https:\/\/dev.codekraft.it\/ravaglioli.it\/wp-content\/uploads\/brb_media\/00510129_scissor-lift-kbi-series-br-es-08-2023-screen.pdf","title":"Scissor Lift KBI series BR es 08 2023 screen","mpn":"","thumbnail":"https:\/\/dev.codekraft.it\/ravaglioli.it\/wp-content\/uploads\/brb_media\/00510129_scissor-lift-kbi-series-br-es-08-2023-screen-pdf-106x150.png","description":""},{"id":77857,"url":"https:\/\/dev.codekraft.it\/ravaglioli.it\/wp-content\/uploads\/brb_media\/00510130_scissor-lift-kbi-series-br-ru-08-2023-screen.pdf","title":"Scissor Lift KBI series BR ru 08 2023 screen","mpn":"","thumbnail":"https:\/\/dev.codekraft.it\/ravaglioli.it\/wp-content\/uploads\/brb_media\/00510130_scissor-lift-kbi-series-br-ru-08-2023-screen-pdf-106x150.png","description":""}],"brb_media_drawing":[{"id":84046,"url":"https:\/\/dev.codekraft.it\/ravaglioli.it\/wp-content\/uploads\/brb_media\/00510361_body-shop-lifts-kbi-series-td-055007040-2022-01.pdf","title":"Body shop lifts KBI Series TD 055007040 2022 01","mpn":"","thumbnail":"https:\/\/dev.codekraft.it\/ravaglioli.it\/wp-content\/uploads\/brb_media\/00510361_body-shop-lifts-kbi-series-td-055007040-2022-01-pdf-106x150.png","description":""}],"brb_media_manuals":[{"id":151952,"url":"https:\/\/dev.codekraft.it\/ravaglioli.it\/wp-content\/uploads\/brb_media\/00550007_bodyshop-lifts-kbi30-kbi28-im-0550-m001-0-rev2-multi-2024-02.pdf","title":"Bodyshop Lifts KBI30 KBI28 IM 0550 M001 0 REV2 multi 2024 02","mpn":"","thumbnail":"https:\/\/dev.codekraft.it\/ravaglioli.it\/wp-content\/uploads\/brb_media\/00550007_bodyshop-lifts-kbi30-kbi28-im-0550-m001-0-rev2-multi-2024-02-pdf-106x150.png","description":""}],"brb_media_safety_datasheets":"","brb_media_spare_parts":[],"_cdmm_p_id":"501031","_company":"Ravaglioli","_gtin":"5063084199850","accessories":[{"id":152003,"mpn":"VSG.KBIAC.900005","name":"Gabarit de raccordement","description":"Pour connexion de base avant\/arri\u00e8re | n\u00e9cessaire \u00e0 l\u2019installation du pont","thumbnail":"https:\/\/dev.codekraft.it\/ravaglioli.it\/wp-content\/uploads\/brb_media\/00510146_scissor-lift-kbi-series-automatic-base-connection-di-150x150.png","url":"https:\/\/dev.codekraft.it\/ravaglioli.it\/fr\/product\/gabarit-de-raccordement\/"}],"components":[],"delivery":[],"package":[],"related":[],"similar":[{"id":156155,"mpn":"RAV.KBI30.199782","name":"Pont \u00e9l\u00e9vateur de carrossier RAV.KBI30.199782","description":"3,0 t, hydropneumatique, \u00e0 bras manuels, sous le sol","thumbnail":"https:\/\/dev.codekraft.it\/ravaglioli.it\/wp-content\/uploads\/brb_media\/00510131_scissor-lift-kbi-series-mi-02-150x150.png","url":"https:\/\/dev.codekraft.it\/ravaglioli.it\/fr\/product\/pont-elevateur-de-carrossier-rav-kbi30-199782\/"},{"id":156161,"mpn":"RAV.KBI30.199812","name":"Pont \u00e9l\u00e9vateur de carrossier RAV.KBI30.199812","description":"3,0 t, \u00e9lectrohydraulique, \u00e0 bras manuels, sous le sol","thumbnail":"https:\/\/dev.codekraft.it\/ravaglioli.it\/wp-content\/uploads\/brb_media\/00510132_scissor-lift-kbi-series-mi-04-150x150.png","url":"https:\/\/dev.codekraft.it\/ravaglioli.it\/fr\/product\/pont-elevateur-de-carrossier-rav-kbi30-199812\/"},{"id":151991,"mpn":"RAV.KBI30.199997","name":"Pont \u00e9l\u00e9vateur de carrossier RAV.KBI30.199997","description":"3,0 t, \u00e9lectrohydraulique, conforme ATEX (selon la Directive 2014\/34\/UE), \u00e0 bras pneumatiques et TEq-Link, sous le sol","thumbnail":"https:\/\/dev.codekraft.it\/ravaglioli.it\/wp-content\/uploads\/brb_media\/00510134_scissor-lift-kbi-series-mi-03-150x150.png","url":"https:\/\/dev.codekraft.it\/ravaglioli.it\/fr\/product\/pont-elevateur-de-carrossier-rav-kbi30-199997\/"},{"id":156173,"mpn":"RAV.KBI30.199904","name":"Pont \u00e9l\u00e9vateur de carrossier RAV.KBI30.199904","description":"3,0 t, \u00e9lectrohydraulique, conforme ATEX (selon la Directive 2014\/34\/UE), \u00e0 bras pneumatiques, sous le sol","thumbnail":"https:\/\/dev.codekraft.it\/ravaglioli.it\/wp-content\/uploads\/brb_media\/00510134_scissor-lift-kbi-series-mi-03-150x150.png","url":"https:\/\/dev.codekraft.it\/ravaglioli.it\/fr\/product\/pont-elevateur-de-carrossier-rav-kbi30-199904\/"},{"id":156185,"mpn":"RAV.KBI30.199973","name":"Pont \u00e9l\u00e9vateur de carrossier RAV.KBI30.199973","description":"3,0 t, \u00e9lectrohydraulique, \u00e0 bras pneumatiques et TEq-Link, sous le sol","thumbnail":"https:\/\/dev.codekraft.it\/ravaglioli.it\/wp-content\/uploads\/brb_media\/00510133_scissor-lift-kbi-series-mi-150x150.png","url":"https:\/\/dev.codekraft.it\/ravaglioli.it\/fr\/product\/pont-elevateur-de-carrossier-rav-kbi30-199973\/"}],"page_logo_src":"https:\/\/dev.codekraft.it\/ravaglioli.it\/wp-content\/uploads\/2026\/04\/rav-negative-logo-1.png","lang":"fr","translations":{"fr":156167,"en":156165,"de":156166,"it":156168,"es":156169,"ru":156170},"pll_sync_post":[],"_links":{"self":[{"href":"https:\/\/dev.codekraft.it\/ravaglioli.it\/wp-json\/wp\/v2\/product\/156167","targetHints":{"allow":["GET"]}}],"collection":[{"href":"https:\/\/dev.codekraft.it\/ravaglioli.it\/wp-json\/wp\/v2\/product"}],"about":[{"href":"https:\/\/dev.codekraft.it\/ravaglioli.it\/wp-json\/wp\/v2\/types\/product"}],"wp:featuredmedia":[{"embeddable":true,"href":"https:\/\/dev.codekraft.it\/ravaglioli.it\/wp-json\/wp\/v2\/media\/77881"}],"wp:attachment":[{"href":"https:\/\/dev.codekraft.it\/ravaglioli.it\/wp-json\/wp\/v2\/media?parent=156167"}],"wp:term":[{"taxonomy":"product_brand","embeddable":true,"href":"https:\/\/dev.codekraft.it\/ravaglioli.it\/wp-json\/wp\/v2\/product_brand?post=156167"},{"taxonomy":"product_cat","embeddable":true,"href":"https:\/\/dev.codekraft.it\/ravaglioli.it\/wp-json\/wp\/v2\/product_cat?post=156167"},{"taxonomy":"product_tag","embeddable":true,"href":"https:\/\/dev.codekraft.it\/ravaglioli.it\/wp-json\/wp\/v2\/product_tag?post=156167"},{"taxonomy":"product_approvals","embeddable":true,"href":"https:\/\/dev.codekraft.it\/ravaglioli.it\/wp-json\/wp\/v2\/product_approvals?post=156167"},{"taxonomy":"product_application","embeddable":true,"href":"https:\/\/dev.codekraft.it\/ravaglioli.it\/wp-json\/wp\/v2\/product_application?post=156167"}],"curies":[{"name":"wp","href":"https:\/\/api.w.org\/{rel}","templated":true}]}}