{"id":156154,"date":"2025-10-30T14:31:23","date_gmt":"2025-10-30T14:31:23","guid":{"rendered":"https:\/\/dev.codekraft.it\/ravaglioli.it\/product\/karosserie-hebebuhne-rav-kbi30-199782\/"},"modified":"2026-01-14T20:01:09","modified_gmt":"2026-01-14T20:01:09","slug":"karosserie-hebebuhne-rav-kbi30-199782","status":"publish","type":"product","link":"https:\/\/dev.codekraft.it\/ravaglioli.it\/de\/product\/karosserie-hebebuhne-rav-kbi30-199782\/","title":{"rendered":"Karosserie-Hebeb\u00fchne RAV.KBI30.199782"},"content":{"rendered":"<p>Die Scherenhebeb\u00fchne ist ideal f\u00fcr den Einbau in Gitterroste von Lackierkabinen und Vorbereitungsbereichen sowie f\u00fcr den Einbau in herk\u00f6mmliche B\u00f6den geeignet. Durch das ergonomische Design sind die Haltepunkte der Fahrzeuge leicht zu erreichen, wodurch alle Hindernisse rund um das Fahrzeug beseitigt und die Arbeiten an der Karosserie erleichtert werden.<\/p>\n<ul>\n<li>Gro\u00dfer Aufnahmebereich: geeignet f\u00fcr alle Arten von Fahrzeugen<\/li>\n<li>Schnell einsatzbereit: durch die im Arm integrierte Gummiauflage wird die Anzahl der zum Anheben des Fahrzeugs erforderlichen Vorg\u00e4nge reduziert<\/li>\n<li>Flexible Installation: schnelle und einfache Installation mit minimalem Aufwand, auch bei Gitterrosten<\/li>\n<\/ul>\n<ul>\n<li>Die Geometrie der Tragarmewurde ist so konzipiert, dass sowohl Kleinstwagen als auch Limousinen mit langem Radstand angehoben werden k\u00f6nnen.<\/li>\n<li>Tragteller always on: Die Arme sind mit integrierten Tragtellern ausgestattet, so dass sie auch in der Ruhestellung stets auf der Hebeb\u00fchne bleiben k\u00f6nnen. Die Hebeb\u00fchne ist sofort einsatzbereit, ohne dass weitere Eingriffe durch den Bediener erforderlich sind.<\/li>\n<li>Die Hebeb\u00fchne kann ohne zus\u00e4tzliche Zwischenlagen in Gitterroste von 270 bis 370 mm Tiefe eingebaut werden.<\/li>\n<li>Es bedarf keiner \u00c4nderung des Standard-Ansauggitters, es reicht aus, die Gitter f\u00fcr eine Fl\u00e4che von 2000 x 700 mm zu entfernen.<\/li>\n<li>Erh\u00e4ltliche Konfigurationen: F\u00fcr jede Art von Arbeitsprozess in der Karosseriewerkstatt ist eine breite Palette von Konfigurationen verf\u00fcgbar.<\/li>\n<li>Minimale und kompakte L\u00f6sung, die ohne Strom funktioniert. Auch geeignet f\u00fcr den Einbau in Lackierkabinen.<\/li>\n<\/ul>\n<ul>\n<li>Maximale Ergonomie f\u00fcr alle Fahrzeugtypen<\/li>\n<li>Die gro\u00dfe Hubh\u00f6he erm\u00f6glicht das Arbeiten in aufrechter Position<\/li>\n<li>Die Sicherheit des Betriebs wird durch das automatische Armarretiersystem und die mechanische Arretierung des Zylinders gew\u00e4hrleistet. (Patent angemeldet)<\/li>\n<\/ul>\n","protected":false},"excerpt":{"rendered":"<p>3,0 t, hydropneumatisch, mit manuellen Armen, Unterflur<\/p>\n","protected":false},"featured_media":77850,"template":"","meta":[],"product_brand":[],"product_cat":[58036],"product_tag":[58287],"product_approvals":[],"product_application":[],"class_list":{"0":"post-156154","1":"product","2":"type-product","3":"status-publish","4":"has-post-thumbnail","6":"product_cat-kurzhub-hebebuhnen-de","7":"product_tag-passenger-cars-de","9":"first","10":"instock","11":"shipping-taxable","12":"product-type-simple"},"approvals":[],"application":[],"brb_media_brochure":[{"id":77851,"url":"https:\/\/dev.codekraft.it\/ravaglioli.it\/wp-content\/uploads\/brb_media\/00510125_scissor-lift-kbi-series-br-de-08-2023-screen.pdf","title":"Scissor Lift KBI series BR de 08 2023 screen","mpn":"","thumbnail":"https:\/\/dev.codekraft.it\/ravaglioli.it\/wp-content\/uploads\/brb_media\/00510125_scissor-lift-kbi-series-br-de-08-2023-screen-pdf-106x150.png","description":""},{"id":77852,"url":"https:\/\/dev.codekraft.it\/ravaglioli.it\/wp-content\/uploads\/brb_media\/00510126_scissor-lift-kbi-series-br-en-08-2023-screen.pdf","title":"Scissor Lift KBI series BR en 08 2023 screen","mpn":"","thumbnail":"https:\/\/dev.codekraft.it\/ravaglioli.it\/wp-content\/uploads\/brb_media\/00510126_scissor-lift-kbi-series-br-en-08-2023-screen-pdf-106x150.png","description":""},{"id":77853,"url":"https:\/\/dev.codekraft.it\/ravaglioli.it\/wp-content\/uploads\/brb_media\/00510127_scissor-lift-kbi-series-br-fr-08-2023-screen.pdf","title":"Scissor Lift KBI series BR fr 08 2023 screen","mpn":"","thumbnail":"https:\/\/dev.codekraft.it\/ravaglioli.it\/wp-content\/uploads\/brb_media\/00510127_scissor-lift-kbi-series-br-fr-08-2023-screen-pdf-106x150.png","description":""},{"id":77854,"url":"https:\/\/dev.codekraft.it\/ravaglioli.it\/wp-content\/uploads\/brb_media\/00510128_scissor-lift-kbi-series-br-it-08-2023-screen.pdf","title":"Scissor Lift KBI series BR it 08 2023 screen","mpn":"","thumbnail":"https:\/\/dev.codekraft.it\/ravaglioli.it\/wp-content\/uploads\/brb_media\/00510128_scissor-lift-kbi-series-br-it-08-2023-screen-pdf-106x150.png","description":""},{"id":77856,"url":"https:\/\/dev.codekraft.it\/ravaglioli.it\/wp-content\/uploads\/brb_media\/00510129_scissor-lift-kbi-series-br-es-08-2023-screen.pdf","title":"Scissor Lift KBI series BR es 08 2023 screen","mpn":"","thumbnail":"https:\/\/dev.codekraft.it\/ravaglioli.it\/wp-content\/uploads\/brb_media\/00510129_scissor-lift-kbi-series-br-es-08-2023-screen-pdf-106x150.png","description":""},{"id":77857,"url":"https:\/\/dev.codekraft.it\/ravaglioli.it\/wp-content\/uploads\/brb_media\/00510130_scissor-lift-kbi-series-br-ru-08-2023-screen.pdf","title":"Scissor Lift KBI series BR ru 08 2023 screen","mpn":"","thumbnail":"https:\/\/dev.codekraft.it\/ravaglioli.it\/wp-content\/uploads\/brb_media\/00510130_scissor-lift-kbi-series-br-ru-08-2023-screen-pdf-106x150.png","description":""}],"brb_media_drawing":[{"id":84046,"url":"https:\/\/dev.codekraft.it\/ravaglioli.it\/wp-content\/uploads\/brb_media\/00510361_body-shop-lifts-kbi-series-td-055007040-2022-01.pdf","title":"Body shop lifts KBI Series TD 055007040 2022 01","mpn":"","thumbnail":"https:\/\/dev.codekraft.it\/ravaglioli.it\/wp-content\/uploads\/brb_media\/00510361_body-shop-lifts-kbi-series-td-055007040-2022-01-pdf-106x150.png","description":""}],"brb_media_manuals":[{"id":151952,"url":"https:\/\/dev.codekraft.it\/ravaglioli.it\/wp-content\/uploads\/brb_media\/00550007_bodyshop-lifts-kbi30-kbi28-im-0550-m001-0-rev2-multi-2024-02.pdf","title":"Bodyshop Lifts KBI30 KBI28 IM 0550 M001 0 REV2 multi 2024 02","mpn":"","thumbnail":"https:\/\/dev.codekraft.it\/ravaglioli.it\/wp-content\/uploads\/brb_media\/00550007_bodyshop-lifts-kbi30-kbi28-im-0550-m001-0-rev2-multi-2024-02-pdf-106x150.png","description":""}],"brb_media_safety_datasheets":"","brb_media_spare_parts":[],"_cdmm_p_id":"501029","_company":"Ravaglioli","_gtin":"5063084199782","accessories":[{"id":152002,"mpn":"VSG.KBIAC.900005","name":"Installationslehre","description":"F\u00fcr die Verbindung der vorderen und hinteren Bodenplatte | erforderlich f\u00fcr den Einbau der Hebeb\u00fchne","thumbnail":"https:\/\/dev.codekraft.it\/ravaglioli.it\/wp-content\/uploads\/brb_media\/00510146_scissor-lift-kbi-series-automatic-base-connection-di-150x150.png","url":"https:\/\/dev.codekraft.it\/ravaglioli.it\/de\/product\/installationslehre\/"}],"components":[],"delivery":[],"package":[],"related":[],"similar":[{"id":151990,"mpn":"RAV.KBI30.199997","name":"Karosserie-Hebeb\u00fchne RAV.KBI30.199997","description":"3,0 t, elektrohydraulisch, ATEX-konform gem\u00e4\u00df Richtlinie 2014\/34\/EU, mit pneumatischen Armen und TEq-Link, Unterflur","thumbnail":"https:\/\/dev.codekraft.it\/ravaglioli.it\/wp-content\/uploads\/brb_media\/00510134_scissor-lift-kbi-series-mi-03-150x150.png","url":"https:\/\/dev.codekraft.it\/ravaglioli.it\/de\/product\/karosserie-hebebuhne-rav-kbi30-199997\/"},{"id":156160,"mpn":"RAV.KBI30.199812","name":"Karosserie-Hebeb\u00fchne RAV.KBI30.199812","description":"3,0 t, elektrohydraulisch, mit manuellen Armen, Unterflur","thumbnail":"https:\/\/dev.codekraft.it\/ravaglioli.it\/wp-content\/uploads\/brb_media\/00510132_scissor-lift-kbi-series-mi-04-150x150.png","url":"https:\/\/dev.codekraft.it\/ravaglioli.it\/de\/product\/karosserie-hebebuhne-rav-kbi30-199812\/"},{"id":156166,"mpn":"RAV.KBI30.199850","name":"Karosserie-Hebeb\u00fchne RAV.KBI30.199850","description":"3,0 t, elektrohydraulisch, mit pneumatischen Armen, Unterflur","thumbnail":"https:\/\/dev.codekraft.it\/ravaglioli.it\/wp-content\/uploads\/brb_media\/00510133_scissor-lift-kbi-series-mi-150x150.png","url":"https:\/\/dev.codekraft.it\/ravaglioli.it\/de\/product\/karosserie-hebebuhne-rav-kbi30-199850\/"},{"id":156172,"mpn":"RAV.KBI30.199904","name":"Karosserie-Hebeb\u00fchne RAV.KBI30.199904","description":"3,0 t, elektrohydraulisch, ATEX-konform gem\u00e4\u00df Richtlinie 2014\/34\/EU, mit pneumatischen Armen, Unterflur","thumbnail":"https:\/\/dev.codekraft.it\/ravaglioli.it\/wp-content\/uploads\/brb_media\/00510134_scissor-lift-kbi-series-mi-03-150x150.png","url":"https:\/\/dev.codekraft.it\/ravaglioli.it\/de\/product\/karosserie-hebebuhne-rav-kbi30-199904\/"},{"id":156184,"mpn":"RAV.KBI30.199973","name":"Karosserie-Hebeb\u00fchne RAV.KBI30.199973","description":"3,0 t, elektrohydraulisch, mit pneumatischen Armen und TEq-Link, Unterflur","thumbnail":"https:\/\/dev.codekraft.it\/ravaglioli.it\/wp-content\/uploads\/brb_media\/00510133_scissor-lift-kbi-series-mi-150x150.png","url":"https:\/\/dev.codekraft.it\/ravaglioli.it\/de\/product\/karosserie-hebebuhne-rav-kbi30-199973\/"}],"page_logo_src":"https:\/\/dev.codekraft.it\/ravaglioli.it\/wp-content\/uploads\/2026\/04\/rav-negative-logo-1.png","lang":"de","translations":{"de":156154,"en":156153,"fr":156155,"it":156156,"es":156157,"ru":156158},"pll_sync_post":[],"_links":{"self":[{"href":"https:\/\/dev.codekraft.it\/ravaglioli.it\/wp-json\/wp\/v2\/product\/156154","targetHints":{"allow":["GET"]}}],"collection":[{"href":"https:\/\/dev.codekraft.it\/ravaglioli.it\/wp-json\/wp\/v2\/product"}],"about":[{"href":"https:\/\/dev.codekraft.it\/ravaglioli.it\/wp-json\/wp\/v2\/types\/product"}],"wp:featuredmedia":[{"embeddable":true,"href":"https:\/\/dev.codekraft.it\/ravaglioli.it\/wp-json\/wp\/v2\/media\/77850"}],"wp:attachment":[{"href":"https:\/\/dev.codekraft.it\/ravaglioli.it\/wp-json\/wp\/v2\/media?parent=156154"}],"wp:term":[{"taxonomy":"product_brand","embeddable":true,"href":"https:\/\/dev.codekraft.it\/ravaglioli.it\/wp-json\/wp\/v2\/product_brand?post=156154"},{"taxonomy":"product_cat","embeddable":true,"href":"https:\/\/dev.codekraft.it\/ravaglioli.it\/wp-json\/wp\/v2\/product_cat?post=156154"},{"taxonomy":"product_tag","embeddable":true,"href":"https:\/\/dev.codekraft.it\/ravaglioli.it\/wp-json\/wp\/v2\/product_tag?post=156154"},{"taxonomy":"product_approvals","embeddable":true,"href":"https:\/\/dev.codekraft.it\/ravaglioli.it\/wp-json\/wp\/v2\/product_approvals?post=156154"},{"taxonomy":"product_application","embeddable":true,"href":"https:\/\/dev.codekraft.it\/ravaglioli.it\/wp-json\/wp\/v2\/product_application?post=156154"}],"curies":[{"name":"wp","href":"https:\/\/api.w.org\/{rel}","templated":true}]}}