{"id":156145,"date":"2025-08-05T09:51:50","date_gmt":"2025-08-05T08:51:50","guid":{"rendered":"https:\/\/dev.codekraft.it\/ravaglioli.it\/product\/elevador-de-2-columnas-kph370-45lik\/"},"modified":"2026-01-14T20:01:03","modified_gmt":"2026-01-14T20:01:03","slug":"elevador-de-2-columnas-kph370-45lik","status":"publish","type":"product","link":"https:\/\/dev.codekraft.it\/ravaglioli.it\/es\/product\/elevador-de-2-columnas-kph370-45lik\/","title":{"rendered":"Elevador de 2 columnas KPH370.45LIK"},"content":{"rendered":"<p>Elevador equipado con 4 brazos largos de tres extensiones: ideal\u00a0sea para el levantamiento de furgonetas normales y de chasis\u00a0largo sea de turismos.<\/p>\n<ul>\n<li>Elevador equipado con 4 brazos largos de tres extensiones: ideal sea para el levantamiento de furgonetas normales y de chasis largo sea de turismos.<\/li>\n<li>Bloqueo de brazos automatico y desenganche de brazos automatico al suelo<\/li>\n<li>Los cables no portantes garantizan la sincronizaci\u00f3n<\/li>\n<li>En cada columna est\u00e1 presente un pist\u00f3n de elevaci\u00f3n que no requiere mantenimiento alguno<\/li>\n<li>Altura reglable<\/li>\n<li>Motor especial de alto rendimiento para garantizar potencia y duraci\u00f3n en el tiempo<\/li>\n<li>Carro y brazos cortados allaser &#8211; soldados por robot<\/li>\n<li>Cables muy f\u00e1ciles de registrar<\/li>\n<li>Dise\u00f1o exclusivo con doblado 10+8 que garantiza la m\u00e1xima solidez<\/li>\n<li>Versi\u00f3n bajo pedido con:\n<ul>\n<li>Mando individual para bajada\/subida<\/li>\n<li>Desenganche neum\u00e1tico de los trinquetes de seguridad de la cremallera mec\u00e1nica<\/li>\n<li>Centralita posicionada en la parte alta de la columna<\/li>\n<\/ul>\n<\/li>\n<\/ul>\n<ul>\n<li>El pist\u00f3n desaparece y garantiza una larga duraci\u00f3n y bajos costos<\/li>\n<li>Polea protegida al interior de la columna<\/li>\n<li>Geometria conica con efecto auto-bloqueador<\/li>\n<li>Taco extra-bajo y extensible en altura<\/li>\n<\/ul>\n","protected":false},"excerpt":{"rendered":"<p>4,5 t, electrohidr\u00e1ulico, sim\u00e9trico, brazos para el levantamiento de furgonetas normales y de chasis largo sea de turismos<\/p>\n","protected":false},"featured_media":39571,"template":"","meta":[],"product_brand":[],"product_cat":[57902],"product_tag":[58366,58349,58296,58332],"product_approvals":[],"product_application":[],"class_list":{"0":"post-156145","1":"product","2":"type-product","3":"status-publish","4":"has-post-thumbnail","6":"product_cat-elevadores-de-2-columnas-es","7":"product_tag-trucks-es","8":"product_tag-motor-homes-es","9":"product_tag-passenger-cars-es","10":"product_tag-light-commercial-es","12":"first","13":"instock","14":"shipping-taxable","15":"product-type-simple"},"approvals":[],"application":[],"brb_media_brochure":[{"id":39550,"url":"https:\/\/dev.codekraft.it\/ravaglioli.it\/wp-content\/uploads\/brb_media\/00505587_2-post-lift-kph37032_42_50-br-multi-screen.pdf","title":"2 post lift KPH37032 42 50 BR multi screen","mpn":"","thumbnail":"https:\/\/dev.codekraft.it\/ravaglioli.it\/wp-content\/uploads\/brb_media\/00505587_2-post-lift-kph37032_42_50-br-multi-screen-pdf-106x150.png","description":""}],"brb_media_drawing":[{"id":46069,"url":"https:\/\/dev.codekraft.it\/ravaglioli.it\/wp-content\/uploads\/brb_media\/00509889_2-post-lift-kph37045lik-td-x0-0484_0775_0_00-2020-02.pdf","title":"2 post lift KPH37045LIK TD X0 0484 0775 0 00 2020 02","mpn":"","thumbnail":"https:\/\/dev.codekraft.it\/ravaglioli.it\/wp-content\/uploads\/brb_media\/00509889_2-post-lift-kph37045lik-td-x0-0484_0775_0_00-2020-02-pdf-107x150.png","description":""}],"brb_media_manuals":[{"id":46061,"url":"https:\/\/dev.codekraft.it\/ravaglioli.it\/wp-content\/uploads\/brb_media\/00509885_2-post-lifts-kph370-45k-45lik-im-0484-m021-multi-2020-01.pdf","title":"2 post lifts KPH370 45K 45LIK IM 0484 M021 multi 2020 01","mpn":"","thumbnail":"https:\/\/dev.codekraft.it\/ravaglioli.it\/wp-content\/uploads\/brb_media\/00509885_2-post-lifts-kph370-45k-45lik-im-0484-m021-multi-2020-01-pdf-106x150.png","description":""}],"brb_media_safety_datasheets":"","brb_media_spare_parts":[],"_cdmm_p_id":"501027","_company":"Ravaglioli","_gtin":"","accessories":[{"id":152822,"mpn":"S370A1T","name":"Final de carrera con accionamiento tipo cable el\u00e1stico | accionamiento tipo cable el\u00e1stico | no premontado","description":"Interruptor para todos los elevadores con centralita en alto (VARPH370.xx\/T)","thumbnail":"https:\/\/dev.codekraft.it\/ravaglioli.it\/wp-content\/uploads\/brb_media\/00506763_S370A1T-150x150.png","url":"https:\/\/dev.codekraft.it\/ravaglioli.it\/es\/product\/final-de-carrera-con-accionamiento-tipo-cable-elastico-accionamiento-tipo-cable-elastico-no-premontado\/"},{"id":153338,"mpn":"S370A5","name":"Protecciones para puertas para elevadores de 2 columnas","description":"1 juego \/ 2 piezas","thumbnail":"https:\/\/dev.codekraft.it\/ravaglioli.it\/wp-content\/uploads\/brb_media\/00506773_s370a5-150x150.png","url":"https:\/\/dev.codekraft.it\/ravaglioli.it\/es\/product\/protecciones-para-puertas-para-elevadores-de-2-columnas\/"},{"id":153236,"mpn":"S370A3","name":"Soportes para espesores, rosca \u00d8 45 mm","description":"Para elevadores de 2 columnas | 1 juego \/ 2 piezas","thumbnail":"https:\/\/dev.codekraft.it\/ravaglioli.it\/wp-content\/uploads\/brb_media\/00506766_s370a3-01-150x150.png","url":"https:\/\/dev.codekraft.it\/ravaglioli.it\/es\/product\/soportes-para-espesores-rosca-o-45-mm\/"},{"id":153542,"mpn":"S370A20","name":"Final de carrera | accionamiento tipo barra | para alimentaci\u00f3n trif\u00e1sica | no premontado","description":"Interruptor para todos los elevadores con alimentaci\u00f3n trif\u00e1sica","thumbnail":"https:\/\/dev.codekraft.it\/ravaglioli.it\/wp-content\/uploads\/brb_media\/00535986_2-post-lift-s370a20-mi-150x150.png","url":"https:\/\/dev.codekraft.it\/ravaglioli.it\/es\/product\/final-de-carrera-accionamiento-tipo-barra-para-alimentacion-trifasica-no-premontado\/"},{"id":153789,"mpn":"S370A4","name":"Extensi\u00f3n de anchura 200 mm","description":"200 mm","thumbnail":"https:\/\/dev.codekraft.it\/ravaglioli.it\/wp-content\/uploads\/brb_media\/00535985_2-post-lift-s370a4-mi-150x150.png","url":"https:\/\/dev.codekraft.it\/ravaglioli.it\/es\/product\/extension-de-anchura-200-mm-2\/"},{"id":152512,"mpn":"S224A3","name":"Espesores 80 mm","description":"Para Fiat Ducato, Peugeot Boxer y Citro\u00ebn Jumper | para tacos r\u00e1pidos de brazos K, \u00d8 45 mm | 1 juego \/ 4 piezas","thumbnail":"https:\/\/dev.codekraft.it\/ravaglioli.it\/wp-content\/uploads\/brb_media\/00508724_2-post-lift-s224a3-mi-150x150.png","url":"https:\/\/dev.codekraft.it\/ravaglioli.it\/es\/product\/espesores-80-mm\/"},{"id":152518,"mpn":"S224A4","name":"Espesores 140 mm","description":"Para Fiat Ducato, Peugeot Boxer y Citro\u00ebn Jumper | para tacos r\u00e1pidos de brazos K, \u00d8 45 mm | 1 juego \/ 4 piezas","thumbnail":"https:\/\/dev.codekraft.it\/ravaglioli.it\/wp-content\/uploads\/brb_media\/00508725_2-post-lift-s224a4-mi-150x150.png","url":"https:\/\/dev.codekraft.it\/ravaglioli.it\/es\/product\/espesores-140-mm\/"},{"id":153170,"mpn":"S370A18","name":"Espesores 200 mm","description":"Para Fiat Ducato, Peugeot Boxer y Citro\u00ebn Jumper | rosca \u00d8 45 mm | 1 juego \/ 4 piezas","thumbnail":"https:\/\/dev.codekraft.it\/ravaglioli.it\/wp-content\/uploads\/brb_media\/00508733_2-post-lift-s370a18-mi-150x150.png","url":"https:\/\/dev.codekraft.it\/ravaglioli.it\/es\/product\/espesores-200-mm\/"}],"components":[],"delivery":[],"package":[],"related":[],"similar":[{"id":156139,"mpn":"KPH370.45K","name":"Elevador de 2 columnas KPH370.45K","description":"4,5 t, electrohidr\u00e1ulico, asim\u00e9trico, brazos para el levantamiento de furgonetas y todoterrenos","thumbnail":"https:\/\/dev.codekraft.it\/ravaglioli.it\/wp-content\/uploads\/brb_media\/00505572_2-post-lift-kph37032_45_50-mi-150x150.png","url":"https:\/\/dev.codekraft.it\/ravaglioli.it\/es\/product\/elevador-de-2-columnas-kph370-45k\/"},{"id":156127,"mpn":"KPH370.32K","name":"Elevador de 2 columnas KPH370.32K","description":"3,2 t, electrohidr\u00e1ulico, asim\u00e9trico, brazos para el levantamiento de vehiculos anchos tambi\u00e9n","thumbnail":"https:\/\/dev.codekraft.it\/ravaglioli.it\/wp-content\/uploads\/brb_media\/00505573_2-post-lift-KPH37032K-MI-150x150.png","url":"https:\/\/dev.codekraft.it\/ravaglioli.it\/es\/product\/elevador-de-2-columnas-kph370-32k\/"},{"id":156133,"mpn":"KPH370.32R","name":"Elevador de 2 columnas KPH370.32R","description":"3,2 t, electrohidr\u00e1ulico, asim\u00e9trico, brazos extra bajos, racing","thumbnail":"https:\/\/dev.codekraft.it\/ravaglioli.it\/wp-content\/uploads\/brb_media\/00505572_2-post-lift-kph37032_45_50-mi-150x150.png","url":"https:\/\/dev.codekraft.it\/ravaglioli.it\/es\/product\/elevador-de-2-columnas-kph370-32r\/"},{"id":156151,"mpn":"KPH370.50LIK","name":"Elevador de 2 columnas KPH370.50LIK","description":"5,0 t, electrohidr\u00e1ulico, sim\u00e9trico, brazos para el levantamiento de furgonetas normales y de chasis largo sea de turismos","thumbnail":"https:\/\/dev.codekraft.it\/ravaglioli.it\/wp-content\/uploads\/brb_media\/00505576_2-post-lift-kph37045_50lik-mi-150x150.png","url":"https:\/\/dev.codekraft.it\/ravaglioli.it\/es\/product\/elevador-de-2-columnas-kph370-50lik\/"}],"page_logo_src":"https:\/\/dev.codekraft.it\/ravaglioli.it\/wp-content\/uploads\/2026\/04\/rav-negative-logo-1.png","lang":"es","translations":{"es":156145,"en":156141,"de":156142,"fr":156143,"it":156144,"ru":156146},"pll_sync_post":[],"_links":{"self":[{"href":"https:\/\/dev.codekraft.it\/ravaglioli.it\/wp-json\/wp\/v2\/product\/156145","targetHints":{"allow":["GET"]}}],"collection":[{"href":"https:\/\/dev.codekraft.it\/ravaglioli.it\/wp-json\/wp\/v2\/product"}],"about":[{"href":"https:\/\/dev.codekraft.it\/ravaglioli.it\/wp-json\/wp\/v2\/types\/product"}],"wp:featuredmedia":[{"embeddable":true,"href":"https:\/\/dev.codekraft.it\/ravaglioli.it\/wp-json\/wp\/v2\/media\/39571"}],"wp:attachment":[{"href":"https:\/\/dev.codekraft.it\/ravaglioli.it\/wp-json\/wp\/v2\/media?parent=156145"}],"wp:term":[{"taxonomy":"product_brand","embeddable":true,"href":"https:\/\/dev.codekraft.it\/ravaglioli.it\/wp-json\/wp\/v2\/product_brand?post=156145"},{"taxonomy":"product_cat","embeddable":true,"href":"https:\/\/dev.codekraft.it\/ravaglioli.it\/wp-json\/wp\/v2\/product_cat?post=156145"},{"taxonomy":"product_tag","embeddable":true,"href":"https:\/\/dev.codekraft.it\/ravaglioli.it\/wp-json\/wp\/v2\/product_tag?post=156145"},{"taxonomy":"product_approvals","embeddable":true,"href":"https:\/\/dev.codekraft.it\/ravaglioli.it\/wp-json\/wp\/v2\/product_approvals?post=156145"},{"taxonomy":"product_application","embeddable":true,"href":"https:\/\/dev.codekraft.it\/ravaglioli.it\/wp-json\/wp\/v2\/product_application?post=156145"}],"curies":[{"name":"wp","href":"https:\/\/api.w.org\/{rel}","templated":true}]}}