{"id":156131,"date":"2025-09-08T09:01:40","date_gmt":"2025-09-08T08:01:40","guid":{"rendered":"https:\/\/dev.codekraft.it\/ravaglioli.it\/product\/pont-elevateur-a-2-colonnes-kph370-32r\/"},"modified":"2025-11-05T16:29:55","modified_gmt":"2025-11-05T16:29:55","slug":"pont-elevateur-a-2-colonnes-kph370-32r","status":"publish","type":"product","link":"https:\/\/dev.codekraft.it\/ravaglioli.it\/fr\/product\/pont-elevateur-a-2-colonnes-kph370-32r\/","title":{"rendered":"Pont \u00e9l\u00e9vateur \u00e0 2 colonnes KPH370.32R"},"content":{"rendered":"<p>Bras extra plats, avec profil\u00a0parall\u00e8le au sol.\u00a0Tampons \u00e0 double rallonge avec\u00a0hauteur mini. de 75 mm.<\/p>\n<ul>\n<li>Dispositif de soutien m\u00e9canique avec enclenchement automatique pour garantir la s\u00e9curit\u00e9 totale pendant le stationnement<\/li>\n<li>Blocage de bras automatique il est d\u00e9gag\u00e9 au sol<\/li>\n<li>La synchronisation est garantie grace \u00e0 un cable d&#8217;acier non-portant<\/li>\n<li>Chaque colonne est \u00e9quipp\u00e9e d\u2019un v\u00e9rin con\u00e7u pour un fonctionnement sans entretien<\/li>\n<li>Hauteur r\u00e9glable<\/li>\n<li>Moteurs sp\u00e9ciaux \u00e0 hautes performances pour garantir puissance et dur\u00e9e dans le temps<\/li>\n<li>Chariots et bras d\u00e9coup\u00e9s au laser &#8211; soudage par robot<\/li>\n<li>R\u00e9glage simple des c\u00e2bles<\/li>\n<li>Le design exclusif 10+8 pliures garantit un support maxi de la charge<\/li>\n<li>Version sur demande avec:\n<ul>\n<li>Commande unique pour mont\u00e9e-descente<\/li>\n<li>D\u00e9crochage des arr\u00eats pneumatiques<\/li>\n<li>Unit\u00e9 hydraulique en haut<\/li>\n<\/ul>\n<\/li>\n<\/ul>\n<ul>\n<li>Le piston est cach\u00e8 \u00e0 garantie de longue dur\u00e9e et bas couts<\/li>\n<li>Poulie prot\u00e9g\u00e9e \u00e0 l\u2019int\u00e9rieur de la colonne<\/li>\n<li>G\u00e9om\u00e9trie conique autobloquante<\/li>\n<li>Tampon extra bas, extensible en hauteur<\/li>\n<\/ul>\n","protected":false},"excerpt":{"rendered":"<p>3,2 t, \u00e9lectrohydraulique, asym\u00e9trique, bras extra plats, racing<\/p>\n","protected":false},"featured_media":39551,"template":"","meta":[],"product_brand":[],"product_cat":[57874],"product_tag":[58290],"product_approvals":[],"product_application":[],"class_list":{"0":"post-156131","1":"product","2":"type-product","3":"status-publish","4":"has-post-thumbnail","6":"product_cat-ponts-elevateurs-a-2-colonnes-fr","7":"product_tag-passenger-cars-fr","9":"first","10":"instock","11":"shipping-taxable","12":"product-type-simple"},"approvals":[],"application":[],"brb_media_brochure":[{"id":39550,"url":"https:\/\/dev.codekraft.it\/ravaglioli.it\/wp-content\/uploads\/brb_media\/00505587_2-post-lift-kph37032_42_50-br-multi-screen.pdf","title":"2 post lift KPH37032 42 50 BR multi screen","mpn":"","thumbnail":"https:\/\/dev.codekraft.it\/ravaglioli.it\/wp-content\/uploads\/brb_media\/00505587_2-post-lift-kph37032_42_50-br-multi-screen-pdf-106x150.png","description":""}],"brb_media_drawing":[{"id":46054,"url":"https:\/\/dev.codekraft.it\/ravaglioli.it\/wp-content\/uploads\/brb_media\/00509888_2-post-lift-KPH37032R-TD-X3-0484_0715_2_01-2018-09.pdf","title":"2 post lift KPH37032R TD X3 0484 0715 2 01 2018 09","mpn":"","thumbnail":"https:\/\/dev.codekraft.it\/ravaglioli.it\/wp-content\/uploads\/brb_media\/00509888_2-post-lift-KPH37032R-TD-X3-0484_0715_2_01-2018-09-pdf-107x150.png","description":""}],"brb_media_manuals":[{"id":46046,"url":"https:\/\/dev.codekraft.it\/ravaglioli.it\/wp-content\/uploads\/brb_media\/00509882_2-post-lifts-KPH370-32-32K-32R-IM-0484-M008-3-multi-2020-01.pdf","title":"2 post lifts KPH370 32 32K 32R IM 0484 M008 3 multi 2020 01","mpn":"","thumbnail":"https:\/\/dev.codekraft.it\/ravaglioli.it\/wp-content\/uploads\/brb_media\/00509882_2-post-lifts-KPH370-32-32K-32R-IM-0484-M008-3-multi-2020-01-pdf-106x150.png","description":""}],"brb_media_safety_datasheets":"","brb_media_spare_parts":[],"_cdmm_p_id":"501025","_company":"Ravaglioli","_gtin":"4057612814231","accessories":[{"id":152820,"mpn":"S370A1T","name":"Fin de course | actionnement par c\u00e2ble \u00e9lastique | fourni non install\u00e9","description":"Interrupteur pour tous les \u00e9l\u00e9vateurs avec pupitre hydraulique en position haute (VARPH370.xx\/T)","thumbnail":"https:\/\/dev.codekraft.it\/ravaglioli.it\/wp-content\/uploads\/brb_media\/00506763_S370A1T-150x150.png","url":"https:\/\/dev.codekraft.it\/ravaglioli.it\/fr\/product\/fin-de-course-actionnement-par-cable-elastique-fourni-non-installe\/"},{"id":153336,"mpn":"S370A5","name":"Protection portes pour el\u00e9vateurs \u00e0 2 colonnes","description":"1 jeu \/ 2 pi\u00e8ces","thumbnail":"https:\/\/dev.codekraft.it\/ravaglioli.it\/wp-content\/uploads\/brb_media\/00506773_s370a5-150x150.png","url":"https:\/\/dev.codekraft.it\/ravaglioli.it\/fr\/product\/protection-portes-pour-elevateurs-a-2-colonnes\/"},{"id":153234,"mpn":"S370A3","name":"Supports pour rallonges, queue \u00d8 45 mm","description":"Pour el\u00e9vateurs \u00e0 2 colonnes | 1 jeu \/ 2 pi\u00e8ces","thumbnail":"https:\/\/dev.codekraft.it\/ravaglioli.it\/wp-content\/uploads\/brb_media\/00506766_s370a3-01-150x150.png","url":"https:\/\/dev.codekraft.it\/ravaglioli.it\/fr\/product\/supports-pour-rallonges-queue-o-45-mm\/"},{"id":153540,"mpn":"S370A20","name":"Fin de course | actionnement par une barre | pour alimentation triphase | fourni non install\u00e9","description":"Interrupteur pour tous les \u00e9l\u00e9vateurs avec alimentation triphas\u00e9e","thumbnail":"https:\/\/dev.codekraft.it\/ravaglioli.it\/wp-content\/uploads\/brb_media\/00535986_2-post-lift-s370a20-mi-150x150.png","url":"https:\/\/dev.codekraft.it\/ravaglioli.it\/fr\/product\/fin-de-course-actionnement-par-une-barre-pour-alimentation-triphase-fourni-non-installe\/"},{"id":153787,"mpn":"S370A4","name":"Estensione larghezza 200 mm","description":"200 mm","thumbnail":"https:\/\/dev.codekraft.it\/ravaglioli.it\/wp-content\/uploads\/brb_media\/00535985_2-post-lift-s370a4-mi-150x150.png","url":"https:\/\/dev.codekraft.it\/ravaglioli.it\/fr\/product\/estensione-larghezza-200-mm-2\/"},{"id":157043,"mpn":"VSG.2CALL.902276","name":"Kit tampons","description":"Plaque de support, patin en caoutchouc, r\u00e9glable - pour un positionnement rapide sur 4 hauteurs | 4 \u00e9tages  | 1 jeu \/ 4 pi\u00e8ces","thumbnail":"https:\/\/dev.codekraft.it\/ravaglioli.it\/wp-content\/uploads\/brb_media\/00533780_2-post-lift-VSG-2CALL-902276-MI-01-150x150.png","url":"https:\/\/dev.codekraft.it\/ravaglioli.it\/fr\/product\/kit-tampons\/"}],"components":[],"delivery":[],"package":[],"related":[],"similar":[{"id":156125,"mpn":"KPH370.32K","name":"Pont \u00e9l\u00e9vateur \u00e0 2 colonnes KPH370.32K","description":"3,2 t, \u00e9lectrohydraulique, asym\u00e9trique, bras pour le montage rapide des rallonges et d\u2019autres accessoires de levage","thumbnail":"https:\/\/dev.codekraft.it\/ravaglioli.it\/wp-content\/uploads\/brb_media\/00505573_2-post-lift-KPH37032K-MI-150x150.png","url":"https:\/\/dev.codekraft.it\/ravaglioli.it\/fr\/product\/pont-elevateur-a-2-colonnes-kph370-32k\/"},{"id":156137,"mpn":"KPH370.45K","name":"Pont \u00e9l\u00e9vateur \u00e0 2 colonnes KPH370.45K","description":"4,5 t, \u00e9lectrohydraulique, asym\u00e9trique, bras pour le chargement de fourgons ou v\u00e9hicules tout-terrain","thumbnail":"https:\/\/dev.codekraft.it\/ravaglioli.it\/wp-content\/uploads\/brb_media\/00505572_2-post-lift-kph37032_45_50-mi-150x150.png","url":"https:\/\/dev.codekraft.it\/ravaglioli.it\/fr\/product\/pont-elevateur-a-2-colonnes-kph370-45k\/"},{"id":156143,"mpn":"KPH370.45LIK","name":"Pont \u00e9l\u00e9vateur \u00e0 2 colonnes KPH370.45LIK","description":"4,5 t, \u00e9lectrohydraulique, sym\u00e9trique, bras pour le levage de fourgons \u00e0 ch\u00e2ssis long","thumbnail":"https:\/\/dev.codekraft.it\/ravaglioli.it\/wp-content\/uploads\/brb_media\/00505576_2-post-lift-kph37045_50lik-mi-150x150.png","url":"https:\/\/dev.codekraft.it\/ravaglioli.it\/fr\/product\/pont-elevateur-a-2-colonnes-kph370-45lik\/"},{"id":156149,"mpn":"KPH370.50LIK","name":"Pont \u00e9l\u00e9vateur \u00e0 2 colonnes KPH370.50LIK","description":"5,0 t, \u00e9lectrohydraulique, sym\u00e9trique, bras pour le levage de fourgons \u00e0 ch\u00e2ssis long","thumbnail":"https:\/\/dev.codekraft.it\/ravaglioli.it\/wp-content\/uploads\/brb_media\/00505576_2-post-lift-kph37045_50lik-mi-150x150.png","url":"https:\/\/dev.codekraft.it\/ravaglioli.it\/fr\/product\/pont-elevateur-a-2-colonnes-kph370-50lik\/"}],"page_logo_src":"https:\/\/dev.codekraft.it\/ravaglioli.it\/wp-content\/uploads\/2026\/04\/rav-negative-logo-1.png","lang":"fr","translations":{"fr":156131,"de":156130,"it":156132,"es":156133,"ru":156134},"pll_sync_post":[],"_links":{"self":[{"href":"https:\/\/dev.codekraft.it\/ravaglioli.it\/wp-json\/wp\/v2\/product\/156131","targetHints":{"allow":["GET"]}}],"collection":[{"href":"https:\/\/dev.codekraft.it\/ravaglioli.it\/wp-json\/wp\/v2\/product"}],"about":[{"href":"https:\/\/dev.codekraft.it\/ravaglioli.it\/wp-json\/wp\/v2\/types\/product"}],"wp:featuredmedia":[{"embeddable":true,"href":"https:\/\/dev.codekraft.it\/ravaglioli.it\/wp-json\/wp\/v2\/media\/39551"}],"wp:attachment":[{"href":"https:\/\/dev.codekraft.it\/ravaglioli.it\/wp-json\/wp\/v2\/media?parent=156131"}],"wp:term":[{"taxonomy":"product_brand","embeddable":true,"href":"https:\/\/dev.codekraft.it\/ravaglioli.it\/wp-json\/wp\/v2\/product_brand?post=156131"},{"taxonomy":"product_cat","embeddable":true,"href":"https:\/\/dev.codekraft.it\/ravaglioli.it\/wp-json\/wp\/v2\/product_cat?post=156131"},{"taxonomy":"product_tag","embeddable":true,"href":"https:\/\/dev.codekraft.it\/ravaglioli.it\/wp-json\/wp\/v2\/product_tag?post=156131"},{"taxonomy":"product_approvals","embeddable":true,"href":"https:\/\/dev.codekraft.it\/ravaglioli.it\/wp-json\/wp\/v2\/product_approvals?post=156131"},{"taxonomy":"product_application","embeddable":true,"href":"https:\/\/dev.codekraft.it\/ravaglioli.it\/wp-json\/wp\/v2\/product_application?post=156131"}],"curies":[{"name":"wp","href":"https:\/\/api.w.org\/{rel}","templated":true}]}}