{"id":156124,"date":"2025-08-05T09:51:50","date_gmt":"2025-08-05T08:51:50","guid":{"rendered":"https:\/\/dev.codekraft.it\/ravaglioli.it\/product\/2-saulen-hebebuhne-kph370-32k\/"},"modified":"2025-11-05T16:28:05","modified_gmt":"2025-11-05T16:28:05","slug":"2-saulen-hebebuhne-kph370-32k","status":"publish","type":"product","link":"https:\/\/dev.codekraft.it\/ravaglioli.it\/de\/product\/2-saulen-hebebuhne-kph370-32k\/","title":{"rendered":"2-S\u00e4ulen-Hebeb\u00fchne KPH370.32K"},"content":{"rendered":"<p>Kurze Arme zweimal ausziehbar, um leichter auch breite Fahrzeuge asymmetrisch hochzuheben. Unterschwenkh\u00f6he nur 90 mm. Aufnahmen mit Schnellstecksystem erleichtern den Einsatz von Verl\u00e4ngerungen und anderem Zubeh\u00f6r.<\/p>\n<ul>\n<li>Mechanische St\u00fctzvorrichtung mit automatischer Einschaltung, um eine maximale Sicherheit im aufgehobenen Zustand zu garantieren<\/li>\n<li>Automatische Armarretierung<\/li>\n<li>Gleichlauf mittels nicht tragender Kabel<\/li>\n<li>Wartungsfreie Zylinder in jeder S\u00e4ule<\/li>\n<li>Justierbare H\u00f6he<\/li>\n<li>Spezielle Hochleistungsmotoren garantieren Leistung und lange Lebensdauer<\/li>\n<li>Hubwagen und Arme mit Laser geschnitten &#8211; mit Roboter zusammengeschwei\u00dft<\/li>\n<li>Seile leicht und schnell einstellbar<\/li>\n<li>Exklusives Design: 10+8 Faltungen f\u00fcr eine maximale Gewichtsresistenz<\/li>\n<li>Varianten f\u00fcr maximale H\u00f6hen von:\u00a0(Muss zusammen mit der Hebeb\u00fchne bestellt werden.)\n<ul>\n<li>3725 mm<\/li>\n<li>3975 mm<\/li>\n<li>5000 mm<\/li>\n<\/ul>\n<\/li>\n<li>Versionen auf Anfrage:\n<ul>\n<li>Drehwendeschalter zum Hoch- und Runterfahren<\/li>\n<li>Pneumatische Entriegelung<\/li>\n<li>Hydraulikaggregat oben<\/li>\n<\/ul>\n<\/li>\n<\/ul>\n<ul>\n<li>Der Zylinder ist gesch\u00fctzt zwecks Langlebigkeit und niedriger Servicekosten<\/li>\n<li>Riemenscheibe in der S\u00e4ule gesch\u00fctzt<\/li>\n<li>Konisches Design<\/li>\n<li>Sehr niedrige Gummiteller &#8211; in der H\u00f6he einstellbar<\/li>\n<\/ul>\n","protected":false},"excerpt":{"rendered":"<p>3,2 t, elektrohydraulisch, asymmetrisch, mit Schnellstecksystem f\u00fcr Einsatz von Verl\u00e4ngerungen und anderem Zubeh\u00f6r<\/p>\n","protected":false},"featured_media":39549,"template":"","meta":[],"product_brand":[],"product_cat":[57860],"product_tag":[58287],"product_approvals":[],"product_application":[],"class_list":{"0":"post-156124","1":"product","2":"type-product","3":"status-publish","4":"has-post-thumbnail","6":"product_cat-2-saulen-hebebuhnen-de","7":"product_tag-passenger-cars-de","9":"first","10":"instock","11":"shipping-taxable","12":"product-type-simple"},"approvals":[],"application":[],"brb_media_brochure":[{"id":39550,"url":"https:\/\/dev.codekraft.it\/ravaglioli.it\/wp-content\/uploads\/brb_media\/00505587_2-post-lift-kph37032_42_50-br-multi-screen.pdf","title":"2 post lift KPH37032 42 50 BR multi screen","mpn":"","thumbnail":"https:\/\/dev.codekraft.it\/ravaglioli.it\/wp-content\/uploads\/brb_media\/00505587_2-post-lift-kph37032_42_50-br-multi-screen-pdf-106x150.png","description":""}],"brb_media_drawing":[{"id":46047,"url":"https:\/\/dev.codekraft.it\/ravaglioli.it\/wp-content\/uploads\/brb_media\/00509886_2-post-lift-KPH37032K-TD-X2-0484_0707_1_01-2018-09.pdf","title":"2 post lift KPH37032K TD X2 0484 0707 1 01 2018 09","mpn":"","thumbnail":"https:\/\/dev.codekraft.it\/ravaglioli.it\/wp-content\/uploads\/brb_media\/00509886_2-post-lift-KPH37032K-TD-X2-0484_0707_1_01-2018-09-pdf-107x150.png","description":""}],"brb_media_manuals":[{"id":46046,"url":"https:\/\/dev.codekraft.it\/ravaglioli.it\/wp-content\/uploads\/brb_media\/00509882_2-post-lifts-KPH370-32-32K-32R-IM-0484-M008-3-multi-2020-01.pdf","title":"2 post lifts KPH370 32 32K 32R IM 0484 M008 3 multi 2020 01","mpn":"","thumbnail":"https:\/\/dev.codekraft.it\/ravaglioli.it\/wp-content\/uploads\/brb_media\/00509882_2-post-lifts-KPH370-32-32K-32R-IM-0484-M008-3-multi-2020-01-pdf-106x150.png","description":""}],"brb_media_safety_datasheets":"","brb_media_spare_parts":[],"_cdmm_p_id":"501024","_company":"Ravaglioli","_gtin":"4057612814217","accessories":[{"id":152819,"mpn":"S370A1T","name":"Endabschalter | seilzugbet\u00e4tigt | nicht vormontiert","description":"Oberer Anschlagsicherheitsschalter f\u00fcr alle Modelle mit Aggregat oben (VARPH370.xx\/T)","thumbnail":"https:\/\/dev.codekraft.it\/ravaglioli.it\/wp-content\/uploads\/brb_media\/00506763_S370A1T-150x150.png","url":"https:\/\/dev.codekraft.it\/ravaglioli.it\/de\/product\/endabschalter-seilzugbetatigt-nicht-vormontiert\/"},{"id":153335,"mpn":"S370A5","name":"T\u00fcranschl\u00e4ge f\u00fcr 2-S\u00e4ulen-Hebeb\u00fchnen","description":"1 Satz \/ 2 St\u00fcck","thumbnail":"https:\/\/dev.codekraft.it\/ravaglioli.it\/wp-content\/uploads\/brb_media\/00506773_s370a5-150x150.png","url":"https:\/\/dev.codekraft.it\/ravaglioli.it\/de\/product\/turanschlage-fur-2-saulen-hebebuhnen\/"},{"id":153233,"mpn":"S370A3","name":"Halterungen f\u00fcr Distanzh\u00fclsen, Zapfen-\u00d8 45 mm","description":"f\u00fcr 2-S\u00e4ulenhebeb\u00fchnen | 1 Satz \/ 2 St\u00fcck","thumbnail":"https:\/\/dev.codekraft.it\/ravaglioli.it\/wp-content\/uploads\/brb_media\/00506766_s370a3-01-150x150.png","url":"https:\/\/dev.codekraft.it\/ravaglioli.it\/de\/product\/halterungen-fur-distanzhulsen-zapfen-o-45-mm\/"},{"id":153539,"mpn":"S370A20","name":"Endabschalter | stangenbet\u00e4tigt | f\u00fcr 3-phasige Stromversorgung | nicht vormontiert","description":"Oberer Anschlagsicherheitsschalter f\u00fcr alle Modelle mit 3-phasiger Stromversorgung","thumbnail":"https:\/\/dev.codekraft.it\/ravaglioli.it\/wp-content\/uploads\/brb_media\/00535986_2-post-lift-s370a20-mi-150x150.png","url":"https:\/\/dev.codekraft.it\/ravaglioli.it\/de\/product\/endabschalter-stangenbetatigt-fur-3-phasige-stromversorgung-nicht-vormontiert\/"},{"id":153786,"mpn":"S370A4","name":"Verbreiterung 200 mm","description":"","thumbnail":"https:\/\/dev.codekraft.it\/ravaglioli.it\/wp-content\/uploads\/brb_media\/00535985_2-post-lift-s370a4-mi-150x150.png","url":"https:\/\/dev.codekraft.it\/ravaglioli.it\/de\/product\/verbreiterung-200-mm-2\/"},{"id":152509,"mpn":"S224A3","name":"Distanzh\u00fclsen 80 mm","description":"Abstandst\u00fccke f\u00fcr Fiat Ducato, Peugeot Boxer und Citro\u00ebn Jumper | f\u00fcr Steckaufnahmen der K-Arme, \u00d8 45 mm | 1 Satz \/ 4 St\u00fcck","thumbnail":"https:\/\/dev.codekraft.it\/ravaglioli.it\/wp-content\/uploads\/brb_media\/00508724_2-post-lift-s224a3-mi-150x150.png","url":"https:\/\/dev.codekraft.it\/ravaglioli.it\/de\/product\/distanzhulsen-80-mm\/"},{"id":152515,"mpn":"S224A4","name":"Distanzh\u00fclsen 140 mm","description":"Abstandst\u00fccke f\u00fcr Fiat Ducato, Peugeot Boxer und Citro\u00ebn Jumper | f\u00fcr Steckaufnahmen der K-Arme, \u00d8 45 mm | 1 Satz \/ 4 St\u00fcck","thumbnail":"https:\/\/dev.codekraft.it\/ravaglioli.it\/wp-content\/uploads\/brb_media\/00508725_2-post-lift-s224a4-mi-150x150.png","url":"https:\/\/dev.codekraft.it\/ravaglioli.it\/de\/product\/distanzhulsen-140-mm\/"},{"id":153167,"mpn":"S370A18","name":"Distanzh\u00fclsen 200 mm","description":"Abstandst\u00fccke f\u00fcr Fiat Ducato, Peugeot Boxer und Citro\u00ebn Jumper | Zapfen-\u00d8 45 mm | 1 Satz \/ 4 St\u00fcck","thumbnail":"https:\/\/dev.codekraft.it\/ravaglioli.it\/wp-content\/uploads\/brb_media\/00508733_2-post-lift-s370a18-mi-150x150.png","url":"https:\/\/dev.codekraft.it\/ravaglioli.it\/de\/product\/distanzhulsen-200-mm\/"},{"id":157042,"mpn":"VSG.2CALL.902276","name":"Aufnahmeadapter","description":"Tragteller, Gummiauflage, verstellbar - zur schnellen Positionierung auf 4 Unterschwenkh\u00f6hen | 4-stufig | 1 Satz \/ 4 St\u00fcck","thumbnail":"https:\/\/dev.codekraft.it\/ravaglioli.it\/wp-content\/uploads\/brb_media\/00533780_2-post-lift-VSG-2CALL-902276-MI-01-150x150.png","url":"https:\/\/dev.codekraft.it\/ravaglioli.it\/de\/product\/aufnahmeadapter\/"}],"components":[],"delivery":[],"package":[],"related":[],"similar":[{"id":156130,"mpn":"KPH370.32R","name":"2-S\u00e4ulen-Hebeb\u00fchne KPH370.32R","description":"3,2 t, elektrohydraulisch, asymmetrisch, sehr niedrige Arme, racing","thumbnail":"https:\/\/dev.codekraft.it\/ravaglioli.it\/wp-content\/uploads\/brb_media\/00505572_2-post-lift-kph37032_45_50-mi-150x150.png","url":"https:\/\/dev.codekraft.it\/ravaglioli.it\/de\/product\/2-saulen-hebebuhne-kph370-32r\/"},{"id":156136,"mpn":"KPH370.45K","name":"2-S\u00e4ulen-Hebeb\u00fchne KPH370.45K","description":"4,5 t, elektrohydraulisch, asymmetrisch, Arme zum Heben von Gel\u00e4nde- und Lieferwagen","thumbnail":"https:\/\/dev.codekraft.it\/ravaglioli.it\/wp-content\/uploads\/brb_media\/00505572_2-post-lift-kph37032_45_50-mi-150x150.png","url":"https:\/\/dev.codekraft.it\/ravaglioli.it\/de\/product\/2-saulen-hebebuhne-kph370-45k\/"},{"id":156142,"mpn":"KPH370.45LIK","name":"2-S\u00e4ulen-Hebeb\u00fchne KPH370.45LIK","description":"4,5 t, elektrohydraulisch, symmetrisch, Arme zum Heben von Lieferwagen auch mit langem Radstand","thumbnail":"https:\/\/dev.codekraft.it\/ravaglioli.it\/wp-content\/uploads\/brb_media\/00505576_2-post-lift-kph37045_50lik-mi-150x150.png","url":"https:\/\/dev.codekraft.it\/ravaglioli.it\/de\/product\/2-saulen-hebebuhne-kph370-45lik\/"},{"id":156148,"mpn":"KPH370.50LIK","name":"2-S\u00e4ulen-Hebeb\u00fchne KPH370.50LIK","description":"5,0 t, elektrohydraulisch, symmetrisch, Arme zum Heben von Lieferwagen auch mit langem Radstand","thumbnail":"https:\/\/dev.codekraft.it\/ravaglioli.it\/wp-content\/uploads\/brb_media\/00505576_2-post-lift-kph37045_50lik-mi-150x150.png","url":"https:\/\/dev.codekraft.it\/ravaglioli.it\/de\/product\/2-saulen-hebebuhne-kph370-50lik\/"}],"page_logo_src":"https:\/\/dev.codekraft.it\/ravaglioli.it\/wp-content\/uploads\/2026\/04\/rav-negative-logo-1.png","lang":"de","translations":{"de":156124,"fr":156125,"it":156126,"es":156127,"ru":156128},"pll_sync_post":[],"_links":{"self":[{"href":"https:\/\/dev.codekraft.it\/ravaglioli.it\/wp-json\/wp\/v2\/product\/156124","targetHints":{"allow":["GET"]}}],"collection":[{"href":"https:\/\/dev.codekraft.it\/ravaglioli.it\/wp-json\/wp\/v2\/product"}],"about":[{"href":"https:\/\/dev.codekraft.it\/ravaglioli.it\/wp-json\/wp\/v2\/types\/product"}],"wp:featuredmedia":[{"embeddable":true,"href":"https:\/\/dev.codekraft.it\/ravaglioli.it\/wp-json\/wp\/v2\/media\/39549"}],"wp:attachment":[{"href":"https:\/\/dev.codekraft.it\/ravaglioli.it\/wp-json\/wp\/v2\/media?parent=156124"}],"wp:term":[{"taxonomy":"product_brand","embeddable":true,"href":"https:\/\/dev.codekraft.it\/ravaglioli.it\/wp-json\/wp\/v2\/product_brand?post=156124"},{"taxonomy":"product_cat","embeddable":true,"href":"https:\/\/dev.codekraft.it\/ravaglioli.it\/wp-json\/wp\/v2\/product_cat?post=156124"},{"taxonomy":"product_tag","embeddable":true,"href":"https:\/\/dev.codekraft.it\/ravaglioli.it\/wp-json\/wp\/v2\/product_tag?post=156124"},{"taxonomy":"product_approvals","embeddable":true,"href":"https:\/\/dev.codekraft.it\/ravaglioli.it\/wp-json\/wp\/v2\/product_approvals?post=156124"},{"taxonomy":"product_application","embeddable":true,"href":"https:\/\/dev.codekraft.it\/ravaglioli.it\/wp-json\/wp\/v2\/product_application?post=156124"}],"curies":[{"name":"wp","href":"https:\/\/api.w.org\/{rel}","templated":true}]}}