{"id":156109,"date":"2025-10-28T10:43:11","date_gmt":"2025-10-28T10:43:11","guid":{"rendered":"https:\/\/dev.codekraft.it\/ravaglioli.it\/product\/mesa-elevadora-kte200\/"},"modified":"2026-01-14T20:00:48","modified_gmt":"2026-01-14T20:00:48","slug":"mesa-elevadora-kte200","status":"publish","type":"product","link":"https:\/\/dev.codekraft.it\/ravaglioli.it\/es\/product\/mesa-elevadora-kte200\/","title":{"rendered":"Mesa elevadora KTE200"},"content":{"rendered":"<p>La mesa elevadora universal<\/p>\n<ul>\n<li>Flexibilidad de uso: f\u00e1cil manejo y amplias posibilidades de aplicaci\u00f3n, incluso en veh\u00edculos el\u00e9ctricos<\/li>\n<li>Seguridad total: montaje y fijaci\u00f3n \u00f3ptimos de los distintos componentes<\/li>\n<li>Gran versatilidad: amplia gama de accesorios para todos los campos de aplicaci\u00f3n<\/li>\n<\/ul>\n<p>Mesa elevadora de uso universal con una capacidad de carga hasta 2 t. Apta para desmontar y montar motores, engranajes, bater\u00edas HV y componentes del chasis de forma c\u00f3moda y segura. Desarrollada a partir de 20 a\u00f1os de experiencia como productor y fabricante de mesas elevadoras y en colaboraci\u00f3n con los m\u00e1s importantes fabricantes de autom\u00f3viles.<\/p>\n<ul>\n<li>Tradici\u00f3n, experiencia y avance tecnol\u00f3gico &#8211; Una combinaci\u00f3n de la que surgen productos potentes, fiables y pr\u00e1cticos.<\/li>\n<li>\u00c1mbitos de aplicaci\u00f3n &#8211; En combinaci\u00f3n con un elevador, se utilizan sobre todo para los componentes del veh\u00edculo que, debido a su dise\u00f1o, solo pueden montarse o desmontarse a trav\u00e9s de la parte inferior del veh\u00edculo.<\/li>\n<li>Las mesas elevadoras de la serie KT, en combinaci\u00f3n con los accesorios que se adquieren por separado, permiten alojar motores, transmisiones, bater\u00edas de alta tensi\u00f3n e incluso unidades de accionamiento completas.<\/li>\n<li>Amplia gama de accesorios (disponibles por separado) convierten a la mesa elevadora en el ayudante de taller indispensable y de uso universal.<\/li>\n<\/ul>\n<ul>\n<li>Para motores, cajas de cambio y bater\u00edas HV<\/li>\n<li>Tambi\u00e9n apto para veh\u00edculos el\u00e9ctricos<\/li>\n<li>Los apoyos de serie facilitan el trabajo de mantenimiento de la mesa elevadora en total seguridad<\/li>\n<li>Placa de montaje fija con 2 x 7 agujeros para el montaje seguro de varios puntos de alojamiento &#8211; Los orificios de fijaci\u00f3n distribuidos a la izquierda y a la derecha de la plataforma ofrecen suficientes opciones para fijar herramientas de montaje<\/li>\n<li>Dosificaci\u00f3n exacta y progresiva de la velocidad de descenso gracias a la v\u00e1lvula de freno de descenso ajustable<\/li>\n<li>Dise\u00f1o compacto, que ofrece un amplio espacio libre debajo del veh\u00edculo &#8211; F\u00e1cil de maniobrar con carga gracias a las ruedas de pl\u00e1stico con rodamientos de bolas<\/li>\n<li>Elevador de carga con control hidr\u00e1ulico de pedal y bomba de doble efecto para una elevaci\u00f3n r\u00e1pida y sin esfuerzo<\/li>\n<li>Rodillos de gran tama\u00f1o y frenos de estacionamiento que garantizan la movilidad en el lugar de trabajo<\/li>\n<li>El dise\u00f1o plano y estrecho y el mango desplazable verticalmente facilitan su colocaci\u00f3n debajo del veh\u00edculo<\/li>\n<li>Tablero de la mesa: r\u00edgido con caj\u00f3n<\/li>\n<li>Agujeros del tablero de la mesa: 2 filas de 7 agujeros \u00d8 12<\/li>\n<li>Mango: fija, abatible, extra\u00edble<\/li>\n<li>Ruedas: 4 x 360\u00b0 (2 fijas en sentido recto)<\/li>\n<\/ul>\n","protected":false},"excerpt":{"rendered":"<p>2,0 t, elevaci\u00f3n de 1000 mm, bomba hidr\u00e1ulica de aire<\/p>\n","protected":false},"featured_media":39518,"template":"","meta":[],"product_brand":[],"product_cat":[74],"product_tag":[58296],"product_approvals":[],"product_application":[],"class_list":{"0":"post-156109","1":"product","2":"type-product","3":"status-publish","4":"has-post-thumbnail","6":"product_cat-uncategorized-es","7":"product_tag-passenger-cars-es","9":"first","10":"instock","11":"shipping-taxable","12":"product-type-simple"},"approvals":[],"application":[],"brb_media_brochure":[{"id":39485,"url":"https:\/\/dev.codekraft.it\/ravaglioli.it\/wp-content\/uploads\/brb_media\/00509720_lifting-tables-kt-series-br-de-2023-04-screen.pdf","title":"Lifting tables KT Series BR de 2023 04 screen","mpn":"","thumbnail":"https:\/\/dev.codekraft.it\/ravaglioli.it\/wp-content\/uploads\/brb_media\/00509720_lifting-tables-kt-series-br-de-2023-04-screen-pdf-106x150.png","description":""},{"id":39486,"url":"https:\/\/dev.codekraft.it\/ravaglioli.it\/wp-content\/uploads\/brb_media\/00509721_lifting-tables-kt-series-br-en-2023-04-screen.pdf","title":"Lifting tables KT Series BR en 2023 04 screen","mpn":"","thumbnail":"https:\/\/dev.codekraft.it\/ravaglioli.it\/wp-content\/uploads\/brb_media\/00509721_lifting-tables-kt-series-br-en-2023-04-screen-pdf-106x150.png","description":""},{"id":39487,"url":"https:\/\/dev.codekraft.it\/ravaglioli.it\/wp-content\/uploads\/brb_media\/00509722_lifting-tables-kt-series-br-fr-2023-04-screen.pdf","title":"Lifting tables KT Series BR fr 2023 04 screen","mpn":"","thumbnail":"https:\/\/dev.codekraft.it\/ravaglioli.it\/wp-content\/uploads\/brb_media\/00509722_lifting-tables-kt-series-br-fr-2023-04-screen-pdf-106x150.png","description":""},{"id":39488,"url":"https:\/\/dev.codekraft.it\/ravaglioli.it\/wp-content\/uploads\/brb_media\/00509723_lifting-tables-kt-series-br-it-2023-04-screen.pdf","title":"Lifting tables KT Series BR it 2023 04 screen","mpn":"","thumbnail":"https:\/\/dev.codekraft.it\/ravaglioli.it\/wp-content\/uploads\/brb_media\/00509723_lifting-tables-kt-series-br-it-2023-04-screen-pdf-106x150.png","description":""},{"id":39489,"url":"https:\/\/dev.codekraft.it\/ravaglioli.it\/wp-content\/uploads\/brb_media\/00509724_lifting-tables-kt-series-br-es-2023-04-screen.pdf","title":"Lifting tables KT Series BR es 2023 04 screen","mpn":"","thumbnail":"https:\/\/dev.codekraft.it\/ravaglioli.it\/wp-content\/uploads\/brb_media\/00509724_lifting-tables-kt-series-br-es-2023-04-screen-pdf-106x150.png","description":""}],"brb_media_drawing":[{"id":83994,"url":"https:\/\/dev.codekraft.it\/ravaglioli.it\/wp-content\/uploads\/brb_media\/00510393_lifting-table-kte200-td-131574-de-en-2022-09.pdf","title":"Lifting table KTE200 TD 131574 de en 2022 09","mpn":"","thumbnail":"https:\/\/dev.codekraft.it\/ravaglioli.it\/wp-content\/uploads\/brb_media\/00510393_lifting-table-kte200-td-131574-de-en-2022-09-pdf-150x106.png","description":""}],"brb_media_manuals":[{"id":149537,"url":"https:\/\/dev.codekraft.it\/ravaglioli.it\/wp-content\/uploads\/brb_media\/00535444_lifting-table-kte200-om-132027-de-en-2024-10-rev-0.pdf","title":"lifting table kte200 om 132027 de en 2024 10 rev 0","mpn":"","thumbnail":"https:\/\/dev.codekraft.it\/ravaglioli.it\/wp-content\/uploads\/brb_media\/00535444_lifting-table-kte200-om-132027-de-en-2024-10-rev-0-pdf-106x150.png","description":""}],"brb_media_safety_datasheets":"","brb_media_spare_parts":[],"_cdmm_p_id":"501020","_company":"Ravaglioli","_gtin":"","accessories":[{"id":152798,"mpn":"KT100A1","name":"Soporte motor para KT100 (Mercedes)","description":"para KT100 (Mercedes)","thumbnail":"https:\/\/dev.codekraft.it\/ravaglioli.it\/wp-content\/uploads\/brb_media\/00548910_lifting-tables-kt-serie-aggregate-mounting-universal-107856-mi-150x150.png","url":"https:\/\/dev.codekraft.it\/ravaglioli.it\/es\/product\/soporte-motor-para-kt100-mercedes\/"},{"id":154769,"mpn":"103802","name":"Placa para grupos con brazos de soporte GA P (Porsche)","description":"Placa para grupos especialmente vers\u00e1til para el desmontaje y montaje de motores, cajas de cambio, ejes, sistemas de escape, etc.","thumbnail":"https:\/\/dev.codekraft.it\/ravaglioli.it\/wp-content\/uploads\/brb_media\/00510650_accessory-lifting-tables-aggregate-plate-with-support-arms-103802-mi-150x150.png","url":"https:\/\/dev.codekraft.it\/ravaglioli.it\/es\/product\/placa-para-grupos-con-brazos-de-soporte-ga-p-porsche\/"},{"id":154775,"mpn":"107856","name":"Alojamiento para grupos Universal | para W221, W164, W209, R171, R230, R251","description":"Peso 20 kg, capacidad de carga 800 kg","thumbnail":"https:\/\/dev.codekraft.it\/ravaglioli.it\/wp-content\/uploads\/brb_media\/00510649_accessory-lifting-tables-aggregate-mounting-universal-107856-mi-150x150.png","url":"https:\/\/dev.codekraft.it\/ravaglioli.it\/es\/product\/alojamiento-para-grupos-universal-para-w221-w164-w209-r171-r230-r251\/"},{"id":154781,"mpn":"103544","name":"Alojamiento universal \u00d8 35\u00a0mm","description":"Orificio de montaje \u00d8 35 mm, adecuado para la colocaci\u00f3n de diversas herramientas, tales como la placa de engranaje GA para turismos | equipado con un casquillo","thumbnail":"https:\/\/dev.codekraft.it\/ravaglioli.it\/wp-content\/uploads\/brb_media\/00510648_accessory-lifting-tables-103544-universal-mounting-mi-150x150.png","url":"https:\/\/dev.codekraft.it\/ravaglioli.it\/es\/product\/alojamiento-universal-o-35-mm\/"}],"components":[],"delivery":[],"package":[],"related":[],"similar":[{"id":156085,"mpn":"KTE100","name":"Mesa elevadora KTE100","description":"1,0 t, elevaci\u00f3n de 1300 mm, bomba de pie hidr\u00e1ulica","thumbnail":"https:\/\/dev.codekraft.it\/ravaglioli.it\/wp-content\/uploads\/brb_media\/00505538_lifting-tables-kt-serie-mi-150x150.png","url":"https:\/\/dev.codekraft.it\/ravaglioli.it\/es\/product\/mesa-elevadora-kte100\/"},{"id":156091,"mpn":"KT100","name":"Mesa elevadora KT100","description":"1,0 t, elevaci\u00f3n de 1300 mm, bomba de pie hidr\u00e1ulica","thumbnail":"https:\/\/dev.codekraft.it\/ravaglioli.it\/wp-content\/uploads\/brb_media\/00505537_lifting-tables-kt-serie-kt100-mi-150x150.png","url":"https:\/\/dev.codekraft.it\/ravaglioli.it\/es\/product\/mesa-elevadora-kt100\/"},{"id":156097,"mpn":"KT100XT","name":"Mesa elevadora KT100XT","description":"1,0 t, elevaci\u00f3n de 1300 mm, bomba de pie hidr\u00e1ulica","thumbnail":"https:\/\/dev.codekraft.it\/ravaglioli.it\/wp-content\/uploads\/brb_media\/00505534_lifting-tables-kt-serie-kt100xt-mi-150x150.png","url":"https:\/\/dev.codekraft.it\/ravaglioli.it\/es\/product\/mesa-elevadora-kt100xt\/"},{"id":156103,"mpn":"KTO100","name":"Mesa elevadora KTO100","description":"1,0 t, elevaci\u00f3n de 1300 mm, bomba de pie hidr\u00e1ulica","thumbnail":"https:\/\/dev.codekraft.it\/ravaglioli.it\/wp-content\/uploads\/brb_media\/00505535_lifting-tables-kt-serie-kto100-mi-150x150.png","url":"https:\/\/dev.codekraft.it\/ravaglioli.it\/es\/product\/mesa-elevadora-kto100\/"}],"page_logo_src":"https:\/\/dev.codekraft.it\/ravaglioli.it\/wp-content\/uploads\/2026\/04\/rav-negative-logo-1.png","lang":"es","translations":{"es":156109,"en":156105,"de":156106,"fr":156107,"it":156108,"ru":156110},"pll_sync_post":[],"_links":{"self":[{"href":"https:\/\/dev.codekraft.it\/ravaglioli.it\/wp-json\/wp\/v2\/product\/156109","targetHints":{"allow":["GET"]}}],"collection":[{"href":"https:\/\/dev.codekraft.it\/ravaglioli.it\/wp-json\/wp\/v2\/product"}],"about":[{"href":"https:\/\/dev.codekraft.it\/ravaglioli.it\/wp-json\/wp\/v2\/types\/product"}],"wp:featuredmedia":[{"embeddable":true,"href":"https:\/\/dev.codekraft.it\/ravaglioli.it\/wp-json\/wp\/v2\/media\/39518"}],"wp:attachment":[{"href":"https:\/\/dev.codekraft.it\/ravaglioli.it\/wp-json\/wp\/v2\/media?parent=156109"}],"wp:term":[{"taxonomy":"product_brand","embeddable":true,"href":"https:\/\/dev.codekraft.it\/ravaglioli.it\/wp-json\/wp\/v2\/product_brand?post=156109"},{"taxonomy":"product_cat","embeddable":true,"href":"https:\/\/dev.codekraft.it\/ravaglioli.it\/wp-json\/wp\/v2\/product_cat?post=156109"},{"taxonomy":"product_tag","embeddable":true,"href":"https:\/\/dev.codekraft.it\/ravaglioli.it\/wp-json\/wp\/v2\/product_tag?post=156109"},{"taxonomy":"product_approvals","embeddable":true,"href":"https:\/\/dev.codekraft.it\/ravaglioli.it\/wp-json\/wp\/v2\/product_approvals?post=156109"},{"taxonomy":"product_application","embeddable":true,"href":"https:\/\/dev.codekraft.it\/ravaglioli.it\/wp-json\/wp\/v2\/product_application?post=156109"}],"curies":[{"name":"wp","href":"https:\/\/api.w.org\/{rel}","templated":true}]}}