{"id":156107,"date":"2025-10-28T10:43:11","date_gmt":"2025-10-28T10:43:11","guid":{"rendered":"https:\/\/dev.codekraft.it\/ravaglioli.it\/product\/table-elevatrice-kte200\/"},"modified":"2026-01-14T20:00:47","modified_gmt":"2026-01-14T20:00:47","slug":"table-elevatrice-kte200","status":"publish","type":"product","link":"https:\/\/dev.codekraft.it\/ravaglioli.it\/fr\/product\/table-elevatrice-kte200\/","title":{"rendered":"Table \u00e9l\u00e9vatrice KTE200"},"content":{"rendered":"<p>La table \u00e9l\u00e9vatrice universelle<\/p>\n<ul>\n<li>Flexibilit\u00e9 d\u2019utilisation : manipulation facile et possibilit\u00e9s d\u2019application \u00e9tendues, y compris dans les v\u00e9hicules \u00e9lectriquespossibilit\u00e9s d\u2019utilisation flexibles<\/li>\n<li>S\u00e9curit\u00e9 totale : assemblage et fixation optimaux des diff\u00e9rents composants<\/li>\n<li>Grande polyvalence : large gamme d\u2019accessoires pour tous les domaines d\u2019application<\/li>\n<\/ul>\n<p>Table \u00e9l\u00e9vatrice universelle avec capacit\u00e9 de charge jusqu\u2018\u00e0 2 t. Permet de d\u00e9monter et remonter ais\u00e9ment et en toute s\u00e9curit\u00e9 les moteurs, bo\u00eetes de vitesse, batteries HT et composants de ch\u00e2ssis. D\u00e9velopp\u00e9e gr\u00e2ce \u00e0 20 ans d\u2019exp\u00e9rience dans la fabrication de tables \u00e9l\u00e9vatrices, en collaboration avec les principaux constructeurs automobiles.<\/p>\n<ul>\n<li>Tradition, exp\u00e9rience et progr\u00e8s technologique &#8211; Une combinaison permettant de cr\u00e9er des produits performants, fiables et pratiques.<\/li>\n<li>Domaines d\u2019application &#8211; Associ\u00e9es \u00e0 un pont \u00e9l\u00e9vateur, elles peuvent \u00eatre utilis\u00e9es avec tous les composants automobiles ne pouvant \u00eatre mont\u00e9s ou d\u00e9mont\u00e9s que par le ch\u00e2ssis du v\u00e9hicule en raison de leur conception.<\/li>\n<li>Les tables \u00e9l\u00e9vatrices de la s\u00e9rie KT, combin\u00e9es aux accessoires disponibles s\u00e9par\u00e9ment, permettent de soutenir des moteurs, engrenages, batteries haute tension et groupes moteur complets.<\/li>\n<li>L\u2019offre \u00e9tendue d\u2019accessoires (disponibles s\u00e9par\u00e9ment) fait de la table \u00e9l\u00e9vatrice un auxiliaire d\u2019atelier indispensable et universel.<\/li>\n<\/ul>\n<ul>\n<li>Pour moteurs, bo\u00eetes de vitesses et batteries HV<\/li>\n<li>Convient \u00e9galement aux v\u00e9hicules \u00e9lectriques<\/li>\n<li>Des supports de maintenance de s\u00e9rie permettent un travail en toute s\u00e9curit\u00e9 lors de la maintenance de la table \u00e9l\u00e9vatrice<\/li>\n<li>Plaque de support fixe avec 2 x 7 per\u00e7ages pour la fixation s\u00e9curis\u00e9e de diff\u00e9rents logements &#8211; Les trous sur les c\u00f4t\u00e9s gauche et droit de la plateforme offrent de nombreuses possibilit\u00e9s pour fixer des outils de support.<\/li>\n<li>Dosage pr\u00e9cis en continu de la vitesse de descente gr\u00e2ce au clapet de regulation de la vitesse de descente<\/li>\n<li>Espace g\u00e9n\u00e9reux sous le v\u00e9hicule gr\u00e2ce \u00e0 la conception compacte &#8211; Facile \u00e0 man\u0153uvrer avec la charge gr\u00e2ce aux roues montees sur roulement a billes avec bandes de roulage caoutchoutee<\/li>\n<li>Levage de la charge par commande hydraulique au pied, avec pompe \u00e0 double effet, pour un levage rapide et sans effort<\/li>\n<li>Les grandes roulettes et les freins d\u2019immobilisation garantissent la mobilit\u00e9 sur le poste de travail<\/li>\n<li>La conception plate et \u00e9troite, ainsi que la poign\u00e9e mobile verticalement, permettent un positionnement ais\u00e9 sous le v\u00e9hicule.<\/li>\n<li>Plateau: Fixe avec tiroir<\/li>\n<li>Per\u00e7ages de plateau de table: 2 rang\u00e9es de 7 per\u00e7ages \u00d8 12<\/li>\n<li>Poign\u00e9e: Fixe, rabattable, amovible<\/li>\n<li>Roues: 4 pivotantes \u00e0 360\u00b0 (2 blocables droites)<\/li>\n<\/ul>\n","protected":false},"excerpt":{"rendered":"<p>2,0\u00a0t, 1000\u00a0mm de levage, pompe hydropneumatique<\/p>\n","protected":false},"featured_media":39518,"template":"","meta":[],"product_brand":[],"product_cat":[66],"product_tag":[58290],"product_approvals":[],"product_application":[],"class_list":{"0":"post-156107","1":"product","2":"type-product","3":"status-publish","4":"has-post-thumbnail","6":"product_cat-uncategorized-fr","7":"product_tag-passenger-cars-fr","9":"first","10":"instock","11":"shipping-taxable","12":"product-type-simple"},"approvals":[],"application":[],"brb_media_brochure":[{"id":39485,"url":"https:\/\/dev.codekraft.it\/ravaglioli.it\/wp-content\/uploads\/brb_media\/00509720_lifting-tables-kt-series-br-de-2023-04-screen.pdf","title":"Lifting tables KT Series BR de 2023 04 screen","mpn":"","thumbnail":"https:\/\/dev.codekraft.it\/ravaglioli.it\/wp-content\/uploads\/brb_media\/00509720_lifting-tables-kt-series-br-de-2023-04-screen-pdf-106x150.png","description":""},{"id":39486,"url":"https:\/\/dev.codekraft.it\/ravaglioli.it\/wp-content\/uploads\/brb_media\/00509721_lifting-tables-kt-series-br-en-2023-04-screen.pdf","title":"Lifting tables KT Series BR en 2023 04 screen","mpn":"","thumbnail":"https:\/\/dev.codekraft.it\/ravaglioli.it\/wp-content\/uploads\/brb_media\/00509721_lifting-tables-kt-series-br-en-2023-04-screen-pdf-106x150.png","description":""},{"id":39487,"url":"https:\/\/dev.codekraft.it\/ravaglioli.it\/wp-content\/uploads\/brb_media\/00509722_lifting-tables-kt-series-br-fr-2023-04-screen.pdf","title":"Lifting tables KT Series BR fr 2023 04 screen","mpn":"","thumbnail":"https:\/\/dev.codekraft.it\/ravaglioli.it\/wp-content\/uploads\/brb_media\/00509722_lifting-tables-kt-series-br-fr-2023-04-screen-pdf-106x150.png","description":""},{"id":39488,"url":"https:\/\/dev.codekraft.it\/ravaglioli.it\/wp-content\/uploads\/brb_media\/00509723_lifting-tables-kt-series-br-it-2023-04-screen.pdf","title":"Lifting tables KT Series BR it 2023 04 screen","mpn":"","thumbnail":"https:\/\/dev.codekraft.it\/ravaglioli.it\/wp-content\/uploads\/brb_media\/00509723_lifting-tables-kt-series-br-it-2023-04-screen-pdf-106x150.png","description":""},{"id":39489,"url":"https:\/\/dev.codekraft.it\/ravaglioli.it\/wp-content\/uploads\/brb_media\/00509724_lifting-tables-kt-series-br-es-2023-04-screen.pdf","title":"Lifting tables KT Series BR es 2023 04 screen","mpn":"","thumbnail":"https:\/\/dev.codekraft.it\/ravaglioli.it\/wp-content\/uploads\/brb_media\/00509724_lifting-tables-kt-series-br-es-2023-04-screen-pdf-106x150.png","description":""}],"brb_media_drawing":[{"id":83994,"url":"https:\/\/dev.codekraft.it\/ravaglioli.it\/wp-content\/uploads\/brb_media\/00510393_lifting-table-kte200-td-131574-de-en-2022-09.pdf","title":"Lifting table KTE200 TD 131574 de en 2022 09","mpn":"","thumbnail":"https:\/\/dev.codekraft.it\/ravaglioli.it\/wp-content\/uploads\/brb_media\/00510393_lifting-table-kte200-td-131574-de-en-2022-09-pdf-150x106.png","description":""}],"brb_media_manuals":[{"id":149537,"url":"https:\/\/dev.codekraft.it\/ravaglioli.it\/wp-content\/uploads\/brb_media\/00535444_lifting-table-kte200-om-132027-de-en-2024-10-rev-0.pdf","title":"lifting table kte200 om 132027 de en 2024 10 rev 0","mpn":"","thumbnail":"https:\/\/dev.codekraft.it\/ravaglioli.it\/wp-content\/uploads\/brb_media\/00535444_lifting-table-kte200-om-132027-de-en-2024-10-rev-0-pdf-106x150.png","description":""}],"brb_media_safety_datasheets":"","brb_media_spare_parts":[],"_cdmm_p_id":"501020","_company":"Ravaglioli","_gtin":"","accessories":[{"id":152796,"mpn":"KT100A1","name":"Support moteur pour KT100 (Mercedes)","description":"pour KT100 (Mercedes)","thumbnail":"https:\/\/dev.codekraft.it\/ravaglioli.it\/wp-content\/uploads\/brb_media\/00548910_lifting-tables-kt-serie-aggregate-mounting-universal-107856-mi-150x150.png","url":"https:\/\/dev.codekraft.it\/ravaglioli.it\/fr\/product\/support-moteur-pour-kt100-mercedes\/"},{"id":154767,"mpn":"103802","name":"Plaque pour groupe avec bras porteurs GA P (Porsche)","description":"Plaque pour groupe extr\u00eamement polyvalente, pour la d\u00e9pose et la repose de moteurs, bo\u00eetes de vitesses, essieux, installations d'\u00e9chappement, etc.","thumbnail":"https:\/\/dev.codekraft.it\/ravaglioli.it\/wp-content\/uploads\/brb_media\/00510650_accessory-lifting-tables-aggregate-plate-with-support-arms-103802-mi-150x150.png","url":"https:\/\/dev.codekraft.it\/ravaglioli.it\/fr\/product\/plaque-pour-groupe-avec-bras-porteurs-ga-p-porsche\/"},{"id":154773,"mpn":"107856","name":"Support de groupes moteurs Universel | pour W221, W164, W209, R171, R230, R251","description":"Poids 20\u00a0kg, capacit\u00e9 de charge 800\u00a0kg","thumbnail":"https:\/\/dev.codekraft.it\/ravaglioli.it\/wp-content\/uploads\/brb_media\/00510649_accessory-lifting-tables-aggregate-mounting-universal-107856-mi-150x150.png","url":"https:\/\/dev.codekraft.it\/ravaglioli.it\/fr\/product\/support-de-groupes-moteurs-universel-pour-w221-w164-w209-r171-r230-r251\/"},{"id":154779,"mpn":"103544","name":"Fixation universelle \u00d8 35\u00a0mm","description":"Per\u00e7age de \u00d8 35\u00a0mm, pouvant accueillir diff\u00e9rents outils, tels que la plaque \u00e0 bo\u00eete de vitesses GA Pkw | dot\u00e9e d'un coussinet","thumbnail":"https:\/\/dev.codekraft.it\/ravaglioli.it\/wp-content\/uploads\/brb_media\/00510648_accessory-lifting-tables-103544-universal-mounting-mi-150x150.png","url":"https:\/\/dev.codekraft.it\/ravaglioli.it\/fr\/product\/fixation-universelle-o-35-mm\/"}],"components":[],"delivery":[],"package":[],"related":[],"similar":[{"id":156083,"mpn":"KTE100","name":"Table \u00e9l\u00e9vatrice KTE100","description":"1,0\u00a0t, 1300\u00a0mm de levage, pompe \u00e0 pied hydraulique","thumbnail":"https:\/\/dev.codekraft.it\/ravaglioli.it\/wp-content\/uploads\/brb_media\/00505538_lifting-tables-kt-serie-mi-150x150.png","url":"https:\/\/dev.codekraft.it\/ravaglioli.it\/fr\/product\/table-elevatrice-kte100\/"},{"id":156089,"mpn":"KT100","name":"Table \u00e9l\u00e9vatrice KT100","description":"1,0\u00a0t, 1300\u00a0mm de levage, pompe \u00e0 pied hydraulique","thumbnail":"https:\/\/dev.codekraft.it\/ravaglioli.it\/wp-content\/uploads\/brb_media\/00505537_lifting-tables-kt-serie-kt100-mi-150x150.png","url":"https:\/\/dev.codekraft.it\/ravaglioli.it\/fr\/product\/table-elevatrice-kt100\/"},{"id":156095,"mpn":"KT100XT","name":"Table \u00e9l\u00e9vatrice KT100XT","description":"1,0\u00a0t, 1300\u00a0mm de levage, pompe \u00e0 pied hydraulique","thumbnail":"https:\/\/dev.codekraft.it\/ravaglioli.it\/wp-content\/uploads\/brb_media\/00505534_lifting-tables-kt-serie-kt100xt-mi-150x150.png","url":"https:\/\/dev.codekraft.it\/ravaglioli.it\/fr\/product\/table-elevatrice-kt100xt\/"},{"id":156101,"mpn":"KTO100","name":"Table \u00e9l\u00e9vatrice KTO100","description":"1,0\u00a0t, 1300\u00a0mm de levage, pompe \u00e0 pied hydraulique","thumbnail":"https:\/\/dev.codekraft.it\/ravaglioli.it\/wp-content\/uploads\/brb_media\/00505535_lifting-tables-kt-serie-kto100-mi-150x150.png","url":"https:\/\/dev.codekraft.it\/ravaglioli.it\/fr\/product\/table-elevatrice-kto100\/"}],"page_logo_src":"https:\/\/dev.codekraft.it\/ravaglioli.it\/wp-content\/uploads\/2026\/04\/rav-negative-logo-1.png","lang":"fr","translations":{"fr":156107,"en":156105,"de":156106,"it":156108,"es":156109,"ru":156110},"pll_sync_post":[],"_links":{"self":[{"href":"https:\/\/dev.codekraft.it\/ravaglioli.it\/wp-json\/wp\/v2\/product\/156107","targetHints":{"allow":["GET"]}}],"collection":[{"href":"https:\/\/dev.codekraft.it\/ravaglioli.it\/wp-json\/wp\/v2\/product"}],"about":[{"href":"https:\/\/dev.codekraft.it\/ravaglioli.it\/wp-json\/wp\/v2\/types\/product"}],"wp:featuredmedia":[{"embeddable":true,"href":"https:\/\/dev.codekraft.it\/ravaglioli.it\/wp-json\/wp\/v2\/media\/39518"}],"wp:attachment":[{"href":"https:\/\/dev.codekraft.it\/ravaglioli.it\/wp-json\/wp\/v2\/media?parent=156107"}],"wp:term":[{"taxonomy":"product_brand","embeddable":true,"href":"https:\/\/dev.codekraft.it\/ravaglioli.it\/wp-json\/wp\/v2\/product_brand?post=156107"},{"taxonomy":"product_cat","embeddable":true,"href":"https:\/\/dev.codekraft.it\/ravaglioli.it\/wp-json\/wp\/v2\/product_cat?post=156107"},{"taxonomy":"product_tag","embeddable":true,"href":"https:\/\/dev.codekraft.it\/ravaglioli.it\/wp-json\/wp\/v2\/product_tag?post=156107"},{"taxonomy":"product_approvals","embeddable":true,"href":"https:\/\/dev.codekraft.it\/ravaglioli.it\/wp-json\/wp\/v2\/product_approvals?post=156107"},{"taxonomy":"product_application","embeddable":true,"href":"https:\/\/dev.codekraft.it\/ravaglioli.it\/wp-json\/wp\/v2\/product_application?post=156107"}],"curies":[{"name":"wp","href":"https:\/\/api.w.org\/{rel}","templated":true}]}}