{"id":156077,"date":"2025-08-05T09:51:50","date_gmt":"2025-08-05T08:51:50","guid":{"rendered":"https:\/\/dev.codekraft.it\/ravaglioli.it\/product\/pont-elevateur-a-2-colonnes-kph350-45\/"},"modified":"2026-01-14T20:00:32","modified_gmt":"2026-01-14T20:00:32","slug":"pont-elevateur-a-2-colonnes-kph350-45","status":"publish","type":"product","link":"https:\/\/dev.codekraft.it\/ravaglioli.it\/fr\/product\/pont-elevateur-a-2-colonnes-kph350-45\/","title":{"rendered":"Pont \u00e9l\u00e9vateur \u00e0 2 colonnes KPH350.45"},"content":{"rendered":"<p>Pont \u00e9l\u00e9vateur \u00e9lectro-hydraulique \u00e0 2 colonnes sans base, avec bras asym\u00e9triques et colonnes sym\u00e9triques qui facilitent l\u2019acc\u00e8s aux points de prise du v\u00e9hicule.<\/p>\n<ul>\n<li>Arr\u00eat des bras \u00e0 enclenchement automatique et d\u00e9crochage automatique en position basse<\/li>\n<li>Dot\u00e9 de:\n<ul>\n<li>Rehausses de tampons de 65 mm (extension de la\u00a0hauteur de levage max.)<\/li>\n<li>2 supports pour le rangement des rehausses<\/li>\n<\/ul>\n<\/li>\n<li>Peinture \u00e0 la poudre gage de plus longue dur\u00e9e<\/li>\n<\/ul>\n<ul>\n<li>Barre d\u2019arr\u00eat de fin de course haute incluse pour pr\u00e9venir les dommages caus\u00e9s aux v\u00e9hicules hauts<\/li>\n<li>Deux v\u00e9rins pour utilisation intensive con\u00e7us pour minimiser les temps d\u2019arr\u00eat<\/li>\n<li>Dispositif de s\u00e9ciurit\u00e9s m\u00e9canique \u00e0 enclenchement automatique gage de s\u00e9curit\u00e9 maximale en phase de stationnement<\/li>\n<li>D\u00e9blocage manuel \u00e0 levier<\/li>\n<li>Port\u00e9e 4,5 t<\/li>\n<li>Conseill\u00e9 pour le levage\u00a0des VL\/VU<\/li>\n<\/ul>\n","protected":false},"excerpt":{"rendered":"<p>4,5 t, \u00e9lectrohydraulique, sans base, colonnes sym\u00e9triques, bras de support asym\u00e9triques | 3 x 400 V \/ 50 Hz<\/p>\n","protected":false},"featured_media":39459,"template":"","meta":[],"product_brand":[],"product_cat":[57874],"product_tag":[58343,58326,58290],"product_approvals":[],"product_application":[],"class_list":{"0":"post-156077","1":"product","2":"type-product","3":"status-publish","4":"has-post-thumbnail","6":"product_cat-ponts-elevateurs-a-2-colonnes-fr","7":"product_tag-motor-homes-fr","8":"product_tag-light-commercial-fr","9":"product_tag-passenger-cars-fr","11":"first","12":"instock","13":"shipping-taxable","14":"product-type-simple"},"approvals":[],"application":[],"brb_media_brochure":[{"id":39460,"url":"https:\/\/dev.codekraft.it\/ravaglioli.it\/wp-content\/uploads\/brb_media\/00505519_2-post-lift-kph350_40-kph350_45-br-de-2022-08-screen.pdf","title":"2 Post Lift KPH350 40 KPH350 45 BR de 2022 08 screen","mpn":"","thumbnail":"https:\/\/dev.codekraft.it\/ravaglioli.it\/wp-content\/uploads\/brb_media\/00505519_2-post-lift-kph350_40-kph350_45-br-de-2022-08-screen-pdf-106x150.png","description":""},{"id":39461,"url":"https:\/\/dev.codekraft.it\/ravaglioli.it\/wp-content\/uploads\/brb_media\/00505520_2-post-lift-kph350_40-kph350_45-br-en-2022-08-screen.pdf","title":"2 Post Lift KPH350 40 KPH350 45 BR en 2022 08 screen","mpn":"","thumbnail":"https:\/\/dev.codekraft.it\/ravaglioli.it\/wp-content\/uploads\/brb_media\/00505520_2-post-lift-kph350_40-kph350_45-br-en-2022-08-screen-pdf-106x150.png","description":""},{"id":39462,"url":"https:\/\/dev.codekraft.it\/ravaglioli.it\/wp-content\/uploads\/brb_media\/00505521_2-post-lift-kph350_40-kph350_45-br-fr-2022-08-screen.pdf","title":"2 Post Lift KPH350 40 KPH350 45 BR fr 2022 08 screen","mpn":"","thumbnail":"https:\/\/dev.codekraft.it\/ravaglioli.it\/wp-content\/uploads\/brb_media\/00505521_2-post-lift-kph350_40-kph350_45-br-fr-2022-08-screen-pdf-106x150.png","description":""},{"id":39463,"url":"https:\/\/dev.codekraft.it\/ravaglioli.it\/wp-content\/uploads\/brb_media\/00505522_2-post-lift-kph350_40-kph350_45-br-it-2022-08-screen.pdf","title":"2 Post Lift KPH350 40 KPH350 45 BR it 2022 08 screen","mpn":"","thumbnail":"https:\/\/dev.codekraft.it\/ravaglioli.it\/wp-content\/uploads\/brb_media\/00505522_2-post-lift-kph350_40-kph350_45-br-it-2022-08-screen-pdf-106x150.png","description":""},{"id":39464,"url":"https:\/\/dev.codekraft.it\/ravaglioli.it\/wp-content\/uploads\/brb_media\/00505523_2-post-lift-kph350_40-kph350_45-br-es-2022-08-screen.pdf","title":"2 Post Lift KPH350 40 KPH350 45 BR es 2022 08 screen","mpn":"","thumbnail":"https:\/\/dev.codekraft.it\/ravaglioli.it\/wp-content\/uploads\/brb_media\/00505523_2-post-lift-kph350_40-kph350_45-br-es-2022-08-screen-pdf-106x150.png","description":""},{"id":39465,"url":"https:\/\/dev.codekraft.it\/ravaglioli.it\/wp-content\/uploads\/brb_media\/00505524_2-post-lift-kph350_40-kph350_45-br-ru-2022-08-screen.pdf","title":"2 Post Lift KPH350 40 KPH350 45 BR ru 2022 08 screen","mpn":"","thumbnail":"https:\/\/dev.codekraft.it\/ravaglioli.it\/wp-content\/uploads\/brb_media\/00505524_2-post-lift-kph350_40-kph350_45-br-ru-2022-08-screen-pdf-106x150.png","description":""}],"brb_media_drawing":[{"id":45997,"url":"https:\/\/dev.codekraft.it\/ravaglioli.it\/wp-content\/uploads\/brb_media\/00509898_2-post-lift-kph45ce-kph35045-td-049607050-it-2021-09.pdf","title":"2 post lift KPH45CE KPH35045 TD 049607050 it 2021 09","mpn":"","thumbnail":"https:\/\/dev.codekraft.it\/ravaglioli.it\/wp-content\/uploads\/brb_media\/00509898_2-post-lift-kph45ce-kph35045-td-049607050-it-2021-09-pdf-150x107.png","description":""}],"brb_media_manuals":[{"id":45982,"url":"https:\/\/dev.codekraft.it\/ravaglioli.it\/wp-content\/uploads\/brb_media\/00509894_2-post-lifts-kph35040_45-a0496-m004-0-rev0-multi-im-2022-02.pdf","title":"2 post lifts KPH35040 45 A0496 M004 0 Rev0 multi IM 2022 02","mpn":"","thumbnail":"https:\/\/dev.codekraft.it\/ravaglioli.it\/wp-content\/uploads\/brb_media\/00509894_2-post-lifts-kph35040_45-a0496-m004-0-rev0-multi-im-2022-02-pdf-106x150.png","description":""},{"id":45983,"url":"https:\/\/dev.codekraft.it\/ravaglioli.it\/wp-content\/uploads\/brb_media\/00509895_2-post-lifts-kph35040_45-a0496-m004-0-rev0-multi-om-2022-02.pdf","title":"2 post lifts KPH35040 45 A0496 M004 0 Rev0 multi OM 2022 02","mpn":"","thumbnail":"https:\/\/dev.codekraft.it\/ravaglioli.it\/wp-content\/uploads\/brb_media\/00509895_2-post-lifts-kph35040_45-a0496-m004-0-rev0-multi-om-2022-02-pdf-106x150.png","description":""}],"brb_media_safety_datasheets":"","brb_media_spare_parts":[],"_cdmm_p_id":"501015","_company":"Ravaglioli","_gtin":"","accessories":[],"components":[],"delivery":[],"package":[],"related":[],"similar":[{"id":156125,"mpn":"KPH370.32K","name":"Pont \u00e9l\u00e9vateur \u00e0 2 colonnes KPH370.32K","description":"3,2 t, \u00e9lectrohydraulique, asym\u00e9trique, bras pour le montage rapide des rallonges et d\u2019autres accessoires de levage","thumbnail":"https:\/\/dev.codekraft.it\/ravaglioli.it\/wp-content\/uploads\/brb_media\/00505573_2-post-lift-KPH37032K-MI-150x150.png","url":"https:\/\/dev.codekraft.it\/ravaglioli.it\/fr\/product\/pont-elevateur-a-2-colonnes-kph370-32k\/"},{"id":156137,"mpn":"KPH370.45K","name":"Pont \u00e9l\u00e9vateur \u00e0 2 colonnes KPH370.45K","description":"4,5 t, \u00e9lectrohydraulique, asym\u00e9trique, bras pour le chargement de fourgons ou v\u00e9hicules tout-terrain","thumbnail":"https:\/\/dev.codekraft.it\/ravaglioli.it\/wp-content\/uploads\/brb_media\/00505572_2-post-lift-kph37032_45_50-mi-150x150.png","url":"https:\/\/dev.codekraft.it\/ravaglioli.it\/fr\/product\/pont-elevateur-a-2-colonnes-kph370-45k\/"},{"id":156143,"mpn":"KPH370.45LIK","name":"Pont \u00e9l\u00e9vateur \u00e0 2 colonnes KPH370.45LIK","description":"4,5 t, \u00e9lectrohydraulique, sym\u00e9trique, bras pour le levage de fourgons \u00e0 ch\u00e2ssis long","thumbnail":"https:\/\/dev.codekraft.it\/ravaglioli.it\/wp-content\/uploads\/brb_media\/00505576_2-post-lift-kph37045_50lik-mi-150x150.png","url":"https:\/\/dev.codekraft.it\/ravaglioli.it\/fr\/product\/pont-elevateur-a-2-colonnes-kph370-45lik\/"}],"page_logo_src":"https:\/\/dev.codekraft.it\/ravaglioli.it\/wp-content\/uploads\/2026\/04\/rav-negative-logo-1.png","lang":"fr","translations":{"fr":156077,"en":156075,"de":156076,"it":156078,"es":156079,"ru":156080},"pll_sync_post":[],"_links":{"self":[{"href":"https:\/\/dev.codekraft.it\/ravaglioli.it\/wp-json\/wp\/v2\/product\/156077","targetHints":{"allow":["GET"]}}],"collection":[{"href":"https:\/\/dev.codekraft.it\/ravaglioli.it\/wp-json\/wp\/v2\/product"}],"about":[{"href":"https:\/\/dev.codekraft.it\/ravaglioli.it\/wp-json\/wp\/v2\/types\/product"}],"wp:featuredmedia":[{"embeddable":true,"href":"https:\/\/dev.codekraft.it\/ravaglioli.it\/wp-json\/wp\/v2\/media\/39459"}],"wp:attachment":[{"href":"https:\/\/dev.codekraft.it\/ravaglioli.it\/wp-json\/wp\/v2\/media?parent=156077"}],"wp:term":[{"taxonomy":"product_brand","embeddable":true,"href":"https:\/\/dev.codekraft.it\/ravaglioli.it\/wp-json\/wp\/v2\/product_brand?post=156077"},{"taxonomy":"product_cat","embeddable":true,"href":"https:\/\/dev.codekraft.it\/ravaglioli.it\/wp-json\/wp\/v2\/product_cat?post=156077"},{"taxonomy":"product_tag","embeddable":true,"href":"https:\/\/dev.codekraft.it\/ravaglioli.it\/wp-json\/wp\/v2\/product_tag?post=156077"},{"taxonomy":"product_approvals","embeddable":true,"href":"https:\/\/dev.codekraft.it\/ravaglioli.it\/wp-json\/wp\/v2\/product_approvals?post=156077"},{"taxonomy":"product_application","embeddable":true,"href":"https:\/\/dev.codekraft.it\/ravaglioli.it\/wp-json\/wp\/v2\/product_application?post=156077"}],"curies":[{"name":"wp","href":"https:\/\/api.w.org\/{rel}","templated":true}]}}