{"id":156076,"date":"2025-08-05T09:51:50","date_gmt":"2025-08-05T08:51:50","guid":{"rendered":"https:\/\/dev.codekraft.it\/ravaglioli.it\/product\/2-saulen-hebebuhne-kph350-45\/"},"modified":"2026-01-14T20:00:31","modified_gmt":"2026-01-14T20:00:31","slug":"2-saulen-hebebuhne-kph350-45","status":"publish","type":"product","link":"https:\/\/dev.codekraft.it\/ravaglioli.it\/de\/product\/2-saulen-hebebuhne-kph350-45\/","title":{"rendered":"2-S\u00e4ulen-Hebeb\u00fchne KPH350.45"},"content":{"rendered":"<p>Elektrohydraulische mittelstegfreie 2-S\u00e4ulen-Hebeb\u00fchne, mit asymmetrischen Armen und symmetrischen S\u00e4ulen, die einen leichten Zugang zu den Aufnahmepunkten des Fahrzeugs erm\u00f6glichen.<\/p>\n<ul>\n<li>Automatische Armarretierung und automatische Bodenentriegelung<\/li>\n<li>Komplett mit:\n<ul>\n<li>Distanzst\u00fccken, 65 mm (Verl\u00e4ngerung Hubh\u00f6he max.)<\/li>\n<li>Halterungen f\u00fcr die Unterbringung der Distanzst\u00fccke<\/li>\n<\/ul>\n<\/li>\n<li>Pulverbeschichtung f\u00fcr lange Haltbarkeit<\/li>\n<\/ul>\n<ul>\n<li>Einschlie\u00dflich Anschlagleiste zum Schutz vor Sch\u00e4den an hohen Fahrzeugen<\/li>\n<li>Zwei Hochleistungszylinder zur Minimierung von Stillstandszeiten<\/li>\n<li>Mechanische Sicherheitsklinke mit automatischer Verriegelung, um maximale Sicherheit w\u00e4hrend der Standphase zu gew\u00e4hrleisten<\/li>\n<li>Manuelle Entriegelung \u00fcber Hebel<\/li>\n<li>Tragf\u00e4higkeit 4,5 t<\/li>\n<li>Empfohlen f\u00fcr das Anheben von Transportern<\/li>\n<\/ul>\n","protected":false},"excerpt":{"rendered":"<p>4,5 t, elektrohydraulisch, mittelstegfrei, S\u00e4ulen symmetrisch, Tragarme asymmetrisch | 3 x 400 V \/ 50 Hz<\/p>\n","protected":false},"featured_media":39459,"template":"","meta":[],"product_brand":[],"product_cat":[57860],"product_tag":[58287,58323,58340],"product_approvals":[],"product_application":[],"class_list":{"0":"post-156076","1":"product","2":"type-product","3":"status-publish","4":"has-post-thumbnail","6":"product_cat-2-saulen-hebebuhnen-de","7":"product_tag-passenger-cars-de","8":"product_tag-light-commercial-de","9":"product_tag-motor-homes-de","11":"first","12":"instock","13":"shipping-taxable","14":"product-type-simple"},"approvals":[],"application":[],"brb_media_brochure":[{"id":39460,"url":"https:\/\/dev.codekraft.it\/ravaglioli.it\/wp-content\/uploads\/brb_media\/00505519_2-post-lift-kph350_40-kph350_45-br-de-2022-08-screen.pdf","title":"2 Post Lift KPH350 40 KPH350 45 BR de 2022 08 screen","mpn":"","thumbnail":"https:\/\/dev.codekraft.it\/ravaglioli.it\/wp-content\/uploads\/brb_media\/00505519_2-post-lift-kph350_40-kph350_45-br-de-2022-08-screen-pdf-106x150.png","description":""},{"id":39461,"url":"https:\/\/dev.codekraft.it\/ravaglioli.it\/wp-content\/uploads\/brb_media\/00505520_2-post-lift-kph350_40-kph350_45-br-en-2022-08-screen.pdf","title":"2 Post Lift KPH350 40 KPH350 45 BR en 2022 08 screen","mpn":"","thumbnail":"https:\/\/dev.codekraft.it\/ravaglioli.it\/wp-content\/uploads\/brb_media\/00505520_2-post-lift-kph350_40-kph350_45-br-en-2022-08-screen-pdf-106x150.png","description":""},{"id":39462,"url":"https:\/\/dev.codekraft.it\/ravaglioli.it\/wp-content\/uploads\/brb_media\/00505521_2-post-lift-kph350_40-kph350_45-br-fr-2022-08-screen.pdf","title":"2 Post Lift KPH350 40 KPH350 45 BR fr 2022 08 screen","mpn":"","thumbnail":"https:\/\/dev.codekraft.it\/ravaglioli.it\/wp-content\/uploads\/brb_media\/00505521_2-post-lift-kph350_40-kph350_45-br-fr-2022-08-screen-pdf-106x150.png","description":""},{"id":39463,"url":"https:\/\/dev.codekraft.it\/ravaglioli.it\/wp-content\/uploads\/brb_media\/00505522_2-post-lift-kph350_40-kph350_45-br-it-2022-08-screen.pdf","title":"2 Post Lift KPH350 40 KPH350 45 BR it 2022 08 screen","mpn":"","thumbnail":"https:\/\/dev.codekraft.it\/ravaglioli.it\/wp-content\/uploads\/brb_media\/00505522_2-post-lift-kph350_40-kph350_45-br-it-2022-08-screen-pdf-106x150.png","description":""},{"id":39464,"url":"https:\/\/dev.codekraft.it\/ravaglioli.it\/wp-content\/uploads\/brb_media\/00505523_2-post-lift-kph350_40-kph350_45-br-es-2022-08-screen.pdf","title":"2 Post Lift KPH350 40 KPH350 45 BR es 2022 08 screen","mpn":"","thumbnail":"https:\/\/dev.codekraft.it\/ravaglioli.it\/wp-content\/uploads\/brb_media\/00505523_2-post-lift-kph350_40-kph350_45-br-es-2022-08-screen-pdf-106x150.png","description":""},{"id":39465,"url":"https:\/\/dev.codekraft.it\/ravaglioli.it\/wp-content\/uploads\/brb_media\/00505524_2-post-lift-kph350_40-kph350_45-br-ru-2022-08-screen.pdf","title":"2 Post Lift KPH350 40 KPH350 45 BR ru 2022 08 screen","mpn":"","thumbnail":"https:\/\/dev.codekraft.it\/ravaglioli.it\/wp-content\/uploads\/brb_media\/00505524_2-post-lift-kph350_40-kph350_45-br-ru-2022-08-screen-pdf-106x150.png","description":""}],"brb_media_drawing":[{"id":45997,"url":"https:\/\/dev.codekraft.it\/ravaglioli.it\/wp-content\/uploads\/brb_media\/00509898_2-post-lift-kph45ce-kph35045-td-049607050-it-2021-09.pdf","title":"2 post lift KPH45CE KPH35045 TD 049607050 it 2021 09","mpn":"","thumbnail":"https:\/\/dev.codekraft.it\/ravaglioli.it\/wp-content\/uploads\/brb_media\/00509898_2-post-lift-kph45ce-kph35045-td-049607050-it-2021-09-pdf-150x107.png","description":""}],"brb_media_manuals":[{"id":45982,"url":"https:\/\/dev.codekraft.it\/ravaglioli.it\/wp-content\/uploads\/brb_media\/00509894_2-post-lifts-kph35040_45-a0496-m004-0-rev0-multi-im-2022-02.pdf","title":"2 post lifts KPH35040 45 A0496 M004 0 Rev0 multi IM 2022 02","mpn":"","thumbnail":"https:\/\/dev.codekraft.it\/ravaglioli.it\/wp-content\/uploads\/brb_media\/00509894_2-post-lifts-kph35040_45-a0496-m004-0-rev0-multi-im-2022-02-pdf-106x150.png","description":""},{"id":45983,"url":"https:\/\/dev.codekraft.it\/ravaglioli.it\/wp-content\/uploads\/brb_media\/00509895_2-post-lifts-kph35040_45-a0496-m004-0-rev0-multi-om-2022-02.pdf","title":"2 post lifts KPH35040 45 A0496 M004 0 Rev0 multi OM 2022 02","mpn":"","thumbnail":"https:\/\/dev.codekraft.it\/ravaglioli.it\/wp-content\/uploads\/brb_media\/00509895_2-post-lifts-kph35040_45-a0496-m004-0-rev0-multi-om-2022-02-pdf-106x150.png","description":""}],"brb_media_safety_datasheets":"","brb_media_spare_parts":[],"_cdmm_p_id":"501015","_company":"Ravaglioli","_gtin":"","accessories":[],"components":[],"delivery":[],"package":[],"related":[],"similar":[{"id":156124,"mpn":"KPH370.32K","name":"2-S\u00e4ulen-Hebeb\u00fchne KPH370.32K","description":"3,2 t, elektrohydraulisch, asymmetrisch, mit Schnellstecksystem f\u00fcr Einsatz von Verl\u00e4ngerungen und anderem Zubeh\u00f6r","thumbnail":"https:\/\/dev.codekraft.it\/ravaglioli.it\/wp-content\/uploads\/brb_media\/00505573_2-post-lift-KPH37032K-MI-150x150.png","url":"https:\/\/dev.codekraft.it\/ravaglioli.it\/de\/product\/2-saulen-hebebuhne-kph370-32k\/"},{"id":156136,"mpn":"KPH370.45K","name":"2-S\u00e4ulen-Hebeb\u00fchne KPH370.45K","description":"4,5 t, elektrohydraulisch, asymmetrisch, Arme zum Heben von Gel\u00e4nde- und Lieferwagen","thumbnail":"https:\/\/dev.codekraft.it\/ravaglioli.it\/wp-content\/uploads\/brb_media\/00505572_2-post-lift-kph37032_45_50-mi-150x150.png","url":"https:\/\/dev.codekraft.it\/ravaglioli.it\/de\/product\/2-saulen-hebebuhne-kph370-45k\/"},{"id":156142,"mpn":"KPH370.45LIK","name":"2-S\u00e4ulen-Hebeb\u00fchne KPH370.45LIK","description":"4,5 t, elektrohydraulisch, symmetrisch, Arme zum Heben von Lieferwagen auch mit langem Radstand","thumbnail":"https:\/\/dev.codekraft.it\/ravaglioli.it\/wp-content\/uploads\/brb_media\/00505576_2-post-lift-kph37045_50lik-mi-150x150.png","url":"https:\/\/dev.codekraft.it\/ravaglioli.it\/de\/product\/2-saulen-hebebuhne-kph370-45lik\/"}],"page_logo_src":"https:\/\/dev.codekraft.it\/ravaglioli.it\/wp-content\/uploads\/2026\/04\/rav-negative-logo-1.png","lang":"de","translations":{"de":156076,"en":156075,"fr":156077,"it":156078,"es":156079,"ru":156080},"pll_sync_post":[],"_links":{"self":[{"href":"https:\/\/dev.codekraft.it\/ravaglioli.it\/wp-json\/wp\/v2\/product\/156076","targetHints":{"allow":["GET"]}}],"collection":[{"href":"https:\/\/dev.codekraft.it\/ravaglioli.it\/wp-json\/wp\/v2\/product"}],"about":[{"href":"https:\/\/dev.codekraft.it\/ravaglioli.it\/wp-json\/wp\/v2\/types\/product"}],"wp:featuredmedia":[{"embeddable":true,"href":"https:\/\/dev.codekraft.it\/ravaglioli.it\/wp-json\/wp\/v2\/media\/39459"}],"wp:attachment":[{"href":"https:\/\/dev.codekraft.it\/ravaglioli.it\/wp-json\/wp\/v2\/media?parent=156076"}],"wp:term":[{"taxonomy":"product_brand","embeddable":true,"href":"https:\/\/dev.codekraft.it\/ravaglioli.it\/wp-json\/wp\/v2\/product_brand?post=156076"},{"taxonomy":"product_cat","embeddable":true,"href":"https:\/\/dev.codekraft.it\/ravaglioli.it\/wp-json\/wp\/v2\/product_cat?post=156076"},{"taxonomy":"product_tag","embeddable":true,"href":"https:\/\/dev.codekraft.it\/ravaglioli.it\/wp-json\/wp\/v2\/product_tag?post=156076"},{"taxonomy":"product_approvals","embeddable":true,"href":"https:\/\/dev.codekraft.it\/ravaglioli.it\/wp-json\/wp\/v2\/product_approvals?post=156076"},{"taxonomy":"product_application","embeddable":true,"href":"https:\/\/dev.codekraft.it\/ravaglioli.it\/wp-json\/wp\/v2\/product_application?post=156076"}],"curies":[{"name":"wp","href":"https:\/\/api.w.org\/{rel}","templated":true}]}}