{"id":156054,"date":"2025-11-20T10:26:31","date_gmt":"2025-11-20T10:26:31","guid":{"rendered":"https:\/\/dev.codekraft.it\/ravaglioli.it\/product\/ponte-sollevatore-a-2-colonne-kpx35\/"},"modified":"2026-01-14T20:00:18","modified_gmt":"2026-01-14T20:00:18","slug":"ponte-sollevatore-a-2-colonne-kpx35","status":"publish","type":"product","link":"https:\/\/dev.codekraft.it\/ravaglioli.it\/it\/product\/ponte-sollevatore-a-2-colonne-kpx35\/","title":{"rendered":"Ponte sollevatore a 2 colonne KPX35"},"content":{"rendered":"<p>Legend Series &#8211; From History to the Future<\/p>\n<ul>\n<li>Design al passo con i tempi: un profilo innovativo che introduce in officina attualit\u00e0 e fruibilit\u00e0<\/li>\n<li>DNA innovativo: componenti di alta qualit\u00e0 e a lunga durata, testati per 20000 cicli<\/li>\n<li>A prova di futuro: sollevatori progettati per il sistema di connettivit\u00e0 TEq-Link per officine<\/li>\n<\/ul>\n<p>La serie Legend, erede dei ponti sollevatori a 2 colonne leader di\u00a0mercato, consolida le competenze ingegneristiche di Ravaglioli in una forma innovativa. Con lo sguardo rivolto al futuro, ma sempre nel rispetto della tradizione, Ravaglioli si \u00e8 posta un obiettivo importante: coniugare prestazioni e design.<\/p>\n<ul>\n<li>Manutenzione di routine ridotta al minimo: I componenti sono progettati per una manutenzione o una sostituzione agevoli, riducendo il costo di esercizio e il rischio di errori sui componenti critici per la sicurezza.<\/li>\n<li>Sicurezza e qualit\u00e0 garantite nel tempo: Il ponte \u00e8 dotato di componenti di alta qualit\u00e0, che garantiscono lunga durata e massima sicurezza per l\u2019operatore.<\/li>\n<li>Installazione rapida e flessibile &#8211; Riduzione del tempo di installazione fino al 20%:\u00a0La sincronizzazione elettronica evita l\u2019installazione e la regolazione del cavo di riallineo. Tre posizioni regolabili in larghezza consentono di installare i ponti in modo flessibile.<\/li>\n<li>Funzionamento rapido e semplice: L\u2019area di lavoro \u00e8 priva di ostacoli, e tutte le operazioni possono essere eseguite in condizioni di sicurezza e comfort.<\/li>\n<li>Un passo nel futuro: I modelli con modulo TEq-Link integrato consentono il monitoraggio remoto dei cicli di lavoro, degli avvisi per la manutenzione programmata e altro ancora.<\/li>\n<\/ul>\n<ul>\n<li>La geometria dei bracci \u00e8 stata progettata per sollevare dalle city car\u00a0ai furgoni di medie dimensioni a passo lungo.<\/li>\n<li>Ponte sollevatore elettromeccanico ruotato con colonne a 45\u00b0.<\/li>\n<li>Controllo del sollevamento\/abbassamento tramite pulsante posizionato a un\u2019altezza ergonomica.<\/li>\n<li>Facilit\u00e0 di apertura delle porte: \u00c8 possibile posizionare il veicolo in una posizione pi\u00f9 arretrata senza alcuna preoccupazione di danneggiarlo.<\/li>\n<li>Grazie alla configurazione asimmetrica delle colonne, le aree di carico dei bracci si sovrappongono, offrendo grande flessibilit\u00e0 e risparmi di tempo durante il sollevamento del veicolo.<\/li>\n<li>Maggiore spazio di movimento attorno al veicolo: Il ponte \u00e8 progettato per massimizzare il proprio layout garantendo il minimo ingombro.<\/li>\n<li>Posizionamento rapido delle vetture: L\u2019operatore dispone di un\u2019ampia area di carico, senza dover spingere e tirare il veicolo per trovare la posizione di sollevamento giusta.<\/li>\n<\/ul>\n<ul>\n<li>Sincronizzazione elettronica<\/li>\n<li>Sostituzione rapida delle chiocciole: La nuova piastra del motore consente di rimuovere la vite dal lato anteriore della colonna, con la stessa in posizione verticale.<\/li>\n<li>I carrelli interni scorrono su apposite guide lubrificate e sono protette dall\u2019ambiente esterno, a garanzia di una maggiore durata degli elementi scorrevoli<\/li>\n<li>Sistema acustico per la protezione dei piedi &#8211; Nessun salva piedi meccanico<\/li>\n<li>Bracci corti a 3 stadi e bracci lunghi a 2 stadi con tampone in gomma telescopico a montaggio rapido<\/li>\n<li>Colonne asimmetriche progettate per ottimizzare larghezza di passaggio e ingombro<\/li>\n<li>Qualit\u00e0 elevata dei componenti\n<ul>\n<li>Puleggia in alluminio con funzione di raffreddamento<\/li>\n<li>Cuscinetti a lunga durata<\/li>\n<li>Chiocciola portante in bronzo pi\u00f9 lungo del 50%<\/li>\n<li>Motori con carcassa dissipante rinforzata<\/li>\n<li>Solido sistema di arresto bracci automatico<\/li>\n<\/ul>\n<\/li>\n<\/ul>\n","protected":false},"excerpt":{"rendered":"<p>3,5 t, elettromeccanico, asimmetrico, ruotato colonne a 45\u00b0, bracci lunghi a 2 stadi, bracci corti a 3 stadi, TEq-Link<\/p>\n","protected":false},"featured_media":45957,"template":"","meta":[],"product_brand":[],"product_cat":[57888],"product_tag":[58293,58346,58329,63160],"product_approvals":[],"product_application":[],"class_list":{"0":"post-156054","1":"product","2":"type-product","3":"status-publish","4":"has-post-thumbnail","6":"product_cat-ponti-sollevatori-a-2-colonne-it","7":"product_tag-passenger-cars-it","8":"product_tag-motor-homes-it","9":"product_tag-light-commercial-it","10":"product_tag-quickship-it","12":"first","13":"instock","14":"shipping-taxable","15":"product-type-simple"},"approvals":[],"application":[],"brb_media_brochure":[{"id":147229,"url":"https:\/\/dev.codekraft.it\/ravaglioli.it\/wp-content\/uploads\/brb_media\/00511010_2-post-lift-legend-series-kpx32_35-br-de-2023-09-screen.pdf","title":"2 post lift legend series KPX32 35 br de 2023 09 screen","mpn":"","thumbnail":"https:\/\/dev.codekraft.it\/ravaglioli.it\/wp-content\/uploads\/brb_media\/00511010_2-post-lift-legend-series-kpx32_35-br-de-2023-09-screen-pdf-106x150.png","description":""},{"id":147230,"url":"https:\/\/dev.codekraft.it\/ravaglioli.it\/wp-content\/uploads\/brb_media\/00511011_2-post-lift-legend-series-kpx32_35-br-en-2023-09-screen.pdf","title":"2 post lift legend series KPX32 35 br en 2023 09 screen","mpn":"","thumbnail":"https:\/\/dev.codekraft.it\/ravaglioli.it\/wp-content\/uploads\/brb_media\/00511011_2-post-lift-legend-series-kpx32_35-br-en-2023-09-screen-pdf-106x150.png","description":""},{"id":147231,"url":"https:\/\/dev.codekraft.it\/ravaglioli.it\/wp-content\/uploads\/brb_media\/00511012_2-post-lift-legend-series-kpx32_35-br-fr-2023-09-screen.pdf","title":"2 post lift legend series KPX32 35 br fr 2023 09 screen","mpn":"","thumbnail":"https:\/\/dev.codekraft.it\/ravaglioli.it\/wp-content\/uploads\/brb_media\/00511012_2-post-lift-legend-series-kpx32_35-br-fr-2023-09-screen-pdf-106x150.png","description":""},{"id":147232,"url":"https:\/\/dev.codekraft.it\/ravaglioli.it\/wp-content\/uploads\/brb_media\/00511013_2-post-lift-legend-series-kpx32_35-br-it-2023-09-screen.pdf","title":"2 post lift legend series KPX32 35 br it 2023 09 screen","mpn":"","thumbnail":"https:\/\/dev.codekraft.it\/ravaglioli.it\/wp-content\/uploads\/brb_media\/00511013_2-post-lift-legend-series-kpx32_35-br-it-2023-09-screen-pdf-106x150.png","description":""},{"id":147233,"url":"https:\/\/dev.codekraft.it\/ravaglioli.it\/wp-content\/uploads\/brb_media\/00511015_2-post-lift-legend-series-kpx32_35-br-es-2023-09-screen.pdf","title":"2 post lift legend series KPX32 35 br es 2023 09 screen","mpn":"","thumbnail":"https:\/\/dev.codekraft.it\/ravaglioli.it\/wp-content\/uploads\/brb_media\/00511015_2-post-lift-legend-series-kpx32_35-br-es-2023-09-screen-pdf-106x150.png","description":""},{"id":147234,"url":"https:\/\/dev.codekraft.it\/ravaglioli.it\/wp-content\/uploads\/brb_media\/00511014_2-post-lift-legend-series-kpx32_35-br-ru-2023-09-screen.pdf","title":"2 post lift legend series KPX32 35 br ru 2023 09 screen","mpn":"","thumbnail":"https:\/\/dev.codekraft.it\/ravaglioli.it\/wp-content\/uploads\/brb_media\/00511014_2-post-lift-legend-series-kpx32_35-br-ru-2023-09-screen-pdf-106x150.png","description":""},{"id":76135,"url":"https:\/\/dev.codekraft.it\/ravaglioli.it\/wp-content\/uploads\/brb_media\/00510147_legend-series-end-user-flyer-de-2023-07-screen.pdf","title":"Legend series end user flyer de 2023 07 screen","mpn":"","thumbnail":"https:\/\/dev.codekraft.it\/ravaglioli.it\/wp-content\/uploads\/brb_media\/00510147_legend-series-end-user-flyer-de-2023-07-screen-pdf-106x150.png","description":""},{"id":76136,"url":"https:\/\/dev.codekraft.it\/ravaglioli.it\/wp-content\/uploads\/brb_media\/00510148_legend-series-end-user-flyer-en-2023-07-screen.pdf","title":"Legend series end user flyer en 2023 07 screen","mpn":"","thumbnail":"https:\/\/dev.codekraft.it\/ravaglioli.it\/wp-content\/uploads\/brb_media\/00510148_legend-series-end-user-flyer-en-2023-07-screen-pdf-106x150.png","description":""},{"id":76137,"url":"https:\/\/dev.codekraft.it\/ravaglioli.it\/wp-content\/uploads\/brb_media\/00510149_legend-series-end-user-flyer-fr-2023-07-screen.pdf","title":"Legend series end user flyer fr 2023 07 screen","mpn":"","thumbnail":"https:\/\/dev.codekraft.it\/ravaglioli.it\/wp-content\/uploads\/brb_media\/00510149_legend-series-end-user-flyer-fr-2023-07-screen-pdf-106x150.png","description":""},{"id":76138,"url":"https:\/\/dev.codekraft.it\/ravaglioli.it\/wp-content\/uploads\/brb_media\/00510150_legend-series-end-user-flyer-it-2023-07-screen.pdf","title":"Legend series end user flyer it 2023 07 screen","mpn":"","thumbnail":"https:\/\/dev.codekraft.it\/ravaglioli.it\/wp-content\/uploads\/brb_media\/00510150_legend-series-end-user-flyer-it-2023-07-screen-pdf-106x150.png","description":""},{"id":76139,"url":"https:\/\/dev.codekraft.it\/ravaglioli.it\/wp-content\/uploads\/brb_media\/00510151_legend-series-end-user-flyer-es-2023-07-screen.pdf","title":"Legend series end user flyer es 2023 07 screen","mpn":"","thumbnail":"https:\/\/dev.codekraft.it\/ravaglioli.it\/wp-content\/uploads\/brb_media\/00510151_legend-series-end-user-flyer-es-2023-07-screen-pdf-106x150.png","description":""},{"id":119210,"url":"https:\/\/dev.codekraft.it\/ravaglioli.it\/wp-content\/uploads\/brb_media\/00510153_legend-series-end-user-flyer-ru-2023-07-screen.pdf","title":"Legend series end user flyer ru 2023 07 screen","mpn":"","thumbnail":"https:\/\/dev.codekraft.it\/ravaglioli.it\/wp-content\/uploads\/brb_media\/00510153_legend-series-end-user-flyer-ru-2023-07-screen-pdf-106x150.png","description":""}],"brb_media_drawing":[{"id":39446,"url":"https:\/\/dev.codekraft.it\/ravaglioli.it\/wp-content\/uploads\/brb_media\/00509756_2-post-lift-kpx35-pickup-matrix-0473_0700_0_02-2023-04.pdf","title":"2 post lift KPX35 Pickup matrix 0473 0700 0 02 2023 04","mpn":"","thumbnail":"https:\/\/dev.codekraft.it\/ravaglioli.it\/wp-content\/uploads\/brb_media\/00509756_2-post-lift-kpx35-pickup-matrix-0473_0700_0_02-2023-04-pdf-150x106.png","description":""},{"id":151845,"url":"https:\/\/dev.codekraft.it\/ravaglioli.it\/wp-content\/uploads\/brb_media\/00550033_2-post-lifts-kpx35-td-047307001-2021-11.pdf","title":"2 Post Lifts KPX35 TD 047307001 2021 11","mpn":"","thumbnail":"https:\/\/dev.codekraft.it\/ravaglioli.it\/wp-content\/uploads\/brb_media\/00550033_2-post-lifts-kpx35-td-047307001-2021-11-pdf-150x107.png","description":""}],"brb_media_manuals":[{"id":76140,"url":"https:\/\/dev.codekraft.it\/ravaglioli.it\/wp-content\/uploads\/brb_media\/00510232_2-post-lifts-kpx32_kpx35-im-0473-m001-0-rev2-multi-2023-06.pdf","title":"2 post lifts KPX32 KPX35 IM 0473 M001 0 rev2 multi 2023 06","mpn":"","thumbnail":"https:\/\/dev.codekraft.it\/ravaglioli.it\/wp-content\/uploads\/brb_media\/00510232_2-post-lifts-kpx32_kpx35-im-0473-m001-0-rev2-multi-2023-06-pdf-106x150.png","description":""}],"brb_media_safety_datasheets":"","brb_media_spare_parts":[],"_cdmm_p_id":"501011","_company":"Ravaglioli","_gtin":"5063084199010","accessories":[{"id":154701,"mpn":"VSG.2CALL.902641","name":"Vaschette portautensili","description":"Magnetiche | 1 set \/ 2 pezzi","thumbnail":"https:\/\/dev.codekraft.it\/ravaglioli.it\/wp-content\/uploads\/brb_media\/00509504_2-post-lift-vsg2call902641-mi-150x150.png","url":"https:\/\/dev.codekraft.it\/ravaglioli.it\/it\/product\/vaschette-portautensili\/"},{"id":155970,"mpn":"VSG.2CALL.901071","name":"Distanziali per tamponi per sollevatori elettromeccanico","description":"4 x 89 mm, 4 x 127 mm, incl. 2 staffe per il montaggio sui pilastri | 1 set \/ 8 pezzi","thumbnail":"https:\/\/dev.codekraft.it\/ravaglioli.it\/wp-content\/uploads\/brb_media\/00508736_2-post-lift-vsg2call901071-mi-150x150.png","url":"https:\/\/dev.codekraft.it\/ravaglioli.it\/it\/product\/distanziali-per-tamponi-per-sollevatori-elettromeccanico\/"},{"id":155976,"mpn":"VSG.2CALL.901248","name":"Distanziali per tamponi","description":"4 x 200 mm, incl. staffa per il montaggio sui pilastri | 1 set \/ 4 pezzi","thumbnail":"https:\/\/dev.codekraft.it\/ravaglioli.it\/wp-content\/uploads\/brb_media\/00505099_2-post-lift-vsg2call901248-mi-150x150.png","url":"https:\/\/dev.codekraft.it\/ravaglioli.it\/it\/product\/distanziali-per-tamponi\/"},{"id":156000,"mpn":"VSG.2CELM.901927","name":"Golfare per movimentazione colonne","description":"3,5 t - 4,2 t | Agevola installazione del ponte sollevatore, riutilizzabile per altre installazioni | 1 set","thumbnail":"https:\/\/dev.codekraft.it\/ravaglioli.it\/wp-content\/uploads\/brb_media\/00512726_2-post-lift-vsg2celm901927-mi-01-150x150.png","url":"https:\/\/dev.codekraft.it\/ravaglioli.it\/it\/product\/golfare-per-movimentazione-colonne-2\/"},{"id":155982,"mpn":"VSG.2CALL.901163","name":"Kit adattatori","description":"Kit adattatori per tamponi per presa telaio \u00d8 120 mm (1 set, 2 pz), per piattaforma girevole","thumbnail":"https:\/\/dev.codekraft.it\/ravaglioli.it\/wp-content\/uploads\/brb_media\/00524050_2-post-lift-fj6353-1-mi-150x150.png","url":"https:\/\/dev.codekraft.it\/ravaglioli.it\/it\/product\/kit-adattatori\/"},{"id":155994,"mpn":"VSG.2CELM.902344","name":"Regolazione altezza traversa","description":"Kit per aumentare del passaggio cavi aereo a +1,5 m | per sollevatori a fuso | 1 set","thumbnail":"https:\/\/dev.codekraft.it\/ravaglioli.it\/wp-content\/uploads\/brb_media\/00509506_2-post-lift-vsg2celm902344-mi-150x150.png","url":"https:\/\/dev.codekraft.it\/ravaglioli.it\/it\/product\/regolazione-altezza-traversa\/"},{"id":155988,"mpn":"VSG.2CALL.901378","name":"Kit stabilizzatori","description":"3,5 t | permette l\u2019installazione dei ponti sollevatori anche su qualit\u00e0 di calcestruzzo inferiori a quelli richiesti | 1 set \/ 2 pezzi","thumbnail":"https:\/\/dev.codekraft.it\/ravaglioli.it\/wp-content\/uploads\/brb_media\/00533778_2-post-lift-vsg-2call-901378-mi-150x150.png","url":"https:\/\/dev.codekraft.it\/ravaglioli.it\/it\/product\/kit-stabilizzatori\/"},{"id":154689,"mpn":"VSG.2CALL.902818","name":"Kit rampe innalzamento veicolo","description":"Altezza rampa 60 mm, per veicoli estremamente bassi | 1 set \/ 2 pezzi","thumbnail":"https:\/\/dev.codekraft.it\/ravaglioli.it\/wp-content\/uploads\/brb_media\/00509501_2-post-lift-vsg2call902818-mi-150x150.png","url":"https:\/\/dev.codekraft.it\/ravaglioli.it\/it\/product\/kit-rampe-innalzamento-veicolo\/"},{"id":154695,"mpn":"VSG.2CALL.902085","name":"Kit cavalletti per assetto","description":"1 set \/ 4 pezzi","thumbnail":"https:\/\/dev.codekraft.it\/ravaglioli.it\/wp-content\/uploads\/brb_media\/00509503_2-post-lift-vsg2call902085-mi-150x150.png","url":"https:\/\/dev.codekraft.it\/ravaglioli.it\/it\/product\/kit-cavalletti-per-assetto\/"},{"id":156612,"mpn":"VSG.2CALL.902511","name":"Supporto per utensili","description":"Supporto ergonomico per avvitatore pneumatico","thumbnail":"https:\/\/dev.codekraft.it\/ravaglioli.it\/wp-content\/uploads\/brb_media\/00511003_2-post-lift-vsg2call902511-mi-150x150.png","url":"https:\/\/dev.codekraft.it\/ravaglioli.it\/it\/product\/supporto-per-utensili\/"}],"components":[],"delivery":[],"package":[],"related":[],"similar":[{"id":156060,"mpn":"RAV.KPX35.199157","name":"Ponte sollevatore a 2 colonne KPX35E","description":"3,5 t, elettromeccanico, asimmetrico, ruotato colonne a 45\u00b0, bracci lunghi a 2 stadi, bracci corti a 3 stadi, TEq-Link, kit di energia","thumbnail":"https:\/\/dev.codekraft.it\/ravaglioli.it\/wp-content\/uploads\/brb_media\/00509852_2-post-lifts-kpx32-35-mi-01-150x150.png","url":"https:\/\/dev.codekraft.it\/ravaglioli.it\/it\/product\/ponte-sollevatore-a-2-colonne-kpx35e\/"}],"page_logo_src":"https:\/\/dev.codekraft.it\/ravaglioli.it\/wp-content\/uploads\/2026\/04\/rav-negative-logo-1.png","lang":"it","translations":{"it":156054,"en":156051,"de":156052,"fr":156053,"es":156055,"ru":156056},"pll_sync_post":[],"_links":{"self":[{"href":"https:\/\/dev.codekraft.it\/ravaglioli.it\/wp-json\/wp\/v2\/product\/156054","targetHints":{"allow":["GET"]}}],"collection":[{"href":"https:\/\/dev.codekraft.it\/ravaglioli.it\/wp-json\/wp\/v2\/product"}],"about":[{"href":"https:\/\/dev.codekraft.it\/ravaglioli.it\/wp-json\/wp\/v2\/types\/product"}],"wp:featuredmedia":[{"embeddable":true,"href":"https:\/\/dev.codekraft.it\/ravaglioli.it\/wp-json\/wp\/v2\/media\/45957"}],"wp:attachment":[{"href":"https:\/\/dev.codekraft.it\/ravaglioli.it\/wp-json\/wp\/v2\/media?parent=156054"}],"wp:term":[{"taxonomy":"product_brand","embeddable":true,"href":"https:\/\/dev.codekraft.it\/ravaglioli.it\/wp-json\/wp\/v2\/product_brand?post=156054"},{"taxonomy":"product_cat","embeddable":true,"href":"https:\/\/dev.codekraft.it\/ravaglioli.it\/wp-json\/wp\/v2\/product_cat?post=156054"},{"taxonomy":"product_tag","embeddable":true,"href":"https:\/\/dev.codekraft.it\/ravaglioli.it\/wp-json\/wp\/v2\/product_tag?post=156054"},{"taxonomy":"product_approvals","embeddable":true,"href":"https:\/\/dev.codekraft.it\/ravaglioli.it\/wp-json\/wp\/v2\/product_approvals?post=156054"},{"taxonomy":"product_application","embeddable":true,"href":"https:\/\/dev.codekraft.it\/ravaglioli.it\/wp-json\/wp\/v2\/product_application?post=156054"}],"curies":[{"name":"wp","href":"https:\/\/api.w.org\/{rel}","templated":true}]}}