{"id":156031,"date":"2025-11-20T10:26:31","date_gmt":"2025-11-20T10:26:31","guid":{"rendered":"https:\/\/dev.codekraft.it\/ravaglioli.it\/product\/desmontadora-de-neumaticos-g1250-30plus\/"},"modified":"2026-01-14T20:00:02","modified_gmt":"2026-01-14T20:00:02","slug":"desmontadora-de-neumaticos-g1250-30plus","status":"publish","type":"product","link":"https:\/\/dev.codekraft.it\/ravaglioli.it\/es\/product\/desmontadora-de-neumaticos-g1250-30plus\/","title":{"rendered":"Desmontadora de neum\u00e1ticos G1250.30PLUS"},"content":{"rendered":"<p>Let the Wheels Speed Up<\/p>\n<ul>\n<li>Facilidad de manejo: con un solo movimiento permite variar el di\u00e1metro y la posici\u00f3n de los tres brazos de trabajo<\/li>\n<li>Operaciones r\u00e1pidas: Memory system: funci\u00f3n de autoreposici\u00f3n de la herramienta para llanta<\/li>\n<li>Operaciones seguras: destalonado eficaz y segura para proteger el flanco del neum\u00e1tico y el control de presi\u00f3n<\/li>\n<\/ul>\n<p>Equipada con un innovador cabezal sin herramienta de montaje (patentado) y funciones autom\u00e1ticas avanzadas, permite trabajar de forma r\u00e1pida, precisa y sin esfuerzo incluso en neum\u00e1ticos de perfil ultrabajo y Run-Flat. El equipo viene equipado con todos los accesorios principales, por lo que es especialmente adecuado para las tiendas de neum\u00e1ticos y los concesionarios.<\/p>\n<ul>\n<li>Actuador electromec\u00e1nico que, mediante un sistema de sincronizaci\u00f3n por cadena de carga, controla el movimiento simult\u00e1neo de los tres brazos de trabajo.<\/li>\n<li>Sensor con activaci\u00f3n autom\u00e1tica de la funci\u00f3n de avance de los discos para un destalonado preciso y seguro de los neum\u00e1ticos.<\/li>\n<li>Puntero l\u00e1ser que indica la posici\u00f3n correcta de las herramientas.<\/li>\n<li>MEMORY SYSTEM &#8211; Bot\u00f3n Memory con funci\u00f3n de reposici\u00f3n autom\u00e1tica de la herramienta en el borde de la llanta, que permite reanudar r\u00e1pidamente una nueva operaci\u00f3n de desmontaje y montaje.<\/li>\n<li>El motor con inversor permite al operador controlar la velocidad variable de las ruedas (0 &#8211; 15 r.p.m.).<\/li>\n<li>Para proteger el tal\u00f3n, se adapta autom\u00e1ticamente el n\u00famero de revoluciones en funci\u00f3n de la tensi\u00f3n detectada.<\/li>\n<li>El bloqueo central con plato flotante (patentado), tambi\u00e9n apto para llantas de canal invertido, ofrece un mecanismo de autobloqueo que reduce el esfuerzo que debe realizar el operario.<\/li>\n<li>Sistema de empuje del destalonador de doble rodillo. El neum\u00e1tico se destalona con rapidez y seguridad por medio de dos discos opuestos sincronizados.<\/li>\n<\/ul>\n<ul>\n<li>Tres alturas de trabajo ajustables<\/li>\n<li>Inflado accionado mediante pedal r\u00e1pido, calibre y v\u00e1lvula de inflado r\u00e1pido<\/li>\n<li>Equipado con brazo empujador neum\u00e1tico del tal\u00f3n rotante<\/li>\n<li>Certificado WDK<\/li>\n<li>Compartimentos para guardar accesorios, v\u00e1lvulas y herramientas<\/li>\n<li>Espacio libre en la parte trasera para una mejor maniobrabilidad y libertad de movimiento alrededor de la m\u00e1quina<\/li>\n<li>Completa con elevador de rueda neum\u00e1tico<\/li>\n<li>Bloqueo de fijaci\u00f3n r\u00e1pida de las llantas<\/li>\n<li>Los mandos est\u00e1n agrupados en una \u00fanica consola dise\u00f1ada para ofrecer la m\u00e1xima comodidad de trabajo<\/li>\n<li>\u00datiles de montaje en material resistente a los ara\u00f1azos para trabajar cerca del borde de las llantas sin da\u00f1arlas (efecto \u00abzero stress\u00bb)<\/li>\n<\/ul>\n","protected":false},"excerpt":{"rendered":"<p>Sin palanca, autom\u00e1tica, incluye brazo de ayuda neum\u00e1tico y elevador neum\u00e1tico de ruedas, turismo, di\u00e1metro de llanta 10 &#8211; 30\u2033, anchura llante max. 15\u2033 | Certificado wdk<\/p>\n","protected":false},"featured_media":149533,"template":"","meta":[],"product_brand":[],"product_cat":[57904],"product_tag":[58296,63163],"product_approvals":[],"product_application":[],"class_list":{"0":"post-156031","1":"product","2":"type-product","3":"status-publish","4":"has-post-thumbnail","6":"product_cat-desmontadoras-es","7":"product_tag-passenger-cars-es","8":"product_tag-quickship-es","10":"first","11":"instock","12":"shipping-taxable","13":"product-type-simple"},"approvals":[],"application":[],"brb_media_brochure":[{"id":148942,"url":"https:\/\/dev.codekraft.it\/ravaglioli.it\/wp-content\/uploads\/brb_media\/00521433_tyre-changer-g1250-30-br-de-09-2023-screen.pdf","title":"Tyre Changer G1250 30 BR de 09 2023 screen","mpn":"","thumbnail":"https:\/\/dev.codekraft.it\/ravaglioli.it\/wp-content\/uploads\/brb_media\/00521433_tyre-changer-g1250-30-br-de-09-2023-screen-pdf-106x150.png","description":""},{"id":148943,"url":"https:\/\/dev.codekraft.it\/ravaglioli.it\/wp-content\/uploads\/brb_media\/00521434_tyre-changer-g1250-30-br-en-09-2023-screen.pdf","title":"Tyre Changer G1250 30 BR en 09 2023 screen","mpn":"","thumbnail":"https:\/\/dev.codekraft.it\/ravaglioli.it\/wp-content\/uploads\/brb_media\/00521434_tyre-changer-g1250-30-br-en-09-2023-screen-pdf-106x150.png","description":""},{"id":148944,"url":"https:\/\/dev.codekraft.it\/ravaglioli.it\/wp-content\/uploads\/brb_media\/00521435_tyre-changer-g1250-30-br-fr-09-2023-screen.pdf","title":"Tyre Changer G1250 30 BR fr 09 2023 screen","mpn":"","thumbnail":"https:\/\/dev.codekraft.it\/ravaglioli.it\/wp-content\/uploads\/brb_media\/00521435_tyre-changer-g1250-30-br-fr-09-2023-screen-pdf-106x150.png","description":""},{"id":148945,"url":"https:\/\/dev.codekraft.it\/ravaglioli.it\/wp-content\/uploads\/brb_media\/00521436_tyre-changer-g1250-30-br-it-09-2023-screen.pdf","title":"Tyre Changer G1250 30 BR it 09 2023 screen","mpn":"","thumbnail":"https:\/\/dev.codekraft.it\/ravaglioli.it\/wp-content\/uploads\/brb_media\/00521436_tyre-changer-g1250-30-br-it-09-2023-screen-pdf-106x150.png","description":""},{"id":148946,"url":"https:\/\/dev.codekraft.it\/ravaglioli.it\/wp-content\/uploads\/brb_media\/00521437_tyre-changer-g1250-30-br-es-09-2023-screen.pdf","title":"Tyre Changer G1250 30 BR es 09 2023 screen","mpn":"","thumbnail":"https:\/\/dev.codekraft.it\/ravaglioli.it\/wp-content\/uploads\/brb_media\/00521437_tyre-changer-g1250-30-br-es-09-2023-screen-pdf-106x150.png","description":""},{"id":148947,"url":"https:\/\/dev.codekraft.it\/ravaglioli.it\/wp-content\/uploads\/brb_media\/00521438_tyre-changer-g1250-30-br-ru-09-2023-screen.pdf","title":"Tyre Changer G1250 30 BR ru 09 2023 screen","mpn":"","thumbnail":"https:\/\/dev.codekraft.it\/ravaglioli.it\/wp-content\/uploads\/brb_media\/00521438_tyre-changer-g1250-30-br-ru-09-2023-screen-pdf-106x150.png","description":""}],"brb_media_drawing":"","brb_media_manuals":[{"id":150418,"url":"https:\/\/dev.codekraft.it\/ravaglioli.it\/wp-content\/uploads\/brb_media\/00548687_tyre-changer-ravg1250-im-7105-m023-00_vsg_rev00_de-2023-09.pdf","title":"Tyre changer RAVG1250 IM 7105 M023 00 VSG rev00 de 2023 09","mpn":"","thumbnail":"https:\/\/dev.codekraft.it\/ravaglioli.it\/wp-content\/uploads\/brb_media\/00548687_tyre-changer-ravg1250-im-7105-m023-00_vsg_rev00_de-2023-09-pdf-106x150.png","description":""},{"id":150419,"url":"https:\/\/dev.codekraft.it\/ravaglioli.it\/wp-content\/uploads\/brb_media\/00548688_tyre-changer-ravg1250-im-7105-m023-00_vsg_rev00_en-2023-09.pdf","title":"Tyre changer RAVG1250 IM 7105 M023 00 VSG rev00 en 2023 09","mpn":"","thumbnail":"https:\/\/dev.codekraft.it\/ravaglioli.it\/wp-content\/uploads\/brb_media\/00548688_tyre-changer-ravg1250-im-7105-m023-00_vsg_rev00_en-2023-09-pdf-106x150.png","description":""},{"id":150420,"url":"https:\/\/dev.codekraft.it\/ravaglioli.it\/wp-content\/uploads\/brb_media\/00548689_tyre-changer-ravg1250-im-7105-m023-00_vsg_rev00_fr-2023-09.pdf","title":"Tyre changer RAVG1250 IM 7105 M023 00 VSG rev00 fr 2023 09","mpn":"","thumbnail":"https:\/\/dev.codekraft.it\/ravaglioli.it\/wp-content\/uploads\/brb_media\/00548689_tyre-changer-ravg1250-im-7105-m023-00_vsg_rev00_fr-2023-09-pdf-106x150.png","description":""},{"id":150421,"url":"https:\/\/dev.codekraft.it\/ravaglioli.it\/wp-content\/uploads\/brb_media\/00548690_tyre-changer-ravg1250-im-7105-m023-00_vsg_rev00_it-2023-09.pdf","title":"Tyre changer RAVG1250 IM 7105 M023 00 VSG rev00 it 2023 09","mpn":"","thumbnail":"https:\/\/dev.codekraft.it\/ravaglioli.it\/wp-content\/uploads\/brb_media\/00548690_tyre-changer-ravg1250-im-7105-m023-00_vsg_rev00_it-2023-09-pdf-106x150.png","description":""},{"id":150422,"url":"https:\/\/dev.codekraft.it\/ravaglioli.it\/wp-content\/uploads\/brb_media\/00548691_tyre-changer-ravg1250-im-7105-m023-00_vsg_rev00_es-2023-09.pdf","title":"Tyre changer RAVG1250 IM 7105 M023 00 VSG rev00 es 2023 09","mpn":"","thumbnail":"https:\/\/dev.codekraft.it\/ravaglioli.it\/wp-content\/uploads\/brb_media\/00548691_tyre-changer-ravg1250-im-7105-m023-00_vsg_rev00_es-2023-09-pdf-106x150.png","description":""}],"brb_media_safety_datasheets":"","brb_media_spare_parts":[],"_cdmm_p_id":"501007","_company":"Ravaglioli","_gtin":"5063084200129","accessories":[{"id":155899,"mpn":"G1000A137","name":"Placa de sujeci\u00f3n Universal | para llantas sin agujero central y llantas invertidas | por G1000A138","description":"Garra universal para llantas ciegas \/ llantas al rev\u00e9s","thumbnail":"https:\/\/dev.codekraft.it\/ravaglioli.it\/wp-content\/uploads\/brb_media\/00506682_g1000a137-01-150x150.png","url":"https:\/\/dev.codekraft.it\/ravaglioli.it\/es\/product\/placa-de-sujecion-universal-para-llantas-sin-agujero-central-y-llantas-invertidas-por-g1000a138\/"},{"id":155536,"mpn":"G1000A84K","name":"Protecci\u00f3n de pl\u00e1stico para cono de centrado","description":"Juego de protecciones cono para dispositivo de bloqueo garra r\u00e1pida, para G1000A138 - G1000A80 (5 unidades)","thumbnail":"https:\/\/dev.codekraft.it\/ravaglioli.it\/wp-content\/uploads\/brb_media\/00506709_g1000a84k-150x150.png","url":"https:\/\/dev.codekraft.it\/ravaglioli.it\/es\/product\/proteccion-de-plastico-para-cono-de-centrado\/"},{"id":152828,"mpn":"G1000A117","name":"\u00datil de montaje","description":"In plastica | 1 pieza","thumbnail":"https:\/\/dev.codekraft.it\/ravaglioli.it\/wp-content\/uploads\/brb_media\/00506675_g1000a117-150x150.png","url":"https:\/\/dev.codekraft.it\/ravaglioli.it\/es\/product\/util-de-montaje\/"},{"id":153056,"mpn":"G1000A117K","name":"\u00datil de montaje","description":"In plastica | 20 piezas","thumbnail":"https:\/\/dev.codekraft.it\/ravaglioli.it\/wp-content\/uploads\/brb_media\/00506675_g1000a117-150x150.png","url":"https:\/\/dev.codekraft.it\/ravaglioli.it\/es\/product\/util-de-montaje-2\/"},{"id":155542,"mpn":"G1000A70K","name":"Protecci\u00f3n de pl\u00e1stico para pernos de arrastre","description":"Protecci\u00f3n para dispositivo de tracci\u00f3n en mesa de sujeci\u00f3n | 1 juego \/ 5 piezas","thumbnail":"https:\/\/dev.codekraft.it\/ravaglioli.it\/wp-content\/uploads\/brb_media\/00506705_g1000a70k-150x150.png","url":"https:\/\/dev.codekraft.it\/ravaglioli.it\/es\/product\/proteccion-de-plastico-para-pernos-de-arrastre\/"},{"id":155530,"mpn":"G1000A81K","name":"Protecci\u00f3n de goma para della platillo de apoyo rueda","description":"Juego de protecci\u00f3n para ruedas invertidas | 1 juego \/ 10 piezas","thumbnail":"https:\/\/dev.codekraft.it\/ravaglioli.it\/wp-content\/uploads\/brb_media\/00506708_g1000a81k-sp-150x150.png","url":"https:\/\/dev.codekraft.it\/ravaglioli.it\/es\/product\/proteccion-de-goma-para-della-platillo-de-apoyo-rueda\/"},{"id":155596,"mpn":"G1000A86","name":"Espejo con soporte magn\u00e9tico","description":"","thumbnail":"https:\/\/dev.codekraft.it\/ravaglioli.it\/wp-content\/uploads\/brb_media\/00506710_g1000a86-150x150.png","url":"https:\/\/dev.codekraft.it\/ravaglioli.it\/es\/product\/espejo-con-soporte-magnetico\/"},{"id":155518,"mpn":"G800A38","name":"Brocha Pl\u00e1stico","description":"","thumbnail":"https:\/\/dev.codekraft.it\/ravaglioli.it\/wp-content\/uploads\/brb_media\/00506719_g800a38-150x150.png","url":"https:\/\/dev.codekraft.it\/ravaglioli.it\/es\/product\/brocha-plastico\/"},{"id":155917,"mpn":"G800A37","name":"Jab\u00f3n lubricante para montaje\/desmontaje neum\u00e1ticos | 3,5 kg","description":"","thumbnail":"https:\/\/dev.codekraft.it\/ravaglioli.it\/wp-content\/uploads\/brb_media\/00506743_g800a37-150x150.png","url":"https:\/\/dev.codekraft.it\/ravaglioli.it\/es\/product\/jabon-lubricante-para-montaje-desmontaje-neumaticos-35-kg\/"},{"id":155554,"mpn":"G1000A101","name":"Garra para LT (Light Truck)","description":"","thumbnail":"https:\/\/dev.codekraft.it\/ravaglioli.it\/wp-content\/uploads\/brb_media\/00506669_g1000a101-150x150.png","url":"https:\/\/dev.codekraft.it\/ravaglioli.it\/es\/product\/garra-para-lt-light-truck\/"},{"id":153657,"mpn":"G1000A161","name":"Placa de sujeci\u00f3n Universal | para llantas CLAD con agujero central","description":"Garra universal para bloqueo de la rueda por los agujeros de fijaci\u00f3n - Necesario en la rueda el agujero central para su montaje","thumbnail":"https:\/\/dev.codekraft.it\/ravaglioli.it\/wp-content\/uploads\/brb_media\/00535630_g1000a161-mi-150x150.png","url":"https:\/\/dev.codekraft.it\/ravaglioli.it\/es\/product\/placa-de-sujecion-universal-para-llantas-clad-con-agujero-central\/"},{"id":153651,"mpn":"G1000A158","name":"Placa de sujeci\u00f3n Universal | para ruedas invertidas","description":"Garra universal","thumbnail":"https:\/\/dev.codekraft.it\/ravaglioli.it\/wp-content\/uploads\/brb_media\/00506723_g1000a87-150x150.png","url":"https:\/\/dev.codekraft.it\/ravaglioli.it\/es\/product\/placa-de-sujecion-universal-para-ruedas-invertidas\/"}],"components":[],"delivery":[{"id":155797,"mpn":"G800A32","name":"Protecci\u00f3n de pl\u00e1stico para el borde de llanta","description":"Protecci\u00f3n tal\u00f3n para neum\u00e1ticos \u00abRun Flat\u00bb | Incluido en el kit WDK | 1 pieza","thumbnail":"https:\/\/dev.codekraft.it\/ravaglioli.it\/wp-content\/uploads\/brb_media\/00506718_g800a32-150x150.png","url":"https:\/\/dev.codekraft.it\/ravaglioli.it\/es\/product\/proteccion-de-plastico-para-el-borde-de-llanta\/"},{"id":155331,"mpn":"G1000A36","name":"Extensi\u00f3n para prensa tal\u00f3n a 28\u2033 | para G1000A32","description":"Incluido en el kit WDK","thumbnail":"https:\/\/dev.codekraft.it\/ravaglioli.it\/wp-content\/uploads\/brb_media\/00506693_g1000a36-150x150.png","url":"https:\/\/dev.codekraft.it\/ravaglioli.it\/es\/product\/extension-para-prensa-talon-a-28%e2%80%b3-para-g1000a32\/"},{"id":155821,"mpn":"G1000A100K","name":"Pel\u00edculas de protecci\u00f3n de tal\u00f3n | con homologaci\u00f3n WDK","description":"Incluido en el kit WDK | 1 juego \/ 50 piezas","thumbnail":"https:\/\/dev.codekraft.it\/ravaglioli.it\/wp-content\/uploads\/brb_media\/00506667_g1000a100k-01-150x150.png","url":"https:\/\/dev.codekraft.it\/ravaglioli.it\/es\/product\/peliculas-de-proteccion-de-talon-con-homologacion-wdk\/"},{"id":153494,"mpn":"G1000A138","name":"Bloqueo de fijaci\u00f3n r\u00e1pida para llantas","description":"Dispositivo de bloqueo rueda con enganche r\u00e1pido para desmontadoras","thumbnail":"https:\/\/dev.codekraft.it\/ravaglioli.it\/wp-content\/uploads\/brb_media\/00506684_g1000a138-150x150.png","url":"https:\/\/dev.codekraft.it\/ravaglioli.it\/es\/product\/bloqueo-de-fijacion-rapida-para-llantas\/"},{"id":154817,"mpn":"G1000A111","name":"Dispositivo de prensado de tal\u00f3n WDK","description":"Incluido en el kit WDK","thumbnail":"https:\/\/dev.codekraft.it\/ravaglioli.it\/wp-content\/uploads\/brb_media\/00506672_g1000a111-150x150.png","url":"https:\/\/dev.codekraft.it\/ravaglioli.it\/es\/product\/dispositivo-de-prensado-de-talon-wdk\/"},{"id":155099,"mpn":"G1000A140","name":"Wulstboy con dispositivo de remolque Est\u00e1ndar","description":"Incluido en el kit WDK","thumbnail":"https:\/\/dev.codekraft.it\/ravaglioli.it\/wp-content\/uploads\/brb_media\/00506688_g1000a140-150x150.png","url":"https:\/\/dev.codekraft.it\/ravaglioli.it\/es\/product\/wulstboy-con-dispositivo-de-remolque-estandar\/"},{"id":156625,"mpn":"","name":"Brazo de ayuda neum\u00e1tico","description":"Brazo prensa-tal\u00f3n rotatorio neum\u00e1tico | alcance de la entrega de G1250.30 PLUS v G1250.30IT PLUS","thumbnail":"https:\/\/dev.codekraft.it\/ravaglioli.it\/wp-content\/uploads\/brb_media\/00373746_tyre-changers-helper-di-150x150.png","url":"https:\/\/dev.codekraft.it\/ravaglioli.it\/es\/product\/brazo-de-ayuda-neumatico-3\/"},{"id":156619,"mpn":"","name":"Elevador para ruedas neum\u00e1tico","description":"Alcance de la entrega de G1250.30 PLUS v G1250.30IT PLUS","thumbnail":"https:\/\/dev.codekraft.it\/ravaglioli.it\/wp-content\/uploads\/brb_media\/00506634_g800a35-150x150.png","url":"https:\/\/dev.codekraft.it\/ravaglioli.it\/es\/product\/elevador-para-ruedas-neumatico-2\/"}],"package":[],"related":[],"similar":[{"id":152139,"mpn":"RAV.G1190.200853","name":"Desmontadora de neum\u00e1ticos G1190.30","description":"Sin palanca, incluye brazo de ayuda neum\u00e1tico, turismo, di\u00e1metro de llanta 10 - 30\u2033, anchura llanta m\u00e1x. 15\u2033 | Certificado wdk","thumbnail":"https:\/\/dev.codekraft.it\/ravaglioli.it\/wp-content\/uploads\/brb_media\/00507108_tyre-changer-g119030-mi-03-150x150.png","url":"https:\/\/dev.codekraft.it\/ravaglioli.it\/es\/product\/desmontadora-de-neumaticos-g1190-30\/"},{"id":156037,"mpn":"RAV.G1250.200037","name":"Desmontadora de neum\u00e1ticos G1250.30PLUSIT","description":"Sin palanca, autom\u00e1tica, incl. dispositivo de inflado tubeless, brazo de ayuda neum\u00e1tico y elevador neum\u00e1tico de ruedas, turismo, di\u00e1metro de llanta 10 - 30\u2033, anchura llante max. 15\u2033 | Certificado wdk","thumbnail":"https:\/\/dev.codekraft.it\/ravaglioli.it\/wp-content\/uploads\/brb_media\/00505477_tyre-changer-g1250-30-mi-01-150x150.png","url":"https:\/\/dev.codekraft.it\/ravaglioli.it\/es\/product\/desmontadora-de-neumaticos-g1250-30plusit\/"}],"page_logo_src":"https:\/\/dev.codekraft.it\/ravaglioli.it\/wp-content\/uploads\/2026\/04\/rav-negative-logo-1.png","lang":"es","translations":{"es":156031,"en":156027,"de":156028,"fr":156029,"it":156030,"ru":156032},"pll_sync_post":[],"_links":{"self":[{"href":"https:\/\/dev.codekraft.it\/ravaglioli.it\/wp-json\/wp\/v2\/product\/156031","targetHints":{"allow":["GET"]}}],"collection":[{"href":"https:\/\/dev.codekraft.it\/ravaglioli.it\/wp-json\/wp\/v2\/product"}],"about":[{"href":"https:\/\/dev.codekraft.it\/ravaglioli.it\/wp-json\/wp\/v2\/types\/product"}],"wp:featuredmedia":[{"embeddable":true,"href":"https:\/\/dev.codekraft.it\/ravaglioli.it\/wp-json\/wp\/v2\/media\/149533"}],"wp:attachment":[{"href":"https:\/\/dev.codekraft.it\/ravaglioli.it\/wp-json\/wp\/v2\/media?parent=156031"}],"wp:term":[{"taxonomy":"product_brand","embeddable":true,"href":"https:\/\/dev.codekraft.it\/ravaglioli.it\/wp-json\/wp\/v2\/product_brand?post=156031"},{"taxonomy":"product_cat","embeddable":true,"href":"https:\/\/dev.codekraft.it\/ravaglioli.it\/wp-json\/wp\/v2\/product_cat?post=156031"},{"taxonomy":"product_tag","embeddable":true,"href":"https:\/\/dev.codekraft.it\/ravaglioli.it\/wp-json\/wp\/v2\/product_tag?post=156031"},{"taxonomy":"product_approvals","embeddable":true,"href":"https:\/\/dev.codekraft.it\/ravaglioli.it\/wp-json\/wp\/v2\/product_approvals?post=156031"},{"taxonomy":"product_application","embeddable":true,"href":"https:\/\/dev.codekraft.it\/ravaglioli.it\/wp-json\/wp\/v2\/product_application?post=156031"}],"curies":[{"name":"wp","href":"https:\/\/api.w.org\/{rel}","templated":true}]}}