{"id":156029,"date":"2025-11-20T10:26:31","date_gmt":"2025-11-20T10:26:31","guid":{"rendered":"https:\/\/dev.codekraft.it\/ravaglioli.it\/product\/demonte-pneu-g1250-30plus\/"},"modified":"2026-01-14T20:00:01","modified_gmt":"2026-01-14T20:00:01","slug":"demonte-pneu-g1250-30plus","status":"publish","type":"product","link":"https:\/\/dev.codekraft.it\/ravaglioli.it\/fr\/product\/demonte-pneu-g1250-30plus\/","title":{"rendered":"D\u00e9monte-pneu G1250.30PLUS"},"content":{"rendered":"<p>Let the Wheels Speed Up<\/p>\n<ul>\n<li>Op\u00e9rations simples\u00a0: un seul mouvement permet de r\u00e9gler le diam\u00e8tre et la position des trois outils de travail<\/li>\n<li>Op\u00e9rations rapides\u00a0: Memory system &#8211; fonction de repositionnement automatique de la t\u00eate de montage sur la jante<\/li>\n<li>Op\u00e9rations s\u00fbres\u00a0: d\u00e9talonnage efficace et s\u00e9curis\u00e9 sans endommager le flanc du pneu et le capteur de pression<\/li>\n<\/ul>\n<p>\u00c9quipe d&#8217;une t\u00eate de montage sans levier innovante (brevet\u00e9e) et de fonctions automatiques de pointe, il permet un travail rapide, pr\u00e9cis et sans effort, m\u00eame sur les pneus \u00e0 profil ultra bas et \u00e0 roulage \u00e0 plat. Il est fourni avec une configuration compl\u00e8te des principaux accessoires, ce qui le rend particuli\u00e8rement adapt\u00e9 aux revendeurs de pneus et aux concessionnaires.<\/p>\n<ul>\n<li>Actionneur \u00e9lectrom\u00e9canique qui commande, via un syst\u00e8me de synchronisation \u00e0 cha\u00eene, le mouvement simultan\u00e9 des trois outils de travail.<\/li>\n<li>Capteur avec activation automatique de la fonction d&#8217;avance des disques pour un d\u00e9talonnage pr\u00e9cis et sans risques pour les pneus.<\/li>\n<li>Pointeur laser qui indique le bon positionnement des t\u00eates de montage.<\/li>\n<li>MEMORY SYSTEM &#8211; Touche MEMORY avec fonction de repositionnement automatique de la t\u00eate de montage sur la jante, permettant de reprendre rapidement un nouveau processus de d\u00e9montage et de montage.<\/li>\n<li>Le moteur avec inverter permet \u00e0 l&#8217;op\u00e9rateur de contr\u00f4ler la vitesse variable de la roue (0 &#8211; 15 tr\/min).<\/li>\n<li>Pour prot\u00e9ger le talon, la vitesse est automatiquement adapt\u00e9e en fonction de la tension relev\u00e9e.<\/li>\n<li>Le verrouillage de colonne centrale avec plaque flottante (brevet\u00e9), \u00e9galement adapt\u00e9 aux jantes invers\u00e9es, consiste en un m\u00e9canisme d&#8217;auto-verrouillage qui r\u00e9duit l&#8217;effort de l&#8217;op\u00e9rateur.<\/li>\n<li>Syst\u00e8me de d\u00e9talonneur \u00e0 double rouleau. Le pneu est d\u00e9talonn\u00e9 rapidement et en toute s\u00e9curit\u00e9 par deux disques oppos\u00e9s et synchronis\u00e9s.<\/li>\n<\/ul>\n<ul>\n<li>Trois hauteurs de travail r\u00e9glables<\/li>\n<li>Gonflage \u00e0 p\u00e9dale, manom\u00e8tre et valve de gonflage rapide<\/li>\n<li>Muni d&#8217;un bras pousse-talon \u00e0 commande pneumatique rotatif<\/li>\n<li>Certifi\u00e9 WDK<\/li>\n<li>Compartiments de rangement pour accessoires, valves et t\u00eates de montage<\/li>\n<li>Espace libre \u00e0 l&#8217;arri\u00e8re pour une meilleure man\u0153uvrabilit\u00e9 et libert\u00e9 de mouvement autour de l&#8217;\u00e9quipement<\/li>\n<li>Fourni avec levage de roue \u00e0 commande pneumatique<\/li>\n<li>\u00c9crou de serrage rapide des jantes<\/li>\n<li>Les commandes sont r\u00e9unies sur une console unique, con\u00e7ue pour un confort de travail optimal<\/li>\n<li>T\u00eate de montage r\u00e9alis\u00e9e dans un mat\u00e9riau anti-rayures pour pouvoir travailler pr\u00e8s du bord des jantes sans les endommager (effet z\u00e9ro contrainte)<\/li>\n<\/ul>\n","protected":false},"excerpt":{"rendered":"<p>Sans levier, automatique, incl. pousse talon pneumatique et pneumatique l\u00e9ve roue, voiture de tourisme, diam\u00e8tre de jante 10 &#8211; 30\u2033, largeur de jante max. 15\u2033 | Certifi\u00e9 wdk<\/p>\n","protected":false},"featured_media":149533,"template":"","meta":[],"product_brand":[],"product_cat":[57876],"product_tag":[63157,58290],"product_approvals":[],"product_application":[],"class_list":{"0":"post-156029","1":"product","2":"type-product","3":"status-publish","4":"has-post-thumbnail","6":"product_cat-demonte-pneus-fr","7":"product_tag-quickship-fr","8":"product_tag-passenger-cars-fr","10":"first","11":"instock","12":"shipping-taxable","13":"product-type-simple"},"approvals":[],"application":[],"brb_media_brochure":[{"id":148942,"url":"https:\/\/dev.codekraft.it\/ravaglioli.it\/wp-content\/uploads\/brb_media\/00521433_tyre-changer-g1250-30-br-de-09-2023-screen.pdf","title":"Tyre Changer G1250 30 BR de 09 2023 screen","mpn":"","thumbnail":"https:\/\/dev.codekraft.it\/ravaglioli.it\/wp-content\/uploads\/brb_media\/00521433_tyre-changer-g1250-30-br-de-09-2023-screen-pdf-106x150.png","description":""},{"id":148943,"url":"https:\/\/dev.codekraft.it\/ravaglioli.it\/wp-content\/uploads\/brb_media\/00521434_tyre-changer-g1250-30-br-en-09-2023-screen.pdf","title":"Tyre Changer G1250 30 BR en 09 2023 screen","mpn":"","thumbnail":"https:\/\/dev.codekraft.it\/ravaglioli.it\/wp-content\/uploads\/brb_media\/00521434_tyre-changer-g1250-30-br-en-09-2023-screen-pdf-106x150.png","description":""},{"id":148944,"url":"https:\/\/dev.codekraft.it\/ravaglioli.it\/wp-content\/uploads\/brb_media\/00521435_tyre-changer-g1250-30-br-fr-09-2023-screen.pdf","title":"Tyre Changer G1250 30 BR fr 09 2023 screen","mpn":"","thumbnail":"https:\/\/dev.codekraft.it\/ravaglioli.it\/wp-content\/uploads\/brb_media\/00521435_tyre-changer-g1250-30-br-fr-09-2023-screen-pdf-106x150.png","description":""},{"id":148945,"url":"https:\/\/dev.codekraft.it\/ravaglioli.it\/wp-content\/uploads\/brb_media\/00521436_tyre-changer-g1250-30-br-it-09-2023-screen.pdf","title":"Tyre Changer G1250 30 BR it 09 2023 screen","mpn":"","thumbnail":"https:\/\/dev.codekraft.it\/ravaglioli.it\/wp-content\/uploads\/brb_media\/00521436_tyre-changer-g1250-30-br-it-09-2023-screen-pdf-106x150.png","description":""},{"id":148946,"url":"https:\/\/dev.codekraft.it\/ravaglioli.it\/wp-content\/uploads\/brb_media\/00521437_tyre-changer-g1250-30-br-es-09-2023-screen.pdf","title":"Tyre Changer G1250 30 BR es 09 2023 screen","mpn":"","thumbnail":"https:\/\/dev.codekraft.it\/ravaglioli.it\/wp-content\/uploads\/brb_media\/00521437_tyre-changer-g1250-30-br-es-09-2023-screen-pdf-106x150.png","description":""},{"id":148947,"url":"https:\/\/dev.codekraft.it\/ravaglioli.it\/wp-content\/uploads\/brb_media\/00521438_tyre-changer-g1250-30-br-ru-09-2023-screen.pdf","title":"Tyre Changer G1250 30 BR ru 09 2023 screen","mpn":"","thumbnail":"https:\/\/dev.codekraft.it\/ravaglioli.it\/wp-content\/uploads\/brb_media\/00521438_tyre-changer-g1250-30-br-ru-09-2023-screen-pdf-106x150.png","description":""}],"brb_media_drawing":"","brb_media_manuals":[{"id":150418,"url":"https:\/\/dev.codekraft.it\/ravaglioli.it\/wp-content\/uploads\/brb_media\/00548687_tyre-changer-ravg1250-im-7105-m023-00_vsg_rev00_de-2023-09.pdf","title":"Tyre changer RAVG1250 IM 7105 M023 00 VSG rev00 de 2023 09","mpn":"","thumbnail":"https:\/\/dev.codekraft.it\/ravaglioli.it\/wp-content\/uploads\/brb_media\/00548687_tyre-changer-ravg1250-im-7105-m023-00_vsg_rev00_de-2023-09-pdf-106x150.png","description":""},{"id":150419,"url":"https:\/\/dev.codekraft.it\/ravaglioli.it\/wp-content\/uploads\/brb_media\/00548688_tyre-changer-ravg1250-im-7105-m023-00_vsg_rev00_en-2023-09.pdf","title":"Tyre changer RAVG1250 IM 7105 M023 00 VSG rev00 en 2023 09","mpn":"","thumbnail":"https:\/\/dev.codekraft.it\/ravaglioli.it\/wp-content\/uploads\/brb_media\/00548688_tyre-changer-ravg1250-im-7105-m023-00_vsg_rev00_en-2023-09-pdf-106x150.png","description":""},{"id":150420,"url":"https:\/\/dev.codekraft.it\/ravaglioli.it\/wp-content\/uploads\/brb_media\/00548689_tyre-changer-ravg1250-im-7105-m023-00_vsg_rev00_fr-2023-09.pdf","title":"Tyre changer RAVG1250 IM 7105 M023 00 VSG rev00 fr 2023 09","mpn":"","thumbnail":"https:\/\/dev.codekraft.it\/ravaglioli.it\/wp-content\/uploads\/brb_media\/00548689_tyre-changer-ravg1250-im-7105-m023-00_vsg_rev00_fr-2023-09-pdf-106x150.png","description":""},{"id":150421,"url":"https:\/\/dev.codekraft.it\/ravaglioli.it\/wp-content\/uploads\/brb_media\/00548690_tyre-changer-ravg1250-im-7105-m023-00_vsg_rev00_it-2023-09.pdf","title":"Tyre changer RAVG1250 IM 7105 M023 00 VSG rev00 it 2023 09","mpn":"","thumbnail":"https:\/\/dev.codekraft.it\/ravaglioli.it\/wp-content\/uploads\/brb_media\/00548690_tyre-changer-ravg1250-im-7105-m023-00_vsg_rev00_it-2023-09-pdf-106x150.png","description":""},{"id":150422,"url":"https:\/\/dev.codekraft.it\/ravaglioli.it\/wp-content\/uploads\/brb_media\/00548691_tyre-changer-ravg1250-im-7105-m023-00_vsg_rev00_es-2023-09.pdf","title":"Tyre changer RAVG1250 IM 7105 M023 00 VSG rev00 es 2023 09","mpn":"","thumbnail":"https:\/\/dev.codekraft.it\/ravaglioli.it\/wp-content\/uploads\/brb_media\/00548691_tyre-changer-ravg1250-im-7105-m023-00_vsg_rev00_es-2023-09-pdf-106x150.png","description":""}],"brb_media_safety_datasheets":"","brb_media_spare_parts":[],"_cdmm_p_id":"501007","_company":"Ravaglioli","_gtin":"5063084200129","accessories":[{"id":155897,"mpn":"G1000A137","name":"Plaque de serrage de type Universel | pour jantes \u00e0 centre ferm\u00e9 et jantes invers\u00e9es | pour G1000A138","description":"Flasque universelle pour roues \u00e0 jante pleine \/ renvers\u00e9es","thumbnail":"https:\/\/dev.codekraft.it\/ravaglioli.it\/wp-content\/uploads\/brb_media\/00506682_g1000a137-01-150x150.png","url":"https:\/\/dev.codekraft.it\/ravaglioli.it\/fr\/product\/plaque-de-serrage-de-type-universel-pour-jantes-a-centre-ferme-et-jantes-inversees-pour-g1000a138\/"},{"id":155534,"mpn":"G1000A84K","name":"Protection plastique pour c\u00f4ne de centrage","description":"Kit protections c\u00f4ne dispositif de blocage avec flasque rapide, pour G1000A138 - G1000A80 | 1 jeu \/ 5 pi\u00e8ces","thumbnail":"https:\/\/dev.codekraft.it\/ravaglioli.it\/wp-content\/uploads\/brb_media\/00506709_g1000a84k-150x150.png","url":"https:\/\/dev.codekraft.it\/ravaglioli.it\/fr\/product\/protection-plastique-pour-cone-de-centrage\/"},{"id":152826,"mpn":"G1000A117","name":"T\u00eate de montage","description":"En plastique | 1 pi\u00e8ce","thumbnail":"https:\/\/dev.codekraft.it\/ravaglioli.it\/wp-content\/uploads\/brb_media\/00506675_g1000a117-150x150.png","url":"https:\/\/dev.codekraft.it\/ravaglioli.it\/fr\/product\/tete-de-montage\/"},{"id":153054,"mpn":"G1000A117K","name":"T\u00eate de montage","description":"En plastique | 20 pi\u00e8ces","thumbnail":"https:\/\/dev.codekraft.it\/ravaglioli.it\/wp-content\/uploads\/brb_media\/00506675_g1000a117-150x150.png","url":"https:\/\/dev.codekraft.it\/ravaglioli.it\/fr\/product\/tete-de-montage-2\/"},{"id":155540,"mpn":"G1000A70K","name":"Protection plastique pour broche d\u2019entra\u00eenement","description":"Protection pour syst\u00e8me de traction sur table de serrage | 1 jeu \/ 5 pi\u00e8ces","thumbnail":"https:\/\/dev.codekraft.it\/ravaglioli.it\/wp-content\/uploads\/brb_media\/00506705_g1000a70k-150x150.png","url":"https:\/\/dev.codekraft.it\/ravaglioli.it\/fr\/product\/protection-plastique-pour-broche-dentrainement\/"},{"id":155528,"mpn":"G1000A81K","name":"Protection en caoutchouc pour plateau appui roue","description":"Jeu de protections pour roues invers\u00e9es | 1 jeu \/ 10 pi\u00e8ces","thumbnail":"https:\/\/dev.codekraft.it\/ravaglioli.it\/wp-content\/uploads\/brb_media\/00506708_g1000a81k-sp-150x150.png","url":"https:\/\/dev.codekraft.it\/ravaglioli.it\/fr\/product\/protection-en-caoutchouc-pour-plateau-appui-roue\/"},{"id":155594,"mpn":"G1000A86","name":"Miroir avec support magn\u00e9tique","description":"","thumbnail":"https:\/\/dev.codekraft.it\/ravaglioli.it\/wp-content\/uploads\/brb_media\/00506710_g1000a86-150x150.png","url":"https:\/\/dev.codekraft.it\/ravaglioli.it\/fr\/product\/miroir-avec-support-magnetique\/"},{"id":155516,"mpn":"G800A38","name":"Pinceau Plastique","description":"","thumbnail":"https:\/\/dev.codekraft.it\/ravaglioli.it\/wp-content\/uploads\/brb_media\/00506719_g800a38-150x150.png","url":"https:\/\/dev.codekraft.it\/ravaglioli.it\/fr\/product\/pinceau-plastique\/"},{"id":155915,"mpn":"G800A37","name":"P\u00e2te de montage\/d\u00e9montage | 3,5 kg","description":"","thumbnail":"https:\/\/dev.codekraft.it\/ravaglioli.it\/wp-content\/uploads\/brb_media\/00506743_g800a37-150x150.png","url":"https:\/\/dev.codekraft.it\/ravaglioli.it\/fr\/product\/pate-de-montage-demontage-35-kg\/"},{"id":155552,"mpn":"G1000A101","name":"Bride pour LT (camion l\u00e9ger)","description":"","thumbnail":"https:\/\/dev.codekraft.it\/ravaglioli.it\/wp-content\/uploads\/brb_media\/00506669_g1000a101-150x150.png","url":"https:\/\/dev.codekraft.it\/ravaglioli.it\/fr\/product\/bride-pour-lt-camion-leger\/"},{"id":153655,"mpn":"G1000A161","name":"Plaque de serrage de type Universel | pour jantes CLAD avec troue centre","description":"Flasque universelle pour blocage de roue par les troues de fixation - Pour roues avec troue c\u00e9ntral","thumbnail":"https:\/\/dev.codekraft.it\/ravaglioli.it\/wp-content\/uploads\/brb_media\/00535630_g1000a161-mi-150x150.png","url":"https:\/\/dev.codekraft.it\/ravaglioli.it\/fr\/product\/plaque-de-serrage-de-type-universel-pour-jantes-clad-avec-troue-centre\/"},{"id":153649,"mpn":"G1000A158","name":"Plaque de serrage de type Universel | pour roues invers\u00e9es","description":"Bride universelle","thumbnail":"https:\/\/dev.codekraft.it\/ravaglioli.it\/wp-content\/uploads\/brb_media\/00506723_g1000a87-150x150.png","url":"https:\/\/dev.codekraft.it\/ravaglioli.it\/fr\/product\/plaque-de-serrage-de-type-universel-pour-roues-inversees\/"}],"components":[],"delivery":[{"id":155795,"mpn":"G800A32","name":"Protection plastique pour bride de jante","description":"Protection du talon pour pneus \u00ab\u00a0Run Flat\u00a0\u00bb | Compris dans le kit WDK | 1 pi\u00e8ce","thumbnail":"https:\/\/dev.codekraft.it\/ravaglioli.it\/wp-content\/uploads\/brb_media\/00506718_g800a32-150x150.png","url":"https:\/\/dev.codekraft.it\/ravaglioli.it\/fr\/product\/protection-plastique-pour-bride-de-jante\/"},{"id":155329,"mpn":"G1000A36","name":"Rallonge pour pousse talon \u00e0 28\u2033 | pour G1000A32","description":"Compris dans le kit WDK","thumbnail":"https:\/\/dev.codekraft.it\/ravaglioli.it\/wp-content\/uploads\/brb_media\/00506693_g1000a36-150x150.png","url":"https:\/\/dev.codekraft.it\/ravaglioli.it\/fr\/product\/rallonge-pour-pousse-talon-a-28%e2%80%b3-pour-g1000a32\/"},{"id":155819,"mpn":"G1000A100K","name":"Plaques de protection de talon | approuv\u00e9es WDK","description":"Compris dans le kit WDK | 1\u00a0jeu \/ 50\u00a0pi\u00e8ces","thumbnail":"https:\/\/dev.codekraft.it\/ravaglioli.it\/wp-content\/uploads\/brb_media\/00506667_g1000a100k-01-150x150.png","url":"https:\/\/dev.codekraft.it\/ravaglioli.it\/fr\/product\/plaques-de-protection-de-talon-approuvees-wdk\/"},{"id":153492,"mpn":"G1000A138","name":"\u00c9crou de serrage rapide pour jantes","description":"Dispositif de blocage avec flasque rapide pour d\u00e9monte-pneus","thumbnail":"https:\/\/dev.codekraft.it\/ravaglioli.it\/wp-content\/uploads\/brb_media\/00506684_g1000a138-150x150.png","url":"https:\/\/dev.codekraft.it\/ravaglioli.it\/fr\/product\/ecrou-de-serrage-rapide-pour-jantes\/"},{"id":154815,"mpn":"G1000A111","name":"Dispositif de pousse talon WDK","description":"Compris dans le kit WDK","thumbnail":"https:\/\/dev.codekraft.it\/ravaglioli.it\/wp-content\/uploads\/brb_media\/00506672_g1000a111-150x150.png","url":"https:\/\/dev.codekraft.it\/ravaglioli.it\/fr\/product\/dispositif-de-pousse-talon-wdk\/"},{"id":155097,"mpn":"G1000A140","name":"Wulstboy avec dispositif de remorquage Standard","description":"Compris dans le kit WDK","thumbnail":"https:\/\/dev.codekraft.it\/ravaglioli.it\/wp-content\/uploads\/brb_media\/00506688_g1000a140-150x150.png","url":"https:\/\/dev.codekraft.it\/ravaglioli.it\/fr\/product\/wulstboy-avec-dispositif-de-remorquage-standard\/"},{"id":156623,"mpn":"","name":"Bras d&#039;aide pneumatique","description":"Bras pousse-talon rotatif pneumatique | \u00e9tendue de la prestation des G1250.30 PLUS et G1250.30IT PLUS","thumbnail":"https:\/\/dev.codekraft.it\/ravaglioli.it\/wp-content\/uploads\/brb_media\/00373746_tyre-changers-helper-di-150x150.png","url":"https:\/\/dev.codekraft.it\/ravaglioli.it\/fr\/product\/bras-daide-pneumatique-3\/"},{"id":156617,"mpn":"","name":"\u00c8l\u00e9vateur de roue pneumatique","description":"\u00c9tendue de la prestation des G1250.30 PLUS et G1250.30IT PLUS","thumbnail":"https:\/\/dev.codekraft.it\/ravaglioli.it\/wp-content\/uploads\/brb_media\/00506634_g800a35-150x150.png","url":"https:\/\/dev.codekraft.it\/ravaglioli.it\/fr\/product\/elevateur-de-roue-pneumatique-2\/"}],"package":[],"related":[],"similar":[{"id":152137,"mpn":"RAV.G1190.200853","name":"D\u00e9monte-pneu G1190.30","description":"Sans levier, incl. pousse talon pneumatique, voiture de tourisme, diam\u00e8tre de jante 10 - 30\u2033, largeur de jante max. 15\u2033 | Certifi\u00e9 wdk","thumbnail":"https:\/\/dev.codekraft.it\/ravaglioli.it\/wp-content\/uploads\/brb_media\/00507108_tyre-changer-g119030-mi-03-150x150.png","url":"https:\/\/dev.codekraft.it\/ravaglioli.it\/fr\/product\/demonte-pneu-g1190-30\/"},{"id":156035,"mpn":"RAV.G1250.200037","name":"D\u00e9monte-pneu G1250.30PLUSIT","description":"Sans levier, automatique, incl. dispositif de gonflage tubeless, pousse talon pneumatique et pneumatique l\u00e9ve roue, voiture de tourisme, diam\u00e8tre de jante 10 - 30\u2033, largeur de jante max. 15\u2033 | Certifi\u00e9 wdk","thumbnail":"https:\/\/dev.codekraft.it\/ravaglioli.it\/wp-content\/uploads\/brb_media\/00505477_tyre-changer-g1250-30-mi-01-150x150.png","url":"https:\/\/dev.codekraft.it\/ravaglioli.it\/fr\/product\/demonte-pneu-g1250-30plusit\/"}],"page_logo_src":"https:\/\/dev.codekraft.it\/ravaglioli.it\/wp-content\/uploads\/2026\/04\/rav-negative-logo-1.png","lang":"fr","translations":{"fr":156029,"en":156027,"de":156028,"it":156030,"es":156031,"ru":156032},"pll_sync_post":[],"_links":{"self":[{"href":"https:\/\/dev.codekraft.it\/ravaglioli.it\/wp-json\/wp\/v2\/product\/156029","targetHints":{"allow":["GET"]}}],"collection":[{"href":"https:\/\/dev.codekraft.it\/ravaglioli.it\/wp-json\/wp\/v2\/product"}],"about":[{"href":"https:\/\/dev.codekraft.it\/ravaglioli.it\/wp-json\/wp\/v2\/types\/product"}],"wp:featuredmedia":[{"embeddable":true,"href":"https:\/\/dev.codekraft.it\/ravaglioli.it\/wp-json\/wp\/v2\/media\/149533"}],"wp:attachment":[{"href":"https:\/\/dev.codekraft.it\/ravaglioli.it\/wp-json\/wp\/v2\/media?parent=156029"}],"wp:term":[{"taxonomy":"product_brand","embeddable":true,"href":"https:\/\/dev.codekraft.it\/ravaglioli.it\/wp-json\/wp\/v2\/product_brand?post=156029"},{"taxonomy":"product_cat","embeddable":true,"href":"https:\/\/dev.codekraft.it\/ravaglioli.it\/wp-json\/wp\/v2\/product_cat?post=156029"},{"taxonomy":"product_tag","embeddable":true,"href":"https:\/\/dev.codekraft.it\/ravaglioli.it\/wp-json\/wp\/v2\/product_tag?post=156029"},{"taxonomy":"product_approvals","embeddable":true,"href":"https:\/\/dev.codekraft.it\/ravaglioli.it\/wp-json\/wp\/v2\/product_approvals?post=156029"},{"taxonomy":"product_application","embeddable":true,"href":"https:\/\/dev.codekraft.it\/ravaglioli.it\/wp-json\/wp\/v2\/product_application?post=156029"}],"curies":[{"name":"wp","href":"https:\/\/api.w.org\/{rel}","templated":true}]}}