{"id":156028,"date":"2025-11-20T10:26:31","date_gmt":"2025-11-20T10:26:31","guid":{"rendered":"https:\/\/dev.codekraft.it\/ravaglioli.it\/product\/reifenmontiermaschine-g1250-30plus\/"},"modified":"2026-01-14T20:00:00","modified_gmt":"2026-01-14T20:00:00","slug":"reifenmontiermaschine-g1250-30plus","status":"publish","type":"product","link":"https:\/\/dev.codekraft.it\/ravaglioli.it\/de\/product\/reifenmontiermaschine-g1250-30plus\/","title":{"rendered":"Reifenmontiermaschine G1250.30PLUS"},"content":{"rendered":"<p>Let the Wheels Speed Up<\/p>\n<ul>\n<li>Einfache Bedienung: Mit einer einzigen Bewegung lassen sich der Durchmesser und die Position aller drei Bedienarme einstellen<\/li>\n<li>Schnelle Bedienung: Memory System &#8211; die Selbstpositionierungsfunktion der Montagevorrichtung am Felgenrand<\/li>\n<li>Sichere Bedienung: Effektives und sicheres Abdr\u00fccken zum Schutz der Reifenflanke und des Drucksensors<\/li>\n<\/ul>\n<p>Dank des innovativen, hebellosen (patentierten) Werkzeugs und den ausgereiften Automatikfunktionen ist ein schnelles, pr\u00e4zises und m\u00fcheloses Arbeiten auch bei UHP &#8211; und Run-Flat-Reifen m\u00f6glich. Die Ausf\u00fchrung ist bereits mit allen wichtigen Zubeh\u00f6rteilen ausgestattet, wodurch sie sich besonders f\u00fcr Reifendienste und Autoh\u00e4user eignet.<\/p>\n<ul>\n<li>Elektromechanischer Antrieb, der die gleichzeitige Bewegung aller drei Bedienarme \u00fcber ein Kettensynchronisierungssystem steuert.<\/li>\n<li>Sensor mit automatischer Aktivierung der Rollenvorschubfunktion f\u00fcr pr\u00e4zises und reifenschonendes Abdr\u00fccken.<\/li>\n<li>Laserpointer f\u00fcr die Anzeige der korrekten Vorrichtungspositionierung.<\/li>\n<li>MEMORY SYSTEM &#8211; Memory-Taste mit einer Funktion zur automatischen Neupositionierung der Vorrichtung am Felgenrand, so dass ein neuer Demontage- und Montagevorgang schnell fortgesetzt werden kann.<\/li>\n<li>Der Invertermotor erm\u00f6glicht dem Bediener die variable Regelung der Radgeschwindigkeit (0 &#8211; 15 U\/min).<\/li>\n<li>Zum Schutz der Wulst wird die Geschwindigkeit automatisch an die ermittelte Spannung angepasst.<\/li>\n<li>Die Zentralaufnahme mit Schwenkplatte (patentiert), die auch f\u00fcr Tiefbettfelgen geeignet ist, bietet einen selbstsichernden Mechanismus, der den Kraftaufwand f\u00fcr den Bediener reduziert.<\/li>\n<li>Doppelabdr\u00fcckrollensystem f\u00fcr die Wulst &#8211; Der Reifen wird mit Hilfe von zwei synchronisierten, gegen\u00fcberliegenden Rollen schnell und sicher abgedr\u00fcckt.<\/li>\n<\/ul>\n<ul>\n<li>Drei verstellbare Arbeitsh\u00f6hen<\/li>\n<li>Schneller Pedalreifenf\u00fcller, Manometer und Schnellf\u00fcllventil<\/li>\n<li>Ausgestattet mit einem pneumatischen, rotierenden Wulstniederhalter<\/li>\n<li>WDK-gepr\u00fcft<\/li>\n<li>Ablagen f\u00fcr Zubeh\u00f6r, Ventile und Werkzeuge<\/li>\n<li>Der freie Raum im hinteren Bereich sorgt f\u00fcr bessere Man\u00f6vrierbarkeit und Bewegungsfreiheit rund um die Maschine<\/li>\n<li>Komplett mit pneumatischem Radheber<\/li>\n<li>Schnellspannmutter f\u00fcr die Felgen<\/li>\n<li>F\u00fcr maximalen Komfort befinden sich die Bedienelemente in einer einzigen Konsole<\/li>\n<li>Montagekopf aus felgenschonendem Material f\u00fcr Arbeiten nahe am Rand der Felgen, ohne diese zu besch\u00e4digen (Zero Stress Effect)<\/li>\n<\/ul>\n","protected":false},"excerpt":{"rendered":"<p>Ohne Montiereisen, automatisch, inkl. pneumatischem Wulstniederhalter und pneumatischem Radheber, Pkw, Felgendurchmesser 10 &#8211; 30\u2033, max. Felgenbreite 15\u2033 | wdk-zertifiziert<\/p>\n","protected":false},"featured_media":149533,"template":"","meta":[],"product_brand":[],"product_cat":[57862],"product_tag":[58287,63154],"product_approvals":[],"product_application":[],"class_list":{"0":"post-156028","1":"product","2":"type-product","3":"status-publish","4":"has-post-thumbnail","6":"product_cat-reifenmontiermaschinen-de","7":"product_tag-passenger-cars-de","8":"product_tag-quickship-de","10":"first","11":"instock","12":"shipping-taxable","13":"product-type-simple"},"approvals":[],"application":[],"brb_media_brochure":[{"id":148942,"url":"https:\/\/dev.codekraft.it\/ravaglioli.it\/wp-content\/uploads\/brb_media\/00521433_tyre-changer-g1250-30-br-de-09-2023-screen.pdf","title":"Tyre Changer G1250 30 BR de 09 2023 screen","mpn":"","thumbnail":"https:\/\/dev.codekraft.it\/ravaglioli.it\/wp-content\/uploads\/brb_media\/00521433_tyre-changer-g1250-30-br-de-09-2023-screen-pdf-106x150.png","description":""},{"id":148943,"url":"https:\/\/dev.codekraft.it\/ravaglioli.it\/wp-content\/uploads\/brb_media\/00521434_tyre-changer-g1250-30-br-en-09-2023-screen.pdf","title":"Tyre Changer G1250 30 BR en 09 2023 screen","mpn":"","thumbnail":"https:\/\/dev.codekraft.it\/ravaglioli.it\/wp-content\/uploads\/brb_media\/00521434_tyre-changer-g1250-30-br-en-09-2023-screen-pdf-106x150.png","description":""},{"id":148944,"url":"https:\/\/dev.codekraft.it\/ravaglioli.it\/wp-content\/uploads\/brb_media\/00521435_tyre-changer-g1250-30-br-fr-09-2023-screen.pdf","title":"Tyre Changer G1250 30 BR fr 09 2023 screen","mpn":"","thumbnail":"https:\/\/dev.codekraft.it\/ravaglioli.it\/wp-content\/uploads\/brb_media\/00521435_tyre-changer-g1250-30-br-fr-09-2023-screen-pdf-106x150.png","description":""},{"id":148945,"url":"https:\/\/dev.codekraft.it\/ravaglioli.it\/wp-content\/uploads\/brb_media\/00521436_tyre-changer-g1250-30-br-it-09-2023-screen.pdf","title":"Tyre Changer G1250 30 BR it 09 2023 screen","mpn":"","thumbnail":"https:\/\/dev.codekraft.it\/ravaglioli.it\/wp-content\/uploads\/brb_media\/00521436_tyre-changer-g1250-30-br-it-09-2023-screen-pdf-106x150.png","description":""},{"id":148946,"url":"https:\/\/dev.codekraft.it\/ravaglioli.it\/wp-content\/uploads\/brb_media\/00521437_tyre-changer-g1250-30-br-es-09-2023-screen.pdf","title":"Tyre Changer G1250 30 BR es 09 2023 screen","mpn":"","thumbnail":"https:\/\/dev.codekraft.it\/ravaglioli.it\/wp-content\/uploads\/brb_media\/00521437_tyre-changer-g1250-30-br-es-09-2023-screen-pdf-106x150.png","description":""},{"id":148947,"url":"https:\/\/dev.codekraft.it\/ravaglioli.it\/wp-content\/uploads\/brb_media\/00521438_tyre-changer-g1250-30-br-ru-09-2023-screen.pdf","title":"Tyre Changer G1250 30 BR ru 09 2023 screen","mpn":"","thumbnail":"https:\/\/dev.codekraft.it\/ravaglioli.it\/wp-content\/uploads\/brb_media\/00521438_tyre-changer-g1250-30-br-ru-09-2023-screen-pdf-106x150.png","description":""}],"brb_media_drawing":"","brb_media_manuals":[{"id":150418,"url":"https:\/\/dev.codekraft.it\/ravaglioli.it\/wp-content\/uploads\/brb_media\/00548687_tyre-changer-ravg1250-im-7105-m023-00_vsg_rev00_de-2023-09.pdf","title":"Tyre changer RAVG1250 IM 7105 M023 00 VSG rev00 de 2023 09","mpn":"","thumbnail":"https:\/\/dev.codekraft.it\/ravaglioli.it\/wp-content\/uploads\/brb_media\/00548687_tyre-changer-ravg1250-im-7105-m023-00_vsg_rev00_de-2023-09-pdf-106x150.png","description":""},{"id":150419,"url":"https:\/\/dev.codekraft.it\/ravaglioli.it\/wp-content\/uploads\/brb_media\/00548688_tyre-changer-ravg1250-im-7105-m023-00_vsg_rev00_en-2023-09.pdf","title":"Tyre changer RAVG1250 IM 7105 M023 00 VSG rev00 en 2023 09","mpn":"","thumbnail":"https:\/\/dev.codekraft.it\/ravaglioli.it\/wp-content\/uploads\/brb_media\/00548688_tyre-changer-ravg1250-im-7105-m023-00_vsg_rev00_en-2023-09-pdf-106x150.png","description":""},{"id":150420,"url":"https:\/\/dev.codekraft.it\/ravaglioli.it\/wp-content\/uploads\/brb_media\/00548689_tyre-changer-ravg1250-im-7105-m023-00_vsg_rev00_fr-2023-09.pdf","title":"Tyre changer RAVG1250 IM 7105 M023 00 VSG rev00 fr 2023 09","mpn":"","thumbnail":"https:\/\/dev.codekraft.it\/ravaglioli.it\/wp-content\/uploads\/brb_media\/00548689_tyre-changer-ravg1250-im-7105-m023-00_vsg_rev00_fr-2023-09-pdf-106x150.png","description":""},{"id":150421,"url":"https:\/\/dev.codekraft.it\/ravaglioli.it\/wp-content\/uploads\/brb_media\/00548690_tyre-changer-ravg1250-im-7105-m023-00_vsg_rev00_it-2023-09.pdf","title":"Tyre changer RAVG1250 IM 7105 M023 00 VSG rev00 it 2023 09","mpn":"","thumbnail":"https:\/\/dev.codekraft.it\/ravaglioli.it\/wp-content\/uploads\/brb_media\/00548690_tyre-changer-ravg1250-im-7105-m023-00_vsg_rev00_it-2023-09-pdf-106x150.png","description":""},{"id":150422,"url":"https:\/\/dev.codekraft.it\/ravaglioli.it\/wp-content\/uploads\/brb_media\/00548691_tyre-changer-ravg1250-im-7105-m023-00_vsg_rev00_es-2023-09.pdf","title":"Tyre changer RAVG1250 IM 7105 M023 00 VSG rev00 es 2023 09","mpn":"","thumbnail":"https:\/\/dev.codekraft.it\/ravaglioli.it\/wp-content\/uploads\/brb_media\/00548691_tyre-changer-ravg1250-im-7105-m023-00_vsg_rev00_es-2023-09-pdf-106x150.png","description":""}],"brb_media_safety_datasheets":"","brb_media_spare_parts":[],"_cdmm_p_id":"501007","_company":"Ravaglioli","_gtin":"5063084200129","accessories":[{"id":155896,"mpn":"G1000A137","name":"Typenspannplatte Universal | f\u00fcr Felgen ohne Mittenloch und umgekehrte Felgen | f\u00fcr G1000A138","description":"Universalflansch f\u00fcr Blind- und Umkehrfelgen","thumbnail":"https:\/\/dev.codekraft.it\/ravaglioli.it\/wp-content\/uploads\/brb_media\/00506682_g1000a137-01-150x150.png","url":"https:\/\/dev.codekraft.it\/ravaglioli.it\/de\/product\/typenspannplatte-universal-fur-felgen-ohne-mittenloch-und-umgekehrte-felgen-fur-g1000a138\/"},{"id":155533,"mpn":"G1000A84K","name":"Kunststoffschutz f\u00fcr Zentrierkegel","description":"Konusschutz f\u00fcr G1000A138 - G1000A80  | 1 Satz \/ 5 St\u00fcck","thumbnail":"https:\/\/dev.codekraft.it\/ravaglioli.it\/wp-content\/uploads\/brb_media\/00506709_g1000a84k-150x150.png","url":"https:\/\/dev.codekraft.it\/ravaglioli.it\/de\/product\/kunststoffschutz-fur-zentrierkegel\/"},{"id":152825,"mpn":"G1000A117","name":"Montagevorrichtung","description":"Kunststoff | 1 St\u00fcck","thumbnail":"https:\/\/dev.codekraft.it\/ravaglioli.it\/wp-content\/uploads\/brb_media\/00506675_g1000a117-150x150.png","url":"https:\/\/dev.codekraft.it\/ravaglioli.it\/de\/product\/montagevorrichtung-2\/"},{"id":153053,"mpn":"G1000A117K","name":"Montagevorrichtung","description":"Kunststoff | 20 St\u00fcck","thumbnail":"https:\/\/dev.codekraft.it\/ravaglioli.it\/wp-content\/uploads\/brb_media\/00506675_g1000a117-150x150.png","url":"https:\/\/dev.codekraft.it\/ravaglioli.it\/de\/product\/montagevorrichtung-3\/"},{"id":155539,"mpn":"G1000A70K","name":"Kunststoffschutz f\u00fcr Zugstangenbolzen","description":"Schutz f\u00fcr Zugvorrichtung am Spanntisch | 1 Satz \/ 5 St\u00fcck","thumbnail":"https:\/\/dev.codekraft.it\/ravaglioli.it\/wp-content\/uploads\/brb_media\/00506705_g1000a70k-150x150.png","url":"https:\/\/dev.codekraft.it\/ravaglioli.it\/de\/product\/kunststoffschutz-fur-zugstangenbolzen\/"},{"id":155527,"mpn":"G1000A81K","name":"Gummischutz f\u00fcr Montageteller","description":"Gummischutz-Set f\u00fcr Tiefbettfelgen | 1 Satz \/ 10 St\u00fcck","thumbnail":"https:\/\/dev.codekraft.it\/ravaglioli.it\/wp-content\/uploads\/brb_media\/00506708_g1000a81k-sp-150x150.png","url":"https:\/\/dev.codekraft.it\/ravaglioli.it\/de\/product\/gummischutz-fur-montageteller\/"},{"id":155593,"mpn":"G1000A86","name":"Spiegel mit Magnethalterung","description":"","thumbnail":"https:\/\/dev.codekraft.it\/ravaglioli.it\/wp-content\/uploads\/brb_media\/00506710_g1000a86-150x150.png","url":"https:\/\/dev.codekraft.it\/ravaglioli.it\/de\/product\/spiegel-mit-magnethalterung\/"},{"id":155515,"mpn":"G800A38","name":"Pinsel Kunststoff","description":"","thumbnail":"https:\/\/dev.codekraft.it\/ravaglioli.it\/wp-content\/uploads\/brb_media\/00506719_g800a38-150x150.png","url":"https:\/\/dev.codekraft.it\/ravaglioli.it\/de\/product\/pinsel-kunststoff\/"},{"id":155914,"mpn":"G800A37","name":"Montagepaste | 3,5 kg","description":"","thumbnail":"https:\/\/dev.codekraft.it\/ravaglioli.it\/wp-content\/uploads\/brb_media\/00506743_g800a37-150x150.png","url":"https:\/\/dev.codekraft.it\/ravaglioli.it\/de\/product\/montagepaste-35-kg\/"},{"id":155551,"mpn":"G1000A101","name":"Flansch f\u00fcr LT (LLkw)","description":"F\u00fcr Reifenmontiermaschinen mit Zentralspannung","thumbnail":"https:\/\/dev.codekraft.it\/ravaglioli.it\/wp-content\/uploads\/brb_media\/00506669_g1000a101-150x150.png","url":"https:\/\/dev.codekraft.it\/ravaglioli.it\/de\/product\/flansch-fur-lt-llkw\/"},{"id":153654,"mpn":"G1000A161","name":"Typenspannplatte Universal | f\u00fcr CLAD-Felgen mit Mittenloch","description":"Universaltypenflansch zum Fixieren von Felgen mit Zentralloch f\u00fcr die Fixierung","thumbnail":"https:\/\/dev.codekraft.it\/ravaglioli.it\/wp-content\/uploads\/brb_media\/00535630_g1000a161-mi-150x150.png","url":"https:\/\/dev.codekraft.it\/ravaglioli.it\/de\/product\/typenspannplatte-universal-fur-clad-felgen-mit-mittenloch\/"},{"id":153648,"mpn":"G1000A158","name":"Typenspannplatte Universal | f\u00fcr Tiefbettfelgen","description":"Universalflansch","thumbnail":"https:\/\/dev.codekraft.it\/ravaglioli.it\/wp-content\/uploads\/brb_media\/00506723_g1000a87-150x150.png","url":"https:\/\/dev.codekraft.it\/ravaglioli.it\/de\/product\/typenspannplatte-universal-fur-tiefbettfelgen\/"}],"components":[],"delivery":[{"id":155794,"mpn":"G800A32","name":"Kunststoffschutz f\u00fcr Felgenhorn","description":"Felgenhornwulstschutz f\u00fcr \u201eRun Flat-Reifen\u2033 | Im WDK-Kit enthalten | 1 St\u00fcck","thumbnail":"https:\/\/dev.codekraft.it\/ravaglioli.it\/wp-content\/uploads\/brb_media\/00506718_g800a32-150x150.png","url":"https:\/\/dev.codekraft.it\/ravaglioli.it\/de\/product\/kunststoffschutz-fur-felgenhorn\/"},{"id":155328,"mpn":"G1000A36","name":"Wulstkettenverl\u00e4ngerung auf 28\u2033 | f\u00fcr G1000A32","description":"Im WDK-Kit enthalten","thumbnail":"https:\/\/dev.codekraft.it\/ravaglioli.it\/wp-content\/uploads\/brb_media\/00506693_g1000a36-150x150.png","url":"https:\/\/dev.codekraft.it\/ravaglioli.it\/de\/product\/wulstkettenverlangerung-auf-28%e2%80%b3-fur-g1000a32\/"},{"id":155818,"mpn":"G1000A100K","name":"Wulstschutzfolien | mit WDK-Zulassung","description":"Im WDK-Kit enthalten | 1 Satz \/ 50 St\u00fcck","thumbnail":"https:\/\/dev.codekraft.it\/ravaglioli.it\/wp-content\/uploads\/brb_media\/00506667_g1000a100k-01-150x150.png","url":"https:\/\/dev.codekraft.it\/ravaglioli.it\/de\/product\/wulstschutzfolien-mit-wdk-zulassung\/"},{"id":153491,"mpn":"G1000A138","name":"Schnellspannmutter f\u00fcr Felgen","description":"Schnellspannvorrichtung f\u00fcr Reifenmontiermaschinen","thumbnail":"https:\/\/dev.codekraft.it\/ravaglioli.it\/wp-content\/uploads\/brb_media\/00506684_g1000a138-150x150.png","url":"https:\/\/dev.codekraft.it\/ravaglioli.it\/de\/product\/schnellspannmutter-fur-felgen\/"},{"id":154814,"mpn":"G1000A111","name":"Wulstniederhalter WDK","description":"Wulstanpressvorrrichtung | Im WDK-Kit enthalten","thumbnail":"https:\/\/dev.codekraft.it\/ravaglioli.it\/wp-content\/uploads\/brb_media\/00506672_g1000a111-150x150.png","url":"https:\/\/dev.codekraft.it\/ravaglioli.it\/de\/product\/wulstniederhalter-wdk\/"},{"id":155096,"mpn":"G1000A140","name":"Wulstboy mit Zugvorrichtung Standard","description":"Im WDK-Kit enthalten","thumbnail":"https:\/\/dev.codekraft.it\/ravaglioli.it\/wp-content\/uploads\/brb_media\/00506688_g1000a140-150x150.png","url":"https:\/\/dev.codekraft.it\/ravaglioli.it\/de\/product\/wulstboy-mit-zugvorrichtung-standard\/"},{"id":156622,"mpn":"","name":"Hilfsmontagearm pneumatisch","description":"Drehender pneumatischer Wulstniederhaltearm | Lieferumfang von G1250.30 PLUS und G1250.30IT PLUS","thumbnail":"https:\/\/dev.codekraft.it\/ravaglioli.it\/wp-content\/uploads\/brb_media\/00373746_tyre-changers-helper-di-150x150.png","url":"https:\/\/dev.codekraft.it\/ravaglioli.it\/de\/product\/hilfsmontagearm-pneumatisch-3\/"},{"id":156616,"mpn":"","name":"Radheber pneumatisch","description":"Lieferumfang von G1250.30 PLUS und G1250.30IT PLUS","thumbnail":"https:\/\/dev.codekraft.it\/ravaglioli.it\/wp-content\/uploads\/brb_media\/00506634_g800a35-150x150.png","url":"https:\/\/dev.codekraft.it\/ravaglioli.it\/de\/product\/radheber-pneumatisch-2\/"}],"package":[],"related":[],"similar":[{"id":152136,"mpn":"RAV.G1190.200853","name":"Reifenmontiermaschine G1190.30","description":"Ohne Montiereisen, inkl. pneumatischem Wulstniederhalter, Pkw, Felgendurchmesser 10 - 30\u2033, max. Felgenbreite 15\u2033 | wdk-zertifiziert","thumbnail":"https:\/\/dev.codekraft.it\/ravaglioli.it\/wp-content\/uploads\/brb_media\/00507108_tyre-changer-g119030-mi-03-150x150.png","url":"https:\/\/dev.codekraft.it\/ravaglioli.it\/de\/product\/reifenmontiermaschine-g1190-30\/"},{"id":156034,"mpn":"RAV.G1250.200037","name":"Reifenmontiermaschine G1250.30PLUSIT","description":"Ohne Montiereisen, automatisch, inkl. Tubeless-Reifenf\u00fcllvorrichtung, pneumatischem Wulstniederhalter und pneumatischem Radheber, Pkw, Felgendurchmesser 10 - 30\u2033, max. Felgenbreite 15\u2033 | wdk-zertifiziert","thumbnail":"https:\/\/dev.codekraft.it\/ravaglioli.it\/wp-content\/uploads\/brb_media\/00505477_tyre-changer-g1250-30-mi-01-150x150.png","url":"https:\/\/dev.codekraft.it\/ravaglioli.it\/de\/product\/reifenmontiermaschine-g1250-30plusit\/"}],"page_logo_src":"https:\/\/dev.codekraft.it\/ravaglioli.it\/wp-content\/uploads\/2026\/04\/rav-negative-logo-1.png","lang":"de","translations":{"de":156028,"en":156027,"fr":156029,"it":156030,"es":156031,"ru":156032},"pll_sync_post":[],"_links":{"self":[{"href":"https:\/\/dev.codekraft.it\/ravaglioli.it\/wp-json\/wp\/v2\/product\/156028","targetHints":{"allow":["GET"]}}],"collection":[{"href":"https:\/\/dev.codekraft.it\/ravaglioli.it\/wp-json\/wp\/v2\/product"}],"about":[{"href":"https:\/\/dev.codekraft.it\/ravaglioli.it\/wp-json\/wp\/v2\/types\/product"}],"wp:featuredmedia":[{"embeddable":true,"href":"https:\/\/dev.codekraft.it\/ravaglioli.it\/wp-json\/wp\/v2\/media\/149533"}],"wp:attachment":[{"href":"https:\/\/dev.codekraft.it\/ravaglioli.it\/wp-json\/wp\/v2\/media?parent=156028"}],"wp:term":[{"taxonomy":"product_brand","embeddable":true,"href":"https:\/\/dev.codekraft.it\/ravaglioli.it\/wp-json\/wp\/v2\/product_brand?post=156028"},{"taxonomy":"product_cat","embeddable":true,"href":"https:\/\/dev.codekraft.it\/ravaglioli.it\/wp-json\/wp\/v2\/product_cat?post=156028"},{"taxonomy":"product_tag","embeddable":true,"href":"https:\/\/dev.codekraft.it\/ravaglioli.it\/wp-json\/wp\/v2\/product_tag?post=156028"},{"taxonomy":"product_approvals","embeddable":true,"href":"https:\/\/dev.codekraft.it\/ravaglioli.it\/wp-json\/wp\/v2\/product_approvals?post=156028"},{"taxonomy":"product_application","embeddable":true,"href":"https:\/\/dev.codekraft.it\/ravaglioli.it\/wp-json\/wp\/v2\/product_application?post=156028"}],"curies":[{"name":"wp","href":"https:\/\/api.w.org\/{rel}","templated":true}]}}