{"id":156023,"date":"2025-10-30T14:31:24","date_gmt":"2025-10-30T14:31:24","guid":{"rendered":"https:\/\/dev.codekraft.it\/ravaglioli.it\/product\/geometrie-3d-rav3d2-0wall-4s-version-light\/"},"modified":"2026-01-14T19:59:57","modified_gmt":"2026-01-14T19:59:57","slug":"geometrie-3d-rav3d2-0wall-4s-version-light","status":"publish","type":"product","link":"https:\/\/dev.codekraft.it\/ravaglioli.it\/fr\/product\/geometrie-3d-rav3d2-0wall-4s-version-light\/","title":{"rendered":"G\u00e9om\u00e9trie 3D RAV3D2.0WALL.4S | Version Light"},"content":{"rendered":"<p>S\u00e9rie AllOnWall &#8211; The High-tech Solution for Wheel Alignment<\/p>\n<ul>\n<li>Design gain d&#8217;espace\u00a0: les op\u00e9rations de g\u00e9om\u00e9trie s&#8217;effectuent avec la flexibilit\u00e9 maximale sans \u00eatre g\u00ean\u00e9 par une console, une tour de transfert de donn\u00e9es ou un PC<\/li>\n<li>Totalement sans fil\u00a0: les capteurs et la tablette communiquent via une connexion Bluetooth<\/li>\n<li>Haute pr\u00e9cision\u00a0: t\u00eates de mesure 3D \u00e0 puissance major\u00e9e \u00e0 pr\u00e9cision HQ<\/li>\n<\/ul>\n<p>La s\u00e9rie AllOnWall permet de disposer de tout le n\u00e9cessaire pour effectuer des op\u00e9rations de g\u00e9om\u00e9trie sur un panneau mural ultra pratique, permettant ainsi de lib\u00e9rer de l\u2019espace utile dans l\u2019atelier. Toutes les op\u00e9rations peuvent \u00eatre contr\u00f4l\u00e9es sur une tablette de 10\u2033 que l\u2019op\u00e9rateur peut conserver sur lui ou positionner sur le pont \u00e9l\u00e9vateur pendant le r\u00e9glage gr\u00e2ce aux aimants int\u00e9gr\u00e9s. La g\u00e9om\u00e9trie b\u00e9n\u00e9ficie d\u2019une technologie parfaitement rod\u00e9e de t\u00eates de mesure avec cam\u00e9ras HD et cibles Real 3D, enti\u00e8rement sans fil \u00e0 transmission Bluetooth.<\/p>\n<ul>\n<li>Mesure rapide et pr\u00e9cise : Les t\u00eates de mesure 3D mesurent en quelques secondes et avec une pr\u00e9cision extr\u00eame tous les angles du v\u00e9hicule.\n<ul>\n<li>Compactes et l\u00e9g\u00e8res<\/li>\n<li>\u00c9cran LCD pour les informations de base<\/li>\n<li>Cinq touches de navigation dans le logiciel \u00e9galement activables \u00e0 distance<\/li>\n<li>R\u00e9solution 5MP pour la mesure et la compensation du niveau de la plate-forme de levage<\/li>\n<li>Fonction de commande \u00e0 distance<\/li>\n<li>R\u00e9p\u00e9titeurs LED d&#8217;aide en phase d&#8217;enregistrement<\/li>\n<li>Unique position d\u2019installation des t\u00eates pour la mesure sur v\u00e9hicules \u00e0 empattement diff\u00e9rent<\/li>\n<li>Poids 3\u00a0kg<\/li>\n<\/ul>\n<\/li>\n<li>Protection en caoutchouc antichoc int\u00e9gr\u00e9e et poign\u00e9e avec protection en plastique.<\/li>\n<li>Syst\u00e8me rapide de fixation au pont \u00e9l\u00e9vateur, pivotant pour \u00e9viter les dommages en cas d\u2019obstacles en descente.<\/li>\n<li>Batterie \u00e0 syst\u00e8me de d\u00e9crochage rapide.<\/li>\n<li>Charge des batteries gage d&#8217;autonomie de 8 heures pour assurer une journ\u00e9e enti\u00e8re de travail dans le garage.<\/li>\n<li>Les stations de charge sont dot\u00e9es d&#8217;aimants qui permettent le positionnement pr\u00e9cis des batteries tout en garantissant le parfait fonctionnement de la charge, entre autres gr\u00e2ce \u00e0 des supports lumineux pr\u00e9vus \u00e0 cet effet.<\/li>\n<li>Tablette e 10\u2033 ultra l\u00e9g\u00e8re, au design robuste \u00e0 l&#8217;\u00e9preuve du temps.\n<ul>\n<li>R\u00e9sistante aux chutes jusqu&#8217;\u00e0 76\u00a0cm<\/li>\n<li>R\u00e9sistante \u00e0 la poussi\u00e8re et \u00e0 l&#8217;eau (IP52)<\/li>\n<li>Dot\u00e9e d&#8217;aimants adh\u00e9sifs<\/li>\n<li>Bords arrondis pour garantir une robustesse sup\u00e9rieure<\/li>\n<li>64\u00a0Go de m\u00e9moire<\/li>\n<li>\u00c9cran 800\u00a0x\u00a01280<\/li>\n<li>Cam\u00e9ra avant 2 MP + cam\u00e9ra arri\u00e8re 5 MP<\/li>\n<li>Poids inf\u00e9rieur \u00e0 700\u00a0g<\/li>\n<\/ul>\n<\/li>\n<li>Jeu de 4 griffes autocentreuses \u00e0 4 points +\u00a0option : STDA38K permet d\u2019\u00e9viter les proc\u00e9dures de devoilage des roues<\/li>\n<li>Les cibles Real\u00a03D install\u00e9es sur les griffes sont extr\u00eamement l\u00e9g\u00e8res, exemptes d\u2019entretien et sans composants \u00e9lectroniques.<\/li>\n<li>Gr\u00e2ce aux cibles Real 3D, associ\u00e9es aux griffes \u00e0 4 points d\u2019appui, il est possible de passer la proc\u00e9dure de devoilage des roues, permettant ainsi d\u2019acc\u00e9l\u00e9rer le travail de l\u2019op\u00e9rateur et de maximiser l\u2019efficacit\u00e9 de l\u2019atelier.<\/li>\n<li>Les quatre supports des griffes peuvent \u00e9galement \u00eatre fix\u00e9s sur les colonnes du pont \u00e9l\u00e9vateur de telle sorte que les griffes soient \u00e0 proximit\u00e9 des roues du v\u00e9hicule. (n\u00e9cessite le kit d&#8217;aimants adapt\u00e9s \u00e0 la fixation &#8211; N\u00b0 article STDA165).<\/li>\n<li>L\u2019iconique logo Ravaglioli\u00a0prend vie gr\u00e2ce \u00e0 un r\u00e9tro\u00e9clairage avec barre \u00e0 led \u00e0 lumi\u00e8re blanche chaude.<\/li>\n<li>Compatible avec le syst\u00e8me TEq-Link.<\/li>\n<li>Connexion \u00e0 internet\u00a0pour\n<ul>\n<li>Envoi des r\u00e9sultats aux clients.<\/li>\n<li>Assistance \u00e0 distance.<\/li>\n<\/ul>\n<\/li>\n<li>Atelier plus efficace en termes d&#8217;espace et d&#8217;op\u00e9rativit\u00e9\n<ul>\n<li>AUCUN OBSTACLE : Maximisation de l&#8217;espace de travail disponible<\/li>\n<li>TRAVAIL RAPIDE : Signal de transmission toujours au top<\/li>\n<li>EFFORT MINIME : Sans devoilage des roues<\/li>\n<li>AUCUNE LIMITATION : Utilisation du syst\u00e8me de g\u00e9om\u00e9trie des roues sur plusieurs zones de travail.<\/li>\n<\/ul>\n<\/li>\n<\/ul>\n<ul>\n<li>Stations de charge dot\u00e9es d&#8217;aimants qui permettent le positionnement de deux batteries<\/li>\n<li>Tablette \u00e0 \u00e9cran multi-touch 800\u00a0x\u00a01280 \u00e0 10\u2033 dot\u00e9 d&#8217;aimants adh\u00e9sifs. Rechargeable sur le panneau<\/li>\n<li>Logement dot\u00e9 de tapis en caoutchouc antichoc pour replacer les t\u00eates de mesure 3D en position de s\u00e9curit\u00e9<\/li>\n<li>Support destin\u00e9 aux griffes \u00e0 4 points et pourvu de crochets pratiques<\/li>\n<li>Console &#8211; Poids inf\u00e9rieur \u00e0 14 kg<\/li>\n<\/ul>\n","protected":false},"excerpt":{"rendered":"<p>G\u00e9om\u00e9trie de roues 3D \u00e0 panneau mural | Transmission de donn\u00e9es via Bluetooth | incl. support destin\u00e9 aux griffes \u00e0 4 points et pourvu de crochets pratiques, des stations de charge pour t\u00eates de mesure 3D et batteries dot\u00e9es d&#8217;aimants<\/p>\n","protected":false},"featured_media":39386,"template":"","meta":[],"product_brand":[],"product_cat":[57878],"product_tag":[58290],"product_approvals":[],"product_application":[],"class_list":{"0":"post-156023","1":"product","2":"type-product","3":"status-publish","4":"has-post-thumbnail","6":"product_cat-geometries-des-roues-fr","7":"product_tag-passenger-cars-fr","9":"first","10":"instock","11":"shipping-taxable","12":"product-type-simple"},"approvals":[],"application":[],"brb_media_brochure":[{"id":52044,"url":"https:\/\/dev.codekraft.it\/ravaglioli.it\/wp-content\/uploads\/brb_media\/00509915_wheel-aligners-rav3d20wall-br-de-2023-07-screen.pdf","title":"Wheel Aligners RAV3D20WALL BR de 2023 07 screen","mpn":"","thumbnail":"https:\/\/dev.codekraft.it\/ravaglioli.it\/wp-content\/uploads\/brb_media\/00509915_wheel-aligners-rav3d20wall-br-de-2023-07-screen-pdf-106x150.png","description":""},{"id":52045,"url":"https:\/\/dev.codekraft.it\/ravaglioli.it\/wp-content\/uploads\/brb_media\/00509916_wheel-aligners-rav3d20wall-br-en-2023-07-screen.pdf","title":"Wheel Aligners RAV3D20WALL BR en 2023 07 screen","mpn":"","thumbnail":"https:\/\/dev.codekraft.it\/ravaglioli.it\/wp-content\/uploads\/brb_media\/00509916_wheel-aligners-rav3d20wall-br-en-2023-07-screen-pdf-106x150.png","description":""},{"id":52046,"url":"https:\/\/dev.codekraft.it\/ravaglioli.it\/wp-content\/uploads\/brb_media\/00509917_wheel-aligners-rav3d20wall-br-fr-2023-07-screen.pdf","title":"Wheel Aligners RAV3D20WALL BR fr 2023 07 screen","mpn":"","thumbnail":"https:\/\/dev.codekraft.it\/ravaglioli.it\/wp-content\/uploads\/brb_media\/00509917_wheel-aligners-rav3d20wall-br-fr-2023-07-screen-pdf-106x150.png","description":""},{"id":52047,"url":"https:\/\/dev.codekraft.it\/ravaglioli.it\/wp-content\/uploads\/brb_media\/00509918_wheel-aligners-rav3d20wall-br-it-2023-07-screen.pdf","title":"Wheel Aligners RAV3D20WALL BR it 2023 07 screen","mpn":"","thumbnail":"https:\/\/dev.codekraft.it\/ravaglioli.it\/wp-content\/uploads\/brb_media\/00509918_wheel-aligners-rav3d20wall-br-it-2023-07-screen-pdf-106x150.png","description":""},{"id":52048,"url":"https:\/\/dev.codekraft.it\/ravaglioli.it\/wp-content\/uploads\/brb_media\/00509919_wheel-aligners-rav3d20wall-br-es-2023-07-screen.pdf","title":"Wheel Aligners RAV3D20WALL BR es 2023 07 screen","mpn":"","thumbnail":"https:\/\/dev.codekraft.it\/ravaglioli.it\/wp-content\/uploads\/brb_media\/00509919_wheel-aligners-rav3d20wall-br-es-2023-07-screen-pdf-106x150.png","description":""},{"id":52049,"url":"https:\/\/dev.codekraft.it\/ravaglioli.it\/wp-content\/uploads\/brb_media\/00509920_wheel-aligners-rav3d20wall-br-ru-2023-07-screen.pdf","title":"Wheel Aligners RAV3D20WALL BR ru 2023 07 screen","mpn":"","thumbnail":"https:\/\/dev.codekraft.it\/ravaglioli.it\/wp-content\/uploads\/brb_media\/00509920_wheel-aligners-rav3d20wall-br-ru-2023-07-screen-pdf-106x150.png","description":""}],"brb_media_drawing":"","brb_media_manuals":[{"id":149926,"url":"https:\/\/dev.codekraft.it\/ravaglioli.it\/wp-content\/uploads\/brb_media\/00539657_rav-rot-spa_3d-wall-2025-m356-00_vsg_00_rev01_5l.pdf","title":"rav rot spa 3d wall (2025 m356 00 vsg 00 rev01) 5l","mpn":"","thumbnail":"https:\/\/dev.codekraft.it\/ravaglioli.it\/wp-content\/uploads\/brb_media\/00539657_rav-rot-spa_3d-wall-2025-m356-00_vsg_00_rev01_5l-pdf-106x150.png","description":""}],"brb_media_safety_datasheets":"","brb_media_spare_parts":[],"_cdmm_p_id":"501006","_company":"Ravaglioli","_gtin":"5063084701053","accessories":[{"id":155654,"mpn":"STDA38K","name":"Bras de blocage rapide STDA38K","description":"pour la mise \u00e0 niveau des griffes de roue \u00e0 4 points STDA33EU-34E en griffes en appui STDA46EU-35E | permet d\u2019\u00e9viter les proc\u00e9dures de devoilage des roues | incl. embouts \u00e0 ongles en ABS | \u00d8 des pneus 480 - 760 mm | 2 jeux \/ 4 pi\u00e8ces","thumbnail":"https:\/\/dev.codekraft.it\/ravaglioli.it\/wp-content\/uploads\/brb_media\/00509911_wheel-aligner-stda38k-mi-150x150.png","url":"https:\/\/dev.codekraft.it\/ravaglioli.it\/fr\/product\/bras-de-blocage-rapide-stda38k\/"},{"id":155660,"mpn":"STDA141ADAS","name":"Token","description":"Activation de l'application pour les fonctions ADAS","thumbnail":"https:\/\/dev.codekraft.it\/ravaglioli.it\/wp-content\/uploads\/brb_media\/00528336_wheel-aligner-stda141adas-mi-150x150.png","url":"https:\/\/dev.codekraft.it\/ravaglioli.it\/fr\/product\/token-12\/"},{"id":155666,"mpn":"STDA164","name":"Batteries suppl\u00e9mentaires | 1 jeu \/ 2 pi\u00e8ces","description":"","thumbnail":"","url":"https:\/\/dev.codekraft.it\/ravaglioli.it\/fr\/product\/batteries-supplementaires-1-jeu-2-pieces\/"},{"id":155672,"mpn":"STDA149","name":"Niveaux a bulle pour cibles | 1 jeu \/ 4 pi\u00e8ces","description":"","thumbnail":"https:\/\/dev.codekraft.it\/ravaglioli.it\/wp-content\/uploads\/brb_media\/00528340_wheel-aligner-stda149-mi-150x150.png","url":"https:\/\/dev.codekraft.it\/ravaglioli.it\/fr\/product\/niveaux-a-bulle-pour-cibles-1-jeu-4-pieces\/"},{"id":155678,"mpn":"STDAShoot","name":"Token","description":"Cl\u00e9 virtuelle pour la consultation de la base de donn\u00e9es en ligne sur demande du Bureau f\u00e9d\u00e9ral allemand des v\u00e9hicules motoris\u00e9s et des conducteurs (KBA) | incl. 200 requ\u00eates","thumbnail":"https:\/\/dev.codekraft.it\/ravaglioli.it\/wp-content\/uploads\/brb_media\/00510471_wheel-aligners-shootgo-mi-150x150.png","url":"https:\/\/dev.codekraft.it\/ravaglioli.it\/fr\/product\/token-17\/"},{"id":154899,"mpn":"STDAS200","name":"Cr\u00e9dit de requ\u00eate de base de donn\u00e9es Shoot &amp; Go 200","description":"Pack de cr\u00e9dits pour consulter la base de donn\u00e9es en ligne sur demande KBA (Bureau f\u00e9d\u00e9ral allemand des v\u00e9hicules motoris\u00e9s et des conducteurs) | 200 requ\u00eates","thumbnail":"https:\/\/dev.codekraft.it\/ravaglioli.it\/wp-content\/uploads\/brb_media\/00510471_wheel-aligners-shootgo-mi-150x150.png","url":"https:\/\/dev.codekraft.it\/ravaglioli.it\/fr\/product\/credit-de-requete-de-base-de-donnees-shoot-go-200\/"},{"id":155236,"mpn":"STDAS500","name":"Cr\u00e9dit de requ\u00eate de base de donn\u00e9es Shoot &amp; Go 500","description":"Pack de cr\u00e9dits pour consulter la base de donn\u00e9es en ligne sur demande KBA (Bureau f\u00e9d\u00e9ral allemand des v\u00e9hicules motoris\u00e9s et des conducteurs) | 500 requ\u00eates","thumbnail":"https:\/\/dev.codekraft.it\/ravaglioli.it\/wp-content\/uploads\/brb_media\/00510471_wheel-aligners-shootgo-mi-150x150.png","url":"https:\/\/dev.codekraft.it\/ravaglioli.it\/fr\/product\/credit-de-requete-de-base-de-donnees-shoot-go-500\/"},{"id":155690,"mpn":"STDA165","name":"D&#039;aimants pour support griffes | 1 jeu","description":"","thumbnail":"https:\/\/dev.codekraft.it\/ravaglioli.it\/wp-content\/uploads\/brb_media\/00528349_wheel-aligner-stda165-mi-150x150.png","url":"https:\/\/dev.codekraft.it\/ravaglioli.it\/fr\/product\/daimants-pour-support-griffes-1-jeu\/"},{"id":155723,"mpn":"TEq-Link","name":"Logiciel de connectivit\u00e9 interne atelier TEq-Link","description":"Logiciel permettant de connecter des \u00e9quipements dans l'atelier et de surveiller leur utilisation, de g\u00e9rer la maintenance pr\u00e9ventive, d'envoyer des rapports par courrier \u00e9lectronique et bien plus encore.","thumbnail":"https:\/\/dev.codekraft.it\/ravaglioli.it\/wp-content\/uploads\/brb_media\/00409445_teq-link-logo-01-mi-150x150.png","url":"https:\/\/dev.codekraft.it\/ravaglioli.it\/fr\/product\/logiciel-de-connectivite-interne-atelier-teq-link\/"},{"id":157376,"mpn":"VSG.IDC50.701886","name":"Kit de diagnostic STDADIAG","description":"IDC5 KIT TEXA - pour le diagnostic de l'alignement des roues | kit pour ceux qui n'ont que l'alignement des roues et qui n'ont pas d'accessoires TEXA","thumbnail":"https:\/\/dev.codekraft.it\/ravaglioli.it\/wp-content\/uploads\/brb_media\/00527952_wheel-aligners-accessories-stdadiag-all-configurations-mi-150x150.png","url":"https:\/\/dev.codekraft.it\/ravaglioli.it\/fr\/product\/kit-de-diagnostic-stdadiag\/"},{"id":157382,"mpn":"VSG.SW500.701893","name":"Kit de diagnostic STDADIAG\/SW","description":"TEXA IDC5 SW KIT - pour le diagnostic de la configuration | kit pour ceux qui ont d\u00e9j\u00e0 des dispositifs TEXA (par exemple, ADAS RCSS)","thumbnail":"https:\/\/dev.codekraft.it\/ravaglioli.it\/wp-content\/uploads\/brb_media\/00527953_wheel-aligners-accessories-stdadiag-ws-all-configurations-mi-150x150.png","url":"https:\/\/dev.codekraft.it\/ravaglioli.it\/fr\/product\/kit-de-diagnostic-stdadiag-sw\/"},{"id":157397,"mpn":"VSG.FC167.701916","name":"Griffes de roue Fast clamps","description":"Clips de montage rapide | pour l\u2019alignement 3D, voiture de tourisme, taille du pneu 21 - 31\", \u00d8 de roue 540 - 780 mm, poids des graffes 3,5 kg (par jeu) | 1 jeu \/ 2 pi\u00e8ces","thumbnail":"https:\/\/dev.codekraft.it\/ravaglioli.it\/wp-content\/uploads\/brb_media\/00528113_wheel-aligner-accessories-vsgfc167701916-mi-150x150.png","url":"https:\/\/dev.codekraft.it\/ravaglioli.it\/fr\/product\/griffes-de-roue-fast-clamps\/"},{"id":157417,"mpn":"STDAS350","name":"Cr\u00e9dit de requ\u00eate de base de donn\u00e9es Shoot &amp; Go 350","description":"Pack de cr\u00e9dits pour consulter la base de donn\u00e9es en ligne sur demande KBA (Bureau f\u00e9d\u00e9ral allemand des v\u00e9hicules motoris\u00e9s et des conducteurs) | 350 requ\u00eates","thumbnail":"https:\/\/dev.codekraft.it\/ravaglioli.it\/wp-content\/uploads\/brb_media\/00510471_wheel-aligners-shootgo-mi-150x150.png","url":"https:\/\/dev.codekraft.it\/ravaglioli.it\/fr\/product\/credit-de-requete-de-base-de-donnees-shoot-go-350\/"}],"components":[],"delivery":[{"id":155729,"mpn":"STDA33EU\/3D","name":"Griffes de roue \u00e0 4 points | \u00d8 de jante 10 &#8211; 24\u2033","description":"Griffes autocentreuses \u00e0 4 points | incl. onglets amovibles | 1 jeu \/ 2 pi\u00e8ces","thumbnail":"https:\/\/dev.codekraft.it\/ravaglioli.it\/wp-content\/uploads\/brb_media\/00510475_wheel-aligners-stda33eu-mi-150x150.png","url":"https:\/\/dev.codekraft.it\/ravaglioli.it\/fr\/product\/griffes-de-roue-a-4-points-o-de-jante-10-24%e2%80%b3-2\/"},{"id":152384,"mpn":"S110A7","name":"Plateaux pivotants Standard","description":"\u00d8 300 mm, capacit\u00e9 de charge 1000 kg | 1 jeu \/ 2 pi\u00e8ces","thumbnail":"https:\/\/dev.codekraft.it\/ravaglioli.it\/wp-content\/uploads\/brb_media\/00535628_wheel-aligners-s110a7-mi-150x150.png","url":"https:\/\/dev.codekraft.it\/ravaglioli.it\/fr\/product\/plateaux-pivotants-standard\/"},{"id":155747,"mpn":"STDA161","name":"Bloque volant","description":"Blocage volant en mat\u00e9riau plastique avec protections en caoutchouc antid\u00e9rapant pour volant et si\u00e8ge","thumbnail":"https:\/\/dev.codekraft.it\/ravaglioli.it\/wp-content\/uploads\/brb_media\/00509908_wheel-aligner-stda161-mi-150x150.png","url":"https:\/\/dev.codekraft.it\/ravaglioli.it\/fr\/product\/bloque-volant\/"},{"id":155753,"mpn":"10479","name":"Pousse pedale de frein","description":"","thumbnail":"https:\/\/dev.codekraft.it\/ravaglioli.it\/wp-content\/uploads\/brb_media\/00509913_wheel-aligner-10479-mi-150x150.png","url":"https:\/\/dev.codekraft.it\/ravaglioli.it\/fr\/product\/pousse-pedale-de-frein\/"},{"id":155765,"mpn":"STDAPREMIUM","name":"Token","description":"Activation de fonctions d'aide suppl\u00e9mentaires","thumbnail":"","url":"https:\/\/dev.codekraft.it\/ravaglioli.it\/fr\/product\/token-21\/"},{"id":155771,"mpn":"STDA110","name":"Base de donn\u00e9es v\u00e9hicules","description":"","thumbnail":"https:\/\/dev.codekraft.it\/ravaglioli.it\/wp-content\/uploads\/brb_media\/00509910_wheel-aligner-stda110-mi-150x150.png","url":"https:\/\/dev.codekraft.it\/ravaglioli.it\/fr\/product\/base-de-donnees-vehicules\/"},{"id":155717,"mpn":"STDA162","name":"Brides de fixation pont pour transducteur de mesure 3D | 1 jeu \/ 2 pi\u00e8ces","description":"","thumbnail":"https:\/\/dev.codekraft.it\/ravaglioli.it\/wp-content\/uploads\/brb_media\/00495669_wheel-aligner-3d-wifi-stda162-rotary-di-150x150.png","url":"https:\/\/dev.codekraft.it\/ravaglioli.it\/fr\/product\/brides-de-fixation-pont-pour-transducteur-de-mesure-3d-1-jeu-2-pieces\/"}],"package":[],"related":[],"similar":[{"id":156017,"mpn":"RAV.3DWAL.701008","name":"G\u00e9om\u00e9trie 3D RAV3D2.0WALL.3S | Version Light","description":"G\u00e9om\u00e9trie de roues 3D \u00e0 panneau mural | Transmission de donn\u00e9es via Bluetooth | incl. support destin\u00e9 aux griffes \u00e0 3 points et pourvu de crochets pratiques, des stations de charge pour t\u00eates de mesure 3D et batteries dot\u00e9es d'aimants","thumbnail":"https:\/\/dev.codekraft.it\/ravaglioli.it\/wp-content\/uploads\/brb_media\/00505448_wheel-aligner-rav3d-2-wall-light-version-3-point-clamps-mi-150x150.png","url":"https:\/\/dev.codekraft.it\/ravaglioli.it\/fr\/product\/geometrie-3d-rav3d2-0wall-3s-version-light\/"},{"id":156011,"mpn":"RAV.3DWAL.701039","name":"G\u00e9om\u00e9trie 3D RAV3D2.0WALL.3L | Version Large","description":"G\u00e9om\u00e9trie de roues 3D \u00e0 panneau mural | Transmission de donn\u00e9es via Bluetooth | incl. support destin\u00e9 aux griffes \u00e0 3 points et pourvu de crochets pratiquesdes, stations de charge pour t\u00eates de mesure 3D et batteries dot\u00e9es d'aimants","thumbnail":"https:\/\/dev.codekraft.it\/ravaglioli.it\/wp-content\/uploads\/brb_media\/00505447_wheel-aligner-rav3d-2-wall-large-version-mi-150x150.png","url":"https:\/\/dev.codekraft.it\/ravaglioli.it\/fr\/product\/geometrie-3d-rav3d2-0wall-3l-version-large\/"},{"id":153914,"mpn":"RAV.D32SP.700988","name":"G\u00e9om\u00e9trie 3D RAVTD3200SP.4","description":"G\u00e9om\u00e9trie de roues 3D avec t\u00eates de mesure 3D avec r\u00e9solution HQ et communication donn\u00e9es Bluetoot | incl. griffes autocentreuses \u00e0 4 points, TFT affichage 22\u2033 et cabine ferm\u00e9e | Bleu (RAL 5005)","thumbnail":"https:\/\/dev.codekraft.it\/ravaglioli.it\/wp-content\/uploads\/brb_media\/00508524_wheel-aligner-ravtd3200sp-mi-02-150x150.png","url":"https:\/\/dev.codekraft.it\/ravaglioli.it\/fr\/product\/geometrie-3d-ravtd3200sp-4\/"},{"id":153926,"mpn":"RAV.D32LT.700971","name":"G\u00e9om\u00e9trie 3D RAVTD3200L.4","description":"G\u00e9om\u00e9trie de roues 3D avec t\u00eates de mesure 3D avec r\u00e9solution HQ et communication donn\u00e9es Bluetoot | incl. griffes autocentreuses \u00e0 4 points, TFT affichage 22\u2033 et cabine ouverte | Gris (RAL 7040)","thumbnail":"https:\/\/dev.codekraft.it\/ravaglioli.it\/wp-content\/uploads\/brb_media\/00508521_wheel-aligner-ravtd3200l-mi-01-150x150.png","url":"https:\/\/dev.codekraft.it\/ravaglioli.it\/fr\/product\/geometrie-3d-ravtd3200l-4\/"}],"page_logo_src":"https:\/\/dev.codekraft.it\/ravaglioli.it\/wp-content\/uploads\/2026\/04\/rav-negative-logo-1.png","lang":"fr","translations":{"fr":156023,"en":156021,"de":156022,"it":156024,"es":156025,"ru":156026},"pll_sync_post":[],"_links":{"self":[{"href":"https:\/\/dev.codekraft.it\/ravaglioli.it\/wp-json\/wp\/v2\/product\/156023","targetHints":{"allow":["GET"]}}],"collection":[{"href":"https:\/\/dev.codekraft.it\/ravaglioli.it\/wp-json\/wp\/v2\/product"}],"about":[{"href":"https:\/\/dev.codekraft.it\/ravaglioli.it\/wp-json\/wp\/v2\/types\/product"}],"wp:featuredmedia":[{"embeddable":true,"href":"https:\/\/dev.codekraft.it\/ravaglioli.it\/wp-json\/wp\/v2\/media\/39386"}],"wp:attachment":[{"href":"https:\/\/dev.codekraft.it\/ravaglioli.it\/wp-json\/wp\/v2\/media?parent=156023"}],"wp:term":[{"taxonomy":"product_brand","embeddable":true,"href":"https:\/\/dev.codekraft.it\/ravaglioli.it\/wp-json\/wp\/v2\/product_brand?post=156023"},{"taxonomy":"product_cat","embeddable":true,"href":"https:\/\/dev.codekraft.it\/ravaglioli.it\/wp-json\/wp\/v2\/product_cat?post=156023"},{"taxonomy":"product_tag","embeddable":true,"href":"https:\/\/dev.codekraft.it\/ravaglioli.it\/wp-json\/wp\/v2\/product_tag?post=156023"},{"taxonomy":"product_approvals","embeddable":true,"href":"https:\/\/dev.codekraft.it\/ravaglioli.it\/wp-json\/wp\/v2\/product_approvals?post=156023"},{"taxonomy":"product_application","embeddable":true,"href":"https:\/\/dev.codekraft.it\/ravaglioli.it\/wp-json\/wp\/v2\/product_application?post=156023"}],"curies":[{"name":"wp","href":"https:\/\/api.w.org\/{rel}","templated":true}]}}