{"id":156022,"date":"2025-10-30T14:31:24","date_gmt":"2025-10-30T14:31:24","guid":{"rendered":"https:\/\/dev.codekraft.it\/ravaglioli.it\/product\/3d-achsmessgerat-rav3d2-0wall-4s-light-ausfuhrung\/"},"modified":"2026-01-14T19:59:56","modified_gmt":"2026-01-14T19:59:56","slug":"3d-achsmessgerat-rav3d2-0wall-4s-light-ausfuhrung","status":"publish","type":"product","link":"https:\/\/dev.codekraft.it\/ravaglioli.it\/de\/product\/3d-achsmessgerat-rav3d2-0wall-4s-light-ausfuhrung\/","title":{"rendered":"3D-Achsmessger\u00e4t RAV3D2.0WALL.4S | Light-Ausf\u00fchrung"},"content":{"rendered":"<p>Baureihe AllOnWall &#8211; The High-tech Solution for Wheel Alignment<\/p>\n<ul>\n<li>Platzsparendes Design: Die Messvorg\u00e4nge erfolgen mit maximaler Flexibilit\u00e4t ohne die Notwendigkeit einer Konsole, eines \u00dcbertragungsger\u00e4tes oder eines PCs<\/li>\n<li>Komplett kabellos: Sensoren und Tablet kommunizieren \u00fcber eine Bluetooth-Verbindung<\/li>\n<li>Hohe Genauigkeit: Verbesserte 3D-Messk\u00f6pfe mit HQ-Aufl\u00f6sung<\/li>\n<\/ul>\n<p>Die Baureihe AllOnWall bietet alles, was f\u00fcr die Achsvermessung erforderlich ist, mit einem praktischen Wandpanel wodurch n\u00fctzlicher Platz in der Werkstatt gewonnen werden kann. Alle Einstellarbeiten k\u00f6nnen \u00fcber ein 10\u2033-Tablet gesteuert werden, das der Bediener mit sich f\u00fchren oder w\u00e4hrend der Einstellung mit Hilfe der integrierten Magnete an der Hebeb\u00fchne positionieren kann. Das Achsmessger\u00e4t nutzt die bew\u00e4hrte Messkopftechnologie mit HD-Kameras und Real-3D-Targets, komplett kabellos mit Bluetooth-\u00dcbertragung.<\/p>\n<ul>\n<li>Schnelle und genaue Messung: Die 3D-Messk\u00f6pfe erfassen s\u00e4mtliche Winkel des Fahrzeugs innerhalb von Sekunden und mit h\u00f6chster Genauigkeit.\n<ul>\n<li>Kompakt und leicht<\/li>\n<li>LCD-Display f\u00fcr die wichtigsten Informationen<\/li>\n<li>F\u00fcnf Software-Navigationstasten, die auch per Fernbedienung bedient werden k\u00f6nnen<\/li>\n<li>5MP-Aufl\u00f6sung bei der Messung und zur Kompensation der Fahrschiene<\/li>\n<li>Fernbedienungsfunktion<\/li>\n<li>LED-Repeater f\u00fcr die Unterst\u00fctzung bei der Fahrzeugeinstellung<\/li>\n<li>Eine einzige Position f\u00fcr die Messkopfhalter reicht f\u00fcr die Vermessung von Fahrzeugen mit verschiedenen Radst\u00e4nden aus<\/li>\n<li>Gewicht 3 kg<\/li>\n<\/ul>\n<\/li>\n<li>Integrierter Sto\u00dfschutz aus Gummi und Griff mit Kunststoffschutz.<\/li>\n<li>Die mit einem Schnellstecksystem befestigte schwenkbare Halterung der Messsensoren verhindert ein Besch\u00e4digen beim Ablassen der Hebeb\u00fchne.<\/li>\n<li>Batterie mit Schnellstecksystem.<\/li>\n<li>Acht Stunden Batterielaufzeit zur Gew\u00e4hrleistung eines ununterbrochenen Betriebs \u00fcber den gesamten Arbeitstag.<\/li>\n<li>Die Ladestationen sind mit Magneten ausgestattet, die eine genaue Positionierung der Batterien erm\u00f6glichen und so jederzeit einen korrekten Ladevorgang garantieren, auch mit Hilfe der entsprechenden Leuchthalterungen.<\/li>\n<li>Extrem leichtes 10\u2033-Tablet\u00a0mit einem robusten und langlebigen Design\n<ul>\n<li>Sturzbest\u00e4ndig bis 76 cm<\/li>\n<li>Staub- und wasserdicht (IP52)<\/li>\n<li>Mit Haftmagneten ausgestattet<\/li>\n<li>Abgerundete Kanten f\u00fcr gr\u00f6\u00dfere Robustheit<\/li>\n<li>64 GB Speicherkapazit\u00e4t<\/li>\n<li>Display 800 x 1280<\/li>\n<li>Frontkamera 2 MP + hintere Kamera 5 MP<\/li>\n<li>Gewicht von weniger als 700 g<\/li>\n<\/ul>\n<\/li>\n<li>Satz mit 4 St\u00fcck selbstzentrierenden 4-Punkt-Radklammern + Optional: STDA38K, um auf die Rundlaufkorrektur verzichten zu k\u00f6nnen.<\/li>\n<li>Die an den Radklammern installierten Targets in Real 3D-Struktur sind extrem leicht, wartungsfrei und ohne elektronische Bauteile.<\/li>\n<li>Durch die Real 3D-Targets in Kombination mit den 4-Punkt-Schnellspann-Radklammern ist es m\u00f6glich, die Rundlaufkorrektur zu vermeiden, wodurch die Arbeit des Bedieners beschleunigt und die Effizienz der Werkstatt maximiert wird.<\/li>\n<li>Die vier Halterungen der Radklammern k\u00f6nnen auch an den S\u00e4ulen der Hebeb\u00fchne befestigt werden, so dass sich die Radklemmen nahe an den Fahrzeugr\u00e4dern befinden. (F\u00fcr die Befestigung ist der entsprechende Magnet-Satz erforderlich &#8211; Artikel Nr. STDA165).<\/li>\n<li>Das charakteristische Ravaglioli-Logo erscheint durch eine LED-Hintergrundbeleuchtung.<\/li>\n<li>Kompatibel mit dem TEq-Link-System<\/li>\n<li>Internetverbindung zum\n<ul>\n<li>Versand der Ergebnisse an die Kunden.<\/li>\n<li>Remote-Support.<\/li>\n<\/ul>\n<\/li>\n<li>Verbesserte Effizienz in der Werkstatt in Bezug auf Platz und Betrieb\n<ul>\n<li>KEINE BEHINDERUNG: Maximierung des verf\u00fcgbaren Arbeitsraums<\/li>\n<li>SCHNELLES ARBEITEN: Satz \u00dcbertragungssignal<\/li>\n<li>MINIMALE BELASTUNG: Keine Rundlaufkorrektur<\/li>\n<li>KEINE EINSCHR\u00c4NKUNGEN: Einsatz des Achsmessger\u00e4tes in mehreren Arbeitsbereichen<\/li>\n<\/ul>\n<\/li>\n<\/ul>\n<ul>\n<li>Mit Magneten ausgestattete Ladestationen, f\u00fcr die Positionierung von zwei Batterien<\/li>\n<li>Tablet mit einem 10\u2033 Multitouch-Display mit 800 x 1280 Pixeln, ausgestattet mit Haftmagneten &#8211; Wiederaufladbar am Panel<\/li>\n<li>Mit einer Sto\u00dfschutz-Gummimatte ausgestattetes Geh\u00e4use zur sicheren Unterbringung der 3D-Messk\u00f6pfe<\/li>\n<li>Halterungen f\u00fcr 4-Punkt-Radklammern mit praktischen Haltern<\/li>\n<li>Konsole &#8211; Geringes Gewicht von nur 14 kg<\/li>\n<\/ul>\n","protected":false},"excerpt":{"rendered":"<p>3D-Achsmessger\u00e4t mit Wandpanel | Bluetooth-Daten\u00fcbertragung | inkl. 4-Punkt-Schnellspann-Radklammern mit Halterungen, Ladestationen f\u00fcr 3D-Messk\u00f6pfe und Batterien mit Magneten<\/p>\n","protected":false},"featured_media":39386,"template":"","meta":[],"product_brand":[],"product_cat":[57864],"product_tag":[58287],"product_approvals":[],"product_application":[],"class_list":{"0":"post-156022","1":"product","2":"type-product","3":"status-publish","4":"has-post-thumbnail","6":"product_cat-achsmessgerate-de","7":"product_tag-passenger-cars-de","9":"first","10":"instock","11":"shipping-taxable","12":"product-type-simple"},"approvals":[],"application":[],"brb_media_brochure":[{"id":52044,"url":"https:\/\/dev.codekraft.it\/ravaglioli.it\/wp-content\/uploads\/brb_media\/00509915_wheel-aligners-rav3d20wall-br-de-2023-07-screen.pdf","title":"Wheel Aligners RAV3D20WALL BR de 2023 07 screen","mpn":"","thumbnail":"https:\/\/dev.codekraft.it\/ravaglioli.it\/wp-content\/uploads\/brb_media\/00509915_wheel-aligners-rav3d20wall-br-de-2023-07-screen-pdf-106x150.png","description":""},{"id":52045,"url":"https:\/\/dev.codekraft.it\/ravaglioli.it\/wp-content\/uploads\/brb_media\/00509916_wheel-aligners-rav3d20wall-br-en-2023-07-screen.pdf","title":"Wheel Aligners RAV3D20WALL BR en 2023 07 screen","mpn":"","thumbnail":"https:\/\/dev.codekraft.it\/ravaglioli.it\/wp-content\/uploads\/brb_media\/00509916_wheel-aligners-rav3d20wall-br-en-2023-07-screen-pdf-106x150.png","description":""},{"id":52046,"url":"https:\/\/dev.codekraft.it\/ravaglioli.it\/wp-content\/uploads\/brb_media\/00509917_wheel-aligners-rav3d20wall-br-fr-2023-07-screen.pdf","title":"Wheel Aligners RAV3D20WALL BR fr 2023 07 screen","mpn":"","thumbnail":"https:\/\/dev.codekraft.it\/ravaglioli.it\/wp-content\/uploads\/brb_media\/00509917_wheel-aligners-rav3d20wall-br-fr-2023-07-screen-pdf-106x150.png","description":""},{"id":52047,"url":"https:\/\/dev.codekraft.it\/ravaglioli.it\/wp-content\/uploads\/brb_media\/00509918_wheel-aligners-rav3d20wall-br-it-2023-07-screen.pdf","title":"Wheel Aligners RAV3D20WALL BR it 2023 07 screen","mpn":"","thumbnail":"https:\/\/dev.codekraft.it\/ravaglioli.it\/wp-content\/uploads\/brb_media\/00509918_wheel-aligners-rav3d20wall-br-it-2023-07-screen-pdf-106x150.png","description":""},{"id":52048,"url":"https:\/\/dev.codekraft.it\/ravaglioli.it\/wp-content\/uploads\/brb_media\/00509919_wheel-aligners-rav3d20wall-br-es-2023-07-screen.pdf","title":"Wheel Aligners RAV3D20WALL BR es 2023 07 screen","mpn":"","thumbnail":"https:\/\/dev.codekraft.it\/ravaglioli.it\/wp-content\/uploads\/brb_media\/00509919_wheel-aligners-rav3d20wall-br-es-2023-07-screen-pdf-106x150.png","description":""},{"id":52049,"url":"https:\/\/dev.codekraft.it\/ravaglioli.it\/wp-content\/uploads\/brb_media\/00509920_wheel-aligners-rav3d20wall-br-ru-2023-07-screen.pdf","title":"Wheel Aligners RAV3D20WALL BR ru 2023 07 screen","mpn":"","thumbnail":"https:\/\/dev.codekraft.it\/ravaglioli.it\/wp-content\/uploads\/brb_media\/00509920_wheel-aligners-rav3d20wall-br-ru-2023-07-screen-pdf-106x150.png","description":""}],"brb_media_drawing":"","brb_media_manuals":[{"id":149926,"url":"https:\/\/dev.codekraft.it\/ravaglioli.it\/wp-content\/uploads\/brb_media\/00539657_rav-rot-spa_3d-wall-2025-m356-00_vsg_00_rev01_5l.pdf","title":"rav rot spa 3d wall (2025 m356 00 vsg 00 rev01) 5l","mpn":"","thumbnail":"https:\/\/dev.codekraft.it\/ravaglioli.it\/wp-content\/uploads\/brb_media\/00539657_rav-rot-spa_3d-wall-2025-m356-00_vsg_00_rev01_5l-pdf-106x150.png","description":""}],"brb_media_safety_datasheets":"","brb_media_spare_parts":[],"_cdmm_p_id":"501006","_company":"Ravaglioli","_gtin":"5063084701053","accessories":[{"id":155653,"mpn":"STDA38K","name":"Schnellradspanner","description":"zur Aufr\u00fcstung von 4-Punkt-Haltern STDA33EU-34E auf die STDA46EU-35E | erm\u00f6glicht es auf die Rundlaufkorrektur verzichten zu k\u00f6nnen | inkl. Kunststofffinger | Reifen-\u00d8 480 - 760 mm | 2 S\u00e4tze \/ 4 St\u00fcck","thumbnail":"https:\/\/dev.codekraft.it\/ravaglioli.it\/wp-content\/uploads\/brb_media\/00509911_wheel-aligner-stda38k-mi-150x150.png","url":"https:\/\/dev.codekraft.it\/ravaglioli.it\/de\/product\/schnellradspanner\/"},{"id":155659,"mpn":"STDA141ADAS","name":"Token","description":"Anwendungsfreigabe der ADAS-Funktionen","thumbnail":"https:\/\/dev.codekraft.it\/ravaglioli.it\/wp-content\/uploads\/brb_media\/00528336_wheel-aligner-stda141adas-mi-150x150.png","url":"https:\/\/dev.codekraft.it\/ravaglioli.it\/de\/product\/token-11\/"},{"id":155665,"mpn":"STDA164","name":"Zusatzbatterien | 1 Satz \/ 2 St\u00fcck","description":"","thumbnail":"","url":"https:\/\/dev.codekraft.it\/ravaglioli.it\/de\/product\/zusatzbatterien-1-satz-2-stuck\/"},{"id":155671,"mpn":"STDA149","name":"Wasserwaagen f\u00fcr Targets | 1 Satz \/ 4 St\u00fcck","description":"","thumbnail":"https:\/\/dev.codekraft.it\/ravaglioli.it\/wp-content\/uploads\/brb_media\/00528340_wheel-aligner-stda149-mi-150x150.png","url":"https:\/\/dev.codekraft.it\/ravaglioli.it\/de\/product\/wasserwaagen-fur-targets-1-satz-4-stuck\/"},{"id":155677,"mpn":"STDAShoot","name":"Token","description":"Virtueller Schl\u00fcssel f\u00fcr die Konsultation der Online-Datenbank \u00fcber KBA-Abfrage | inkl. 200 Abfragen","thumbnail":"https:\/\/dev.codekraft.it\/ravaglioli.it\/wp-content\/uploads\/brb_media\/00510471_wheel-aligners-shootgo-mi-150x150.png","url":"https:\/\/dev.codekraft.it\/ravaglioli.it\/de\/product\/token-16\/"},{"id":154898,"mpn":"STDAS200","name":"Datenbankabfrage-Guthaben Shoot &amp; Go 200","description":"Guthaben-Paket f\u00fcr die Konsultationen der Online-Datenbank \u00fcber KBA-Abfrage | 200 Abfragen","thumbnail":"https:\/\/dev.codekraft.it\/ravaglioli.it\/wp-content\/uploads\/brb_media\/00510471_wheel-aligners-shootgo-mi-150x150.png","url":"https:\/\/dev.codekraft.it\/ravaglioli.it\/de\/product\/datenbankabfrage-guthaben-shoot-go-200\/"},{"id":155235,"mpn":"STDAS500","name":"Datenbankabfrage-Guthaben Shoot &amp; Go 500","description":"Guthaben-Paket f\u00fcr die Konsultationen der Online-Datenbank \u00fcber KBA-Abfrage | 500 Abfragen","thumbnail":"https:\/\/dev.codekraft.it\/ravaglioli.it\/wp-content\/uploads\/brb_media\/00510471_wheel-aligners-shootgo-mi-150x150.png","url":"https:\/\/dev.codekraft.it\/ravaglioli.it\/de\/product\/datenbankabfrage-guthaben-shoot-go-500\/"},{"id":155689,"mpn":"STDA165","name":"Magneten f\u00fcr die Radklemmenhalterung | 1 Satz","description":"","thumbnail":"https:\/\/dev.codekraft.it\/ravaglioli.it\/wp-content\/uploads\/brb_media\/00528349_wheel-aligner-stda165-mi-150x150.png","url":"https:\/\/dev.codekraft.it\/ravaglioli.it\/de\/product\/magneten-fur-die-radklemmenhalterung-1-satz\/"},{"id":155722,"mpn":"TEq-Link","name":"Software f\u00fcr Werkstattkonnektivit\u00e4t TEq-Link","description":"Software zum Anschluss von Ger\u00e4ten in der Werkstatt und zur \u00dcberwachung ihrer Nutzung, zur Verwaltung der vorbeugenden Wartung, zum Versand von Berichten per E-Mail und vieles mehr.","thumbnail":"https:\/\/dev.codekraft.it\/ravaglioli.it\/wp-content\/uploads\/brb_media\/00409445_teq-link-logo-01-mi-150x150.png","url":"https:\/\/dev.codekraft.it\/ravaglioli.it\/de\/product\/software-fur-werkstattkonnektivitat-teq-link\/"},{"id":157375,"mpn":"VSG.IDC50.701886","name":"Diagnosekit STDADIAG","description":"IDC5 KIT TEXA - f\u00fcr die Diagnose der Achsvermessung | Kit f\u00fcr diejenigen, die ein Achsmessger\u00e4t besitzen, aber kein TEXA-Zubeh\u00f6r","thumbnail":"https:\/\/dev.codekraft.it\/ravaglioli.it\/wp-content\/uploads\/brb_media\/00527952_wheel-aligners-accessories-stdadiag-all-configurations-mi-150x150.png","url":"https:\/\/dev.codekraft.it\/ravaglioli.it\/de\/product\/diagnosekit-stdadiag\/"},{"id":157381,"mpn":"VSG.SW500.701893","name":"Diagnosekit STDADIAG\/SW","description":"TEXA IDC5 SW KIT - f\u00fcr die Diagnose der Achsvermessung | Kit f\u00fcr diejenigen, die bereits TEXA-Ger\u00e4te besitzen (z. B. ADAS RCSS)","thumbnail":"https:\/\/dev.codekraft.it\/ravaglioli.it\/wp-content\/uploads\/brb_media\/00527953_wheel-aligners-accessories-stdadiag-ws-all-configurations-mi-150x150.png","url":"https:\/\/dev.codekraft.it\/ravaglioli.it\/de\/product\/diagnosekit-stdadiag-sw\/"},{"id":157396,"mpn":"VSG.FC167.701916","name":"Radklammern Fast clamps","description":"Schnellspann-Radklammern | f\u00fcr 3D-Achsmessger\u00e4te, Pkw, Radgr\u00f6\u00dfe 21 - 31\", Rad-\u00d8 540 - 780 mm, Gewicht pro Radklammer-Satz 3,5 kg | 1 Satz \/ 2 St\u00fcck","thumbnail":"https:\/\/dev.codekraft.it\/ravaglioli.it\/wp-content\/uploads\/brb_media\/00528113_wheel-aligner-accessories-vsgfc167701916-mi-150x150.png","url":"https:\/\/dev.codekraft.it\/ravaglioli.it\/de\/product\/radklammern-fast-clamps\/"},{"id":157416,"mpn":"STDAS350","name":"Datenbankabfrage-Guthaben Shoot &amp; Go 350","description":"Guthaben-Paket f\u00fcr die Konsultationen der Online-Datenbank \u00fcber KBA-Abfrage | 350 Abfragen","thumbnail":"https:\/\/dev.codekraft.it\/ravaglioli.it\/wp-content\/uploads\/brb_media\/00510471_wheel-aligners-shootgo-mi-150x150.png","url":"https:\/\/dev.codekraft.it\/ravaglioli.it\/de\/product\/datenbankabfrage-guthaben-shoot-go-350\/"}],"components":[],"delivery":[{"id":155728,"mpn":"STDA33EU\/3D","name":"Radklammern 4-Punkt | Felgen-\u00d8 10 &#8211; 24\u2033","description":"Selbstzentrierende 4-Punkt-Halter | inkl. entfernbarer Klauen | 1 Satz \/ 2 St\u00fcck","thumbnail":"https:\/\/dev.codekraft.it\/ravaglioli.it\/wp-content\/uploads\/brb_media\/00510475_wheel-aligners-stda33eu-mi-150x150.png","url":"https:\/\/dev.codekraft.it\/ravaglioli.it\/de\/product\/radklammern-4-punkt-felgen-o-10-24%e2%80%b3-2\/"},{"id":152383,"mpn":"S110A7","name":"Drehteller Standard","description":"\u00d8 300 mm, Tragf\u00e4higkeit 1000 kg | 1 Satz \/ 2 St\u00fcck","thumbnail":"https:\/\/dev.codekraft.it\/ravaglioli.it\/wp-content\/uploads\/brb_media\/00535628_wheel-aligners-s110a7-mi-150x150.png","url":"https:\/\/dev.codekraft.it\/ravaglioli.it\/de\/product\/drehteller-standard\/"},{"id":155746,"mpn":"STDA161","name":"Lenkradfeststeller","description":"Aus Kunststoff, mit rutschhemmendem Gummischutz f\u00fcr Lenkrad und Sitz","thumbnail":"https:\/\/dev.codekraft.it\/ravaglioli.it\/wp-content\/uploads\/brb_media\/00509908_wheel-aligner-stda161-mi-150x150.png","url":"https:\/\/dev.codekraft.it\/ravaglioli.it\/de\/product\/lenkradfeststeller\/"},{"id":155752,"mpn":"10479","name":"Bremspedalfeststeller","description":"","thumbnail":"https:\/\/dev.codekraft.it\/ravaglioli.it\/wp-content\/uploads\/brb_media\/00509913_wheel-aligner-10479-mi-150x150.png","url":"https:\/\/dev.codekraft.it\/ravaglioli.it\/de\/product\/bremspedalfeststeller\/"},{"id":155764,"mpn":"STDAPREMIUM","name":"Token","description":"Anwendungsfreigabe zus\u00e4tzlicher Hilfsfunktionen","thumbnail":"","url":"https:\/\/dev.codekraft.it\/ravaglioli.it\/de\/product\/token-20\/"},{"id":155770,"mpn":"STDA110","name":"Fahrzeugdatenbank","description":"","thumbnail":"https:\/\/dev.codekraft.it\/ravaglioli.it\/wp-content\/uploads\/brb_media\/00509910_wheel-aligner-stda110-mi-150x150.png","url":"https:\/\/dev.codekraft.it\/ravaglioli.it\/de\/product\/fahrzeugdatenbank\/"},{"id":155716,"mpn":"STDA162","name":"Hebeb\u00fchnen-Halterungen f\u00fcr 3D-Messwertaufnehmer | 1 Satz \/ 2 St\u00fcck","description":"","thumbnail":"https:\/\/dev.codekraft.it\/ravaglioli.it\/wp-content\/uploads\/brb_media\/00495669_wheel-aligner-3d-wifi-stda162-rotary-di-150x150.png","url":"https:\/\/dev.codekraft.it\/ravaglioli.it\/de\/product\/hebebuhnen-halterungen-fur-3d-messwertaufnehmer-1-satz-2-stuck\/"}],"package":[],"related":[],"similar":[{"id":156016,"mpn":"RAV.3DWAL.701008","name":"3D-Achsmessger\u00e4t RAV3D2.0WALL.3S | Light-Ausf\u00fchrung","description":"3D-Achsmessger\u00e4t mit Wandpanel | Bluetooth-Daten\u00fcbertragung | inkl. 3-Punkt-Schnellspann-Radklammern mit Halterungen, Ladestationen f\u00fcr 3D-Messk\u00f6pfe und Batterien mit Magneten","thumbnail":"https:\/\/dev.codekraft.it\/ravaglioli.it\/wp-content\/uploads\/brb_media\/00505448_wheel-aligner-rav3d-2-wall-light-version-3-point-clamps-mi-150x150.png","url":"https:\/\/dev.codekraft.it\/ravaglioli.it\/de\/product\/3d-achsmessgerat-rav3d2-0wall-3s-light-ausfuhrung\/"},{"id":156010,"mpn":"RAV.3DWAL.701039","name":"3D-Achsmessger\u00e4t RAV3D2.0WALL.3L | Large-Ausf\u00fchrung","description":"3D-Achsmessger\u00e4t mit Wandpanel | Bluetooth-Daten\u00fcbertragung | inkl. 3-Punkt-Schnellspann-Radklammern mit Haltern, Ladestationen f\u00fcr 3D-Messk\u00f6pfe und Batterien mit Magneten","thumbnail":"https:\/\/dev.codekraft.it\/ravaglioli.it\/wp-content\/uploads\/brb_media\/00505447_wheel-aligner-rav3d-2-wall-large-version-mi-150x150.png","url":"https:\/\/dev.codekraft.it\/ravaglioli.it\/de\/product\/3d-achsmessgerat-rav3d2-0wall-3l-large-ausfuhrung\/"},{"id":153913,"mpn":"RAV.D32SP.700988","name":"3D-Achsmessger\u00e4t RAVTD3200SP.4","description":"3D-Achsmessger\u00e4t mit HQ 3D-Messk\u00f6pfen und Bluetooth-Daten\u00fcbertragung | inkl. selbstzentrierenden 4-Punkt-Schnellspann-Radklammern, 22\u2033-TFT-Display und geschlossenem Fahrwagen | Blau (RAL 5005)","thumbnail":"https:\/\/dev.codekraft.it\/ravaglioli.it\/wp-content\/uploads\/brb_media\/00508524_wheel-aligner-ravtd3200sp-mi-02-150x150.png","url":"https:\/\/dev.codekraft.it\/ravaglioli.it\/de\/product\/3d-achsmessgerat-ravtd3200sp-4\/"},{"id":153925,"mpn":"RAV.D32LT.700971","name":"3D-Achsmessger\u00e4t RAVTD3200L.4","description":"3D-Achsmessger\u00e4t mit HQ 3D-Messk\u00f6pfen und Bluetooth-Daten\u00fcbertragung | inkl. selbstzentrierenden 4-Punkt-Schnellspann-Radklammern, 22\u2033-TFT-Display und offenem Fahrwagen | Grau (RAL 7040)","thumbnail":"https:\/\/dev.codekraft.it\/ravaglioli.it\/wp-content\/uploads\/brb_media\/00508521_wheel-aligner-ravtd3200l-mi-01-150x150.png","url":"https:\/\/dev.codekraft.it\/ravaglioli.it\/de\/product\/3d-achsmessgerat-ravtd3200l-4\/"}],"page_logo_src":"https:\/\/dev.codekraft.it\/ravaglioli.it\/wp-content\/uploads\/2026\/04\/rav-negative-logo-1.png","lang":"de","translations":{"de":156022,"en":156021,"fr":156023,"it":156024,"es":156025,"ru":156026},"pll_sync_post":[],"_links":{"self":[{"href":"https:\/\/dev.codekraft.it\/ravaglioli.it\/wp-json\/wp\/v2\/product\/156022","targetHints":{"allow":["GET"]}}],"collection":[{"href":"https:\/\/dev.codekraft.it\/ravaglioli.it\/wp-json\/wp\/v2\/product"}],"about":[{"href":"https:\/\/dev.codekraft.it\/ravaglioli.it\/wp-json\/wp\/v2\/types\/product"}],"wp:featuredmedia":[{"embeddable":true,"href":"https:\/\/dev.codekraft.it\/ravaglioli.it\/wp-json\/wp\/v2\/media\/39386"}],"wp:attachment":[{"href":"https:\/\/dev.codekraft.it\/ravaglioli.it\/wp-json\/wp\/v2\/media?parent=156022"}],"wp:term":[{"taxonomy":"product_brand","embeddable":true,"href":"https:\/\/dev.codekraft.it\/ravaglioli.it\/wp-json\/wp\/v2\/product_brand?post=156022"},{"taxonomy":"product_cat","embeddable":true,"href":"https:\/\/dev.codekraft.it\/ravaglioli.it\/wp-json\/wp\/v2\/product_cat?post=156022"},{"taxonomy":"product_tag","embeddable":true,"href":"https:\/\/dev.codekraft.it\/ravaglioli.it\/wp-json\/wp\/v2\/product_tag?post=156022"},{"taxonomy":"product_approvals","embeddable":true,"href":"https:\/\/dev.codekraft.it\/ravaglioli.it\/wp-json\/wp\/v2\/product_approvals?post=156022"},{"taxonomy":"product_application","embeddable":true,"href":"https:\/\/dev.codekraft.it\/ravaglioli.it\/wp-json\/wp\/v2\/product_application?post=156022"}],"curies":[{"name":"wp","href":"https:\/\/api.w.org\/{rel}","templated":true}]}}