{"id":156019,"date":"2025-11-20T10:26:31","date_gmt":"2025-11-20T10:26:31","guid":{"rendered":"https:\/\/dev.codekraft.it\/ravaglioli.it\/product\/alineador-de-ruedas-3d-rav3d2-0wall-3s-version-light\/"},"modified":"2026-01-14T19:59:54","modified_gmt":"2026-01-14T19:59:54","slug":"alineador-de-ruedas-3d-rav3d2-0wall-3s-version-light","status":"publish","type":"product","link":"https:\/\/dev.codekraft.it\/ravaglioli.it\/es\/product\/alineador-de-ruedas-3d-rav3d2-0wall-3s-version-light\/","title":{"rendered":"Alineador de ruedas 3D RAV3D2.0WALL.3S | Versi\u00f3n \u00abLight\u00bb"},"content":{"rendered":"<p>Serie AllOnWall &#8211; The High-tech Solution for Wheel Alignment<\/p>\n<ul>\n<li>Dise\u00f1o compacto: las alineaciones se llevan a cabo con la m\u00e1xima flexibilidad sin el estorbo de una consola, una torre de transmisi\u00f3n de datos o un PC<\/li>\n<li>Completamente inal\u00e1mbrico: la comunicaci\u00f3n entre los sensores y la tableta se realiza a trav\u00e9s de una conexi\u00f3n Bluetooth<\/li>\n<li>Precisi\u00f3n absoluta: cabezales de medici\u00f3n 3D mejorados con resoluci\u00f3n HQ<\/li>\n<\/ul>\n<p>La serie AllOnWall le permite tener todo lo que necesita para realizar alineaciones en un c\u00f3modo panel de montaje en pared, al mismo tiempo que consigue liberar espacio \u00fatil en el taller. Todas las funciones pueden controlarse a trav\u00e9s de una tableta\u00a0de 10\u2033 que el operario puede llevar consigo o bien colocarla en el elevador durante el ajuste, gracias a los imanes incorporados. La alineaci\u00f3n se basa en la probada tecnolog\u00eda del cabezal de medici\u00f3n con c\u00e1maras HD y dianas Real 3D, totalmente inal\u00e1mbricos con\u00a0transmisi\u00f3n Bluetooth.<\/p>\n<ul>\n<li>Medici\u00f3n r\u00e1pida y precisa. Los cabezales de medici\u00f3n 3D muestran en unos pocos segundos todos los \u00e1ngulos del veh\u00edculo sin necesidad de que intervenga el operario.\n<ul>\n<li>Pantalla LCD para mostrar la informaci\u00f3n b\u00e1sica<\/li>\n<li>Cinco teclas para la navegaci\u00f3n, incluso a distancia, por software<\/li>\n<li>Resoluci\u00f3n de 5MP para la medici\u00f3n y compensaci\u00f3n del nivel de la plataforma de elevaci\u00f3n<\/li>\n<li>Funci\u00f3n de control remoto<\/li>\n<li>Repetidores LED de ayuda al registro<\/li>\n<li>Posici\u00f3n \u00fanica de instalaci\u00f3n de los cabezales de medici\u00f3n, incluso para veh\u00edculos con paso diferente<\/li>\n<li>Peso de 3 kg<\/li>\n<\/ul>\n<\/li>\n<li>Protecci\u00f3n de goma integrada a prueba de golpes y manilla con protecci\u00f3n de pl\u00e1stico.<\/li>\n<li>Sistema de fijaci\u00f3n r\u00e1pida al elevador pivotante para evitar da\u00f1os en caso de presencia de obst\u00e1culos durante el descenso.<\/li>\n<li>Bater\u00eda con sistema de liberaci\u00f3n r\u00e1pida.<\/li>\n<li>Bater\u00eda de 8 horas de duraci\u00f3n para permitir el trabajo prolongado en el taller durante toda la jornada.<\/li>\n<li>Las estaciones de carga est\u00e1n equipadas con imanes que permiten colocar las bater\u00edas en la posici\u00f3n exacta, garantizando el correcto funcionamiento de la carga en todo momento.<\/li>\n<li>Tableta\u00a0de 10 pulgadas muy ligera con un dise\u00f1o robusto y resistente en el tiempo\n<ul>\n<li>Resistente a ca\u00eddas desde 76 cm<\/li>\n<li>Resistente al polvo y al agua (IP52)<\/li>\n<li>Equipado con imanes adhesivos<\/li>\n<li>Bordes redondeados para mayor resistencia<\/li>\n<li>Memoria de 64 GB<\/li>\n<li>Pantalla de 800 x 1280<\/li>\n<li>C\u00e1mara frontal de 2 MP + c\u00e1mara trasera de 5 MP<\/li>\n<li>Peso inferior a 700 g<\/li>\n<\/ul>\n<\/li>\n<li>Juego de 4 garras de 3 puntos con autocentrado sin alabeo (Cuenta con un movimiento r\u00e1pido y u\u00f1as de ABS; no prev\u00e9n ning\u00fan contacto de metal contra metal).<\/li>\n<li>Las dianas 3D instaladas en las garras son extremadamente ligeras, no requieren mantenimiento y no cuentan con ning\u00fan componente electr\u00f3nico.<\/li>\n<li>Gracias a las dianas Real 3D, en combinaci\u00f3n con las garras de 3 puntos, es posible omitir el procedimiento de alabeo, agilizando el trabajo del operario y maximizando la eficiencia del taller.<\/li>\n<li>Los cuatro soportes de garras tambi\u00e9n pueden fijarse a las columnas del elevador, de modo que queden muy cerca de las ruedas del veh\u00edculo. (Se requiere un kit de imanes adecuado a la fijaci\u00f3n &#8211; N. de art\u00edculo STDA165)<\/li>\n<li>El ic\u00f3nico logotipo de Ravaglioli cobra vida con una retroiluminaci\u00f3n LED de luz blanca c\u00e1lida.<\/li>\n<li>Compatible con el sistema TEq-Link<\/li>\n<li>Conexi\u00f3n a internet\n<ul>\n<li>Env\u00edo de resultados a los clientes<\/li>\n<li>Asistencia remota<\/li>\n<\/ul>\n<\/li>\n<li>Taller m\u00e1s eficiente en t\u00e9rminos de espacio y funcionamiento\n<ul>\n<li>SIN OBST\u00c1CULOS: Aprovechamiento m\u00e1ximo del espacio de trabajo disponible<\/li>\n<li>TRABAJO R\u00c1PIDO: Se\u00f1al de transmisi\u00f3n siempre perfecta<\/li>\n<li>UN M\u00cdNIMO ESFUERZO: Sin alabeo<\/li>\n<li>SIN LIMITACIONES: Utilizaci\u00f3n de la alineaci\u00f3n de ruedas en m\u00e1s zonas de trabajo<\/li>\n<\/ul>\n<\/li>\n<\/ul>\n<ul>\n<li>Estaciones de carga equipadas con imanes que permiten la colocaci\u00f3n de dos bater\u00edas<\/li>\n<li>Tableta con pantalla multit\u00e1ctil de 10\u2033 800 x 1280 equipada con imanes adhesivos. Recargable en el panel.<\/li>\n<li>Alojamiento, provisto de una alfombrilla de goma resistente a los golpes, para guardar con seguridad los cabezales de medici\u00f3n 3D.<\/li>\n<li>Soporte para las garras de 3 puntos con unos pr\u00e1cticos ganchos<\/li>\n<li>Consola &#8211; Peso inferior a 14 kg<\/li>\n<\/ul>\n","protected":false},"excerpt":{"rendered":"<p>Dispositivo de alineaci\u00f3n de ruedas 3D con panel de montaje en pared | Transmisi\u00f3n de datos por Bluetooth | incl. soporte para las garras de 3 puntos con unos pr\u00e1cticos ganchos, estaciones de carga para cabezales de medici\u00f3n 3D y bater\u00edas con imanes<\/p>\n","protected":false},"featured_media":39379,"template":"","meta":[],"product_brand":[],"product_cat":[57906],"product_tag":[58296,63163],"product_approvals":[],"product_application":[],"class_list":{"0":"post-156019","1":"product","2":"type-product","3":"status-publish","4":"has-post-thumbnail","6":"product_cat-alineadores-de-ruedas-es","7":"product_tag-passenger-cars-es","8":"product_tag-quickship-es","10":"first","11":"instock","12":"shipping-taxable","13":"product-type-simple"},"approvals":[],"application":[],"brb_media_brochure":[{"id":52044,"url":"https:\/\/dev.codekraft.it\/ravaglioli.it\/wp-content\/uploads\/brb_media\/00509915_wheel-aligners-rav3d20wall-br-de-2023-07-screen.pdf","title":"Wheel Aligners RAV3D20WALL BR de 2023 07 screen","mpn":"","thumbnail":"https:\/\/dev.codekraft.it\/ravaglioli.it\/wp-content\/uploads\/brb_media\/00509915_wheel-aligners-rav3d20wall-br-de-2023-07-screen-pdf-106x150.png","description":""},{"id":52045,"url":"https:\/\/dev.codekraft.it\/ravaglioli.it\/wp-content\/uploads\/brb_media\/00509916_wheel-aligners-rav3d20wall-br-en-2023-07-screen.pdf","title":"Wheel Aligners RAV3D20WALL BR en 2023 07 screen","mpn":"","thumbnail":"https:\/\/dev.codekraft.it\/ravaglioli.it\/wp-content\/uploads\/brb_media\/00509916_wheel-aligners-rav3d20wall-br-en-2023-07-screen-pdf-106x150.png","description":""},{"id":52046,"url":"https:\/\/dev.codekraft.it\/ravaglioli.it\/wp-content\/uploads\/brb_media\/00509917_wheel-aligners-rav3d20wall-br-fr-2023-07-screen.pdf","title":"Wheel Aligners RAV3D20WALL BR fr 2023 07 screen","mpn":"","thumbnail":"https:\/\/dev.codekraft.it\/ravaglioli.it\/wp-content\/uploads\/brb_media\/00509917_wheel-aligners-rav3d20wall-br-fr-2023-07-screen-pdf-106x150.png","description":""},{"id":52047,"url":"https:\/\/dev.codekraft.it\/ravaglioli.it\/wp-content\/uploads\/brb_media\/00509918_wheel-aligners-rav3d20wall-br-it-2023-07-screen.pdf","title":"Wheel Aligners RAV3D20WALL BR it 2023 07 screen","mpn":"","thumbnail":"https:\/\/dev.codekraft.it\/ravaglioli.it\/wp-content\/uploads\/brb_media\/00509918_wheel-aligners-rav3d20wall-br-it-2023-07-screen-pdf-106x150.png","description":""},{"id":52048,"url":"https:\/\/dev.codekraft.it\/ravaglioli.it\/wp-content\/uploads\/brb_media\/00509919_wheel-aligners-rav3d20wall-br-es-2023-07-screen.pdf","title":"Wheel Aligners RAV3D20WALL BR es 2023 07 screen","mpn":"","thumbnail":"https:\/\/dev.codekraft.it\/ravaglioli.it\/wp-content\/uploads\/brb_media\/00509919_wheel-aligners-rav3d20wall-br-es-2023-07-screen-pdf-106x150.png","description":""},{"id":52049,"url":"https:\/\/dev.codekraft.it\/ravaglioli.it\/wp-content\/uploads\/brb_media\/00509920_wheel-aligners-rav3d20wall-br-ru-2023-07-screen.pdf","title":"Wheel Aligners RAV3D20WALL BR ru 2023 07 screen","mpn":"","thumbnail":"https:\/\/dev.codekraft.it\/ravaglioli.it\/wp-content\/uploads\/brb_media\/00509920_wheel-aligners-rav3d20wall-br-ru-2023-07-screen-pdf-106x150.png","description":""}],"brb_media_drawing":"","brb_media_manuals":[{"id":149926,"url":"https:\/\/dev.codekraft.it\/ravaglioli.it\/wp-content\/uploads\/brb_media\/00539657_rav-rot-spa_3d-wall-2025-m356-00_vsg_00_rev01_5l.pdf","title":"rav rot spa 3d wall (2025 m356 00 vsg 00 rev01) 5l","mpn":"","thumbnail":"https:\/\/dev.codekraft.it\/ravaglioli.it\/wp-content\/uploads\/brb_media\/00539657_rav-rot-spa_3d-wall-2025-m356-00_vsg_00_rev01_5l-pdf-106x150.png","description":""}],"brb_media_safety_datasheets":"","brb_media_spare_parts":[],"_cdmm_p_id":"501005","_company":"Ravaglioli","_gtin":"5063084701008","accessories":[{"id":155662,"mpn":"STDA141ADAS","name":"Token","description":"Habilitaci\u00f3n de la aplicaci\u00f3n para las funciones ADAS (Advanced Driver Assistance Systems)","thumbnail":"https:\/\/dev.codekraft.it\/ravaglioli.it\/wp-content\/uploads\/brb_media\/00528336_wheel-aligner-stda141adas-mi-150x150.png","url":"https:\/\/dev.codekraft.it\/ravaglioli.it\/es\/product\/token-14\/"},{"id":155668,"mpn":"STDA164","name":"Bater\u00edas adicionales | 1 juego \/ 2 piezas","description":"","thumbnail":"","url":"https:\/\/dev.codekraft.it\/ravaglioli.it\/es\/product\/baterias-adicionales-1-juego-2-piezas\/"},{"id":155674,"mpn":"STDA149","name":"Niveles de burbuja para dianas | 1 juego \/ 2 piezas","description":"","thumbnail":"https:\/\/dev.codekraft.it\/ravaglioli.it\/wp-content\/uploads\/brb_media\/00528340_wheel-aligner-stda149-mi-150x150.png","url":"https:\/\/dev.codekraft.it\/ravaglioli.it\/es\/product\/niveles-de-burbuja-para-dianas-1-juego-2-piezas\/"},{"id":155680,"mpn":"STDAShoot","name":"Token","description":"Clave virtual para la consulta de base de datos en l\u00ednea a trav\u00e9s de la consulta de la Oficina Federal de Veh\u00edculos Motorizados (KBA) de Alemania | incl. 200 consultas","thumbnail":"https:\/\/dev.codekraft.it\/ravaglioli.it\/wp-content\/uploads\/brb_media\/00510471_wheel-aligners-shootgo-mi-150x150.png","url":"https:\/\/dev.codekraft.it\/ravaglioli.it\/es\/product\/token-18\/"},{"id":154901,"mpn":"STDAS200","name":"Cr\u00e9dito de consulta de base de datos Shoot &amp; Go 200","description":"Paquete de cr\u00e9ditos para consultar la base de datos en l\u00ednea a trav\u00e9s de la consulta de la Oficina Federal de Veh\u00edculos Motorizados (KBA) de Alemania | 200 consultas","thumbnail":"https:\/\/dev.codekraft.it\/ravaglioli.it\/wp-content\/uploads\/brb_media\/00510471_wheel-aligners-shootgo-mi-150x150.png","url":"https:\/\/dev.codekraft.it\/ravaglioli.it\/es\/product\/credito-de-consulta-de-base-de-datos-shoot-go-200\/"},{"id":155238,"mpn":"STDAS500","name":"Cr\u00e9dito de consulta de base de datos Shoot &amp; Go 500","description":"Paquete de cr\u00e9ditos para consultar la base de datos en l\u00ednea a trav\u00e9s de la consulta de la Oficina Federal de Veh\u00edculos Motorizados (KBA) de Alemania | 500 consultas","thumbnail":"https:\/\/dev.codekraft.it\/ravaglioli.it\/wp-content\/uploads\/brb_media\/00510471_wheel-aligners-shootgo-mi-150x150.png","url":"https:\/\/dev.codekraft.it\/ravaglioli.it\/es\/product\/credito-de-consulta-de-base-de-datos-shoot-go-500\/"},{"id":155692,"mpn":"STDA165","name":"Imanes para soporte de las garras | 1 juego","description":"","thumbnail":"https:\/\/dev.codekraft.it\/ravaglioli.it\/wp-content\/uploads\/brb_media\/00528349_wheel-aligner-stda165-mi-150x150.png","url":"https:\/\/dev.codekraft.it\/ravaglioli.it\/es\/product\/imanes-para-soporte-de-las-garras-1-juego\/"},{"id":155725,"mpn":"TEq-Link","name":"Software de conectividad del taller TEq-Link","description":"Software para conectar equipos en el taller y supervisar su uso, gestionar el mantenimiento preventivo, enviar informes por correo electr\u00f3nico y mucho m\u00e1s.","thumbnail":"https:\/\/dev.codekraft.it\/ravaglioli.it\/wp-content\/uploads\/brb_media\/00409445_teq-link-logo-01-mi-150x150.png","url":"https:\/\/dev.codekraft.it\/ravaglioli.it\/es\/product\/software-de-conectividad-del-taller-teq-link\/"},{"id":157378,"mpn":"VSG.IDC50.701886","name":"Kit de diagn\u00f3stico STDADIAG","description":"IDC5 KIT TEXA - para la alineaci\u00f3n de las ruedas de diagn\u00f3stico | kit para aquellos que s\u00f3lo tienen la alineaci\u00f3n de las ruedas y no tiene ning\u00fan accesorio TEXA","thumbnail":"https:\/\/dev.codekraft.it\/ravaglioli.it\/wp-content\/uploads\/brb_media\/00527952_wheel-aligners-accessories-stdadiag-all-configurations-mi-150x150.png","url":"https:\/\/dev.codekraft.it\/ravaglioli.it\/es\/product\/kit-de-diagnostico-stdadiag\/"},{"id":157384,"mpn":"VSG.SW500.701893","name":"Kit de diagn\u00f3stico STDADIAG\/SW","description":"TEXA IDC5 SW KIT - para la alineaci\u00f3n de las ruedas de diagn\u00f3stico | kit para aquellos que ya tienen dispositivos TEXA (por ejemplo, ADAS RCSS)","thumbnail":"https:\/\/dev.codekraft.it\/ravaglioli.it\/wp-content\/uploads\/brb_media\/00527953_wheel-aligners-accessories-stdadiag-ws-all-configurations-mi-150x150.png","url":"https:\/\/dev.codekraft.it\/ravaglioli.it\/es\/product\/kit-de-diagnostico-stdadiag-sw\/"},{"id":157399,"mpn":"VSG.FC167.701916","name":"Garras de ruedas Fast clamps","description":"Garras de montaje r\u00e1pido | para alineadores 3D, turismo, tama\u00f1o del neum\u00e1tico 21 - 31\", \u00d8 rueda 540 - 780 mm, peso de las garras 3,5 kg (por juego) | 1 juego \/ 2 piezas","thumbnail":"https:\/\/dev.codekraft.it\/ravaglioli.it\/wp-content\/uploads\/brb_media\/00528113_wheel-aligner-accessories-vsgfc167701916-mi-150x150.png","url":"https:\/\/dev.codekraft.it\/ravaglioli.it\/es\/product\/garras-de-ruedas-fast-clamps\/"},{"id":157419,"mpn":"STDAS350","name":"Cr\u00e9dito de consulta de base de datos Shoot &amp; Go 350","description":"Paquete de cr\u00e9ditos para consultar la base de datos en l\u00ednea a trav\u00e9s de la consulta de la Oficina Federal de Veh\u00edculos Motorizados (KBA) de Alemania | 350 consultas","thumbnail":"https:\/\/dev.codekraft.it\/ravaglioli.it\/wp-content\/uploads\/brb_media\/00510471_wheel-aligners-shootgo-mi-150x150.png","url":"https:\/\/dev.codekraft.it\/ravaglioli.it\/es\/product\/credito-de-consulta-de-base-de-datos-shoot-go-350\/"}],"components":[],"delivery":[{"id":152386,"mpn":"S110A7","name":"Platos giratorios Standard","description":"\u00d8 300 mm, capacidad de carga 1000 kg | 1 juego \/ 2 piezas","thumbnail":"https:\/\/dev.codekraft.it\/ravaglioli.it\/wp-content\/uploads\/brb_media\/00535628_wheel-aligners-s110a7-mi-150x150.png","url":"https:\/\/dev.codekraft.it\/ravaglioli.it\/es\/product\/platos-giratorios-standard\/"},{"id":155749,"mpn":"STDA161","name":"Bloqueador del volante","description":"Bloqueador de volante de pl\u00e1stico con protectores de goma antideslizantes para volante y asiento","thumbnail":"https:\/\/dev.codekraft.it\/ravaglioli.it\/wp-content\/uploads\/brb_media\/00509908_wheel-aligner-stda161-mi-150x150.png","url":"https:\/\/dev.codekraft.it\/ravaglioli.it\/es\/product\/bloqueador-del-volante\/"},{"id":155755,"mpn":"10479","name":"Depresor del pedal del freno","description":"","thumbnail":"https:\/\/dev.codekraft.it\/ravaglioli.it\/wp-content\/uploads\/brb_media\/00509913_wheel-aligner-10479-mi-150x150.png","url":"https:\/\/dev.codekraft.it\/ravaglioli.it\/es\/product\/depresor-del-pedal-del-freno\/"},{"id":155767,"mpn":"STDAPREMIUM","name":"Token","description":"Activaci\u00f3n de funciones adicionales","thumbnail":"","url":"https:\/\/dev.codekraft.it\/ravaglioli.it\/es\/product\/token-23\/"},{"id":155773,"mpn":"STDA110","name":"Base de datos de veh\u00edculos","description":"","thumbnail":"https:\/\/dev.codekraft.it\/ravaglioli.it\/wp-content\/uploads\/brb_media\/00509910_wheel-aligner-stda110-mi-150x150.png","url":"https:\/\/dev.codekraft.it\/ravaglioli.it\/es\/product\/base-de-datos-de-vehiculos\/"},{"id":155719,"mpn":"STDA162","name":"Soportes fijaci\u00f3n en elevador para transductor de medici\u00f3n 3D | 1 juego \/ 2 piezas","description":"","thumbnail":"https:\/\/dev.codekraft.it\/ravaglioli.it\/wp-content\/uploads\/brb_media\/00495669_wheel-aligner-3d-wifi-stda162-rotary-di-150x150.png","url":"https:\/\/dev.codekraft.it\/ravaglioli.it\/es\/product\/soportes-fijacion-en-elevador-para-transductor-de-medicion-3d-1-juego-2-piezas\/"}],"package":[],"related":[],"similar":[{"id":156013,"mpn":"RAV.3DWAL.701039","name":"Alineador de ruedas 3D RAV3D2.0WALL.3L | Versi\u00f3n \u00abLarge\u00bb","description":"Dispositivo de alineaci\u00f3n de ruedas 3D con panel de montaje en pared | Transmisi\u00f3n de datos por Bluetooth | incl. soporte para las garras de 3 puntos con pr\u00e1cticos ganchos, estaciones de carga para cabezales de medici\u00f3n 3D y bater\u00edas con imanes","thumbnail":"https:\/\/dev.codekraft.it\/ravaglioli.it\/wp-content\/uploads\/brb_media\/00505447_wheel-aligner-rav3d-2-wall-large-version-mi-150x150.png","url":"https:\/\/dev.codekraft.it\/ravaglioli.it\/es\/product\/alineador-de-ruedas-3d-rav3d2-0wall-3l-version-large\/"},{"id":153898,"mpn":"RAV.D32HP.700926","name":"Alineador de ruedas 3D RAVTD3200HPR.3","description":"Dispositivo de alineaci\u00f3n de ruedas 3D con captadores de medici\u00f3n 3D con resoluci\u00f3n HQ y comunicaci\u00f3n de datos mediante Bluetooth | incl. garras de 3 puntos con autocentrado, TFT pantalla 27\u2033 y consola cerrada | Azul (RAL 5005)","thumbnail":"https:\/\/dev.codekraft.it\/ravaglioli.it\/wp-content\/uploads\/brb_media\/00508519_wheel-aligner-ravtd3200hpr_hp-mi-01-150x150.png","url":"https:\/\/dev.codekraft.it\/ravaglioli.it\/es\/product\/alineador-de-ruedas-3d-ravtd3200hpr-3\/"},{"id":153904,"mpn":"RAV.D32HP.700940","name":"Alineador de ruedas 3D RAVTD3200HP.3","description":"Dispositivo de alineaci\u00f3n de ruedas 3D con captadores de medici\u00f3n 3D con resoluci\u00f3n HQ y comunicaci\u00f3n de datos mediante Bluetooth | incl. garras de 3 puntos con autocentrado, TFT pantalla 27\u2033 y consola cerrada | Azul (RAL 5005)","thumbnail":"https:\/\/dev.codekraft.it\/ravaglioli.it\/wp-content\/uploads\/brb_media\/00508519_wheel-aligner-ravtd3200hpr_hp-mi-01-150x150.png","url":"https:\/\/dev.codekraft.it\/ravaglioli.it\/es\/product\/alineador-de-ruedas-3d-ravtd3200hp-3\/"},{"id":153910,"mpn":"RAV.D32SP.700902","name":"Alineador de ruedas 3D RAVTD3200SP.3","description":"Dispositivo de alineaci\u00f3n de ruedas 3D con captadores de medici\u00f3n 3D con resoluci\u00f3n HQ y comunicaci\u00f3n de datos mediante Bluetooth | incl. garras de 3 puntos con autocentrado, TFT pantalla 22\u2033 y consola cerrada | Azul (RAL 5005)","thumbnail":"https:\/\/dev.codekraft.it\/ravaglioli.it\/wp-content\/uploads\/brb_media\/00533627_wheel-aligner-ravtd3200sp-ral5005-mi-01-150x150.png","url":"https:\/\/dev.codekraft.it\/ravaglioli.it\/es\/product\/alineador-de-ruedas-3d-ravtd3200sp-3\/"},{"id":153922,"mpn":"RAV.D32LT.700964","name":"Alineador de ruedas 3D RAVTD3200L.3","description":"Dispositivo de alineaci\u00f3n de ruedas 3D con captadores de medici\u00f3n 3D con resoluci\u00f3n HQ y comunicaci\u00f3n de datos mediante Bluetooth | incl. garras de 3 puntos con autocentrado, TFT pantalla 22\u2033 y consola abierta | Gris (RAL 7040)","thumbnail":"https:\/\/dev.codekraft.it\/ravaglioli.it\/wp-content\/uploads\/brb_media\/00508521_wheel-aligner-ravtd3200l-mi-01-150x150.png","url":"https:\/\/dev.codekraft.it\/ravaglioli.it\/es\/product\/alineador-de-ruedas-3d-ravtd3200l-3\/"},{"id":156025,"mpn":"RAV.3DWAL.701053","name":"Alineador de ruedas 3D RAV3D2.0WALL.4S | Versi\u00f3n \u00abLight\u00bb","description":"Dispositivo de alineaci\u00f3n de ruedas 3D con panel de montaje en pared | Transmisi\u00f3n de datos por Bluetooth | incl. soporte para las garras de 4 puntos con unos pr\u00e1cticos ganchos, estaciones de carga para cabezales de medici\u00f3n 3D y bater\u00edas con imanes","thumbnail":"https:\/\/dev.codekraft.it\/ravaglioli.it\/wp-content\/uploads\/brb_media\/00505449_wheel-aligner-rav3d-2-wall-light-version-4-point-clamps-mi-150x150.png","url":"https:\/\/dev.codekraft.it\/ravaglioli.it\/es\/product\/alineador-de-ruedas-3d-rav3d2-0wall-4s-version-light\/"}],"page_logo_src":"https:\/\/dev.codekraft.it\/ravaglioli.it\/wp-content\/uploads\/2026\/04\/rav-negative-logo-1.png","lang":"es","translations":{"es":156019,"en":156015,"de":156016,"fr":156017,"it":156018,"ru":156020},"pll_sync_post":[],"_links":{"self":[{"href":"https:\/\/dev.codekraft.it\/ravaglioli.it\/wp-json\/wp\/v2\/product\/156019","targetHints":{"allow":["GET"]}}],"collection":[{"href":"https:\/\/dev.codekraft.it\/ravaglioli.it\/wp-json\/wp\/v2\/product"}],"about":[{"href":"https:\/\/dev.codekraft.it\/ravaglioli.it\/wp-json\/wp\/v2\/types\/product"}],"wp:featuredmedia":[{"embeddable":true,"href":"https:\/\/dev.codekraft.it\/ravaglioli.it\/wp-json\/wp\/v2\/media\/39379"}],"wp:attachment":[{"href":"https:\/\/dev.codekraft.it\/ravaglioli.it\/wp-json\/wp\/v2\/media?parent=156019"}],"wp:term":[{"taxonomy":"product_brand","embeddable":true,"href":"https:\/\/dev.codekraft.it\/ravaglioli.it\/wp-json\/wp\/v2\/product_brand?post=156019"},{"taxonomy":"product_cat","embeddable":true,"href":"https:\/\/dev.codekraft.it\/ravaglioli.it\/wp-json\/wp\/v2\/product_cat?post=156019"},{"taxonomy":"product_tag","embeddable":true,"href":"https:\/\/dev.codekraft.it\/ravaglioli.it\/wp-json\/wp\/v2\/product_tag?post=156019"},{"taxonomy":"product_approvals","embeddable":true,"href":"https:\/\/dev.codekraft.it\/ravaglioli.it\/wp-json\/wp\/v2\/product_approvals?post=156019"},{"taxonomy":"product_application","embeddable":true,"href":"https:\/\/dev.codekraft.it\/ravaglioli.it\/wp-json\/wp\/v2\/product_application?post=156019"}],"curies":[{"name":"wp","href":"https:\/\/api.w.org\/{rel}","templated":true}]}}