{"id":155950,"date":"2025-12-11T10:11:40","date_gmt":"2025-12-11T10:11:40","guid":{"rendered":"https:\/\/dev.codekraft.it\/ravaglioli.it\/product\/radgabelverlangerung-fur-artislift-mrg55\/"},"modified":"2026-01-14T19:59:31","modified_gmt":"2026-01-14T19:59:31","slug":"radgabelverlangerung-fur-artislift-mrg55","status":"publish","type":"product","link":"https:\/\/dev.codekraft.it\/ravaglioli.it\/de\/product\/radgabelverlangerung-fur-artislift-mrg55\/","title":{"rendered":"Radgabelverl\u00e4ngerung f\u00fcr ArtisLift MRG55"},"content":{"rendered":"","protected":false},"excerpt":{"rendered":"<p>L\u00e4nge ca. 123 mm | Reduzierung der Tragf\u00e4higkeit auf 5 t | 1 Satz (f\u00fcr 1 Radgreifers\u00e4ule)<\/p>\n","protected":false},"featured_media":149922,"template":"","meta":[],"product_brand":[],"product_cat":[58236],"product_tag":[63075,58374,58357,58476,58323,58340],"product_approvals":[],"product_application":[],"class_list":{"0":"post-155950","1":"product","2":"type-product","3":"status-publish","4":"has-post-thumbnail","6":"product_cat-zubehor-radgreifanlagen-de","7":"product_tag-anhanger-de","8":"product_tag-buses-de","9":"product_tag-trucks-de","10":"product_tag-trailer-de","11":"product_tag-light-commercial-de","12":"product_tag-motor-homes-de","14":"first","15":"instock","16":"shipping-taxable","17":"product-type-simple"},"approvals":[],"application":[],"brb_media_brochure":"","brb_media_drawing":"","brb_media_manuals":"","brb_media_safety_datasheets":"","brb_media_spare_parts":[],"_cdmm_p_id":"499827","_company":"VSG","_gtin":"4057612820270","accessories":[],"components":[],"delivery":[],"package":[],"related":[],"similar":[],"page_logo_src":"https:\/\/dev.codekraft.it\/ravaglioli.it\/wp-content\/uploads\/2026\/04\/rav-negative-logo-1.png","lang":"de","translations":{"de":155950,"en":155949,"fr":155951,"it":155952,"es":155953,"ru":155954},"pll_sync_post":[],"_links":{"self":[{"href":"https:\/\/dev.codekraft.it\/ravaglioli.it\/wp-json\/wp\/v2\/product\/155950","targetHints":{"allow":["GET"]}}],"collection":[{"href":"https:\/\/dev.codekraft.it\/ravaglioli.it\/wp-json\/wp\/v2\/product"}],"about":[{"href":"https:\/\/dev.codekraft.it\/ravaglioli.it\/wp-json\/wp\/v2\/types\/product"}],"wp:featuredmedia":[{"embeddable":true,"href":"https:\/\/dev.codekraft.it\/ravaglioli.it\/wp-json\/wp\/v2\/media\/149922"}],"wp:attachment":[{"href":"https:\/\/dev.codekraft.it\/ravaglioli.it\/wp-json\/wp\/v2\/media?parent=155950"}],"wp:term":[{"taxonomy":"product_brand","embeddable":true,"href":"https:\/\/dev.codekraft.it\/ravaglioli.it\/wp-json\/wp\/v2\/product_brand?post=155950"},{"taxonomy":"product_cat","embeddable":true,"href":"https:\/\/dev.codekraft.it\/ravaglioli.it\/wp-json\/wp\/v2\/product_cat?post=155950"},{"taxonomy":"product_tag","embeddable":true,"href":"https:\/\/dev.codekraft.it\/ravaglioli.it\/wp-json\/wp\/v2\/product_tag?post=155950"},{"taxonomy":"product_approvals","embeddable":true,"href":"https:\/\/dev.codekraft.it\/ravaglioli.it\/wp-json\/wp\/v2\/product_approvals?post=155950"},{"taxonomy":"product_application","embeddable":true,"href":"https:\/\/dev.codekraft.it\/ravaglioli.it\/wp-json\/wp\/v2\/product_application?post=155950"}],"curies":[{"name":"wp","href":"https:\/\/api.w.org\/{rel}","templated":true}]}}