{"id":155905,"date":"2025-11-20T15:02:30","date_gmt":"2025-11-20T15:02:30","guid":{"rendered":"https:\/\/dev.codekraft.it\/ravaglioli.it\/product\/proteccion-de-plastico-para-mordazas-de-sujecion-20-22%e2%80%b3-2\/"},"modified":"2026-01-14T19:59:18","modified_gmt":"2026-01-14T19:59:18","slug":"proteccion-de-plastico-para-mordazas-de-sujecion-20-22%e2%80%b3-2","status":"publish","type":"product","link":"https:\/\/dev.codekraft.it\/ravaglioli.it\/es\/product\/proteccion-de-plastico-para-mordazas-de-sujecion-20-22%e2%80%b3-2\/","title":{"rendered":"Protecci\u00f3n de pl\u00e1stico para mordazas de sujeci\u00f3n 20 &#8211; 22\u2033"},"content":{"rendered":"","protected":false},"excerpt":{"rendered":"<p>Protecciones para llantas de aleaci\u00f3n | 1 juego \/ 4 piezas<\/p>\n","protected":false},"featured_media":149920,"template":"","meta":[],"product_brand":[],"product_cat":[57910],"product_tag":[],"product_approvals":[],"product_application":[],"class_list":{"0":"post-155905","1":"product","2":"type-product","3":"status-publish","4":"has-post-thumbnail","6":"product_cat-accesorios-desmontadoras-es","8":"first","9":"instock","10":"shipping-taxable","11":"product-type-simple"},"approvals":[],"application":[],"brb_media_brochure":"","brb_media_drawing":"","brb_media_manuals":"","brb_media_safety_datasheets":"","brb_media_spare_parts":[],"_cdmm_p_id":"499817","_company":"VSG","_gtin":"4057612809619","accessories":[],"components":[],"delivery":[],"package":[],"related":[],"similar":[],"page_logo_src":"https:\/\/dev.codekraft.it\/ravaglioli.it\/wp-content\/uploads\/2026\/04\/rav-negative-logo-1.png","lang":"es","translations":{"es":155905,"en":155901,"de":155902,"fr":155903,"it":155904,"ru":155906},"pll_sync_post":[],"_links":{"self":[{"href":"https:\/\/dev.codekraft.it\/ravaglioli.it\/wp-json\/wp\/v2\/product\/155905","targetHints":{"allow":["GET"]}}],"collection":[{"href":"https:\/\/dev.codekraft.it\/ravaglioli.it\/wp-json\/wp\/v2\/product"}],"about":[{"href":"https:\/\/dev.codekraft.it\/ravaglioli.it\/wp-json\/wp\/v2\/types\/product"}],"wp:featuredmedia":[{"embeddable":true,"href":"https:\/\/dev.codekraft.it\/ravaglioli.it\/wp-json\/wp\/v2\/media\/149920"}],"wp:attachment":[{"href":"https:\/\/dev.codekraft.it\/ravaglioli.it\/wp-json\/wp\/v2\/media?parent=155905"}],"wp:term":[{"taxonomy":"product_brand","embeddable":true,"href":"https:\/\/dev.codekraft.it\/ravaglioli.it\/wp-json\/wp\/v2\/product_brand?post=155905"},{"taxonomy":"product_cat","embeddable":true,"href":"https:\/\/dev.codekraft.it\/ravaglioli.it\/wp-json\/wp\/v2\/product_cat?post=155905"},{"taxonomy":"product_tag","embeddable":true,"href":"https:\/\/dev.codekraft.it\/ravaglioli.it\/wp-json\/wp\/v2\/product_tag?post=155905"},{"taxonomy":"product_approvals","embeddable":true,"href":"https:\/\/dev.codekraft.it\/ravaglioli.it\/wp-json\/wp\/v2\/product_approvals?post=155905"},{"taxonomy":"product_application","embeddable":true,"href":"https:\/\/dev.codekraft.it\/ravaglioli.it\/wp-json\/wp\/v2\/product_application?post=155905"}],"curies":[{"name":"wp","href":"https:\/\/api.w.org\/{rel}","templated":true}]}}