{"id":155873,"date":"2025-12-11T10:11:42","date_gmt":"2025-12-11T10:11:42","guid":{"rendered":"https:\/\/dev.codekraft.it\/ravaglioli.it\/product\/etoile-de-centrage-a-3-bras-pour-camion\/"},"modified":"2026-01-14T19:59:11","modified_gmt":"2026-01-14T19:59:11","slug":"etoile-de-centrage-a-3-bras-pour-camion","status":"publish","type":"product","link":"https:\/\/dev.codekraft.it\/ravaglioli.it\/fr\/product\/etoile-de-centrage-a-3-bras-pour-camion\/","title":{"rendered":"\u00c9toile de centrage \u00e0 3 bras | pour camion"},"content":{"rendered":"","protected":false},"excerpt":{"rendered":"<p>Bride \u00e9toile pour jantes 6 trous | 3 x 170, 186, 205, 222, 245 mm<\/p>\n","protected":false},"featured_media":114053,"template":"","meta":[],"product_brand":[],"product_cat":[57972],"product_tag":[],"product_approvals":[],"product_application":[],"class_list":{"0":"post-155873","1":"product","2":"type-product","3":"status-publish","4":"has-post-thumbnail","6":"product_cat-accessoires-equilibreuses-de-roue-fr","8":"first","9":"instock","10":"shipping-taxable","11":"product-type-simple"},"approvals":[],"application":[],"brb_media_brochure":"","brb_media_drawing":"","brb_media_manuals":"","brb_media_safety_datasheets":"","brb_media_spare_parts":[],"_cdmm_p_id":"499812","_company":"VSG","_gtin":"4057612810554","accessories":[],"components":[],"delivery":[],"package":[],"related":[],"similar":[{"id":154851,"mpn":"GAR173","name":"\u00c9toile de centrage \u00e0 5 bras | pour camion","description":"Bride \u00e9toile pour jantes 10 trous | 5 x 225, 286, 335 mm","thumbnail":"https:\/\/dev.codekraft.it\/ravaglioli.it\/wp-content\/uploads\/brb_media\/00506551_gar172-150x150.png","url":"https:\/\/dev.codekraft.it\/ravaglioli.it\/fr\/product\/etoile-de-centrage-a-5-bras-pour-camion\/"}],"page_logo_src":"https:\/\/dev.codekraft.it\/ravaglioli.it\/wp-content\/uploads\/2026\/04\/rav-negative-logo-1.png","lang":"fr","translations":{"fr":155873,"en":155871,"de":155872,"it":155874,"es":155875,"ru":155876},"pll_sync_post":[],"_links":{"self":[{"href":"https:\/\/dev.codekraft.it\/ravaglioli.it\/wp-json\/wp\/v2\/product\/155873","targetHints":{"allow":["GET"]}}],"collection":[{"href":"https:\/\/dev.codekraft.it\/ravaglioli.it\/wp-json\/wp\/v2\/product"}],"about":[{"href":"https:\/\/dev.codekraft.it\/ravaglioli.it\/wp-json\/wp\/v2\/types\/product"}],"wp:featuredmedia":[{"embeddable":true,"href":"https:\/\/dev.codekraft.it\/ravaglioli.it\/wp-json\/wp\/v2\/media\/114053"}],"wp:attachment":[{"href":"https:\/\/dev.codekraft.it\/ravaglioli.it\/wp-json\/wp\/v2\/media?parent=155873"}],"wp:term":[{"taxonomy":"product_brand","embeddable":true,"href":"https:\/\/dev.codekraft.it\/ravaglioli.it\/wp-json\/wp\/v2\/product_brand?post=155873"},{"taxonomy":"product_cat","embeddable":true,"href":"https:\/\/dev.codekraft.it\/ravaglioli.it\/wp-json\/wp\/v2\/product_cat?post=155873"},{"taxonomy":"product_tag","embeddable":true,"href":"https:\/\/dev.codekraft.it\/ravaglioli.it\/wp-json\/wp\/v2\/product_tag?post=155873"},{"taxonomy":"product_approvals","embeddable":true,"href":"https:\/\/dev.codekraft.it\/ravaglioli.it\/wp-json\/wp\/v2\/product_approvals?post=155873"},{"taxonomy":"product_application","embeddable":true,"href":"https:\/\/dev.codekraft.it\/ravaglioli.it\/wp-json\/wp\/v2\/product_application?post=155873"}],"curies":[{"name":"wp","href":"https:\/\/api.w.org\/{rel}","templated":true}]}}