{"id":155783,"date":"2025-12-11T10:11:40","date_gmt":"2025-12-11T10:11:40","guid":{"rendered":"https:\/\/dev.codekraft.it\/ravaglioli.it\/product\/traverse-de-levage-j50pht\/"},"modified":"2026-01-14T19:58:48","modified_gmt":"2026-01-14T19:58:48","slug":"traverse-de-levage-j50pht","status":"publish","type":"product","link":"https:\/\/dev.codekraft.it\/ravaglioli.it\/fr\/product\/traverse-de-levage-j50pht\/","title":{"rendered":"Traverse de levage J50PHT"},"content":{"rendered":"<ul>\n<li>Grande course de levage<\/li>\n<li>Montable uniquement sur les ponts \u00e9l\u00e9vateurs a ciseaux pour vehicules industriels<\/li>\n<\/ul>\n","protected":false},"excerpt":{"rendered":"<p>5 t, 392\u00a0mm course, hydropneumatique, f\u00fbt t\u00e9lescopique, roulement \u00e0 rouleaux dans la voie, alimentation en air sur site<\/p>\n","protected":false},"featured_media":147215,"template":"","meta":[],"product_brand":[],"product_cat":[66],"product_tag":[58326,58290],"product_approvals":[],"product_application":[],"class_list":{"0":"post-155783","1":"product","2":"type-product","3":"status-publish","4":"has-post-thumbnail","6":"product_cat-uncategorized-fr","7":"product_tag-light-commercial-fr","8":"product_tag-passenger-cars-fr","10":"first","11":"instock","12":"shipping-taxable","13":"product-type-simple"},"approvals":[],"application":[],"brb_media_brochure":[{"id":147446,"url":"https:\/\/dev.codekraft.it\/ravaglioli.it\/wp-content\/uploads\/brb_media\/00521416_jacking-beams-catalogue-br-multi-2023-09-screen.pdf","title":"Jacking beams catalogue BR multi 2023 09 screen","mpn":"","thumbnail":"https:\/\/dev.codekraft.it\/ravaglioli.it\/wp-content\/uploads\/brb_media\/00521416_jacking-beams-catalogue-br-multi-2023-09-screen-pdf-106x150.png","description":""}],"brb_media_drawing":[{"id":83241,"url":"https:\/\/dev.codekraft.it\/ravaglioli.it\/wp-content\/uploads\/brb_media\/00510429_jacking-beam-j50pht-td-043107051-it-2023-01.pdf","title":"Jacking beam J50PHT TD 043107051 it 2023 01","mpn":"","thumbnail":"https:\/\/dev.codekraft.it\/ravaglioli.it\/wp-content\/uploads\/brb_media\/00510429_jacking-beam-j50pht-td-043107051-it-2023-01-pdf-107x150.png","description":""}],"brb_media_manuals":[{"id":83240,"url":"https:\/\/dev.codekraft.it\/ravaglioli.it\/wp-content\/uploads\/brb_media\/00510426_jacking-beams-j50he-phe-ht-pht-ha-pha-im-0431-m001-2-rev6-multi-2023-06.pdf","title":"Jacking beams J50HE PHE HT PHT HA PHA IM 0431 M001 2 rev6 multi 2023 06","mpn":"","thumbnail":"https:\/\/dev.codekraft.it\/ravaglioli.it\/wp-content\/uploads\/brb_media\/00510426_jacking-beams-j50he-phe-ht-pht-ha-pha-im-0431-m001-2-rev6-multi-2023-06-pdf-106x150.png","description":""}],"brb_media_safety_datasheets":"","brb_media_spare_parts":[],"_cdmm_p_id":"499619","_company":"VSG","_gtin":"5063084902238","accessories":[{"id":152288,"mpn":"S4800A4","name":"Guides pour traverses de levage J50HA-PHA-J30K-KL-PK-PKL","description":"J50HA-PHA-J30K-KL-PK-PKL","thumbnail":"","url":"https:\/\/dev.codekraft.it\/ravaglioli.it\/fr\/product\/guides-pour-traverses-de-levage-j50ha-pha-j30k-kl-pk-pkl\/"},{"id":152282,"mpn":"S4651LA1","name":"Guides pour traverses de levage pour J50HA-PHA","description":"pour J50HA-PHA","thumbnail":"","url":"https:\/\/dev.codekraft.it\/ravaglioli.it\/fr\/product\/guides-pour-traverses-de-levage-pour-j50ha-pha\/"}],"components":[],"delivery":[],"package":[],"related":[],"similar":[{"id":154094,"mpn":"VSG.J50PH.902177","name":"Traverse de levage J50PHA","description":"5,0 t, hydropneumatique","thumbnail":"https:\/\/dev.codekraft.it\/ravaglioli.it\/wp-content\/uploads\/brb_media\/00508591_jacking-beam-j50pha-mi-150x150.png","url":"https:\/\/dev.codekraft.it\/ravaglioli.it\/fr\/product\/traverse-de-levage-j50pha\/"}],"page_logo_src":"https:\/\/dev.codekraft.it\/ravaglioli.it\/wp-content\/uploads\/2026\/04\/rav-negative-logo-1.png","lang":"fr","translations":{"fr":155783,"en":155781,"de":155782,"it":155784,"es":155785,"ru":155786},"pll_sync_post":[],"_links":{"self":[{"href":"https:\/\/dev.codekraft.it\/ravaglioli.it\/wp-json\/wp\/v2\/product\/155783","targetHints":{"allow":["GET"]}}],"collection":[{"href":"https:\/\/dev.codekraft.it\/ravaglioli.it\/wp-json\/wp\/v2\/product"}],"about":[{"href":"https:\/\/dev.codekraft.it\/ravaglioli.it\/wp-json\/wp\/v2\/types\/product"}],"wp:featuredmedia":[{"embeddable":true,"href":"https:\/\/dev.codekraft.it\/ravaglioli.it\/wp-json\/wp\/v2\/media\/147215"}],"wp:attachment":[{"href":"https:\/\/dev.codekraft.it\/ravaglioli.it\/wp-json\/wp\/v2\/media?parent=155783"}],"wp:term":[{"taxonomy":"product_brand","embeddable":true,"href":"https:\/\/dev.codekraft.it\/ravaglioli.it\/wp-json\/wp\/v2\/product_brand?post=155783"},{"taxonomy":"product_cat","embeddable":true,"href":"https:\/\/dev.codekraft.it\/ravaglioli.it\/wp-json\/wp\/v2\/product_cat?post=155783"},{"taxonomy":"product_tag","embeddable":true,"href":"https:\/\/dev.codekraft.it\/ravaglioli.it\/wp-json\/wp\/v2\/product_tag?post=155783"},{"taxonomy":"product_approvals","embeddable":true,"href":"https:\/\/dev.codekraft.it\/ravaglioli.it\/wp-json\/wp\/v2\/product_approvals?post=155783"},{"taxonomy":"product_application","embeddable":true,"href":"https:\/\/dev.codekraft.it\/ravaglioli.it\/wp-json\/wp\/v2\/product_application?post=155783"}],"curies":[{"name":"wp","href":"https:\/\/api.w.org\/{rel}","templated":true}]}}