{"id":155702,"date":"2025-10-30T14:31:24","date_gmt":"2025-10-30T14:31:24","guid":{"rendered":"https:\/\/dev.codekraft.it\/ravaglioli.it\/product\/pont-elevateur-a-colonne-mobile-rav262agr\/"},"modified":"2026-01-14T21:58:08","modified_gmt":"2026-01-14T21:58:08","slug":"pont-elevateur-a-colonne-mobile-rav262agr","status":"publish","type":"product","link":"https:\/\/dev.codekraft.it\/ravaglioli.it\/fr\/product\/pont-elevateur-a-colonne-mobile-rav262agr\/","title":{"rendered":"Pont el\u00e9vateur \u00e0 colonne mobile RAV262AGR"},"content":{"rendered":"<p>Paire de colonnes mobiles pour soulever diff\u00e9rents tracteurs &#8211;\u00a0Les colonnes sont \u00e9quip\u00e9es avec avant et arri\u00e8re adaptateurs (S300A2).\u00a0Accessibilit\u00e9 parfaite au v\u00e9hicule\u00a0:\u00a0Il permet le service pneus et freins.<\/p>\n<ul>\n<li>La double protection de charge garantit la s\u00e9curit\u00e9<\/li>\n<li>Fonctionnement intuitif<\/li>\n<li>Changement rapide de la position rendu possible gr\u00e2ce aux chariots \u00e9l\u00e9vateurs<\/li>\n<\/ul>\n<ul>\n<li>Adaptateur arri\u00e8re de support avec barres additionnelles de verrouillage<\/li>\n<li>Adaptateur avant de support avec plusieurs adaptateurs de support<\/li>\n<li>La barre de traction mobile avec ch\u00e2ssis de direction articul\u00e9 double rouleau et frein de stationnement emp\u00eache tout d\u00e9placement inopin\u00e9 du groupe de levage<\/li>\n<li>Les adaptateurs de chariots \u00e9l\u00e9vateurs rendent le transport des pinces de roue vers l\u2019atelier plus facile et plus rapide<\/li>\n<li>Convient aux tracteurs dont l\u2019empattement mesure au moins 1100 mm<\/li>\n<li>Les \u00e9l\u00e9ments de commande bien dispos\u00e9s caract\u00e9risent le confort d\u2019utilisation du syst\u00e8me de pince de roue<\/li>\n<\/ul>\n<ul>\n<li>Le chargeur int\u00e9gr\u00e9 permet de recharger tout en utilisant l\u2019 HYDROLIFT &#8211; Une heure de recharge rapide garantit un autre cycle complet de levage et d\u2019abaissement.<\/li>\n<li>Double protection de charge due au dispositif de s\u00e9curit\u00e9 hydraulique r\u00e9glable en continu (soupape d\u2019arr\u00eat) et au m\u00e9canisme de protection autobloquant \u00e0 clavette de s\u00e9curit\u00e9.<\/li>\n<li>Des symboles qui sont faciles \u00e0 comprendre et des boutons poussoirs bien dispos\u00e9s qui facilitent le fonctionnement.<\/li>\n<li>Les mises \u00e0 jour du logiciel s\u2019effectuent par carte SD.<\/li>\n<li>La production \u00e0 grande \u00e9chelle dans nos sites de production certifi\u00e9s ISO assure une qualit\u00e9 de fabrication toujours \u00e9lev\u00e9e.<\/li>\n<li>Hydro-protection : Pour la protection contre les influences externes, le cylindre de levage se trouve dans le chariot de levage &#8211; Le moteur et l\u2019unit\u00e9 hydraulique sont enti\u00e8rement rev\u00eatus.<\/li>\n<li>Boutons d\u2019arr\u00eat d&#8217;urgence pr\u00e9sents sur chaque colonne.<\/li>\n<li>D\u00e9placement facile : Des rouleaux \u00e0 faible frottement, \u00e0 proprement parler, rendent l\u2019espace de travail facile et pratique.<\/li>\n<li>La commande de synchronisation garantit une synchronisation absolue de tous les groupes de levage &#8211; m\u00eame en cas de charge in\u00e9gale.<\/li>\n<\/ul>\n","protected":false},"excerpt":{"rendered":"<p>2 x 8,5 t, \u00e9lectrom\u00e9canique, filaire, avec adaptateurs agricoles<\/p>\n","protected":false},"featured_media":44160,"template":"","meta":[],"product_brand":[],"product_cat":[58238],"product_tag":[58377,58360,58343,58479,63078,58326,58462,58445],"product_approvals":[],"product_application":[],"class_list":{"0":"post-155702","1":"product","2":"type-product","3":"status-publish","4":"has-post-thumbnail","6":"product_cat-ponts-elevateurs-a-colonnes-mobiles-fr","7":"product_tag-buses-fr","8":"product_tag-trucks-fr","9":"product_tag-motor-homes-fr","10":"product_tag-trailer-fr","11":"product_tag-remorques-fr","12":"product_tag-light-commercial-fr","13":"product_tag-tracked-vehicles-fr","14":"product_tag-agricultural-machines-fr","16":"first","17":"instock","18":"shipping-taxable","19":"product-type-simple"},"approvals":[],"application":[],"brb_media_brochure":[{"id":44161,"url":"https:\/\/dev.codekraft.it\/ravaglioli.it\/wp-content\/uploads\/brb_media\/00509643_mobile-column-lifts-rav262agr-rav308h2agr-br-multi-06-2023-screen.pdf","title":"Mobile column lifts rav262agr rav308h2agr br multi 06 2023 screen","mpn":"","thumbnail":"https:\/\/dev.codekraft.it\/ravaglioli.it\/wp-content\/uploads\/brb_media\/00509643_mobile-column-lifts-rav262agr-rav308h2agr-br-multi-06-2023-screen-pdf-106x150.png","description":""}],"brb_media_drawing":"","brb_media_manuals":"","brb_media_safety_datasheets":"","brb_media_spare_parts":[],"_cdmm_p_id":"502892","_company":"Ravaglioli","_gtin":"4057612815818","accessories":[{"id":155432,"mpn":"S260A1","name":"Chevalet d&#039;appui","description":"7500 kg, 1330 - 2030 mm, r\u00e9glable en hauteur par paliers de 7 x 100 mm, 2 roulettes, support en U | Gris (RAL 7040)","thumbnail":"https:\/\/dev.codekraft.it\/ravaglioli.it\/wp-content\/uploads\/brb_media\/00535518_mobile-columns-s260a1-mi-150x150.png","url":"https:\/\/dev.codekraft.it\/ravaglioli.it\/fr\/product\/chevalet-dappui-3\/"},{"id":152046,"mpn":"S270A1","name":"Chevalet d&#039;appui","description":"10000 kg, 1235 - 2040 mm, r\u00e9glable en hauteur par pas de 6 x 100 mm, avec en plus partie sup\u00e9rieure r\u00e9glable en continu (115 mm), 2 roulettes, support en U et support en prisme (interchangeables) | Gris (RAL 7040)","thumbnail":"https:\/\/dev.codekraft.it\/ravaglioli.it\/wp-content\/uploads\/brb_media\/00535519_mobile-columns-s270a1-mi-150x150.png","url":"https:\/\/dev.codekraft.it\/ravaglioli.it\/fr\/product\/chevalet-dappui\/"},{"id":152276,"mpn":"S270A2","name":"Chevalet d&#039;appui","description":"10000 kg, 1235 - 2040 mm, r\u00e9glable en hauteur par pas de 6 x 100 mm, avec en plus partie sup\u00e9rieure r\u00e9glable en continu (115 mm), 3 roues r\u00e9tractables, support en U et support en prisme (interchangeables), pr\u00eat \u00e0 l'emploi | Gris (RAL 7040)","thumbnail":"https:\/\/dev.codekraft.it\/ravaglioli.it\/wp-content\/uploads\/brb_media\/00535520_mobile-columns-s270a2-mi-150x150.png","url":"https:\/\/dev.codekraft.it\/ravaglioli.it\/fr\/product\/chevalet-dappui-2\/"}],"components":[],"delivery":[{"id":153240,"mpn":"S300A2","name":"Adaptateurs agricoles 1 jeu \/ 2 pi\u00e8ces","description":"Pour le l\u00e9vage des tracteurs agricoles | adaptateur avant et arri\u00e8re","thumbnail":"https:\/\/dev.codekraft.it\/ravaglioli.it\/wp-content\/uploads\/brb_media\/00398680_hydrolift_122510_front_adapter_di-150x150.png","url":"https:\/\/dev.codekraft.it\/ravaglioli.it\/fr\/product\/adaptateurs-agricoles-1-jeu-2-pieces\/"}],"package":[],"related":[],"similar":[],"page_logo_src":"https:\/\/dev.codekraft.it\/ravaglioli.it\/wp-content\/uploads\/2026\/04\/rav-negative-logo-1.png","lang":"fr","translations":{"fr":155702,"en":155700,"de":155701,"it":155703,"es":155704,"ru":155705},"pll_sync_post":[],"_links":{"self":[{"href":"https:\/\/dev.codekraft.it\/ravaglioli.it\/wp-json\/wp\/v2\/product\/155702","targetHints":{"allow":["GET"]}}],"collection":[{"href":"https:\/\/dev.codekraft.it\/ravaglioli.it\/wp-json\/wp\/v2\/product"}],"about":[{"href":"https:\/\/dev.codekraft.it\/ravaglioli.it\/wp-json\/wp\/v2\/types\/product"}],"wp:featuredmedia":[{"embeddable":true,"href":"https:\/\/dev.codekraft.it\/ravaglioli.it\/wp-json\/wp\/v2\/media\/44160"}],"wp:attachment":[{"href":"https:\/\/dev.codekraft.it\/ravaglioli.it\/wp-json\/wp\/v2\/media?parent=155702"}],"wp:term":[{"taxonomy":"product_brand","embeddable":true,"href":"https:\/\/dev.codekraft.it\/ravaglioli.it\/wp-json\/wp\/v2\/product_brand?post=155702"},{"taxonomy":"product_cat","embeddable":true,"href":"https:\/\/dev.codekraft.it\/ravaglioli.it\/wp-json\/wp\/v2\/product_cat?post=155702"},{"taxonomy":"product_tag","embeddable":true,"href":"https:\/\/dev.codekraft.it\/ravaglioli.it\/wp-json\/wp\/v2\/product_tag?post=155702"},{"taxonomy":"product_approvals","embeddable":true,"href":"https:\/\/dev.codekraft.it\/ravaglioli.it\/wp-json\/wp\/v2\/product_approvals?post=155702"},{"taxonomy":"product_application","embeddable":true,"href":"https:\/\/dev.codekraft.it\/ravaglioli.it\/wp-json\/wp\/v2\/product_application?post=155702"}],"curies":[{"name":"wp","href":"https:\/\/api.w.org\/{rel}","templated":true}]}}