{"id":155701,"date":"2025-10-30T14:31:24","date_gmt":"2025-10-30T14:31:24","guid":{"rendered":"https:\/\/dev.codekraft.it\/ravaglioli.it\/product\/radgreifanlage-rav262agr\/"},"modified":"2026-01-14T21:58:07","modified_gmt":"2026-01-14T21:58:07","slug":"radgreifanlage-rav262agr","status":"publish","type":"product","link":"https:\/\/dev.codekraft.it\/ravaglioli.it\/de\/product\/radgreifanlage-rav262agr\/","title":{"rendered":"Radgreifanlage RAV262AGR"},"content":{"rendered":"<p>Hebeb\u00f6cke zum Anheben verschiedener Traktoren &#8211; Im Lieferumfang enthalten ist ein vorderer und ein hinterer Traktoradapter (S300A2). Idealer Zugang am Fahrzeug: Perfekt geeignet f\u00fcr Wartungs- und Reparaturarbeiten an den R\u00e4dern.<\/p>\n<ul>\n<li>Doppelte Lastsicherung sorgt f\u00fcr Sicherheit<\/li>\n<li>Intuitive Bedienung<\/li>\n<li>Schneller Positionswechsel durch Gabelstapler m\u00f6glich<\/li>\n<\/ul>\n<ul>\n<li>Hinterer Aufnahmeadapter mit zus\u00e4tzlichen Sicherungsstangen<\/li>\n<li>Vorderer Aufnahmeadapter mit verschiedenen Aufnahmeadaptern<\/li>\n<li>Verfahrdeichsel mit selbst\u00e4ndig einfederndem Lenkfahrwerk, Doppelrolle und integrierter Feststellbremse (verhindert ein unbeabsichtigtes Wegrollen der Hubeinheit)<\/li>\n<li>Gabelstapler-Adapter erm\u00f6glichen einen schnellen und bequemen Transport der Radgreifer in der Werkstatt<\/li>\n<li>Verwendbar bei Traktoren mit einem Abstand von min. 1100 mm zwischen den R\u00e4dern<\/li>\n<li>\u00dcbersichtlich angebrachten Bedienelemente zeichnen die Bedienfreundlichkeit der Radgreifanlage aus<\/li>\n<\/ul>\n<ul>\n<li>Das integrierte Ladeger\u00e4t erm\u00f6glicht den Ladevorgang w\u00e4hrend der Verwendung des HYDROLIFT &#8211; Eine Stunde Schnellladung erm\u00f6glicht einen weiteren vollst\u00e4ndigen Hub- \/Senkvorgang.<\/li>\n<li>Die modulare Bauweise erm\u00f6glicht die nachtr\u00e4gliche Erweiterung von 2 auf 4, 6 oder 8 Hubeinheiten.<\/li>\n<li>Doppelte Lastsicherung durch stufenlose hydraulische Sicherung mittels Sperrventil und mechanischer Sicherheitsklinke.<\/li>\n<li>Leicht verst\u00e4ndliche Symbole und \u00fcbersichtliche Drucktaster erleichtern das Bedienen.<\/li>\n<li>Software-Updates erfolgen \u00fcber SD-Karte.<\/li>\n<li>Die Gro\u00dfserienproduktion in unseren ISO-zertifizierten Produktionsst\u00e4tten erm\u00f6glicht eine konstant hohe Fertigungsqualit\u00e4t.<\/li>\n<li>Die Kommunikation der einzelnen Hubeinheiten erfolgt drahtlos auf Basis des IEEE 802.15.4 Standards.<\/li>\n<li>Hydro-Protect: Der Hubzylinder befindet sich vor \u00e4u\u00dferen Einfl\u00fcssen gesch\u00fctzt im Hubschlitten &#8211; Auch Motor und Hydraulikaggregat sind komplett abgedeckt.<\/li>\n<li>Ein Not-Halt Taster ist an jeder S\u00e4ule vorhanden.<\/li>\n<li>Easy Drive: Leichtlaufrollen machen das Einrichten des Arbeitsplatzes buchst\u00e4blich zum Kinderspiel.<\/li>\n<li>Die Gleichlaufregelung garantiert absoluten Synchronlauf aller Hubeinheiten &#8211; auch bei ungleicher Lastverteilung.<\/li>\n<\/ul>\n","protected":false},"excerpt":{"rendered":"<p>2 x 8,5 t, elektromechanisch, kabelgebunden, mit Agrar-Adaptern<\/p>\n","protected":false},"featured_media":44160,"template":"","meta":[],"product_brand":[],"product_cat":[58234],"product_tag":[63075,58374,58459,58442,58357,58476,58323,58340],"product_approvals":[],"product_application":[],"class_list":{"0":"post-155701","1":"product","2":"type-product","3":"status-publish","4":"has-post-thumbnail","6":"product_cat-radgreifanlagen-de","7":"product_tag-anhanger-de","8":"product_tag-buses-de","9":"product_tag-tracked-vehicles-de","10":"product_tag-agricultural-machines-de","11":"product_tag-trucks-de","12":"product_tag-trailer-de","13":"product_tag-light-commercial-de","14":"product_tag-motor-homes-de","16":"first","17":"instock","18":"shipping-taxable","19":"product-type-simple"},"approvals":[],"application":[],"brb_media_brochure":[{"id":44161,"url":"https:\/\/dev.codekraft.it\/ravaglioli.it\/wp-content\/uploads\/brb_media\/00509643_mobile-column-lifts-rav262agr-rav308h2agr-br-multi-06-2023-screen.pdf","title":"Mobile column lifts rav262agr rav308h2agr br multi 06 2023 screen","mpn":"","thumbnail":"https:\/\/dev.codekraft.it\/ravaglioli.it\/wp-content\/uploads\/brb_media\/00509643_mobile-column-lifts-rav262agr-rav308h2agr-br-multi-06-2023-screen-pdf-106x150.png","description":""}],"brb_media_drawing":"","brb_media_manuals":"","brb_media_safety_datasheets":"","brb_media_spare_parts":[],"_cdmm_p_id":"502892","_company":"Ravaglioli","_gtin":"4057612815818","accessories":[{"id":155431,"mpn":"S260A1","name":"Abst\u00fctzbock","description":"7500 kg, 1330 - 2030 mm, in 7 x 100-mm-Schritten h\u00f6henverstellbar, 2 Rollen, U-Aufnahme | Grau (RAL 7040)","thumbnail":"https:\/\/dev.codekraft.it\/ravaglioli.it\/wp-content\/uploads\/brb_media\/00535518_mobile-columns-s260a1-mi-150x150.png","url":"https:\/\/dev.codekraft.it\/ravaglioli.it\/de\/product\/abstutzbock-3\/"},{"id":152045,"mpn":"S270A1","name":"Abst\u00fctzbock","description":"10000 kg, 1235 - 2040 mm, in 6 x 100-mm-Schritten h\u00f6henverstellbar, stufenlos verstellbares Oberteil (115 mm), 2 Rollen, U-Aufnahme und Prisma-Aufnahme (wechselbar) | Grau (RAL 7040)","thumbnail":"https:\/\/dev.codekraft.it\/ravaglioli.it\/wp-content\/uploads\/brb_media\/00535519_mobile-columns-s270a1-mi-150x150.png","url":"https:\/\/dev.codekraft.it\/ravaglioli.it\/de\/product\/abstutzbock\/"},{"id":152275,"mpn":"S270A2","name":"Abst\u00fctzbock","description":"10000 kg, 1235 - 2040 mm, in 6 x 100-mm-Schritten h\u00f6henverstellbar, stufenlos verstellbares Oberteil (115 mm), 3 federnde Rollen, U-Aufnahme und Prisma-Aufnahme (wechselbar), fertig montiert | Grau (RAL 7040)","thumbnail":"https:\/\/dev.codekraft.it\/ravaglioli.it\/wp-content\/uploads\/brb_media\/00535520_mobile-columns-s270a2-mi-150x150.png","url":"https:\/\/dev.codekraft.it\/ravaglioli.it\/de\/product\/abstutzbock-2\/"}],"components":[],"delivery":[{"id":153239,"mpn":"S300A2","name":"Agraraufnahmen 1 Satz \/ 2 St\u00fcck","description":"Hebevorrichtung f\u00fcr Traktoren | Front-\u00ad und Heckadapter","thumbnail":"https:\/\/dev.codekraft.it\/ravaglioli.it\/wp-content\/uploads\/brb_media\/00398680_hydrolift_122510_front_adapter_di-150x150.png","url":"https:\/\/dev.codekraft.it\/ravaglioli.it\/de\/product\/agraraufnahmen-1-satz-2-stuck\/"}],"package":[],"related":[],"similar":[],"page_logo_src":"https:\/\/dev.codekraft.it\/ravaglioli.it\/wp-content\/uploads\/2026\/04\/rav-negative-logo-1.png","lang":"de","translations":{"de":155701,"en":155700,"fr":155702,"it":155703,"es":155704,"ru":155705},"pll_sync_post":[],"_links":{"self":[{"href":"https:\/\/dev.codekraft.it\/ravaglioli.it\/wp-json\/wp\/v2\/product\/155701","targetHints":{"allow":["GET"]}}],"collection":[{"href":"https:\/\/dev.codekraft.it\/ravaglioli.it\/wp-json\/wp\/v2\/product"}],"about":[{"href":"https:\/\/dev.codekraft.it\/ravaglioli.it\/wp-json\/wp\/v2\/types\/product"}],"wp:featuredmedia":[{"embeddable":true,"href":"https:\/\/dev.codekraft.it\/ravaglioli.it\/wp-json\/wp\/v2\/media\/44160"}],"wp:attachment":[{"href":"https:\/\/dev.codekraft.it\/ravaglioli.it\/wp-json\/wp\/v2\/media?parent=155701"}],"wp:term":[{"taxonomy":"product_brand","embeddable":true,"href":"https:\/\/dev.codekraft.it\/ravaglioli.it\/wp-json\/wp\/v2\/product_brand?post=155701"},{"taxonomy":"product_cat","embeddable":true,"href":"https:\/\/dev.codekraft.it\/ravaglioli.it\/wp-json\/wp\/v2\/product_cat?post=155701"},{"taxonomy":"product_tag","embeddable":true,"href":"https:\/\/dev.codekraft.it\/ravaglioli.it\/wp-json\/wp\/v2\/product_tag?post=155701"},{"taxonomy":"product_approvals","embeddable":true,"href":"https:\/\/dev.codekraft.it\/ravaglioli.it\/wp-json\/wp\/v2\/product_approvals?post=155701"},{"taxonomy":"product_application","embeddable":true,"href":"https:\/\/dev.codekraft.it\/ravaglioli.it\/wp-json\/wp\/v2\/product_application?post=155701"}],"curies":[{"name":"wp","href":"https:\/\/api.w.org\/{rel}","templated":true}]}}