{"id":155698,"date":"2025-10-30T14:31:24","date_gmt":"2025-10-30T14:31:24","guid":{"rendered":"https:\/\/dev.codekraft.it\/ravaglioli.it\/product\/elevador-de-columna-movil-rav232nl\/"},"modified":"2026-01-14T21:57:56","modified_gmt":"2026-01-14T21:57:56","slug":"elevador-de-columna-movil-rav232nl","status":"publish","type":"product","link":"https:\/\/dev.codekraft.it\/ravaglioli.it\/es\/product\/elevador-de-columna-movil-rav232nl\/","title":{"rendered":"Elevador de columna m\u00f3vil RAV232NL"},"content":{"rendered":"<p>Electromec\u00e1nico, agarres de rueda m\u00f3viles para camiones, autobuses. Seg\u00fan la versi\u00f3n puede usarse en el taller o en el exterior.<\/p>\n<ul>\n<li>Control de sincronizaci\u00f3n electr\u00f3nico con dispositivo de detenci\u00f3n autom\u00e1tica de emergencia<\/li>\n<li>Cada agarre de rueda est\u00e1 equipado con un dispositivo de seguridad en caso de desgaste de la rosca del elevador<\/li>\n<\/ul>\n<ul>\n<li>El marco de base grande en la columna elevadora ofrece la m\u00e1xima estabilidad.<\/li>\n<li>En todos los agarres de rueda puede elevarse o \u00adbajarse la instalaci\u00f3n con pulsadores.<\/li>\n<li>Cada agarre de rueda est\u00e1 equipado con control de hombre muerto y pulsador de detenci\u00f3n de emergencia.<\/li>\n<\/ul>\n<ul>\n<li>Los rodillos de acero del cami\u00f3n elevador est\u00e1n equipados con rodamientos auto lubricados, sin necesidad de mantenimiento<\/li>\n<li>El perno rodante de acero inoxidable, vinculado a una rosca de bronce con lubricaci\u00f3n permanente, garantiza la m\u00e1xima seguridad y una larga vida \u00fatil<\/li>\n<li>Todos los motores tienen protecci\u00f3n t\u00e9rmica &#8211; Fabricado de acuerdo con EN1493; Determinaci\u00f3n autom\u00e1tica de las fases<\/li>\n<li>No existen l\u00edneas que inter\u00adfieran en la zona de trabajo bajo el veh\u00edculo<\/li>\n<li>Disponible horquilla de rueda ajustable opcional o adaptadores de soporte de rueda f\u00e1cilmente instalables<\/li>\n<li>Conexi\u00f3n de toma con cable el\u00e9ctrico de agarre de rueda a agarre de rueda que permite tiempos cortos de instalaci\u00f3n<\/li>\n<li>Motor de engranaje con freno autom\u00e1tico conectado directamente al perno elevador<\/li>\n<li>Los rodillos de acero del cami\u00f3n elevador est\u00e1n equipados con rodamientos auto lubricados, sin necesidad de mantenimiento<\/li>\n<\/ul>\n","protected":false},"excerpt":{"rendered":"<p>4 x 5,5 t, electromec\u00e1nico, vinculado por cable, perno elevador, m\u00f3vil, ideal para veh\u00edculos de pasajeros, transportador y autocaravana<\/p>\n","protected":false},"featured_media":37901,"template":"","meta":[],"product_brand":[],"product_cat":[58246],"product_tag":[58383,58366,58349,58485,63081,58332],"product_approvals":[],"product_application":[],"class_list":{"0":"post-155698","1":"product","2":"type-product","3":"status-publish","4":"has-post-thumbnail","6":"product_cat-elevadores-de-columna-moviles-es","7":"product_tag-buses-es","8":"product_tag-trucks-es","9":"product_tag-motor-homes-es","10":"product_tag-trailer-es","11":"product_tag-remolques-es","12":"product_tag-light-commercial-es","14":"first","15":"instock","16":"shipping-taxable","17":"product-type-simple"},"approvals":[],"application":[],"brb_media_brochure":[{"id":155316,"url":"https:\/\/dev.codekraft.it\/ravaglioli.it\/wp-content\/uploads\/brb_media\/00522118_mobile-column-lifts-rav-212n_222nl_232nl-br-2023-09-screen.pdf","title":"Mobile Column Lifts RAV 212N 222NL 232NL BR 2023 09 screen","mpn":"","thumbnail":"https:\/\/dev.codekraft.it\/ravaglioli.it\/wp-content\/uploads\/brb_media\/00522118_mobile-column-lifts-rav-212n_222nl_232nl-br-2023-09-screen-pdf-106x150.png","description":""}],"brb_media_drawing":"","brb_media_manuals":"","brb_media_safety_datasheets":"","brb_media_spare_parts":[],"_cdmm_p_id":"502891","_company":"Ravaglioli","_gtin":"","accessories":[{"id":155434,"mpn":"S260A1","name":"Caballete de apoyo","description":"7500 kg, 1330 - 2030 mm, altura ajustable en pasos de 7 x 100 mm, 2 ruedas, soporte en U | Gris (RAL 7040)","thumbnail":"https:\/\/dev.codekraft.it\/ravaglioli.it\/wp-content\/uploads\/brb_media\/00535518_mobile-columns-s260a1-mi-150x150.png","url":"https:\/\/dev.codekraft.it\/ravaglioli.it\/es\/product\/caballete-de-apoyo-3\/"},{"id":152048,"mpn":"S270A1","name":"Caballete de apoyo","description":"10000 kg, 1235 - 2040 mm, altura regulable en 6 pasos de 100 mm, adicionalmente con parte superior ajustable sin escalonamiento (115 mm), 2 ruedas, soporte en U y soporte de prisma (intercambiables) | Gris (RAL 7040)","thumbnail":"https:\/\/dev.codekraft.it\/ravaglioli.it\/wp-content\/uploads\/brb_media\/00535519_mobile-columns-s270a1-mi-150x150.png","url":"https:\/\/dev.codekraft.it\/ravaglioli.it\/es\/product\/caballete-de-apoyo\/"},{"id":152278,"mpn":"S270A2","name":"Caballete de apoyo","description":"10000 kg, 1235 - 2040 mm, altura regulable en 6 pasos de 100 mm, adicionalmente con parte superior ajustable sin escalonamiento (115 mm), 3 ruedas el\u00e1sticas, soporte en U y soporte de prisma (intercambiables), premontado | Gris (RAL 7040)","thumbnail":"https:\/\/dev.codekraft.it\/ravaglioli.it\/wp-content\/uploads\/brb_media\/00535520_mobile-columns-s270a2-mi-150x150.png","url":"https:\/\/dev.codekraft.it\/ravaglioli.it\/es\/product\/caballete-de-apoyo-2\/"},{"id":153128,"mpn":"S270A3","name":"Reducci\u00f3n de horquilla de rueda para elevadores de columna m\u00f3viles | neum\u00e1ticos de \u00d8 900 &#8211; 800 mm","description":"Reducci\u00f3n para neum\u00e1ticos de \u00d8 900 mm a \u00d8 800 mm | 1 pieza\/por columna","thumbnail":"https:\/\/dev.codekraft.it\/ravaglioli.it\/wp-content\/uploads\/brb_media\/00535684_mobile-columns-s270a3-mi-150x150.png","url":"https:\/\/dev.codekraft.it\/ravaglioli.it\/es\/product\/reduccion-de-horquilla-de-rueda-para-elevadores-de-columna-moviles-neumaticos-de-o-900-800-mm\/"},{"id":153122,"mpn":"S270A8","name":"Reducci\u00f3n de horquilla de rueda para elevadores de columna m\u00f3viles | neum\u00e1ticos de \u00d8 700 &#8211; 500 mm","description":"Reducci\u00f3n para neum\u00e1ticos de \u00d8 700 mm a \u00d8 500 mm | 1 pieza\/por columna","thumbnail":"https:\/\/dev.codekraft.it\/ravaglioli.it\/wp-content\/uploads\/brb_media\/00535683_mobile-columns-s270a4-s270a8-mi-150x150.png","url":"https:\/\/dev.codekraft.it\/ravaglioli.it\/es\/product\/reduccion-de-horquilla-de-rueda-para-elevadores-de-columna-moviles-neumaticos-de-o-700-500-mm\/"},{"id":153596,"mpn":"S210A2\/S","name":"Barra de tracci\u00f3n de elevaci\u00f3n hidr\u00e1ulica para ArtisLift MRG-55","description":"Transpaleta hidr\u00e1ulica, ensamblado en f\u00e1brica en lugar de barra de enganche mec\u00e1nica est\u00e1ndar | 1 pieza","thumbnail":"https:\/\/dev.codekraft.it\/ravaglioli.it\/wp-content\/uploads\/brb_media\/00380370_mobile-column-lift-artislift-hydraulic-drawbar-di-150x150.png","url":"https:\/\/dev.codekraft.it\/ravaglioli.it\/es\/product\/barra-de-traccion-de-elevacion-hidraulica-para-artislift-mrg-55\/"},{"id":155947,"mpn":"S270A4","name":"Reducci\u00f3n de horquilla de rueda para elevadores de columna m\u00f3viles | neum\u00e1ticos de \u00d8 800 &#8211; 700 mm","description":"Reducci\u00f3n para neum\u00e1ticos de \u00d8 800 mm a \u00d8 700 mm | 1 pieza\/por columna","thumbnail":"https:\/\/dev.codekraft.it\/ravaglioli.it\/wp-content\/uploads\/brb_media\/00535683_mobile-columns-s270a4-s270a8-mi-150x150.png","url":"https:\/\/dev.codekraft.it\/ravaglioli.it\/es\/product\/reduccion-de-horquilla-de-rueda-para-elevadores-de-columna-moviles-neumaticos-de-o-800-700-mm\/"},{"id":155953,"mpn":"S270A5","name":"Extensi\u00f3n de la horquilla de la rueda para ArtisLift MRG55","description":"Longitud aprox. 123 mm | reducci\u00f3n de la capacidad de carga a 5 t | 1 juego (para 1 pinza de rueda)","thumbnail":"https:\/\/dev.codekraft.it\/ravaglioli.it\/wp-content\/uploads\/brb_media\/00535685_mobile-columns-s270a5-mi-150x150.png","url":"https:\/\/dev.codekraft.it\/ravaglioli.it\/es\/product\/extension-de-la-horquilla-de-la-rueda-para-artislift-mrg55\/"}],"components":[],"delivery":[],"package":[],"related":[],"similar":[{"id":155580,"mpn":"RAV212NC","name":"Elevador de columna m\u00f3vil RAV212NC","description":"4 x 2,5 t, electromec\u00e1nico, vinculado por cable, perno elevador, m\u00f3vil, ideal para vehiculos comerciales ligeros y autocaravana","thumbnail":"https:\/\/dev.codekraft.it\/ravaglioli.it\/wp-content\/uploads\/brb_media\/00509636_mobile-column-lift-rav212nc-mi-150x150.png","url":"https:\/\/dev.codekraft.it\/ravaglioli.it\/es\/product\/elevador-de-columna-movil-rav212nc\/"},{"id":155422,"mpn":"RAV212N","name":"Elevador de columna m\u00f3vil RAV212N","description":"4 x 3,0 t, electromec\u00e1nico, vinculado por cable, perno elevador, m\u00f3vil, ideal para transportador y autocaravana","thumbnail":"https:\/\/dev.codekraft.it\/ravaglioli.it\/wp-content\/uploads\/brb_media\/00509636_mobile-column-lift-rav212nc-mi-150x150.png","url":"https:\/\/dev.codekraft.it\/ravaglioli.it\/es\/product\/elevador-de-columna-movil-rav212n\/"},{"id":155686,"mpn":"RAV222NL","name":"Elevador de columna m\u00f3vil RAV222NL","description":"4 x 4,0 t, electromec\u00e1nico, vinculado por cable, perno elevador, m\u00f3vil, ideal para veh\u00edculos de pasajeros, transportador y autocaravana","thumbnail":"https:\/\/dev.codekraft.it\/ravaglioli.it\/wp-content\/uploads\/brb_media\/00509636_mobile-column-lift-rav212nc-mi-150x150.png","url":"https:\/\/dev.codekraft.it\/ravaglioli.it\/es\/product\/elevador-de-columna-movil-rav222nl\/"}],"page_logo_src":"https:\/\/dev.codekraft.it\/ravaglioli.it\/wp-content\/uploads\/2026\/04\/rav-negative-logo-1.png","lang":"es","translations":{"es":155698,"en":155688,"de":155695,"fr":155696,"it":155697,"ru":155699},"pll_sync_post":[],"_links":{"self":[{"href":"https:\/\/dev.codekraft.it\/ravaglioli.it\/wp-json\/wp\/v2\/product\/155698","targetHints":{"allow":["GET"]}}],"collection":[{"href":"https:\/\/dev.codekraft.it\/ravaglioli.it\/wp-json\/wp\/v2\/product"}],"about":[{"href":"https:\/\/dev.codekraft.it\/ravaglioli.it\/wp-json\/wp\/v2\/types\/product"}],"wp:featuredmedia":[{"embeddable":true,"href":"https:\/\/dev.codekraft.it\/ravaglioli.it\/wp-json\/wp\/v2\/media\/37901"}],"wp:attachment":[{"href":"https:\/\/dev.codekraft.it\/ravaglioli.it\/wp-json\/wp\/v2\/media?parent=155698"}],"wp:term":[{"taxonomy":"product_brand","embeddable":true,"href":"https:\/\/dev.codekraft.it\/ravaglioli.it\/wp-json\/wp\/v2\/product_brand?post=155698"},{"taxonomy":"product_cat","embeddable":true,"href":"https:\/\/dev.codekraft.it\/ravaglioli.it\/wp-json\/wp\/v2\/product_cat?post=155698"},{"taxonomy":"product_tag","embeddable":true,"href":"https:\/\/dev.codekraft.it\/ravaglioli.it\/wp-json\/wp\/v2\/product_tag?post=155698"},{"taxonomy":"product_approvals","embeddable":true,"href":"https:\/\/dev.codekraft.it\/ravaglioli.it\/wp-json\/wp\/v2\/product_approvals?post=155698"},{"taxonomy":"product_application","embeddable":true,"href":"https:\/\/dev.codekraft.it\/ravaglioli.it\/wp-json\/wp\/v2\/product_application?post=155698"}],"curies":[{"name":"wp","href":"https:\/\/api.w.org\/{rel}","templated":true}]}}