{"id":155696,"date":"2025-10-30T14:31:24","date_gmt":"2025-10-30T14:31:24","guid":{"rendered":"https:\/\/dev.codekraft.it\/ravaglioli.it\/product\/pont-elevateur-a-colonne-mobile-rav232nl\/"},"modified":"2026-01-14T21:57:55","modified_gmt":"2026-01-14T21:57:55","slug":"pont-elevateur-a-colonne-mobile-rav232nl","status":"publish","type":"product","link":"https:\/\/dev.codekraft.it\/ravaglioli.it\/fr\/product\/pont-elevateur-a-colonne-mobile-rav232nl\/","title":{"rendered":"Pont el\u00e9vateur \u00e0 colonne mobile RAV232NL"},"content":{"rendered":"<p>Pr\u00e9henseurs de roue mobiles \u00e9lectrom\u00e9caniques pour camions et bus. Utilisation possible en atelier ou \u00e0 l\u2019ext\u00e9rieur en fonction de la version.<\/p>\n<ul>\n<li>Commande de synchronisation \u00e9lectronique avec dispositif d\u2019arr\u00eat d\u2019urgence automatique<\/li>\n<li>Chaque pr\u00e9henseur de roue est \u00e9quip\u00e9 d\u2019un dispositif de s\u00e9curit\u00e9 en cas d\u2019usure de l\u2019\u00e9crou de levage<\/li>\n<\/ul>\n<ul>\n<li>Le large ch\u00e2ssis sur la colonne de levage offre une stabilit\u00e9 maximale.<\/li>\n<li>Sur tous les pr\u00e9henseurs de roue, l\u2019installation peut \u00eatre lev\u00e9e ou abaiss\u00e9e par l\u2019interm\u00e9diaire des boutons-poussoirs.<\/li>\n<li>Chaque pr\u00e9henseur de roue est \u00e9quip\u00e9 d\u2019une commande homme mort et d\u2019un bouton-poussoir d\u2019arr\u00eat d\u2019urgence.<\/li>\n<\/ul>\n<ul>\n<li>La broche avec rouleau de manutention en acier inoxydable et reli\u00e9e \u00e0 un \u00e9crou en bronze toujours lubrifi\u00e9 &#8211; assure une s\u00e9curit\u00e9 maximale et une dur\u00e9e de service longue<\/li>\n<li>Les glisseurs Ertalon absolument prot\u00e9g\u00e9s contre l\u2019usure et plac\u00e9s sur chaque chariot \u00e9l\u00e9vateur garantissent une stabilit\u00e9 maximale \u00e0 chaque positionnement de la charge<\/li>\n<li>Tous les moteurs sont munis d\u2019une protection thermique &#8211; fabriqu\u00e9s selon la norme EN1493; sur la d\u00e9termination automatique des phases<\/li>\n<li>Il n\u2019y a aucune conduite g\u00eanant la zone de travail sous le v\u00e9hicule<\/li>\n<li>Fourche de roue r\u00e9glable en \u00adoption ou adaptateurs de support de roue faciles \u00e0 fixer disponibles<\/li>\n<li>La prise de connexion avec c\u00e2ble \u00e9lectrique du pr\u00e9henseur de roue au pr\u00e9henseur de roue permet de r\u00e9duire les temps de pr\u00e9paration<\/li>\n<li>Moteur \u00e0 engrenages auto\u00adbloquant directement reli\u00e9 \u00e0 la broche de levage<\/li>\n<li>Les rouleaux en acier du chariot \u00ad\u00e9l\u00e9vateur sont \u00e9quip\u00e9s de paliers autolubrifiants et sans entretien<\/li>\n<\/ul>\n","protected":false},"excerpt":{"rendered":"<p>4 x 5,5 t, \u00e9lectrom\u00e9canique, filaire, \u00e0 broche de levage, mobile, id\u00e9al pour voitures, camionnettes et camping-cars<\/p>\n","protected":false},"featured_media":37901,"template":"","meta":[],"product_brand":[],"product_cat":[58238],"product_tag":[58377,58360,58343,58479,63078,58326],"product_approvals":[],"product_application":[],"class_list":{"0":"post-155696","1":"product","2":"type-product","3":"status-publish","4":"has-post-thumbnail","6":"product_cat-ponts-elevateurs-a-colonnes-mobiles-fr","7":"product_tag-buses-fr","8":"product_tag-trucks-fr","9":"product_tag-motor-homes-fr","10":"product_tag-trailer-fr","11":"product_tag-remorques-fr","12":"product_tag-light-commercial-fr","14":"first","15":"instock","16":"shipping-taxable","17":"product-type-simple"},"approvals":[],"application":[],"brb_media_brochure":[{"id":155316,"url":"https:\/\/dev.codekraft.it\/ravaglioli.it\/wp-content\/uploads\/brb_media\/00522118_mobile-column-lifts-rav-212n_222nl_232nl-br-2023-09-screen.pdf","title":"Mobile Column Lifts RAV 212N 222NL 232NL BR 2023 09 screen","mpn":"","thumbnail":"https:\/\/dev.codekraft.it\/ravaglioli.it\/wp-content\/uploads\/brb_media\/00522118_mobile-column-lifts-rav-212n_222nl_232nl-br-2023-09-screen-pdf-106x150.png","description":""}],"brb_media_drawing":"","brb_media_manuals":"","brb_media_safety_datasheets":"","brb_media_spare_parts":[],"_cdmm_p_id":"502891","_company":"Ravaglioli","_gtin":"","accessories":[{"id":155432,"mpn":"S260A1","name":"Chevalet d&#039;appui","description":"7500 kg, 1330 - 2030 mm, r\u00e9glable en hauteur par paliers de 7 x 100 mm, 2 roulettes, support en U | Gris (RAL 7040)","thumbnail":"https:\/\/dev.codekraft.it\/ravaglioli.it\/wp-content\/uploads\/brb_media\/00535518_mobile-columns-s260a1-mi-150x150.png","url":"https:\/\/dev.codekraft.it\/ravaglioli.it\/fr\/product\/chevalet-dappui-3\/"},{"id":152046,"mpn":"S270A1","name":"Chevalet d&#039;appui","description":"10000 kg, 1235 - 2040 mm, r\u00e9glable en hauteur par pas de 6 x 100 mm, avec en plus partie sup\u00e9rieure r\u00e9glable en continu (115 mm), 2 roulettes, support en U et support en prisme (interchangeables) | Gris (RAL 7040)","thumbnail":"https:\/\/dev.codekraft.it\/ravaglioli.it\/wp-content\/uploads\/brb_media\/00535519_mobile-columns-s270a1-mi-150x150.png","url":"https:\/\/dev.codekraft.it\/ravaglioli.it\/fr\/product\/chevalet-dappui\/"},{"id":152276,"mpn":"S270A2","name":"Chevalet d&#039;appui","description":"10000 kg, 1235 - 2040 mm, r\u00e9glable en hauteur par pas de 6 x 100 mm, avec en plus partie sup\u00e9rieure r\u00e9glable en continu (115 mm), 3 roues r\u00e9tractables, support en U et support en prisme (interchangeables), pr\u00eat \u00e0 l'emploi | Gris (RAL 7040)","thumbnail":"https:\/\/dev.codekraft.it\/ravaglioli.it\/wp-content\/uploads\/brb_media\/00535520_mobile-columns-s270a2-mi-150x150.png","url":"https:\/\/dev.codekraft.it\/ravaglioli.it\/fr\/product\/chevalet-dappui-2\/"},{"id":153126,"mpn":"S270A3","name":"R\u00e9duction de fourche de roue pour ponts \u00e9l\u00e9vateurs \u00e0 colonnes mobiles | pneus \u00d8 900 &#8211; 800 mm","description":"R\u00e9duction de la fourche de roue pour pneus de \u00d8 900 mm \u00e0 \u00d8 800 mm | 1 pi\u00e8ce\/par colonne","thumbnail":"https:\/\/dev.codekraft.it\/ravaglioli.it\/wp-content\/uploads\/brb_media\/00535684_mobile-columns-s270a3-mi-150x150.png","url":"https:\/\/dev.codekraft.it\/ravaglioli.it\/fr\/product\/reduction-de-fourche-de-roue-pour-ponts-elevateurs-a-colonnes-mobiles-pneus-o-900-800-mm\/"},{"id":153120,"mpn":"S270A8","name":"R\u00e9duction de fourche de roue pour ponts \u00e9l\u00e9vateurs \u00e0 colonnes mobiles | pneus \u00d8 700 &#8211; 500 mm","description":"R\u00e9duction de la fourche de roue pour pneus de \u00d8 700 mm \u00e0 \u00d8 500 mm | 1 pi\u00e8ce\/par colonne","thumbnail":"https:\/\/dev.codekraft.it\/ravaglioli.it\/wp-content\/uploads\/brb_media\/00535683_mobile-columns-s270a4-s270a8-mi-150x150.png","url":"https:\/\/dev.codekraft.it\/ravaglioli.it\/fr\/product\/reduction-de-fourche-de-roue-pour-ponts-elevateurs-a-colonnes-mobiles-pneus-o-700-500-mm\/"},{"id":153594,"mpn":"S210A2\/S","name":"Barre de traction de levage hydraulique pour ArtisLift MRG-55","description":"Timon avec \u00e9l\u00e9vateur hydraulique, mont\u00e9 en usine \u00e0 la place du timon m\u00e9canique de s\u00e9rie | 1 pi\u00e8ce","thumbnail":"https:\/\/dev.codekraft.it\/ravaglioli.it\/wp-content\/uploads\/brb_media\/00380370_mobile-column-lift-artislift-hydraulic-drawbar-di-150x150.png","url":"https:\/\/dev.codekraft.it\/ravaglioli.it\/fr\/product\/barre-de-traction-de-levage-hydraulique-pour-artislift-mrg-55\/"},{"id":155945,"mpn":"S270A4","name":"R\u00e9duction de fourche de roue pour ponts \u00e9l\u00e9vateurs \u00e0 colonnes mobiles | pneus \u00d8 800 &#8211; 700 mm","description":"R\u00e9duction de la fourche de roue pour pneus de \u00d8 800 mm \u00e0 \u00d8 700 mm | 1 pi\u00e8ce\/par colonne","thumbnail":"https:\/\/dev.codekraft.it\/ravaglioli.it\/wp-content\/uploads\/brb_media\/00535683_mobile-columns-s270a4-s270a8-mi-150x150.png","url":"https:\/\/dev.codekraft.it\/ravaglioli.it\/fr\/product\/reduction-de-fourche-de-roue-pour-ponts-elevateurs-a-colonnes-mobiles-pneus-o-800-700-mm\/"},{"id":155951,"mpn":"S270A5","name":"Prolongateur de fourche de roue pour ArtisLift MRG55","description":"Longueur env. 123 mm | r\u00e9duction de la capacit\u00e9 de charge \u00e0 5 t | 1 jeu (pour 1 colonne mobile)","thumbnail":"https:\/\/dev.codekraft.it\/ravaglioli.it\/wp-content\/uploads\/brb_media\/00535685_mobile-columns-s270a5-mi-150x150.png","url":"https:\/\/dev.codekraft.it\/ravaglioli.it\/fr\/product\/prolongateur-de-fourche-de-roue-pour-artislift-mrg55\/"}],"components":[],"delivery":[],"package":[],"related":[],"similar":[{"id":155576,"mpn":"RAV212NC","name":"Pont el\u00e9vateur \u00e0 colonne mobile RAV212NC","description":"4 x 2,5 t, \u00e9lectrom\u00e9canique, filaire, \u00e0 broche de levage, mobile, id\u00e9al pour VU et camping-cars","thumbnail":"https:\/\/dev.codekraft.it\/ravaglioli.it\/wp-content\/uploads\/brb_media\/00509636_mobile-column-lift-rav212nc-mi-150x150.png","url":"https:\/\/dev.codekraft.it\/ravaglioli.it\/fr\/product\/pont-elevateur-a-colonne-mobile-rav212nc\/"},{"id":155420,"mpn":"RAV212N","name":"Pont el\u00e9vateur \u00e0 colonne mobile RAV212N","description":"4 x 3,0 t, \u00e9lectrom\u00e9canique, filaire, \u00e0 broche de levage, mobile, id\u00e9al pour camionnettes et camping-cars","thumbnail":"https:\/\/dev.codekraft.it\/ravaglioli.it\/wp-content\/uploads\/brb_media\/00509636_mobile-column-lift-rav212nc-mi-150x150.png","url":"https:\/\/dev.codekraft.it\/ravaglioli.it\/fr\/product\/pont-elevateur-a-colonne-mobile-rav212n\/"},{"id":155684,"mpn":"RAV222NL","name":"Pont el\u00e9vateur \u00e0 colonne mobile RAV222NL","description":"4 x 4,0 t, \u00e9lectrom\u00e9canique, filaire, \u00e0 broche de levage, mobile, id\u00e9al pour voitures, camionnettes et camping-cars","thumbnail":"https:\/\/dev.codekraft.it\/ravaglioli.it\/wp-content\/uploads\/brb_media\/00509636_mobile-column-lift-rav212nc-mi-150x150.png","url":"https:\/\/dev.codekraft.it\/ravaglioli.it\/fr\/product\/pont-elevateur-a-colonne-mobile-rav222nl\/"}],"page_logo_src":"https:\/\/dev.codekraft.it\/ravaglioli.it\/wp-content\/uploads\/2026\/04\/rav-negative-logo-1.png","lang":"fr","translations":{"fr":155696,"en":155688,"de":155695,"it":155697,"es":155698,"ru":155699},"pll_sync_post":[],"_links":{"self":[{"href":"https:\/\/dev.codekraft.it\/ravaglioli.it\/wp-json\/wp\/v2\/product\/155696","targetHints":{"allow":["GET"]}}],"collection":[{"href":"https:\/\/dev.codekraft.it\/ravaglioli.it\/wp-json\/wp\/v2\/product"}],"about":[{"href":"https:\/\/dev.codekraft.it\/ravaglioli.it\/wp-json\/wp\/v2\/types\/product"}],"wp:featuredmedia":[{"embeddable":true,"href":"https:\/\/dev.codekraft.it\/ravaglioli.it\/wp-json\/wp\/v2\/media\/37901"}],"wp:attachment":[{"href":"https:\/\/dev.codekraft.it\/ravaglioli.it\/wp-json\/wp\/v2\/media?parent=155696"}],"wp:term":[{"taxonomy":"product_brand","embeddable":true,"href":"https:\/\/dev.codekraft.it\/ravaglioli.it\/wp-json\/wp\/v2\/product_brand?post=155696"},{"taxonomy":"product_cat","embeddable":true,"href":"https:\/\/dev.codekraft.it\/ravaglioli.it\/wp-json\/wp\/v2\/product_cat?post=155696"},{"taxonomy":"product_tag","embeddable":true,"href":"https:\/\/dev.codekraft.it\/ravaglioli.it\/wp-json\/wp\/v2\/product_tag?post=155696"},{"taxonomy":"product_approvals","embeddable":true,"href":"https:\/\/dev.codekraft.it\/ravaglioli.it\/wp-json\/wp\/v2\/product_approvals?post=155696"},{"taxonomy":"product_application","embeddable":true,"href":"https:\/\/dev.codekraft.it\/ravaglioli.it\/wp-json\/wp\/v2\/product_application?post=155696"}],"curies":[{"name":"wp","href":"https:\/\/api.w.org\/{rel}","templated":true}]}}