{"id":155683,"date":"2025-10-30T14:31:24","date_gmt":"2025-10-30T14:31:24","guid":{"rendered":"https:\/\/dev.codekraft.it\/ravaglioli.it\/product\/radgreifanlage-rav222nl\/"},"modified":"2026-01-14T21:56:52","modified_gmt":"2026-01-14T21:56:52","slug":"radgreifanlage-rav222nl","status":"publish","type":"product","link":"https:\/\/dev.codekraft.it\/ravaglioli.it\/de\/product\/radgreifanlage-rav222nl\/","title":{"rendered":"Radgreifanlage RAV222NL"},"content":{"rendered":"<p>Elektromechanische, mobile Radgreifer f\u00fcr Lkws und Busse. Je nach Ausf\u00fchrung f\u00fcr den Einsatz in der Werkstatt oder im Freien m\u00f6glich.<\/p>\n<ul>\n<li>Elektronische Gleichlaufregelung mit automatischer Not-Halt-Einrichtung<\/li>\n<li>Sicherheitseinrichtung sch\u00fctzt jeden Radgreifer bei Hubmutterverschlei\u00df<\/li>\n<\/ul>\n<ul>\n<li>Der gro\u00dfe Grundrahmen an der Hubs\u00e4ule bietet maximale Standfestigkeit.<\/li>\n<li>An allen Radgreifern l\u00e4sst sich die Anlage mittels Drucktaster anheben oder absenken.<\/li>\n<li>Jeder Radgreifer ist mit einer Totmannsteuerung und mit Not-Halt-Taster ausgestattet.<\/li>\n<\/ul>\n<ul>\n<li>Rollgeh\u00e4rtete Spindel aus Spezial\u00adstahl, in Verbindung mit einer dauergeschmierten Bronze\u00admutter &#8211; garantiert ein H\u00f6chstma\u00df an Sicherheit und eine lange \u00adLebensdauer<\/li>\n<li>Absolut verschlei\u00dffeste Gleitst\u00fccke in jeder Hubeinheit gew\u00e4hrleisten max. Stabilit\u00e4t bei jeder Lage der Last<\/li>\n<li>Alle Motoren verf\u00fcgen \u00fcber einen Thermoschutz &#8211; Gefertigt nach EN1493; automatische Bestimmung der Phasen<\/li>\n<li>Im Arbeitsbereich unter dem Fahrzeug liegen keine st\u00f6renden Leitungen<\/li>\n<li>Optional justierbare Radgabel oder leicht aufsetzbare Radaufnahmeadapter verf\u00fcgbar<\/li>\n<li>Steckverbindung mit Elektro\u00adkabel von Radgreifer zu Radgreifer erm\u00f6glicht kurze R\u00fcstzeiten<\/li>\n<li>Selbstbremsender, direkt mit der Hubspindel verbundener, Getriebemotor<\/li>\n<li>Die Radgreifer-Stahlrollen sind mit selbstschmierenden, wartungsfreien Lagern ausgestattet<\/li>\n<\/ul>\n","protected":false},"excerpt":{"rendered":"<p>4 x 4,0 t, elektromechanisch, kabelgebunden, Hubspindel, mobil, ideal f\u00fcr Pkw, Transporter und Wohnmobile<\/p>\n","protected":false},"featured_media":37901,"template":"","meta":[],"product_brand":[],"product_cat":[58234],"product_tag":[63075,58374,58357,58476,58323,58340],"product_approvals":[],"product_application":[],"class_list":{"0":"post-155683","1":"product","2":"type-product","3":"status-publish","4":"has-post-thumbnail","6":"product_cat-radgreifanlagen-de","7":"product_tag-anhanger-de","8":"product_tag-buses-de","9":"product_tag-trucks-de","10":"product_tag-trailer-de","11":"product_tag-light-commercial-de","12":"product_tag-motor-homes-de","14":"first","15":"instock","16":"shipping-taxable","17":"product-type-simple"},"approvals":[],"application":[],"brb_media_brochure":[{"id":155316,"url":"https:\/\/dev.codekraft.it\/ravaglioli.it\/wp-content\/uploads\/brb_media\/00522118_mobile-column-lifts-rav-212n_222nl_232nl-br-2023-09-screen.pdf","title":"Mobile Column Lifts RAV 212N 222NL 232NL BR 2023 09 screen","mpn":"","thumbnail":"https:\/\/dev.codekraft.it\/ravaglioli.it\/wp-content\/uploads\/brb_media\/00522118_mobile-column-lifts-rav-212n_222nl_232nl-br-2023-09-screen-pdf-106x150.png","description":""}],"brb_media_drawing":"","brb_media_manuals":"","brb_media_safety_datasheets":"","brb_media_spare_parts":[],"_cdmm_p_id":"502890","_company":"Ravaglioli","_gtin":"","accessories":[{"id":155431,"mpn":"S260A1","name":"Abst\u00fctzbock","description":"7500 kg, 1330 - 2030 mm, in 7 x 100-mm-Schritten h\u00f6henverstellbar, 2 Rollen, U-Aufnahme | Grau (RAL 7040)","thumbnail":"https:\/\/dev.codekraft.it\/ravaglioli.it\/wp-content\/uploads\/brb_media\/00535518_mobile-columns-s260a1-mi-150x150.png","url":"https:\/\/dev.codekraft.it\/ravaglioli.it\/de\/product\/abstutzbock-3\/"},{"id":152045,"mpn":"S270A1","name":"Abst\u00fctzbock","description":"10000 kg, 1235 - 2040 mm, in 6 x 100-mm-Schritten h\u00f6henverstellbar, stufenlos verstellbares Oberteil (115 mm), 2 Rollen, U-Aufnahme und Prisma-Aufnahme (wechselbar) | Grau (RAL 7040)","thumbnail":"https:\/\/dev.codekraft.it\/ravaglioli.it\/wp-content\/uploads\/brb_media\/00535519_mobile-columns-s270a1-mi-150x150.png","url":"https:\/\/dev.codekraft.it\/ravaglioli.it\/de\/product\/abstutzbock\/"},{"id":152275,"mpn":"S270A2","name":"Abst\u00fctzbock","description":"10000 kg, 1235 - 2040 mm, in 6 x 100-mm-Schritten h\u00f6henverstellbar, stufenlos verstellbares Oberteil (115 mm), 3 federnde Rollen, U-Aufnahme und Prisma-Aufnahme (wechselbar), fertig montiert | Grau (RAL 7040)","thumbnail":"https:\/\/dev.codekraft.it\/ravaglioli.it\/wp-content\/uploads\/brb_media\/00535520_mobile-columns-s270a2-mi-150x150.png","url":"https:\/\/dev.codekraft.it\/ravaglioli.it\/de\/product\/abstutzbock-2\/"},{"id":153125,"mpn":"S270A3","name":"Radgabelreduzierung f\u00fcr Radgreifanlagen | Reifen-\u00d8 900 &#8211; 800 mm","description":"Reduzierung der Radgabel f\u00fcr Reifen von \u00d8 900 mm auf \u00d8 800 mm | 1 St\u00fcck\/pro S\u00e4ule","thumbnail":"https:\/\/dev.codekraft.it\/ravaglioli.it\/wp-content\/uploads\/brb_media\/00535684_mobile-columns-s270a3-mi-150x150.png","url":"https:\/\/dev.codekraft.it\/ravaglioli.it\/de\/product\/radgabelreduzierung-fur-radgreifanlagen-reifen-o-900-800-mm\/"},{"id":153119,"mpn":"S270A8","name":"Radgabelreduzierung f\u00fcr Radgreifanlagen | Reifen-\u00d8 700 &#8211; 500 mm","description":"Reduzierung der Radgabel f\u00fcr Reifen von \u00d8 700 mm auf \u00d8 500 mm | 1 St\u00fcck\/pro S\u00e4ule","thumbnail":"https:\/\/dev.codekraft.it\/ravaglioli.it\/wp-content\/uploads\/brb_media\/00535683_mobile-columns-s270a4-s270a8-mi-150x150.png","url":"https:\/\/dev.codekraft.it\/ravaglioli.it\/de\/product\/radgabelreduzierung-fur-radgreifanlagen-reifen-o-700-500-mm\/"},{"id":153593,"mpn":"S210A2\/S","name":"Hydraulische Hubdeichsel f\u00fcr ArtisLift MRG-55","description":"Hydraulischer Hubwagen, werkseitig montiert anstelle der serienm\u00e4\u00dfigen mechanische Deichsel | 1 St\u00fcck","thumbnail":"https:\/\/dev.codekraft.it\/ravaglioli.it\/wp-content\/uploads\/brb_media\/00380370_mobile-column-lift-artislift-hydraulic-drawbar-di-150x150.png","url":"https:\/\/dev.codekraft.it\/ravaglioli.it\/de\/product\/hydraulische-hubdeichsel-fur-artislift-mrg-55\/"},{"id":155944,"mpn":"S270A4","name":"Radgabelreduzierung f\u00fcr Radgreifanlagen | Reifen-\u00d8 800 &#8211; 700 mm","description":"Reduzierung der Radgabel f\u00fcr Reifen von \u00d8 800 mm auf \u00d8 700 mm | 1 St\u00fcck\/pro S\u00e4ule","thumbnail":"https:\/\/dev.codekraft.it\/ravaglioli.it\/wp-content\/uploads\/brb_media\/00535683_mobile-columns-s270a4-s270a8-mi-150x150.png","url":"https:\/\/dev.codekraft.it\/ravaglioli.it\/de\/product\/radgabelreduzierung-fur-radgreifanlagen-reifen-o-800-700-mm\/"},{"id":155950,"mpn":"S270A5","name":"Radgabelverl\u00e4ngerung f\u00fcr ArtisLift MRG55","description":"L\u00e4nge ca. 123 mm | Reduzierung der Tragf\u00e4higkeit auf 5 t | 1 Satz (f\u00fcr 1 Radgreifers\u00e4ule)","thumbnail":"https:\/\/dev.codekraft.it\/ravaglioli.it\/wp-content\/uploads\/brb_media\/00535685_mobile-columns-s270a5-mi-150x150.png","url":"https:\/\/dev.codekraft.it\/ravaglioli.it\/de\/product\/radgabelverlangerung-fur-artislift-mrg55\/"}],"components":[],"delivery":[],"package":[],"related":[],"similar":[{"id":155575,"mpn":"RAV212NC","name":"Radgreifanlage RAV212NC","description":"4 x 2,5 t, elektromechanisch, kabelgebunden, Hubspindel, mobil, ideal f\u00fcr Llkw und Wohnmobile","thumbnail":"https:\/\/dev.codekraft.it\/ravaglioli.it\/wp-content\/uploads\/brb_media\/00509636_mobile-column-lift-rav212nc-mi-150x150.png","url":"https:\/\/dev.codekraft.it\/ravaglioli.it\/de\/product\/radgreifanlage-rav212nc\/"},{"id":155419,"mpn":"RAV212N","name":"Radgreifanlage RAV212N","description":"4 x 3,0 t, elektromechanisch, kabelgebunden, Hubspindel, mobil, ideal f\u00fcr Transporter und Wohnmobile","thumbnail":"https:\/\/dev.codekraft.it\/ravaglioli.it\/wp-content\/uploads\/brb_media\/00509636_mobile-column-lift-rav212nc-mi-150x150.png","url":"https:\/\/dev.codekraft.it\/ravaglioli.it\/de\/product\/radgreifanlage-rav212n\/"},{"id":155695,"mpn":"RAV232NL","name":"Radgreifanlage RAV232NL","description":"4 x 5,5 t, elektromechanisch, kabelgebunden, Hubspindel, mobil, ideal f\u00fcr Pkw, Transporter und Wohnmobile","thumbnail":"https:\/\/dev.codekraft.it\/ravaglioli.it\/wp-content\/uploads\/brb_media\/00509636_mobile-column-lift-rav212nc-mi-150x150.png","url":"https:\/\/dev.codekraft.it\/ravaglioli.it\/de\/product\/radgreifanlage-rav232nl\/"}],"page_logo_src":"https:\/\/dev.codekraft.it\/ravaglioli.it\/wp-content\/uploads\/2026\/04\/rav-negative-logo-1.png","lang":"de","translations":{"de":155683,"en":155591,"fr":155684,"it":155685,"es":155686,"ru":155687},"pll_sync_post":[],"_links":{"self":[{"href":"https:\/\/dev.codekraft.it\/ravaglioli.it\/wp-json\/wp\/v2\/product\/155683","targetHints":{"allow":["GET"]}}],"collection":[{"href":"https:\/\/dev.codekraft.it\/ravaglioli.it\/wp-json\/wp\/v2\/product"}],"about":[{"href":"https:\/\/dev.codekraft.it\/ravaglioli.it\/wp-json\/wp\/v2\/types\/product"}],"wp:featuredmedia":[{"embeddable":true,"href":"https:\/\/dev.codekraft.it\/ravaglioli.it\/wp-json\/wp\/v2\/media\/37901"}],"wp:attachment":[{"href":"https:\/\/dev.codekraft.it\/ravaglioli.it\/wp-json\/wp\/v2\/media?parent=155683"}],"wp:term":[{"taxonomy":"product_brand","embeddable":true,"href":"https:\/\/dev.codekraft.it\/ravaglioli.it\/wp-json\/wp\/v2\/product_brand?post=155683"},{"taxonomy":"product_cat","embeddable":true,"href":"https:\/\/dev.codekraft.it\/ravaglioli.it\/wp-json\/wp\/v2\/product_cat?post=155683"},{"taxonomy":"product_tag","embeddable":true,"href":"https:\/\/dev.codekraft.it\/ravaglioli.it\/wp-json\/wp\/v2\/product_tag?post=155683"},{"taxonomy":"product_approvals","embeddable":true,"href":"https:\/\/dev.codekraft.it\/ravaglioli.it\/wp-json\/wp\/v2\/product_approvals?post=155683"},{"taxonomy":"product_application","embeddable":true,"href":"https:\/\/dev.codekraft.it\/ravaglioli.it\/wp-json\/wp\/v2\/product_application?post=155683"}],"curies":[{"name":"wp","href":"https:\/\/api.w.org\/{rel}","templated":true}]}}